{"id":5735,"date":"2016-01-14T10:16:02","date_gmt":"2016-01-14T10:16:02","guid":{"rendered":"http:\/\/www.kunnskap.de\/?page_id=5735"},"modified":"2021-06-25T12:48:21","modified_gmt":"2021-06-25T10:48:21","slug":"bip-deflator","status":"publish","type":"page","link":"https:\/\/prudentwater.com\/en\/bip-deflator\/","title":{"rendered":"BIP-Deflator"},"content":{"rendered":"<p>Der BIP-Deflator repr\u00e4sentiert das Verh\u00e4ltnis zwischen dem nominalen Bruttoinlandsprodukt und dem realen Bruttoinlandsprodukt. Es handelt sich um einen impliziten Preisindex, welcher die j\u00e4hrliche Preis\u00e4nderungsrate des jeweiligen Landes wiedergibt, indem das nominale Bruttoinlandsprodukt durch das reale Bruttoinlandsprodukt dividiert wird.<\/p>\n<hr>\n<h6>Berechnung:<\/h6>\n<p><center><img loading=\"lazy\" decoding=\"async\" src=\"https:\/\/prudentwater.com\/wp-content\/uploads\/2020\/03\/bip-deflator.bmp\" alt=\"bip deflator\" class=\"alignnone size-full wp-image-7396\" width=\"320\" height=\"62\" title=\"\"><\/center><\/p>\n<hr>\n<p>Der Vorteil des BIP-Deflators liegt darin, dass er alle die in einer Volkswirtschaft in einem Jahr produzierten G\u00fcter und Leistungen ber\u00fccksichtigt. Er beschr\u00e4nkt sich also nicht nur auf die Preise auf der Stufe der Endverbraucher, sondern auch auf die Preise auf der Stufe der Hersteller. Dadurch kann er ein breiteres Bild der aktuellen Preisentwicklung abgeben als ein Verbraucherpreisindex, welcher lediglich einen bestimmten Korb bestehend aus G\u00fctern und Dienstleistungen repr\u00e4sentiert.<\/p>\n","protected":false},"excerpt":{"rendered":"<p>Der BIP-Deflator repr\u00e4sentiert das Verh\u00e4ltnis zwischen dem nominalen Bruttoinlandsprodukt und dem realen Bruttoinlandsprodukt. Es handelt sich um einen impliziten Preisindex, welcher die j\u00e4hrliche Preis\u00e4nderungsrate des jeweiligen Landes wiedergibt, indem das nominale Bruttoinlandsprodukt durch das reale Bruttoinlandsprodukt dividiert wird. Berechnung: Der Vorteil des BIP-Deflators liegt darin, dass er alle die in einer Volkswirtschaft in einem Jahr [&hellip;]<\/p>\n","protected":false},"author":1,"featured_media":0,"parent":0,"menu_order":0,"comment_status":"closed","ping_status":"closed","template":"","meta":{"site-sidebar-layout":"default","site-content-layout":"","ast-site-content-layout":"","site-content-style":"default","site-sidebar-style":"default","ast-global-header-display":"","ast-banner-title-visibility":"","ast-main-header-display":"","ast-hfb-above-header-display":"","ast-hfb-below-header-display":"","ast-hfb-mobile-header-display":"","site-post-title":"","ast-breadcrumbs-content":"","ast-featured-img":"","footer-sml-layout":"","theme-transparent-header-meta":"","adv-header-id-meta":"","stick-header-meta":"","header-above-stick-meta":"","header-main-stick-meta":"","header-below-stick-meta":"","astra-migrate-meta-layouts":"default","ast-page-background-enabled":"default","ast-page-background-meta":{"desktop":{"background-color":"","background-image":"","background-repeat":"repeat","background-position":"center center","background-size":"auto","background-attachment":"scroll","background-type":"","background-media":"","overlay-type":"","overlay-color":"","overlay-opacity":"","overlay-gradient":""},"tablet":{"background-color":"","background-image":"","background-repeat":"repeat","background-position":"center center","background-size":"auto","background-attachment":"scroll","background-type":"","background-media":"","overlay-type":"","overlay-color":"","overlay-opacity":"","overlay-gradient":""},"mobile":{"background-color":"","background-image":"","background-repeat":"repeat","background-position":"center center","background-size":"auto","background-attachment":"scroll","background-type":"","background-media":"","overlay-type":"","overlay-color":"","overlay-opacity":"","overlay-gradient":""}},"ast-content-background-meta":{"desktop":{"background-color":"var(--ast-global-color-5)","background-image":"","background-repeat":"repeat","background-position":"center center","background-size":"auto","background-attachment":"scroll","background-type":"","background-media":"","overlay-type":"","overlay-color":"","overlay-opacity":"","overlay-gradient":""},"tablet":{"background-color":"var(--ast-global-color-5)","background-image":"","background-repeat":"repeat","background-position":"center center","background-size":"auto","background-attachment":"scroll","background-type":"","background-media":"","overlay-type":"","overlay-color":"","overlay-opacity":"","overlay-gradient":""},"mobile":{"background-color":"var(--ast-global-color-5)","background-image":"","background-repeat":"repeat","background-position":"center center","background-size":"auto","background-attachment":"scroll","background-type":"","background-media":"","overlay-type":"","overlay-color":"","overlay-opacity":"","overlay-gradient":""}},"footnotes":""},"class_list":["post-5735","page","type-page","status-publish","hentry"],"translation":{"provider":"WPGlobus","version":"3.0.2","language":"en","enabled_languages":["de","en"],"languages":{"de":{"title":true,"content":true,"excerpt":false},"en":{"title":false,"content":false,"excerpt":false}}},"featured_image_urls_v2":{"full":"","thumbnail":"","medium":"","medium_large":"","large":"","1536x1536":"","2048x2048":""},"post_excerpt_stackable_v2":"<p>Der BIP-Deflator repr\u00e4sentiert das Verh\u00e4ltnis zwischen dem nominalen Bruttoinlandsprodukt und dem realen Bruttoinlandsprodukt. Es handelt sich um einen impliziten Preisindex, welcher die j\u00e4hrliche Preis\u00e4nderungsrate des jeweiligen Landes wiedergibt, indem das nominale Bruttoinlandsprodukt durch das reale Bruttoinlandsprodukt dividiert wird. Berechnung: Der Vorteil des BIP-Deflators liegt darin, dass er alle die in einer Volkswirtschaft in einem Jahr produzierten G\u00fcter und Leistungen ber\u00fccksichtigt. Er beschr\u00e4nkt sich also nicht nur auf die Preise auf der Stufe der Endverbraucher, sondern auch auf die Preise auf der Stufe der Hersteller. Dadurch kann er ein breiteres Bild der aktuellen Preisentwicklung abgeben als ein Verbraucherpreisindex, welcher lediglich einen&hellip;<\/p>\n","category_list_v2":"","author_info_v2":{"name":"PrudentWater","url":"https:\/\/prudentwater.com\/en\/author\/niklas33\/"},"comments_num_v2":"0 comments","_links":{"self":[{"href":"https:\/\/prudentwater.com\/en\/wp-json\/wp\/v2\/pages\/5735","targetHints":{"allow":["GET"]}}],"collection":[{"href":"https:\/\/prudentwater.com\/en\/wp-json\/wp\/v2\/pages"}],"about":[{"href":"https:\/\/prudentwater.com\/en\/wp-json\/wp\/v2\/types\/page"}],"author":[{"embeddable":true,"href":"https:\/\/prudentwater.com\/en\/wp-json\/wp\/v2\/users\/1"}],"replies":[{"embeddable":true,"href":"https:\/\/prudentwater.com\/en\/wp-json\/wp\/v2\/comments?post=5735"}],"version-history":[{"count":0,"href":"https:\/\/prudentwater.com\/en\/wp-json\/wp\/v2\/pages\/5735\/revisions"}],"wp:attachment":[{"href":"https:\/\/prudentwater.com\/en\/wp-json\/wp\/v2\/media?parent=5735"}],"curies":[{"name":"wp","href":"https:\/\/api.w.org\/{rel}","templated":true}]}}