{"id":575,"date":"2014-09-02T08:55:28","date_gmt":"2014-09-02T08:55:28","guid":{"rendered":"http:\/\/www.kunnskap.de\/?page_id=575"},"modified":"2022-11-30T17:43:26","modified_gmt":"2022-11-30T16:43:26","slug":"zinsdeckungsgrad","status":"publish","type":"page","link":"https:\/\/prudentwater.com\/en\/zinsdeckungsgrad\/","title":{"rendered":"Zinsdeckungsgrad"},"content":{"rendered":"<p>Auch <b>Zinslastquote<\/b><br>\nengl. <b>Interest Coverage Ratio<\/b><\/p>\n\n\n<div class=\"wp-block-stackable-notification stk-block-notification stk-block stk-b3a7798 is-style-plain\" data-block-id=\"b3a7798\"><style>.stk-b3a7798{box-shadow:0px 2px 20px rgba(153,153,153,0.2) !important}.stk-b3a7798-container{border-radius:20px !important;overflow:hidden !important;box-shadow:0px 10px 60px rgba(0,0,0,0.1) !important}.stk-b3a7798 .stk-block-notification__content{padding-top:32px !important;padding-right:32px !important;padding-bottom:32px !important;padding-left:32px !important}<\/style><div class=\"stk-block-notification__content stk-content-align stk-b3a7798-column stk-container stk-b3a7798-container stk--no-background stk--no-padding\"><div class=\"stk-block-content stk-inner-blocks\">\n<div class=\"wp-block-stackable-heading stk-block-heading stk-block stk-40c06f9\" id=\"strong-zentrale-kernaussagen-strong\" data-block-id=\"40c06f9\"><style>.stk-40c06f9{margin-bottom:15px !important}.stk-40c06f9 .stk-block-heading__text{font-size:16px !important;margin:0 !important;color:#da8611 !important;font-weight:400 !important;letter-spacing:1px !important}@media screen and (max-width:1023px){.stk-40c06f9 .stk-block-heading__text{font-size:17px !important}}<\/style><h2 class=\"stk-block-heading__text has-text-color\"><b>ZENTRALE KERNAUSSAGEN<\/b><\/h2><\/div>\n\n\n\n<ul class=\"has-ast-global-color-8-color has-text-color wp-block-list\" style=\"font-size:16px;font-style:normal;font-weight:500;line-height:2\">\n<li>Der Zinsdeckungsgrad dient zur Bemessung der finanziellen Stabilit\u00e4t eines Unternehmens. Die Kennzahl zeigt auf, wie gut das Unternehmen in der Lage ist, seine Zinsen durch die erwirtschafteten Einnahmen zu bedienen.<\/li>\n\n\n\n<li>Zur Berechnung des Zinsdeckungsgrades werden die j\u00e4hrlich zu zahlenden Zinsen ins Verh\u00e4ltnis zum EBIT gesetzt.<\/li>\n\n\n\n<li>Je h\u00f6her dabei der Zinsdeckungsgrad ausf\u00e4llt, desto leichter kann das Unternehmen die j\u00e4hrlich anfallenden Zinsen abbezahlen.<\/li>\n<\/ul>\n<\/div><\/div><\/div>\n\n\n<p>Der Zinsdeckungsgrad gibt Auskunft \u00fcber die aktuelle finanzielle Stabilit\u00e4t eines Unternehmens. Die Kennzahl zeigt auf, wie oft das jeweilige Unternehmen mit dem generierten EBIT den aktuellen Zinsaufwand leisten kann. Nimmt ein Unternehmen Fremdkapital durch beispielsweise Bankkredite oder durch die Emission von Anleihen auf, muss es darauf Zinsen zahlen. Der Zinsdeckungsgrad misst dabei, wie oft das Unternehmen den j\u00e4hrlich anfallenden Zinsaufwand durch das im selben Jahr generierte EBIT leisten kann.<\/p>\n<hr>\n<p><small><b>Formel<\/b><\/small><br>\n<img loading=\"lazy\" decoding=\"async\" src=\"https:\/\/prudentwater.com\/wp-content\/uploads\/2022\/07\/Zinsdeckungsgrad.png\" alt=\"\" class=\"aligncenter size-full wp-image-10900\" width=\"513\" height=\"62\" title=\"\"><\/p>\n<hr>\n<p style=\"margin-bottom: 50px;\">\n<\/p><h3>Interpretation des Zinsdeckungsgrades<\/h3>\n<p>Ist der Zinsdeckungsgrad kleiner als Eins, so kann das Unternehmen die Zinszahlungen nicht aus den Einnahmen des operativen Gesch\u00e4fts (EBIT) leisten. Dies ist dann bez\u00fcglich der Weiterf\u00fchrung des Gesch\u00e4ftes als sehr kritisch zu sehen. Liegt der Zinsdeckungsgrad jedoch bei 4.5, so verdient das Unternehmen operativ vor Zinsen und Steuern viereinhalb Mal soviel wie es ben\u00f6tigt, um die j\u00e4hrlich anfallenden Zinsen zu leisten. Beim Zinsdeckungsgrad gilt, dass umso h\u00f6her die Kennzahl, desto besser ist das Unternehmen operativ und finanziell aufgestellt alle auflaufenden Zinsen zu zahlen. Folglich ist auch die Finanzstabilit\u00e4t des Unternehmens umso mehr gew\u00e4hrleistet, desto h\u00f6her die Kennzahl ausf\u00e4llt.<div class=\"perfect-pullquote vcard pullquote-align-full pullquote-border-placement-left\" style=\"border-color:#abb8c3 !important;font-size:24px !important;\"><blockquote><p style=\"font-size:24px !important;\">Ein Zinsdeckungsgrad von unter 2.0 gilt als bedenklich und gef\u00e4hrdet die Finanzstabilit\u00e4t des Unternehmens.<\/p><\/blockquote><\/div>Der Zinsdeckungsgrad gilt als wichtige Kennziffer, wenn Unternehmen auf ihre Zahlungsf\u00e4higkeit hin bewertet werden. Vor allem bei Unternehmensanleihen sollte der Zinsdeckungsgrad immer in die Bewertung einflie\u00dfen. Allerdings misst der Zinsdeckungsgrad eben nur die zu zahlenden Zinsen, also den Zinsaufwand, jedoch nicht die eigentlichen R\u00fcckzahlungen der offenen Schulden. Deshalb sollte zus\u00e4tzlich auch der Schuldendienstdeckungsgrad herangezogen werden, um ein ad\u00e4quates Bild \u00fcber die finanzielle Stabilit\u00e4t des Unternehmens zu erhalten.<\/p>","protected":false},"excerpt":{"rendered":"<p>Auch Zinslastquote engl. Interest Coverage Ratio ZENTRALE KERNAUSSAGEN Der Zinsdeckungsgrad gibt Auskunft \u00fcber die aktuelle finanzielle Stabilit\u00e4t eines Unternehmens. Die Kennzahl zeigt auf, wie oft das jeweilige Unternehmen mit dem generierten EBIT den aktuellen Zinsaufwand leisten kann. Nimmt ein Unternehmen Fremdkapital durch beispielsweise Bankkredite oder durch die Emission von Anleihen auf, muss es darauf Zinsen [&hellip;]<\/p>\n","protected":false},"author":1,"featured_media":0,"parent":0,"menu_order":0,"comment_status":"closed","ping_status":"closed","template":"","meta":{"site-sidebar-layout":"default","site-content-layout":"","ast-site-content-layout":"","site-content-style":"default","site-sidebar-style":"default","ast-global-header-display":"","ast-banner-title-visibility":"","ast-main-header-display":"","ast-hfb-above-header-display":"","ast-hfb-below-header-display":"","ast-hfb-mobile-header-display":"","site-post-title":"","ast-breadcrumbs-content":"","ast-featured-img":"","footer-sml-layout":"","theme-transparent-header-meta":"","adv-header-id-meta":"","stick-header-meta":"","header-above-stick-meta":"","header-main-stick-meta":"","header-below-stick-meta":"","astra-migrate-meta-layouts":"default","ast-page-background-enabled":"default","ast-page-background-meta":{"desktop":{"background-color":"","background-image":"","background-repeat":"repeat","background-position":"center center","background-size":"auto","background-attachment":"scroll","background-type":"","background-media":"","overlay-type":"","overlay-color":"","overlay-opacity":"","overlay-gradient":""},"tablet":{"background-color":"","background-image":"","background-repeat":"repeat","background-position":"center center","background-size":"auto","background-attachment":"scroll","background-type":"","background-media":"","overlay-type":"","overlay-color":"","overlay-opacity":"","overlay-gradient":""},"mobile":{"background-color":"","background-image":"","background-repeat":"repeat","background-position":"center center","background-size":"auto","background-attachment":"scroll","background-type":"","background-media":"","overlay-type":"","overlay-color":"","overlay-opacity":"","overlay-gradient":""}},"ast-content-background-meta":{"desktop":{"background-color":"var(--ast-global-color-5)","background-image":"","background-repeat":"repeat","background-position":"center center","background-size":"auto","background-attachment":"scroll","background-type":"","background-media":"","overlay-type":"","overlay-color":"","overlay-opacity":"","overlay-gradient":""},"tablet":{"background-color":"var(--ast-global-color-5)","background-image":"","background-repeat":"repeat","background-position":"center center","background-size":"auto","background-attachment":"scroll","background-type":"","background-media":"","overlay-type":"","overlay-color":"","overlay-opacity":"","overlay-gradient":""},"mobile":{"background-color":"var(--ast-global-color-5)","background-image":"","background-repeat":"repeat","background-position":"center center","background-size":"auto","background-attachment":"scroll","background-type":"","background-media":"","overlay-type":"","overlay-color":"","overlay-opacity":"","overlay-gradient":""}},"footnotes":""},"class_list":["post-575","page","type-page","status-publish","hentry"],"translation":{"provider":"WPGlobus","version":"3.0.2","language":"en","enabled_languages":["de","en"],"languages":{"de":{"title":true,"content":true,"excerpt":false},"en":{"title":false,"content":false,"excerpt":false}}},"featured_image_urls_v2":{"full":"","thumbnail":"","medium":"","medium_large":"","large":"","1536x1536":"","2048x2048":""},"post_excerpt_stackable_v2":"<p>Auch Zinslastquote engl. Interest Coverage Ratio ZENTRALE KERNAUSSAGEN Der Zinsdeckungsgrad dient zur Bemessung der finanziellen Stabilit\u00e4t eines Unternehmens. Die Kennzahl zeigt auf, wie gut das Unternehmen in der Lage ist, seine Zinsen durch die erwirtschafteten Einnahmen zu bedienen. Zur Berechnung des Zinsdeckungsgrades werden die j\u00e4hrlich zu zahlenden Zinsen ins Verh\u00e4ltnis zum EBIT gesetzt. Je h\u00f6her dabei der Zinsdeckungsgrad ausf\u00e4llt, desto leichter kann das Unternehmen die j\u00e4hrlich anfallenden Zinsen abbezahlen. Der Zinsdeckungsgrad gibt Auskunft \u00fcber die aktuelle finanzielle Stabilit\u00e4t eines Unternehmens. Die Kennzahl zeigt auf, wie oft das jeweilige Unternehmen mit dem generierten EBIT den aktuellen Zinsaufwand leisten kann. Nimmt ein&hellip;<\/p>\n","category_list_v2":"","author_info_v2":{"name":"PrudentWater","url":"https:\/\/prudentwater.com\/en\/author\/niklas33\/"},"comments_num_v2":"0 comments","_links":{"self":[{"href":"https:\/\/prudentwater.com\/en\/wp-json\/wp\/v2\/pages\/575","targetHints":{"allow":["GET"]}}],"collection":[{"href":"https:\/\/prudentwater.com\/en\/wp-json\/wp\/v2\/pages"}],"about":[{"href":"https:\/\/prudentwater.com\/en\/wp-json\/wp\/v2\/types\/page"}],"author":[{"embeddable":true,"href":"https:\/\/prudentwater.com\/en\/wp-json\/wp\/v2\/users\/1"}],"replies":[{"embeddable":true,"href":"https:\/\/prudentwater.com\/en\/wp-json\/wp\/v2\/comments?post=575"}],"version-history":[{"count":0,"href":"https:\/\/prudentwater.com\/en\/wp-json\/wp\/v2\/pages\/575\/revisions"}],"wp:attachment":[{"href":"https:\/\/prudentwater.com\/en\/wp-json\/wp\/v2\/media?parent=575"}],"curies":[{"name":"wp","href":"https:\/\/api.w.org\/{rel}","templated":true}]}}