{"id":580,"date":"2014-09-02T14:31:26","date_gmt":"2014-09-02T14:31:26","guid":{"rendered":"http:\/\/www.kunnskap.de\/?page_id=580"},"modified":"2021-06-25T12:48:58","modified_gmt":"2021-06-25T10:48:58","slug":"ebit","status":"publish","type":"page","link":"https:\/\/prudentwater.com\/en\/ebit\/","title":{"rendered":"EBIT"},"content":{"rendered":"<p><strong>Earnings before Interests, Taxes<\/strong><br \/>\nAuch <strong>Operatives Ergebnis<\/strong> oder <strong>Betriebsergebnis<\/strong><br \/>\nengl. <strong>Operating Profit<\/strong><\/p>\n<p>Das EBIT ist der Gewinn eines Unternehmens vor Steuern und Zinsen. Damit ist gemeint, dass das EBIT nicht um den Betrag der zu zahlenden Steuern und Zinsen gemindert wird. Au\u00dferdem werden au\u00dferordentliche Aufwendungen nicht ber\u00fccksichtigt. Das EBIT hat den Zweck, einen unverzerrten Einblick in die Profitabilit\u00e4t des t\u00e4glichen Gesch\u00e4ftes des Unternehmens zu erhalten.<\/p>\n<hr>\n<h6>Berechnung:<\/h6>\n<p style=\"margin-bottom: 25px\">\n<p><img loading=\"lazy\" decoding=\"async\" src=\"https:\/\/prudentwater.com\/wp-content\/uploads\/2020\/12\/EBIT.png\" alt=\"\" class=\"aligncenter size-full wp-image-10744\" width=\"747\" height=\"31\" title=\"\"><\/p>\n<hr>\n<p>Das EBIT dient in erster Linie dazu, betriebliche Gewinnzahlen von Unternehmen verschiedener L\u00e4nder miteinander zu vergleichen. Da in den verschiedenen L\u00e4ndern unterschiedliche Steuersysteme herrschen k\u00f6nnen, kann durch die Bereinigung der zu zahlenden Steuern ein besserer Vergleich gezogen werden. Dadurch, dass das EBIT in der Regel nur die betrieblichen Ertr\u00e4ge und Aufwendungen beinhaltet, dient es dazu, den tats\u00e4chlichen operativen Erfolg des jeweiligen Unternehmens widerzuspiegeln. Um jedoch das Ergebnis auch um Abschreibungen zu bereinigen, wird das EBITDA herangezogen. In diesem Fall werden zus\u00e4tzlich Abschreibungen auf Sachanlagen und Abschreibungen auf immaterielle Verm\u00f6genswerte aufaddiert. Jedoch ist weder das EBITDA noch das EBIT nach IFRS oder HGB determiniert, es handelt sich eher um Kennzahlen, die \u00fcber die Jahre vom Markt entwickelt wurden.<\/p>\n","protected":false},"excerpt":{"rendered":"<p>Earnings before Interests, Taxes Auch Operatives Ergebnis oder Betriebsergebnis engl. Operating Profit Das EBIT ist der Gewinn eines Unternehmens vor Steuern und Zinsen. Damit ist gemeint, dass das EBIT nicht um den Betrag der zu zahlenden Steuern und Zinsen gemindert wird. Au\u00dferdem werden au\u00dferordentliche Aufwendungen nicht ber\u00fccksichtigt. Das EBIT hat den Zweck, einen unverzerrten Einblick [&hellip;]<\/p>\n","protected":false},"author":1,"featured_media":0,"parent":0,"menu_order":0,"comment_status":"closed","ping_status":"closed","template":"","meta":{"site-sidebar-layout":"default","site-content-layout":"","ast-site-content-layout":"","site-content-style":"default","site-sidebar-style":"default","ast-global-header-display":"","ast-banner-title-visibility":"","ast-main-header-display":"","ast-hfb-above-header-display":"","ast-hfb-below-header-display":"","ast-hfb-mobile-header-display":"","site-post-title":"","ast-breadcrumbs-content":"","ast-featured-img":"","footer-sml-layout":"","theme-transparent-header-meta":"","adv-header-id-meta":"","stick-header-meta":"","header-above-stick-meta":"","header-main-stick-meta":"","header-below-stick-meta":"","astra-migrate-meta-layouts":"default","ast-page-background-enabled":"default","ast-page-background-meta":{"desktop":{"background-color":"","background-image":"","background-repeat":"repeat","background-position":"center center","background-size":"auto","background-attachment":"scroll","background-type":"","background-media":"","overlay-type":"","overlay-color":"","overlay-opacity":"","overlay-gradient":""},"tablet":{"background-color":"","background-image":"","background-repeat":"repeat","background-position":"center center","background-size":"auto","background-attachment":"scroll","background-type":"","background-media":"","overlay-type":"","overlay-color":"","overlay-opacity":"","overlay-gradient":""},"mobile":{"background-color":"","background-image":"","background-repeat":"repeat","background-position":"center center","background-size":"auto","background-attachment":"scroll","background-type":"","background-media":"","overlay-type":"","overlay-color":"","overlay-opacity":"","overlay-gradient":""}},"ast-content-background-meta":{"desktop":{"background-color":"var(--ast-global-color-5)","background-image":"","background-repeat":"repeat","background-position":"center center","background-size":"auto","background-attachment":"scroll","background-type":"","background-media":"","overlay-type":"","overlay-color":"","overlay-opacity":"","overlay-gradient":""},"tablet":{"background-color":"var(--ast-global-color-5)","background-image":"","background-repeat":"repeat","background-position":"center center","background-size":"auto","background-attachment":"scroll","background-type":"","background-media":"","overlay-type":"","overlay-color":"","overlay-opacity":"","overlay-gradient":""},"mobile":{"background-color":"var(--ast-global-color-5)","background-image":"","background-repeat":"repeat","background-position":"center center","background-size":"auto","background-attachment":"scroll","background-type":"","background-media":"","overlay-type":"","overlay-color":"","overlay-opacity":"","overlay-gradient":""}},"footnotes":""},"class_list":["post-580","page","type-page","status-publish","hentry"],"translation":{"provider":"WPGlobus","version":"3.0.2","language":"en","enabled_languages":["de","en"],"languages":{"de":{"title":true,"content":true,"excerpt":false},"en":{"title":false,"content":false,"excerpt":false}}},"featured_image_urls_v2":{"full":"","thumbnail":"","medium":"","medium_large":"","large":"","1536x1536":"","2048x2048":""},"post_excerpt_stackable_v2":"<p>Earnings before Interests, Taxes Auch Operatives Ergebnis oder Betriebsergebnis engl. Operating Profit Das EBIT ist der Gewinn eines Unternehmens vor Steuern und Zinsen. Damit ist gemeint, dass das EBIT nicht um den Betrag der zu zahlenden Steuern und Zinsen gemindert wird. Au\u00dferdem werden au\u00dferordentliche Aufwendungen nicht ber\u00fccksichtigt. Das EBIT hat den Zweck, einen unverzerrten Einblick in die Profitabilit\u00e4t des t\u00e4glichen Gesch\u00e4ftes des Unternehmens zu erhalten. Berechnung: Das EBIT dient in erster Linie dazu, betriebliche Gewinnzahlen von Unternehmen verschiedener L\u00e4nder miteinander zu vergleichen. Da in den verschiedenen L\u00e4ndern unterschiedliche Steuersysteme herrschen k\u00f6nnen, kann durch die Bereinigung der zu zahlenden Steuern ein&hellip;<\/p>\n","category_list_v2":"","author_info_v2":{"name":"PrudentWater","url":"https:\/\/prudentwater.com\/en\/author\/niklas33\/"},"comments_num_v2":"0 comments","_links":{"self":[{"href":"https:\/\/prudentwater.com\/en\/wp-json\/wp\/v2\/pages\/580","targetHints":{"allow":["GET"]}}],"collection":[{"href":"https:\/\/prudentwater.com\/en\/wp-json\/wp\/v2\/pages"}],"about":[{"href":"https:\/\/prudentwater.com\/en\/wp-json\/wp\/v2\/types\/page"}],"author":[{"embeddable":true,"href":"https:\/\/prudentwater.com\/en\/wp-json\/wp\/v2\/users\/1"}],"replies":[{"embeddable":true,"href":"https:\/\/prudentwater.com\/en\/wp-json\/wp\/v2\/comments?post=580"}],"version-history":[{"count":0,"href":"https:\/\/prudentwater.com\/en\/wp-json\/wp\/v2\/pages\/580\/revisions"}],"wp:attachment":[{"href":"https:\/\/prudentwater.com\/en\/wp-json\/wp\/v2\/media?parent=580"}],"curies":[{"name":"wp","href":"https:\/\/api.w.org\/{rel}","templated":true}]}}