{"id":58413,"date":"2021-01-12T15:15:05","date_gmt":"2021-01-12T14:15:05","guid":{"rendered":"https:\/\/prudentwater.com\/?page_id=58413"},"modified":"2021-06-25T12:50:15","modified_gmt":"2021-06-25T10:50:15","slug":"us-gaap","status":"publish","type":"page","link":"https:\/\/prudentwater.com\/en\/us-gaap\/","title":{"rendered":"US GAAP"},"content":{"rendered":"<p><strong>United States Generally Accepted Accounting Principles<\/strong><\/p>\n<p>Die US-GAAP sind allgemein anerkannte US-amerikanische Rechnungslegungsregeln und gelten den Unternehmen als Rechtsrahmen f\u00fcr die Bilanzierung. Die US GAAP wurden als Konsequenz des B\u00f6rsencrash von 1929 entwickelt und eingef\u00fchrt, da damals eine fehlende Regulierung der Rechnungslegung mitverantwortlich f\u00fcr den B\u00f6rsencrash war.<\/p>\n","protected":false},"excerpt":{"rendered":"<p>United States Generally Accepted Accounting Principles Die US-GAAP sind allgemein anerkannte US-amerikanische Rechnungslegungsregeln und gelten den Unternehmen als Rechtsrahmen f\u00fcr die Bilanzierung. Die US GAAP wurden als Konsequenz des B\u00f6rsencrash von 1929 entwickelt und eingef\u00fchrt, da damals eine fehlende Regulierung der Rechnungslegung mitverantwortlich f\u00fcr den B\u00f6rsencrash war.<\/p>\n","protected":false},"author":1,"featured_media":0,"parent":0,"menu_order":0,"comment_status":"closed","ping_status":"closed","template":"","meta":{"site-sidebar-layout":"default","site-content-layout":"","ast-site-content-layout":"","site-content-style":"default","site-sidebar-style":"default","ast-global-header-display":"","ast-banner-title-visibility":"","ast-main-header-display":"","ast-hfb-above-header-display":"","ast-hfb-below-header-display":"","ast-hfb-mobile-header-display":"","site-post-title":"","ast-breadcrumbs-content":"","ast-featured-img":"","footer-sml-layout":"","theme-transparent-header-meta":"","adv-header-id-meta":"","stick-header-meta":"","header-above-stick-meta":"","header-main-stick-meta":"","header-below-stick-meta":"","astra-migrate-meta-layouts":"default","ast-page-background-enabled":"default","ast-page-background-meta":{"desktop":{"background-color":"","background-image":"","background-repeat":"repeat","background-position":"center center","background-size":"auto","background-attachment":"scroll","background-type":"","background-media":"","overlay-type":"","overlay-color":"","overlay-opacity":"","overlay-gradient":""},"tablet":{"background-color":"","background-image":"","background-repeat":"repeat","background-position":"center center","background-size":"auto","background-attachment":"scroll","background-type":"","background-media":"","overlay-type":"","overlay-color":"","overlay-opacity":"","overlay-gradient":""},"mobile":{"background-color":"","background-image":"","background-repeat":"repeat","background-position":"center center","background-size":"auto","background-attachment":"scroll","background-type":"","background-media":"","overlay-type":"","overlay-color":"","overlay-opacity":"","overlay-gradient":""}},"ast-content-background-meta":{"desktop":{"background-color":"var(--ast-global-color-5)","background-image":"","background-repeat":"repeat","background-position":"center center","background-size":"auto","background-attachment":"scroll","background-type":"","background-media":"","overlay-type":"","overlay-color":"","overlay-opacity":"","overlay-gradient":""},"tablet":{"background-color":"var(--ast-global-color-5)","background-image":"","background-repeat":"repeat","background-position":"center center","background-size":"auto","background-attachment":"scroll","background-type":"","background-media":"","overlay-type":"","overlay-color":"","overlay-opacity":"","overlay-gradient":""},"mobile":{"background-color":"var(--ast-global-color-5)","background-image":"","background-repeat":"repeat","background-position":"center center","background-size":"auto","background-attachment":"scroll","background-type":"","background-media":"","overlay-type":"","overlay-color":"","overlay-opacity":"","overlay-gradient":""}},"footnotes":""},"class_list":["post-58413","page","type-page","status-publish","hentry"],"translation":{"provider":"WPGlobus","version":"3.0.2","language":"en","enabled_languages":["de","en"],"languages":{"de":{"title":true,"content":true,"excerpt":false},"en":{"title":false,"content":false,"excerpt":false}}},"featured_image_urls_v2":{"full":"","thumbnail":"","medium":"","medium_large":"","large":"","1536x1536":"","2048x2048":""},"post_excerpt_stackable_v2":"<p>United States Generally Accepted Accounting Principles Die US-GAAP sind allgemein anerkannte US-amerikanische Rechnungslegungsregeln und gelten den Unternehmen als Rechtsrahmen f\u00fcr die Bilanzierung. Die US GAAP wurden als Konsequenz des B\u00f6rsencrash von 1929 entwickelt und eingef\u00fchrt, da damals eine fehlende Regulierung der Rechnungslegung mitverantwortlich f\u00fcr den B\u00f6rsencrash war.<\/p>\n","category_list_v2":"","author_info_v2":{"name":"PrudentWater","url":"https:\/\/prudentwater.com\/en\/author\/niklas33\/"},"comments_num_v2":"0 comments","_links":{"self":[{"href":"https:\/\/prudentwater.com\/en\/wp-json\/wp\/v2\/pages\/58413","targetHints":{"allow":["GET"]}}],"collection":[{"href":"https:\/\/prudentwater.com\/en\/wp-json\/wp\/v2\/pages"}],"about":[{"href":"https:\/\/prudentwater.com\/en\/wp-json\/wp\/v2\/types\/page"}],"author":[{"embeddable":true,"href":"https:\/\/prudentwater.com\/en\/wp-json\/wp\/v2\/users\/1"}],"replies":[{"embeddable":true,"href":"https:\/\/prudentwater.com\/en\/wp-json\/wp\/v2\/comments?post=58413"}],"version-history":[{"count":0,"href":"https:\/\/prudentwater.com\/en\/wp-json\/wp\/v2\/pages\/58413\/revisions"}],"wp:attachment":[{"href":"https:\/\/prudentwater.com\/en\/wp-json\/wp\/v2\/media?parent=58413"}],"curies":[{"name":"wp","href":"https:\/\/api.w.org\/{rel}","templated":true}]}}