{"id":5855,"date":"2016-02-05T13:30:15","date_gmt":"2016-02-05T13:30:15","guid":{"rendered":"http:\/\/www.kunnskap.de\/?page_id=5855"},"modified":"2021-06-25T12:48:24","modified_gmt":"2021-06-25T10:48:24","slug":"cross-default-klausel","status":"publish","type":"page","link":"https:\/\/prudentwater.com\/en\/cross-default-klausel\/","title":{"rendered":"Cross-Default-Klausel"},"content":{"rendered":"<p>Cross-Default-Klausel ist eine von mehreren m\u00f6glichen Covenants in Anleihenbedienungen oder Kreditvertr\u00e4gen. Die Cross-Default-Klausel besagt, dass der Kreditgeber den noch laufenden Kredit vorzeitig k\u00fcndigen kann, sobald der Kreditnehmer in einem weiteren Kreditverh\u00e4ltnis mit einem anderen Kreditgeber vertragsbr\u00fcchig geworden ist und somit seinen Pflichten als Kreditnehmer in diesem weiteren Vertrag nicht mehr nachkommen kann. Dem Kreditgeber dient die Klausel dazu, fr\u00fchzeitig \u00fcber ein erh\u00f6htes Ausfallrisiko seitens des Kreditnehmers zu erfahren, wodurch ihm mehr Zeit einger\u00e4umt werden soll, seine Forderungen zur\u00fcckzuerhalten.<\/p>\n","protected":false},"excerpt":{"rendered":"<p>Cross-Default-Klausel ist eine von mehreren m\u00f6glichen Covenants in Anleihenbedienungen oder Kreditvertr\u00e4gen. Die Cross-Default-Klausel besagt, dass der Kreditgeber den noch laufenden Kredit vorzeitig k\u00fcndigen kann, sobald der Kreditnehmer in einem weiteren Kreditverh\u00e4ltnis mit einem anderen Kreditgeber vertragsbr\u00fcchig geworden ist und somit seinen Pflichten als Kreditnehmer in diesem weiteren Vertrag nicht mehr nachkommen kann. Dem Kreditgeber dient [&hellip;]<\/p>\n","protected":false},"author":1,"featured_media":0,"parent":0,"menu_order":0,"comment_status":"closed","ping_status":"closed","template":"","meta":{"site-sidebar-layout":"default","site-content-layout":"","ast-site-content-layout":"","site-content-style":"default","site-sidebar-style":"default","ast-global-header-display":"","ast-banner-title-visibility":"","ast-main-header-display":"","ast-hfb-above-header-display":"","ast-hfb-below-header-display":"","ast-hfb-mobile-header-display":"","site-post-title":"","ast-breadcrumbs-content":"","ast-featured-img":"","footer-sml-layout":"","theme-transparent-header-meta":"","adv-header-id-meta":"","stick-header-meta":"","header-above-stick-meta":"","header-main-stick-meta":"","header-below-stick-meta":"","astra-migrate-meta-layouts":"default","ast-page-background-enabled":"default","ast-page-background-meta":{"desktop":{"background-color":"","background-image":"","background-repeat":"repeat","background-position":"center center","background-size":"auto","background-attachment":"scroll","background-type":"","background-media":"","overlay-type":"","overlay-color":"","overlay-opacity":"","overlay-gradient":""},"tablet":{"background-color":"","background-image":"","background-repeat":"repeat","background-position":"center center","background-size":"auto","background-attachment":"scroll","background-type":"","background-media":"","overlay-type":"","overlay-color":"","overlay-opacity":"","overlay-gradient":""},"mobile":{"background-color":"","background-image":"","background-repeat":"repeat","background-position":"center center","background-size":"auto","background-attachment":"scroll","background-type":"","background-media":"","overlay-type":"","overlay-color":"","overlay-opacity":"","overlay-gradient":""}},"ast-content-background-meta":{"desktop":{"background-color":"var(--ast-global-color-5)","background-image":"","background-repeat":"repeat","background-position":"center center","background-size":"auto","background-attachment":"scroll","background-type":"","background-media":"","overlay-type":"","overlay-color":"","overlay-opacity":"","overlay-gradient":""},"tablet":{"background-color":"var(--ast-global-color-5)","background-image":"","background-repeat":"repeat","background-position":"center center","background-size":"auto","background-attachment":"scroll","background-type":"","background-media":"","overlay-type":"","overlay-color":"","overlay-opacity":"","overlay-gradient":""},"mobile":{"background-color":"var(--ast-global-color-5)","background-image":"","background-repeat":"repeat","background-position":"center center","background-size":"auto","background-attachment":"scroll","background-type":"","background-media":"","overlay-type":"","overlay-color":"","overlay-opacity":"","overlay-gradient":""}},"footnotes":""},"class_list":["post-5855","page","type-page","status-publish","hentry"],"translation":{"provider":"WPGlobus","version":"3.0.2","language":"en","enabled_languages":["de","en"],"languages":{"de":{"title":true,"content":true,"excerpt":false},"en":{"title":false,"content":false,"excerpt":false}}},"featured_image_urls_v2":{"full":"","thumbnail":"","medium":"","medium_large":"","large":"","1536x1536":"","2048x2048":""},"post_excerpt_stackable_v2":"<p>Cross-Default-Klausel ist eine von mehreren m\u00f6glichen Covenants in Anleihenbedienungen oder Kreditvertr\u00e4gen. Die Cross-Default-Klausel besagt, dass der Kreditgeber den noch laufenden Kredit vorzeitig k\u00fcndigen kann, sobald der Kreditnehmer in einem weiteren Kreditverh\u00e4ltnis mit einem anderen Kreditgeber vertragsbr\u00fcchig geworden ist und somit seinen Pflichten als Kreditnehmer in diesem weiteren Vertrag nicht mehr nachkommen kann. Dem Kreditgeber dient die Klausel dazu, fr\u00fchzeitig \u00fcber ein erh\u00f6htes Ausfallrisiko seitens des Kreditnehmers zu erfahren, wodurch ihm mehr Zeit einger\u00e4umt werden soll, seine Forderungen zur\u00fcckzuerhalten.<\/p>\n","category_list_v2":"","author_info_v2":{"name":"PrudentWater","url":"https:\/\/prudentwater.com\/en\/author\/niklas33\/"},"comments_num_v2":"0 comments","_links":{"self":[{"href":"https:\/\/prudentwater.com\/en\/wp-json\/wp\/v2\/pages\/5855","targetHints":{"allow":["GET"]}}],"collection":[{"href":"https:\/\/prudentwater.com\/en\/wp-json\/wp\/v2\/pages"}],"about":[{"href":"https:\/\/prudentwater.com\/en\/wp-json\/wp\/v2\/types\/page"}],"author":[{"embeddable":true,"href":"https:\/\/prudentwater.com\/en\/wp-json\/wp\/v2\/users\/1"}],"replies":[{"embeddable":true,"href":"https:\/\/prudentwater.com\/en\/wp-json\/wp\/v2\/comments?post=5855"}],"version-history":[{"count":0,"href":"https:\/\/prudentwater.com\/en\/wp-json\/wp\/v2\/pages\/5855\/revisions"}],"wp:attachment":[{"href":"https:\/\/prudentwater.com\/en\/wp-json\/wp\/v2\/media?parent=5855"}],"curies":[{"name":"wp","href":"https:\/\/api.w.org\/{rel}","templated":true}]}}