{"id":5861,"date":"2016-02-07T09:15:06","date_gmt":"2016-02-07T09:15:06","guid":{"rendered":"http:\/\/www.kunnskap.de\/?page_id=5861"},"modified":"2021-06-25T12:50:10","modified_gmt":"2021-06-25T10:50:10","slug":"schuldendienstdeckungsgrad","status":"publish","type":"page","link":"https:\/\/prudentwater.com\/en\/schuldendienstdeckungsgrad\/","title":{"rendered":"Schuldendienstdeckungsgrad"},"content":{"rendered":"<p>Auch <strong>Kapitaldeckungsgrad<\/strong><br \/>\nengl. <strong>Debt Service Coverage Ratio<\/strong><\/p>\n<hr>\n<h3>Schuldendienstdeckungsgrad als Bewertungskennzahl<\/h3>\n<p>Der Schuldendienstdeckungsgrad zeigt an, in welchem Verh\u00e4ltnis aktuell das EBITDA zu den Tilgungen plus den darauf zu zahlenden Zinsen zueinanderstehen. Bei den Tilgungen handelt es sich um offene Bankkredite oder Anleihen, welche ausstehen, also noch innerhalb einer bestimmten Periode zur\u00fcckgezahlt werden m\u00fcssen. Der Schuldendienstdeckungsgrad wird immer f\u00fcr eine bestimmte Periode errechnet, in der Regel f\u00fcr ein Kalenderjahr. Mithilfe der Kennzahl kann dann betrachtet werden, inwieweit das erzielte EBITDA f\u00fcr den Zeitraum die anfallenden Tilgungszahlungen plus den Zinsaufwand deckt. Der Zinsdeckungsgrad hingegen ber\u00fccksichtigt nur den Zinsaufwand. Der Schuldendienstdeckungsgrad kann auch f\u00fcr einen Staat berechnet werden, dann wird jedoch anstatt des EBITDA das Bruttoinlandsprodukt herangezogen.<\/p>\n<hr>\n<p><b>Berechnung Schuldendienstdeckungsgrad f\u00fcr Unternehmen<\/b><br \/>\n<br class=\"\u201cclear\u201d\"><br \/>\n<img loading=\"lazy\" decoding=\"async\" src=\"https:\/\/prudentwater.com\/wp-content\/uploads\/2020\/03\/schuldendienstdeckungsgrad-unternehmen.png\" alt=\"\" class=\"aligncenter size-full wp-image-10811\" width=\"500\" height=\"36\" title=\"\"><br \/>\n<br class=\"\u201cclear\u201d\"><\/p>\n<hr width=\"50%\">\n<p><b>Berechnung Schuldendienstdeckungsgrad f\u00fcr Staaten<\/b><br \/>\n<br class=\"\u201cclear\u201d\"><br \/>\n<img loading=\"lazy\" decoding=\"async\" src=\"https:\/\/prudentwater.com\/wp-content\/uploads\/2020\/03\/schuldendienstdeckungsgrad-staat.png\" alt=\"\" class=\"aligncenter size-full wp-image-10810\" width=\"500\" height=\"36\" title=\"\"><br \/>\nPauschal l\u00e4sst sich nicht sagen, wie hoch die Debt Service Coverage Ratio f\u00fcr das jeweilige Land \/ Unternehemen sein muss, sie sollte mittel- bis langfristig jedoch bei mindestens 1 liegen. Es muss jedoch stets ber\u00fccksichtigt werden, dass der Schuldendienstdeckungsgrad ausschlie\u00dflich f\u00fcr einen bestimmten Zeitraum und in der Regel f\u00fcr ein Kalenderjahr berechnet wird. Bei der Berechnung werden also nicht alle Schulden und Zinsen ber\u00fccksichtigt, sondern nur jene, welche in dem Berechnungszeitraum auch zur\u00fcckgezahlt werden m\u00fcssen. Folglich wird auch nur das EBITDA herangezogen, welches in dem jeweiligen Zeitraum erzielt wurde.<\/p>\n<hr>\n<h3>Schuldendienstdeckungsgrad als Vertragsklausel<\/h3>\n<p>Der Schuldendienstdeckungsgrad ist eine von mehreren m\u00f6glichen Covenants in Anleihenbedienungen oder Kreditvertr\u00e4gen. Die Klausel besagt, dass bei dem Kreditnehmer ein bestimmter Cashflow oder EBIT im Verh\u00e4ltnis zu seinen Zahlungsverpflichtungen (Zinsen und Tilgungszahlungen) vorhanden sein muss. Dabei kann der Schuldner dazu verpflichtet werden, ein bestimmtes Verh\u00e4ltnis zwischen Cashflow bzw. EBIT und Zahlungsverpflichtungen einzuhalten.<\/p>\n","protected":false},"excerpt":{"rendered":"<p>Auch Kapitaldeckungsgrad engl. Debt Service Coverage Ratio Schuldendienstdeckungsgrad als Bewertungskennzahl Der Schuldendienstdeckungsgrad zeigt an, in welchem Verh\u00e4ltnis aktuell das EBITDA zu den Tilgungen plus den darauf zu zahlenden Zinsen zueinanderstehen. Bei den Tilgungen handelt es sich um offene Bankkredite oder Anleihen, welche ausstehen, also noch innerhalb einer bestimmten Periode zur\u00fcckgezahlt werden m\u00fcssen. Der Schuldendienstdeckungsgrad wird [&hellip;]<\/p>\n","protected":false},"author":1,"featured_media":0,"parent":0,"menu_order":0,"comment_status":"closed","ping_status":"closed","template":"","meta":{"site-sidebar-layout":"default","site-content-layout":"","ast-site-content-layout":"","site-content-style":"default","site-sidebar-style":"default","ast-global-header-display":"","ast-banner-title-visibility":"","ast-main-header-display":"","ast-hfb-above-header-display":"","ast-hfb-below-header-display":"","ast-hfb-mobile-header-display":"","site-post-title":"","ast-breadcrumbs-content":"","ast-featured-img":"","footer-sml-layout":"","theme-transparent-header-meta":"","adv-header-id-meta":"","stick-header-meta":"","header-above-stick-meta":"","header-main-stick-meta":"","header-below-stick-meta":"","astra-migrate-meta-layouts":"default","ast-page-background-enabled":"default","ast-page-background-meta":{"desktop":{"background-color":"","background-image":"","background-repeat":"repeat","background-position":"center center","background-size":"auto","background-attachment":"scroll","background-type":"","background-media":"","overlay-type":"","overlay-color":"","overlay-opacity":"","overlay-gradient":""},"tablet":{"background-color":"","background-image":"","background-repeat":"repeat","background-position":"center center","background-size":"auto","background-attachment":"scroll","background-type":"","background-media":"","overlay-type":"","overlay-color":"","overlay-opacity":"","overlay-gradient":""},"mobile":{"background-color":"","background-image":"","background-repeat":"repeat","background-position":"center center","background-size":"auto","background-attachment":"scroll","background-type":"","background-media":"","overlay-type":"","overlay-color":"","overlay-opacity":"","overlay-gradient":""}},"ast-content-background-meta":{"desktop":{"background-color":"var(--ast-global-color-5)","background-image":"","background-repeat":"repeat","background-position":"center center","background-size":"auto","background-attachment":"scroll","background-type":"","background-media":"","overlay-type":"","overlay-color":"","overlay-opacity":"","overlay-gradient":""},"tablet":{"background-color":"var(--ast-global-color-5)","background-image":"","background-repeat":"repeat","background-position":"center center","background-size":"auto","background-attachment":"scroll","background-type":"","background-media":"","overlay-type":"","overlay-color":"","overlay-opacity":"","overlay-gradient":""},"mobile":{"background-color":"var(--ast-global-color-5)","background-image":"","background-repeat":"repeat","background-position":"center center","background-size":"auto","background-attachment":"scroll","background-type":"","background-media":"","overlay-type":"","overlay-color":"","overlay-opacity":"","overlay-gradient":""}},"footnotes":""},"class_list":["post-5861","page","type-page","status-publish","hentry"],"translation":{"provider":"WPGlobus","version":"3.0.2","language":"en","enabled_languages":["de","en"],"languages":{"de":{"title":true,"content":true,"excerpt":false},"en":{"title":false,"content":false,"excerpt":false}}},"featured_image_urls_v2":{"full":"","thumbnail":"","medium":"","medium_large":"","large":"","1536x1536":"","2048x2048":""},"post_excerpt_stackable_v2":"<p>Auch Kapitaldeckungsgrad engl. Debt Service Coverage Ratio Schuldendienstdeckungsgrad als Bewertungskennzahl Der Schuldendienstdeckungsgrad zeigt an, in welchem Verh\u00e4ltnis aktuell das EBITDA zu den Tilgungen plus den darauf zu zahlenden Zinsen zueinanderstehen. Bei den Tilgungen handelt es sich um offene Bankkredite oder Anleihen, welche ausstehen, also noch innerhalb einer bestimmten Periode zur\u00fcckgezahlt werden m\u00fcssen. Der Schuldendienstdeckungsgrad wird immer f\u00fcr eine bestimmte Periode errechnet, in der Regel f\u00fcr ein Kalenderjahr. Mithilfe der Kennzahl kann dann betrachtet werden, inwieweit das erzielte EBITDA f\u00fcr den Zeitraum die anfallenden Tilgungszahlungen plus den Zinsaufwand deckt. Der Zinsdeckungsgrad hingegen ber\u00fccksichtigt nur den Zinsaufwand. Der Schuldendienstdeckungsgrad kann auch f\u00fcr&hellip;<\/p>\n","category_list_v2":"","author_info_v2":{"name":"PrudentWater","url":"https:\/\/prudentwater.com\/en\/author\/niklas33\/"},"comments_num_v2":"0 comments","_links":{"self":[{"href":"https:\/\/prudentwater.com\/en\/wp-json\/wp\/v2\/pages\/5861","targetHints":{"allow":["GET"]}}],"collection":[{"href":"https:\/\/prudentwater.com\/en\/wp-json\/wp\/v2\/pages"}],"about":[{"href":"https:\/\/prudentwater.com\/en\/wp-json\/wp\/v2\/types\/page"}],"author":[{"embeddable":true,"href":"https:\/\/prudentwater.com\/en\/wp-json\/wp\/v2\/users\/1"}],"replies":[{"embeddable":true,"href":"https:\/\/prudentwater.com\/en\/wp-json\/wp\/v2\/comments?post=5861"}],"version-history":[{"count":0,"href":"https:\/\/prudentwater.com\/en\/wp-json\/wp\/v2\/pages\/5861\/revisions"}],"wp:attachment":[{"href":"https:\/\/prudentwater.com\/en\/wp-json\/wp\/v2\/media?parent=5861"}],"curies":[{"name":"wp","href":"https:\/\/api.w.org\/{rel}","templated":true}]}}