{"id":5913,"date":"2016-02-11T07:56:41","date_gmt":"2016-02-11T07:56:41","guid":{"rendered":"http:\/\/www.kunnskap.de\/?page_id=5913"},"modified":"2021-06-25T12:48:23","modified_gmt":"2021-06-25T10:48:23","slug":"contingent-convertible-bond","status":"publish","type":"page","link":"https:\/\/prudentwater.com\/en\/contingent-convertible-bond\/","title":{"rendered":"Contingent Convertible Bond"},"content":{"rendered":"<p>Auch <strong>Coco Bond<\/strong> oder <strong>Tier One Contingent Convertible Bond<\/strong> oder <strong>Additional Tier One Capital (AT1)<\/strong><\/p>\n<p>Bei Coco Bonds handelt es sich um eine besondere Art von Anleihen, welche unter bestimmten Voraussetzungen in Eigenkapital umgewandelt werden k\u00f6nnen oder dauerhaft bzw. vor\u00fcbergehend abgeschrieben werden k\u00f6nnen, falls der Emittent in finanzielle Schwierigkeiten ger\u00e4t. Eine weitere M\u00f6glichkeit ist, dass die Kuponzahlungen von Coco Bonds ausgesetzt werden.<br \/>\nDamit eine der drei erw\u00e4hnten M\u00f6glichkeiten eintritt, ist ein sogenanntes Trigger Event n\u00f6tig, in diesem Fall muss der Kapitalpuffer der Bank unter eine bestimmte Schwelle sinken bzw. die Eigenkapitalquote muss unter eine bestimmte Schwelle sinken. Geschieht dies, so erhalten die Anleger automatisch im Tausch f\u00fcr ihre Cocos Aktien und somit wird Fremdkapital in Eigenkapital umgewandelt und Schuldner werden zu Aktion\u00e4ren des Unternehmens. <\/p>\n<p>Aufgrund des h\u00f6heren Risikos bieten Cocos einen h\u00f6heren Kupon im Vergleich zu herk\u00f6mmlichen Anleihen. Banken entlasten durch Cocos ihre Bilanz, da durch sie in finanziell schwierigen Zeiten die Fremdverschuldung der Bank gesenkt wird. Der gro\u00dfe Vorteil f\u00fcr Banken in Coco Bonds liegt darin, dass in einer Krisensituation durch eine automatische Umwandlung der Cocos in Aktien zus\u00e4tzliches Eigenkapital generiert wird und durch eine Abschreibung des Nominalwertes das Finanzinstitut entlastet wird. Banken st\u00e4rken durch Cocos ihre Eigenkapitalquote ohne eine Kapitalerh\u00f6hung durch den Verkauf von neuen Aktien durchzuf\u00fchren.<\/p>\n<p>Cocos haben ihren Ursprung in der globalen Finanzkrise 2007, als Regierungen gezwungen wurden, Banken finanziell zu st\u00fctzen, man jedoch der Meinung war, dass in Zukunft nicht mehr der Steuerzahler und Bankkunde das Risiko tragen soll, sondern vielmehr Kreditgeber und Eigent\u00fcmer.  <\/p>\n","protected":false},"excerpt":{"rendered":"<p>Auch Coco Bond oder Tier One Contingent Convertible Bond oder Additional Tier One Capital (AT1) Bei Coco Bonds handelt es sich um eine besondere Art von Anleihen, welche unter bestimmten Voraussetzungen in Eigenkapital umgewandelt werden k\u00f6nnen oder dauerhaft bzw. vor\u00fcbergehend abgeschrieben werden k\u00f6nnen, falls der Emittent in finanzielle Schwierigkeiten ger\u00e4t. Eine weitere M\u00f6glichkeit ist, dass [&hellip;]<\/p>\n","protected":false},"author":1,"featured_media":0,"parent":0,"menu_order":0,"comment_status":"closed","ping_status":"closed","template":"","meta":{"site-sidebar-layout":"default","site-content-layout":"","ast-site-content-layout":"","site-content-style":"default","site-sidebar-style":"default","ast-global-header-display":"","ast-banner-title-visibility":"","ast-main-header-display":"","ast-hfb-above-header-display":"","ast-hfb-below-header-display":"","ast-hfb-mobile-header-display":"","site-post-title":"","ast-breadcrumbs-content":"","ast-featured-img":"","footer-sml-layout":"","theme-transparent-header-meta":"","adv-header-id-meta":"","stick-header-meta":"","header-above-stick-meta":"","header-main-stick-meta":"","header-below-stick-meta":"","astra-migrate-meta-layouts":"default","ast-page-background-enabled":"default","ast-page-background-meta":{"desktop":{"background-color":"","background-image":"","background-repeat":"repeat","background-position":"center center","background-size":"auto","background-attachment":"scroll","background-type":"","background-media":"","overlay-type":"","overlay-color":"","overlay-opacity":"","overlay-gradient":""},"tablet":{"background-color":"","background-image":"","background-repeat":"repeat","background-position":"center center","background-size":"auto","background-attachment":"scroll","background-type":"","background-media":"","overlay-type":"","overlay-color":"","overlay-opacity":"","overlay-gradient":""},"mobile":{"background-color":"","background-image":"","background-repeat":"repeat","background-position":"center center","background-size":"auto","background-attachment":"scroll","background-type":"","background-media":"","overlay-type":"","overlay-color":"","overlay-opacity":"","overlay-gradient":""}},"ast-content-background-meta":{"desktop":{"background-color":"var(--ast-global-color-5)","background-image":"","background-repeat":"repeat","background-position":"center center","background-size":"auto","background-attachment":"scroll","background-type":"","background-media":"","overlay-type":"","overlay-color":"","overlay-opacity":"","overlay-gradient":""},"tablet":{"background-color":"var(--ast-global-color-5)","background-image":"","background-repeat":"repeat","background-position":"center center","background-size":"auto","background-attachment":"scroll","background-type":"","background-media":"","overlay-type":"","overlay-color":"","overlay-opacity":"","overlay-gradient":""},"mobile":{"background-color":"var(--ast-global-color-5)","background-image":"","background-repeat":"repeat","background-position":"center center","background-size":"auto","background-attachment":"scroll","background-type":"","background-media":"","overlay-type":"","overlay-color":"","overlay-opacity":"","overlay-gradient":""}},"footnotes":""},"class_list":["post-5913","page","type-page","status-publish","hentry"],"translation":{"provider":"WPGlobus","version":"3.0.2","language":"en","enabled_languages":["de","en"],"languages":{"de":{"title":true,"content":true,"excerpt":false},"en":{"title":false,"content":false,"excerpt":false}}},"featured_image_urls_v2":{"full":"","thumbnail":"","medium":"","medium_large":"","large":"","1536x1536":"","2048x2048":""},"post_excerpt_stackable_v2":"<p>Auch Coco Bond oder Tier One Contingent Convertible Bond oder Additional Tier One Capital (AT1) Bei Coco Bonds handelt es sich um eine besondere Art von Anleihen, welche unter bestimmten Voraussetzungen in Eigenkapital umgewandelt werden k\u00f6nnen oder dauerhaft bzw. vor\u00fcbergehend abgeschrieben werden k\u00f6nnen, falls der Emittent in finanzielle Schwierigkeiten ger\u00e4t. Eine weitere M\u00f6glichkeit ist, dass die Kuponzahlungen von Coco Bonds ausgesetzt werden. Damit eine der drei erw\u00e4hnten M\u00f6glichkeiten eintritt, ist ein sogenanntes Trigger Event n\u00f6tig, in diesem Fall muss der Kapitalpuffer der Bank unter eine bestimmte Schwelle sinken bzw. die Eigenkapitalquote muss unter eine bestimmte Schwelle sinken. Geschieht dies, so&hellip;<\/p>\n","category_list_v2":"","author_info_v2":{"name":"PrudentWater","url":"https:\/\/prudentwater.com\/en\/author\/niklas33\/"},"comments_num_v2":"0 comments","_links":{"self":[{"href":"https:\/\/prudentwater.com\/en\/wp-json\/wp\/v2\/pages\/5913","targetHints":{"allow":["GET"]}}],"collection":[{"href":"https:\/\/prudentwater.com\/en\/wp-json\/wp\/v2\/pages"}],"about":[{"href":"https:\/\/prudentwater.com\/en\/wp-json\/wp\/v2\/types\/page"}],"author":[{"embeddable":true,"href":"https:\/\/prudentwater.com\/en\/wp-json\/wp\/v2\/users\/1"}],"replies":[{"embeddable":true,"href":"https:\/\/prudentwater.com\/en\/wp-json\/wp\/v2\/comments?post=5913"}],"version-history":[{"count":0,"href":"https:\/\/prudentwater.com\/en\/wp-json\/wp\/v2\/pages\/5913\/revisions"}],"wp:attachment":[{"href":"https:\/\/prudentwater.com\/en\/wp-json\/wp\/v2\/media?parent=5913"}],"curies":[{"name":"wp","href":"https:\/\/api.w.org\/{rel}","templated":true}]}}