{"id":5933,"date":"2016-02-12T07:17:53","date_gmt":"2016-02-12T07:17:53","guid":{"rendered":"http:\/\/www.kunnskap.de\/?page_id=5933"},"modified":"2022-09-14T22:06:35","modified_gmt":"2022-09-14T20:06:35","slug":"endfallige-anleihe","status":"publish","type":"page","link":"https:\/\/prudentwater.com\/en\/endfallige-anleihe\/","title":{"rendered":"Endf\u00e4llige Anleihe"},"content":{"rendered":"<p>engl. <b>Bullet Bond<\/b><\/p>\n<p>Die Besonderheit einer endf\u00e4lligen Anleihe liegt darin, dass sie nicht vorzeitig vom Emittenten gek\u00fcndigt werden kann, sondern definitiv erst zum Ende der Laufzeit getilgt wird. Herk\u00f6mmliche Anleihen sind in der Regel mit einem vorzeitigen K\u00fcndigungsrecht ausgestattet. Von diesem vorzeitigen K\u00fcndigungsrecht bei herk\u00f6mmlichen Anleihen kann der Emittent Gebrauch machen, wenn die Zinsen am Markt in der Zwischenzeit gefallen sind und er sich nun mit einer vorzeitigen R\u00fcckzahlung der Anleihe und anschlie\u00dfenden Neuemission einen g\u00fcnstigeren Zinssatz sichern kann. Bei endf\u00e4lligen Anleihen ist diese vorzeitige K\u00fcndigung jedoch eben nicht m\u00f6glich. F\u00fcr diese zus\u00e4tzliche Sicherheit sind endf\u00e4llige Anleihen oftmals mit einem leicht niedrigeren Kupon ausgestattet, da Investoren in Zeiten fallender Zinsen gegen eine vorzeitige Tilgung gesch\u00fctzt sind.<\/p>\n","protected":false},"excerpt":{"rendered":"<p>engl. Bullet Bond Die Besonderheit einer endf\u00e4lligen Anleihe liegt darin, dass sie nicht vorzeitig vom Emittenten gek\u00fcndigt werden kann, sondern definitiv erst zum Ende der Laufzeit getilgt wird. Herk\u00f6mmliche Anleihen sind in der Regel mit einem vorzeitigen K\u00fcndigungsrecht ausgestattet. Von diesem vorzeitigen K\u00fcndigungsrecht bei herk\u00f6mmlichen Anleihen kann der Emittent Gebrauch machen, wenn die Zinsen am [&hellip;]<\/p>\n","protected":false},"author":1,"featured_media":0,"parent":0,"menu_order":0,"comment_status":"closed","ping_status":"closed","template":"","meta":{"site-sidebar-layout":"default","site-content-layout":"","ast-site-content-layout":"","site-content-style":"default","site-sidebar-style":"default","ast-global-header-display":"","ast-banner-title-visibility":"","ast-main-header-display":"","ast-hfb-above-header-display":"","ast-hfb-below-header-display":"","ast-hfb-mobile-header-display":"","site-post-title":"","ast-breadcrumbs-content":"","ast-featured-img":"","footer-sml-layout":"","theme-transparent-header-meta":"","adv-header-id-meta":"","stick-header-meta":"","header-above-stick-meta":"","header-main-stick-meta":"","header-below-stick-meta":"","astra-migrate-meta-layouts":"default","ast-page-background-enabled":"default","ast-page-background-meta":{"desktop":{"background-color":"","background-image":"","background-repeat":"repeat","background-position":"center center","background-size":"auto","background-attachment":"scroll","background-type":"","background-media":"","overlay-type":"","overlay-color":"","overlay-opacity":"","overlay-gradient":""},"tablet":{"background-color":"","background-image":"","background-repeat":"repeat","background-position":"center center","background-size":"auto","background-attachment":"scroll","background-type":"","background-media":"","overlay-type":"","overlay-color":"","overlay-opacity":"","overlay-gradient":""},"mobile":{"background-color":"","background-image":"","background-repeat":"repeat","background-position":"center center","background-size":"auto","background-attachment":"scroll","background-type":"","background-media":"","overlay-type":"","overlay-color":"","overlay-opacity":"","overlay-gradient":""}},"ast-content-background-meta":{"desktop":{"background-color":"var(--ast-global-color-5)","background-image":"","background-repeat":"repeat","background-position":"center center","background-size":"auto","background-attachment":"scroll","background-type":"","background-media":"","overlay-type":"","overlay-color":"","overlay-opacity":"","overlay-gradient":""},"tablet":{"background-color":"var(--ast-global-color-5)","background-image":"","background-repeat":"repeat","background-position":"center center","background-size":"auto","background-attachment":"scroll","background-type":"","background-media":"","overlay-type":"","overlay-color":"","overlay-opacity":"","overlay-gradient":""},"mobile":{"background-color":"var(--ast-global-color-5)","background-image":"","background-repeat":"repeat","background-position":"center center","background-size":"auto","background-attachment":"scroll","background-type":"","background-media":"","overlay-type":"","overlay-color":"","overlay-opacity":"","overlay-gradient":""}},"footnotes":""},"class_list":["post-5933","page","type-page","status-publish","hentry"],"translation":{"provider":"WPGlobus","version":"3.0.2","language":"en","enabled_languages":["de","en"],"languages":{"de":{"title":true,"content":true,"excerpt":false},"en":{"title":false,"content":false,"excerpt":false}}},"featured_image_urls_v2":{"full":"","thumbnail":"","medium":"","medium_large":"","large":"","1536x1536":"","2048x2048":""},"post_excerpt_stackable_v2":"<p>engl. Bullet Bond Die Besonderheit einer endf\u00e4lligen Anleihe liegt darin, dass sie nicht vorzeitig vom Emittenten gek\u00fcndigt werden kann, sondern definitiv erst zum Ende der Laufzeit getilgt wird. Herk\u00f6mmliche Anleihen sind in der Regel mit einem vorzeitigen K\u00fcndigungsrecht ausgestattet. Von diesem vorzeitigen K\u00fcndigungsrecht bei herk\u00f6mmlichen Anleihen kann der Emittent Gebrauch machen, wenn die Zinsen am Markt in der Zwischenzeit gefallen sind und er sich nun mit einer vorzeitigen R\u00fcckzahlung der Anleihe und anschlie\u00dfenden Neuemission einen g\u00fcnstigeren Zinssatz sichern kann. Bei endf\u00e4lligen Anleihen ist diese vorzeitige K\u00fcndigung jedoch eben nicht m\u00f6glich. F\u00fcr diese zus\u00e4tzliche Sicherheit sind endf\u00e4llige Anleihen oftmals mit einem&hellip;<\/p>\n","category_list_v2":"","author_info_v2":{"name":"PrudentWater","url":"https:\/\/prudentwater.com\/en\/author\/niklas33\/"},"comments_num_v2":"0 comments","_links":{"self":[{"href":"https:\/\/prudentwater.com\/en\/wp-json\/wp\/v2\/pages\/5933","targetHints":{"allow":["GET"]}}],"collection":[{"href":"https:\/\/prudentwater.com\/en\/wp-json\/wp\/v2\/pages"}],"about":[{"href":"https:\/\/prudentwater.com\/en\/wp-json\/wp\/v2\/types\/page"}],"author":[{"embeddable":true,"href":"https:\/\/prudentwater.com\/en\/wp-json\/wp\/v2\/users\/1"}],"replies":[{"embeddable":true,"href":"https:\/\/prudentwater.com\/en\/wp-json\/wp\/v2\/comments?post=5933"}],"version-history":[{"count":0,"href":"https:\/\/prudentwater.com\/en\/wp-json\/wp\/v2\/pages\/5933\/revisions"}],"wp:attachment":[{"href":"https:\/\/prudentwater.com\/en\/wp-json\/wp\/v2\/media?parent=5933"}],"curies":[{"name":"wp","href":"https:\/\/api.w.org\/{rel}","templated":true}]}}