{"id":5941,"date":"2016-02-12T11:55:46","date_gmt":"2016-02-12T11:55:46","guid":{"rendered":"http:\/\/www.kunnskap.de\/?page_id=5941"},"modified":"2021-08-13T19:41:38","modified_gmt":"2021-08-13T17:41:38","slug":"clearinghaus","status":"publish","type":"page","link":"https:\/\/prudentwater.com\/en\/clearinghaus\/","title":{"rendered":"Clearinghaus"},"content":{"rendered":"<p>engl. <strong>Clearing House<\/strong><\/p>\n<p>Ein Clearinghaus ist ein Unternehmen oder eine Institution, welches Dienstleistungen rund um die Abwicklung von Finanztransaktionen anbietet. Zu den einzelnen Aufgaben eines Clearinghauses geh\u00f6ren u.a. die Verwahrung von Wertpapieren, die Abwicklung und Abrechnung von einzelnen Transaktionen sowie wie \u00dcberwachung von zu hinterlegenden Sicherheiten im Optionshandel \/ beim Termingesch\u00e4ft. Vor allem im letzteren Fall agiert das Clearinghaus als Vermittler zwischen K\u00e4ufer und Verk\u00e4ufer und stellt sicher, dass die gesetzlichen Verpflichtungen eingehalten werden. So findet beispielsweise der direkte Kontakt beim Future-Handel zwischen K\u00e4ufer und Verk\u00e4ufer nur zu Beginn bei Vertragsabschluss statt. Anschlie\u00dfend schaltet sich das Clearinghaus zwischen K\u00e4ufer und Verk\u00e4ufer und k\u00fcmmert sich von da an um Abrechnung, Abwicklung und Erf\u00fcllung des Gesch\u00e4ftes. Forderungen und Verpflichtungen aus dem Futuregesch\u00e4ft bestehen f\u00fcr beide Seiten von da an nur noch gegen\u00fcber dem Clearinghaus.<br \/>\n<div class=\"perfect-pullquote vcard pullquote-align-full pullquote-border-placement-left\" style=\"border-color:#9cd3db !important;font-size:21px !important;\"><blockquote><p style=\"font-size:21px !important;\">Das Clearinghaus agiert eher im Hintergrund und unscheinbar, es ist jedoch f\u00fcr den reiblungslosen Ablauf aller Finanztransaktionen enorm wichtig.<\/p><\/blockquote><\/div><\/p>\n<p>Des Weiteren dient das Clearinghaus im Handel mit Optionen und Terminkontrakten dazu, das Ausfallrisiko eines Gesch\u00e4ftes auszuschalten. Das Clearinghaus steht somit zwischen dem K\u00e4ufer und Verk\u00e4ufer einer Option \/ eines Kontraktes und \u00fcbernimmt das Ausfallrisiko, falls eine der beiden Seiten nicht in der Lage sein sollte, seine aus dem Gesch\u00e4ft entstandenen Verpflichtungen nachzukommen. Au\u00dferdem ermittelt das Clearinghaus in diesem Zusammenhang t\u00e4glich den aktuellen Wert der jeweiligen Positionen und berechnet welche H\u00f6he an Margin (Sicherheitsleistung) bei ihr hinterlegt werden muss.<\/p>\n","protected":false},"excerpt":{"rendered":"<p>engl. Clearing House Ein Clearinghaus ist ein Unternehmen oder eine Institution, welches Dienstleistungen rund um die Abwicklung von Finanztransaktionen anbietet. Zu den einzelnen Aufgaben eines Clearinghauses geh\u00f6ren u.a. die Verwahrung von Wertpapieren, die Abwicklung und Abrechnung von einzelnen Transaktionen sowie wie \u00dcberwachung von zu hinterlegenden Sicherheiten im Optionshandel \/ beim Termingesch\u00e4ft. Vor allem im letzteren [&hellip;]<\/p>\n","protected":false},"author":1,"featured_media":0,"parent":0,"menu_order":0,"comment_status":"closed","ping_status":"closed","template":"","meta":{"site-sidebar-layout":"default","site-content-layout":"default","ast-site-content-layout":"","site-content-style":"default","site-sidebar-style":"default","ast-global-header-display":"","ast-banner-title-visibility":"","ast-main-header-display":"","ast-hfb-above-header-display":"","ast-hfb-below-header-display":"","ast-hfb-mobile-header-display":"","site-post-title":"","ast-breadcrumbs-content":"","ast-featured-img":"","footer-sml-layout":"","theme-transparent-header-meta":"default","adv-header-id-meta":"","stick-header-meta":"","header-above-stick-meta":"","header-main-stick-meta":"","header-below-stick-meta":"","astra-migrate-meta-layouts":"default","ast-page-background-enabled":"default","ast-page-background-meta":{"desktop":{"background-color":"","background-image":"","background-repeat":"repeat","background-position":"center center","background-size":"auto","background-attachment":"scroll","background-type":"","background-media":"","overlay-type":"","overlay-color":"","overlay-opacity":"","overlay-gradient":""},"tablet":{"background-color":"","background-image":"","background-repeat":"repeat","background-position":"center center","background-size":"auto","background-attachment":"scroll","background-type":"","background-media":"","overlay-type":"","overlay-color":"","overlay-opacity":"","overlay-gradient":""},"mobile":{"background-color":"","background-image":"","background-repeat":"repeat","background-position":"center center","background-size":"auto","background-attachment":"scroll","background-type":"","background-media":"","overlay-type":"","overlay-color":"","overlay-opacity":"","overlay-gradient":""}},"ast-content-background-meta":{"desktop":{"background-color":"var(--ast-global-color-5)","background-image":"","background-repeat":"repeat","background-position":"center center","background-size":"auto","background-attachment":"scroll","background-type":"","background-media":"","overlay-type":"","overlay-color":"","overlay-opacity":"","overlay-gradient":""},"tablet":{"background-color":"var(--ast-global-color-5)","background-image":"","background-repeat":"repeat","background-position":"center center","background-size":"auto","background-attachment":"scroll","background-type":"","background-media":"","overlay-type":"","overlay-color":"","overlay-opacity":"","overlay-gradient":""},"mobile":{"background-color":"var(--ast-global-color-5)","background-image":"","background-repeat":"repeat","background-position":"center center","background-size":"auto","background-attachment":"scroll","background-type":"","background-media":"","overlay-type":"","overlay-color":"","overlay-opacity":"","overlay-gradient":""}},"footnotes":""},"class_list":["post-5941","page","type-page","status-publish","hentry"],"translation":{"provider":"WPGlobus","version":"3.0.2","language":"en","enabled_languages":["de","en"],"languages":{"de":{"title":true,"content":true,"excerpt":false},"en":{"title":false,"content":false,"excerpt":false}}},"featured_image_urls_v2":{"full":"","thumbnail":"","medium":"","medium_large":"","large":"","1536x1536":"","2048x2048":""},"post_excerpt_stackable_v2":"<p>engl. Clearing House Ein Clearinghaus ist ein Unternehmen oder eine Institution, welches Dienstleistungen rund um die Abwicklung von Finanztransaktionen anbietet. Zu den einzelnen Aufgaben eines Clearinghauses geh\u00f6ren u.a. die Verwahrung von Wertpapieren, die Abwicklung und Abrechnung von einzelnen Transaktionen sowie wie \u00dcberwachung von zu hinterlegenden Sicherheiten im Optionshandel \/ beim Termingesch\u00e4ft. Vor allem im letzteren Fall agiert das Clearinghaus als Vermittler zwischen K\u00e4ufer und Verk\u00e4ufer und stellt sicher, dass die gesetzlichen Verpflichtungen eingehalten werden. So findet beispielsweise der direkte Kontakt beim Future-Handel zwischen K\u00e4ufer und Verk\u00e4ufer nur zu Beginn bei Vertragsabschluss statt. Anschlie\u00dfend schaltet sich das Clearinghaus zwischen K\u00e4ufer und&hellip;<\/p>\n","category_list_v2":"","author_info_v2":{"name":"PrudentWater","url":"https:\/\/prudentwater.com\/en\/author\/niklas33\/"},"comments_num_v2":"0 comments","_links":{"self":[{"href":"https:\/\/prudentwater.com\/en\/wp-json\/wp\/v2\/pages\/5941","targetHints":{"allow":["GET"]}}],"collection":[{"href":"https:\/\/prudentwater.com\/en\/wp-json\/wp\/v2\/pages"}],"about":[{"href":"https:\/\/prudentwater.com\/en\/wp-json\/wp\/v2\/types\/page"}],"author":[{"embeddable":true,"href":"https:\/\/prudentwater.com\/en\/wp-json\/wp\/v2\/users\/1"}],"replies":[{"embeddable":true,"href":"https:\/\/prudentwater.com\/en\/wp-json\/wp\/v2\/comments?post=5941"}],"version-history":[{"count":0,"href":"https:\/\/prudentwater.com\/en\/wp-json\/wp\/v2\/pages\/5941\/revisions"}],"wp:attachment":[{"href":"https:\/\/prudentwater.com\/en\/wp-json\/wp\/v2\/media?parent=5941"}],"curies":[{"name":"wp","href":"https:\/\/api.w.org\/{rel}","templated":true}]}}