{"id":5955,"date":"2016-02-12T21:12:27","date_gmt":"2016-02-12T21:12:27","guid":{"rendered":"http:\/\/www.kunnskap.de\/?page_id=5955"},"modified":"2022-11-13T15:13:31","modified_gmt":"2022-11-13T14:13:31","slug":"diskontpapier","status":"publish","type":"page","link":"https:\/\/prudentwater.com\/en\/diskontpapier\/","title":{"rendered":"Diskontpapier"},"content":{"rendered":"<p>Auch <b>Abzinsungspapier<\/b><\/p>\n<p>Ein Diskontpapier ist ein abgezinstes Wertpapier und beinhaltet keine Zinsen in Form eines Kupons. Es findet eine Abzinsung auf das Wertpapier statt, wodurch es keine j\u00e4hrlichen Zinszahlungen bietet. Die Verzinsung wird stattdessen durch die Differenz zwischen Nennwert des Wertpapieres und Kaufpreis erzielt. Der Kaufkurs eines Diskontpapieres liegt also unter dem R\u00fccknahmekurs bei Tilgung durch den Emittenten. Der R\u00fccknahmekurs ist der Kurs, zu dem das Papier bei F\u00e4lligkeit vom Emittenten zur\u00fcckgenommen wird und entspricht in den meisten F\u00e4llen 100 %. Die Differenz zwischen Kaufkurs und Nominalwert bildet bei einem Diskontpapier somit stellvertretend den Zins. Die Nullkuponanleihe oder auch unverzinsliche Schatzanweisungen sind Diskontpapiere. Bei einer Nullkuponanleihe erh\u00e4lt der Anleger \u00fcber die gesamten Laufzeit der Anleihe keine Zinsen. Daf\u00fcr jedoch kauft er die Nullkuponanleihe zu einem deutlichen niedrigeren Kurs als dem R\u00fccknahmepreis von 100 % ein. Die Differenz zwischen Kaufkurs und R\u00fccknahmepreis bildet dann den Zinsertrag.<\/p>\n","protected":false},"excerpt":{"rendered":"<p>Auch Abzinsungspapier Ein Diskontpapier ist ein abgezinstes Wertpapier und beinhaltet keine Zinsen in Form eines Kupons. Es findet eine Abzinsung auf das Wertpapier statt, wodurch es keine j\u00e4hrlichen Zinszahlungen bietet. Die Verzinsung wird stattdessen durch die Differenz zwischen Nennwert des Wertpapieres und Kaufpreis erzielt. Der Kaufkurs eines Diskontpapieres liegt also unter dem R\u00fccknahmekurs bei Tilgung [&hellip;]<\/p>\n","protected":false},"author":1,"featured_media":0,"parent":0,"menu_order":0,"comment_status":"closed","ping_status":"closed","template":"","meta":{"site-sidebar-layout":"default","site-content-layout":"","ast-site-content-layout":"","site-content-style":"default","site-sidebar-style":"default","ast-global-header-display":"","ast-banner-title-visibility":"","ast-main-header-display":"","ast-hfb-above-header-display":"","ast-hfb-below-header-display":"","ast-hfb-mobile-header-display":"","site-post-title":"","ast-breadcrumbs-content":"","ast-featured-img":"","footer-sml-layout":"","theme-transparent-header-meta":"","adv-header-id-meta":"","stick-header-meta":"","header-above-stick-meta":"","header-main-stick-meta":"","header-below-stick-meta":"","astra-migrate-meta-layouts":"default","ast-page-background-enabled":"default","ast-page-background-meta":{"desktop":{"background-color":"","background-image":"","background-repeat":"repeat","background-position":"center center","background-size":"auto","background-attachment":"scroll","background-type":"","background-media":"","overlay-type":"","overlay-color":"","overlay-opacity":"","overlay-gradient":""},"tablet":{"background-color":"","background-image":"","background-repeat":"repeat","background-position":"center center","background-size":"auto","background-attachment":"scroll","background-type":"","background-media":"","overlay-type":"","overlay-color":"","overlay-opacity":"","overlay-gradient":""},"mobile":{"background-color":"","background-image":"","background-repeat":"repeat","background-position":"center center","background-size":"auto","background-attachment":"scroll","background-type":"","background-media":"","overlay-type":"","overlay-color":"","overlay-opacity":"","overlay-gradient":""}},"ast-content-background-meta":{"desktop":{"background-color":"var(--ast-global-color-5)","background-image":"","background-repeat":"repeat","background-position":"center center","background-size":"auto","background-attachment":"scroll","background-type":"","background-media":"","overlay-type":"","overlay-color":"","overlay-opacity":"","overlay-gradient":""},"tablet":{"background-color":"var(--ast-global-color-5)","background-image":"","background-repeat":"repeat","background-position":"center center","background-size":"auto","background-attachment":"scroll","background-type":"","background-media":"","overlay-type":"","overlay-color":"","overlay-opacity":"","overlay-gradient":""},"mobile":{"background-color":"var(--ast-global-color-5)","background-image":"","background-repeat":"repeat","background-position":"center center","background-size":"auto","background-attachment":"scroll","background-type":"","background-media":"","overlay-type":"","overlay-color":"","overlay-opacity":"","overlay-gradient":""}},"footnotes":""},"class_list":["post-5955","page","type-page","status-publish","hentry"],"translation":{"provider":"WPGlobus","version":"3.0.2","language":"en","enabled_languages":["de","en"],"languages":{"de":{"title":true,"content":true,"excerpt":false},"en":{"title":false,"content":false,"excerpt":false}}},"featured_image_urls_v2":{"full":"","thumbnail":"","medium":"","medium_large":"","large":"","1536x1536":"","2048x2048":""},"post_excerpt_stackable_v2":"<p>Auch Abzinsungspapier Ein Diskontpapier ist ein abgezinstes Wertpapier und beinhaltet keine Zinsen in Form eines Kupons. Es findet eine Abzinsung auf das Wertpapier statt, wodurch es keine j\u00e4hrlichen Zinszahlungen bietet. Die Verzinsung wird stattdessen durch die Differenz zwischen Nennwert des Wertpapieres und Kaufpreis erzielt. Der Kaufkurs eines Diskontpapieres liegt also unter dem R\u00fccknahmekurs bei Tilgung durch den Emittenten. Der R\u00fccknahmekurs ist der Kurs, zu dem das Papier bei F\u00e4lligkeit vom Emittenten zur\u00fcckgenommen wird und entspricht in den meisten F\u00e4llen 100 %. Die Differenz zwischen Kaufkurs und Nominalwert bildet bei einem Diskontpapier somit stellvertretend den Zins. Die Nullkuponanleihe oder auch unverzinsliche&hellip;<\/p>\n","category_list_v2":"","author_info_v2":{"name":"PrudentWater","url":"https:\/\/prudentwater.com\/en\/author\/niklas33\/"},"comments_num_v2":"0 comments","_links":{"self":[{"href":"https:\/\/prudentwater.com\/en\/wp-json\/wp\/v2\/pages\/5955","targetHints":{"allow":["GET"]}}],"collection":[{"href":"https:\/\/prudentwater.com\/en\/wp-json\/wp\/v2\/pages"}],"about":[{"href":"https:\/\/prudentwater.com\/en\/wp-json\/wp\/v2\/types\/page"}],"author":[{"embeddable":true,"href":"https:\/\/prudentwater.com\/en\/wp-json\/wp\/v2\/users\/1"}],"replies":[{"embeddable":true,"href":"https:\/\/prudentwater.com\/en\/wp-json\/wp\/v2\/comments?post=5955"}],"version-history":[{"count":0,"href":"https:\/\/prudentwater.com\/en\/wp-json\/wp\/v2\/pages\/5955\/revisions"}],"wp:attachment":[{"href":"https:\/\/prudentwater.com\/en\/wp-json\/wp\/v2\/media?parent=5955"}],"curies":[{"name":"wp","href":"https:\/\/api.w.org\/{rel}","templated":true}]}}