{"id":6031,"date":"2016-02-16T09:06:06","date_gmt":"2016-02-16T09:06:06","guid":{"rendered":"http:\/\/www.kunnskap.de\/?page_id=6031"},"modified":"2021-06-25T12:49:38","modified_gmt":"2021-06-25T10:49:38","slug":"note","status":"publish","type":"page","link":"https:\/\/prudentwater.com\/en\/note\/","title":{"rendered":"Note"},"content":{"rendered":"<p><b>1.<\/b> Note ist oftmals die Bezeichnung f\u00fcr kurz- bis mittelfristige Anleihen. So wird eine US-amerikanische Staatsanleihe mit einer Laufzeit von 2, 3, 5, 7 oder 10 Jahren als Treasury Note bezeichnet.<\/p>\n<p><b>2.<\/b> Als Notes werden auch Anleihen bezeichnet, welche von Schuldnern mit erstklassiger Bonit\u00e4t au\u00dferhalb der B\u00f6rse emittiert werden und  institutionellen Investoren zum Kauf angeboten werden. Der Handel findet dann \u00fcber das Telefon oder \u00fcber eine elektronische Plattform statt. <\/p>\n","protected":false},"excerpt":{"rendered":"<p>1. Note ist oftmals die Bezeichnung f\u00fcr kurz- bis mittelfristige Anleihen. So wird eine US-amerikanische Staatsanleihe mit einer Laufzeit von 2, 3, 5, 7 oder 10 Jahren als Treasury Note bezeichnet. 2. Als Notes werden auch Anleihen bezeichnet, welche von Schuldnern mit erstklassiger Bonit\u00e4t au\u00dferhalb der B\u00f6rse emittiert werden und institutionellen Investoren zum Kauf angeboten [&hellip;]<\/p>\n","protected":false},"author":1,"featured_media":0,"parent":0,"menu_order":0,"comment_status":"closed","ping_status":"closed","template":"","meta":{"site-sidebar-layout":"default","site-content-layout":"","ast-site-content-layout":"","site-content-style":"default","site-sidebar-style":"default","ast-global-header-display":"","ast-banner-title-visibility":"","ast-main-header-display":"","ast-hfb-above-header-display":"","ast-hfb-below-header-display":"","ast-hfb-mobile-header-display":"","site-post-title":"","ast-breadcrumbs-content":"","ast-featured-img":"","footer-sml-layout":"","theme-transparent-header-meta":"","adv-header-id-meta":"","stick-header-meta":"","header-above-stick-meta":"","header-main-stick-meta":"","header-below-stick-meta":"","astra-migrate-meta-layouts":"default","ast-page-background-enabled":"default","ast-page-background-meta":{"desktop":{"background-color":"","background-image":"","background-repeat":"repeat","background-position":"center center","background-size":"auto","background-attachment":"scroll","background-type":"","background-media":"","overlay-type":"","overlay-color":"","overlay-opacity":"","overlay-gradient":""},"tablet":{"background-color":"","background-image":"","background-repeat":"repeat","background-position":"center center","background-size":"auto","background-attachment":"scroll","background-type":"","background-media":"","overlay-type":"","overlay-color":"","overlay-opacity":"","overlay-gradient":""},"mobile":{"background-color":"","background-image":"","background-repeat":"repeat","background-position":"center center","background-size":"auto","background-attachment":"scroll","background-type":"","background-media":"","overlay-type":"","overlay-color":"","overlay-opacity":"","overlay-gradient":""}},"ast-content-background-meta":{"desktop":{"background-color":"var(--ast-global-color-5)","background-image":"","background-repeat":"repeat","background-position":"center center","background-size":"auto","background-attachment":"scroll","background-type":"","background-media":"","overlay-type":"","overlay-color":"","overlay-opacity":"","overlay-gradient":""},"tablet":{"background-color":"var(--ast-global-color-5)","background-image":"","background-repeat":"repeat","background-position":"center center","background-size":"auto","background-attachment":"scroll","background-type":"","background-media":"","overlay-type":"","overlay-color":"","overlay-opacity":"","overlay-gradient":""},"mobile":{"background-color":"var(--ast-global-color-5)","background-image":"","background-repeat":"repeat","background-position":"center center","background-size":"auto","background-attachment":"scroll","background-type":"","background-media":"","overlay-type":"","overlay-color":"","overlay-opacity":"","overlay-gradient":""}},"footnotes":""},"class_list":["post-6031","page","type-page","status-publish","hentry"],"translation":{"provider":"WPGlobus","version":"3.0.2","language":"en","enabled_languages":["de","en"],"languages":{"de":{"title":true,"content":true,"excerpt":false},"en":{"title":false,"content":false,"excerpt":false}}},"featured_image_urls_v2":{"full":"","thumbnail":"","medium":"","medium_large":"","large":"","1536x1536":"","2048x2048":""},"post_excerpt_stackable_v2":"<p>1. Note ist oftmals die Bezeichnung f\u00fcr kurz- bis mittelfristige Anleihen. So wird eine US-amerikanische Staatsanleihe mit einer Laufzeit von 2, 3, 5, 7 oder 10 Jahren als Treasury Note bezeichnet. 2. Als Notes werden auch Anleihen bezeichnet, welche von Schuldnern mit erstklassiger Bonit\u00e4t au\u00dferhalb der B\u00f6rse emittiert werden und institutionellen Investoren zum Kauf angeboten werden. Der Handel findet dann \u00fcber das Telefon oder \u00fcber eine elektronische Plattform statt.<\/p>\n","category_list_v2":"","author_info_v2":{"name":"PrudentWater","url":"https:\/\/prudentwater.com\/en\/author\/niklas33\/"},"comments_num_v2":"0 comments","_links":{"self":[{"href":"https:\/\/prudentwater.com\/en\/wp-json\/wp\/v2\/pages\/6031","targetHints":{"allow":["GET"]}}],"collection":[{"href":"https:\/\/prudentwater.com\/en\/wp-json\/wp\/v2\/pages"}],"about":[{"href":"https:\/\/prudentwater.com\/en\/wp-json\/wp\/v2\/types\/page"}],"author":[{"embeddable":true,"href":"https:\/\/prudentwater.com\/en\/wp-json\/wp\/v2\/users\/1"}],"replies":[{"embeddable":true,"href":"https:\/\/prudentwater.com\/en\/wp-json\/wp\/v2\/comments?post=6031"}],"version-history":[{"count":0,"href":"https:\/\/prudentwater.com\/en\/wp-json\/wp\/v2\/pages\/6031\/revisions"}],"wp:attachment":[{"href":"https:\/\/prudentwater.com\/en\/wp-json\/wp\/v2\/media?parent=6031"}],"curies":[{"name":"wp","href":"https:\/\/api.w.org\/{rel}","templated":true}]}}