{"id":6033,"date":"2016-02-16T09:13:36","date_gmt":"2016-02-16T09:13:36","guid":{"rendered":"http:\/\/www.kunnskap.de\/?page_id=6033"},"modified":"2023-04-12T15:41:29","modified_gmt":"2023-04-12T13:41:29","slug":"overnight","status":"publish","type":"page","link":"https:\/\/prudentwater.com\/en\/overnight\/","title":{"rendered":"Overnight"},"content":{"rendered":"<p>Ein Overnight-Kredit ist ein Kredit mit der Dauer von einem Tag. Ein Overnight-Kredit wird also heute aufgenommen und muss bereits n\u00e4chsten Tag vom Schuldner an den Gl\u00e4ubiger zur\u00fcckgezahlt werden. Der Name &#8220;Overnight&#8221; kommt daher, dass diese Art von Krediten typischerweise \u00fcber Nacht ausgezahlt wird und am n\u00e4chsten Werktag zur\u00fcckgezahlt werden muss. Bei diesem Kredit fallen ebenso Zinsen an, zugeordnet wird er dem Geldmarkt. Overnight-Kredite werden h\u00e4ufig unter Banken genutzt, um kurzfristige Liquidit\u00e4tsengp\u00e4sse zu \u00fcberbr\u00fccken oder um kurzfristige Gesch\u00e4ftsm\u00f6glichkeiten zu nutzen.<\/p>\n","protected":false},"excerpt":{"rendered":"<p>Ein Overnight-Kredit ist ein Kredit mit der Dauer von einem Tag. Ein Overnight-Kredit wird also heute aufgenommen und muss bereits n\u00e4chsten Tag vom Schuldner an den Gl\u00e4ubiger zur\u00fcckgezahlt werden. Der Name &#8220;Overnight&#8221; kommt daher, dass diese Art von Krediten typischerweise \u00fcber Nacht ausgezahlt wird und am n\u00e4chsten Werktag zur\u00fcckgezahlt werden muss. Bei diesem Kredit fallen [&hellip;]<\/p>\n","protected":false},"author":1,"featured_media":0,"parent":0,"menu_order":0,"comment_status":"closed","ping_status":"closed","template":"","meta":{"site-sidebar-layout":"default","site-content-layout":"","ast-site-content-layout":"","site-content-style":"default","site-sidebar-style":"default","ast-global-header-display":"","ast-banner-title-visibility":"","ast-main-header-display":"","ast-hfb-above-header-display":"","ast-hfb-below-header-display":"","ast-hfb-mobile-header-display":"","site-post-title":"","ast-breadcrumbs-content":"","ast-featured-img":"","footer-sml-layout":"","theme-transparent-header-meta":"","adv-header-id-meta":"","stick-header-meta":"","header-above-stick-meta":"","header-main-stick-meta":"","header-below-stick-meta":"","astra-migrate-meta-layouts":"default","ast-page-background-enabled":"default","ast-page-background-meta":{"desktop":{"background-color":"","background-image":"","background-repeat":"repeat","background-position":"center center","background-size":"auto","background-attachment":"scroll","background-type":"","background-media":"","overlay-type":"","overlay-color":"","overlay-opacity":"","overlay-gradient":""},"tablet":{"background-color":"","background-image":"","background-repeat":"repeat","background-position":"center center","background-size":"auto","background-attachment":"scroll","background-type":"","background-media":"","overlay-type":"","overlay-color":"","overlay-opacity":"","overlay-gradient":""},"mobile":{"background-color":"","background-image":"","background-repeat":"repeat","background-position":"center center","background-size":"auto","background-attachment":"scroll","background-type":"","background-media":"","overlay-type":"","overlay-color":"","overlay-opacity":"","overlay-gradient":""}},"ast-content-background-meta":{"desktop":{"background-color":"var(--ast-global-color-5)","background-image":"","background-repeat":"repeat","background-position":"center center","background-size":"auto","background-attachment":"scroll","background-type":"","background-media":"","overlay-type":"","overlay-color":"","overlay-opacity":"","overlay-gradient":""},"tablet":{"background-color":"var(--ast-global-color-5)","background-image":"","background-repeat":"repeat","background-position":"center center","background-size":"auto","background-attachment":"scroll","background-type":"","background-media":"","overlay-type":"","overlay-color":"","overlay-opacity":"","overlay-gradient":""},"mobile":{"background-color":"var(--ast-global-color-5)","background-image":"","background-repeat":"repeat","background-position":"center center","background-size":"auto","background-attachment":"scroll","background-type":"","background-media":"","overlay-type":"","overlay-color":"","overlay-opacity":"","overlay-gradient":""}},"footnotes":""},"class_list":["post-6033","page","type-page","status-publish","hentry"],"translation":{"provider":"WPGlobus","version":"3.0.2","language":"en","enabled_languages":["de","en"],"languages":{"de":{"title":true,"content":true,"excerpt":false},"en":{"title":false,"content":false,"excerpt":false}}},"featured_image_urls_v2":{"full":"","thumbnail":"","medium":"","medium_large":"","large":"","1536x1536":"","2048x2048":""},"post_excerpt_stackable_v2":"<p>Ein Overnight-Kredit ist ein Kredit mit der Dauer von einem Tag. Ein Overnight-Kredit wird also heute aufgenommen und muss bereits n\u00e4chsten Tag vom Schuldner an den Gl\u00e4ubiger zur\u00fcckgezahlt werden. Der Name &#8220;Overnight&#8221; kommt daher, dass diese Art von Krediten typischerweise \u00fcber Nacht ausgezahlt wird und am n\u00e4chsten Werktag zur\u00fcckgezahlt werden muss. Bei diesem Kredit fallen ebenso Zinsen an, zugeordnet wird er dem Geldmarkt. Overnight-Kredite werden h\u00e4ufig unter Banken genutzt, um kurzfristige Liquidit\u00e4tsengp\u00e4sse zu \u00fcberbr\u00fccken oder um kurzfristige Gesch\u00e4ftsm\u00f6glichkeiten zu nutzen.<\/p>\n","category_list_v2":"","author_info_v2":{"name":"PrudentWater","url":"https:\/\/prudentwater.com\/en\/author\/niklas33\/"},"comments_num_v2":"0 comments","_links":{"self":[{"href":"https:\/\/prudentwater.com\/en\/wp-json\/wp\/v2\/pages\/6033","targetHints":{"allow":["GET"]}}],"collection":[{"href":"https:\/\/prudentwater.com\/en\/wp-json\/wp\/v2\/pages"}],"about":[{"href":"https:\/\/prudentwater.com\/en\/wp-json\/wp\/v2\/types\/page"}],"author":[{"embeddable":true,"href":"https:\/\/prudentwater.com\/en\/wp-json\/wp\/v2\/users\/1"}],"replies":[{"embeddable":true,"href":"https:\/\/prudentwater.com\/en\/wp-json\/wp\/v2\/comments?post=6033"}],"version-history":[{"count":0,"href":"https:\/\/prudentwater.com\/en\/wp-json\/wp\/v2\/pages\/6033\/revisions"}],"wp:attachment":[{"href":"https:\/\/prudentwater.com\/en\/wp-json\/wp\/v2\/media?parent=6033"}],"curies":[{"name":"wp","href":"https:\/\/api.w.org\/{rel}","templated":true}]}}