{"id":6086,"date":"2016-02-17T15:31:17","date_gmt":"2016-02-17T15:31:17","guid":{"rendered":"http:\/\/www.kunnskap.de\/?page_id=6086"},"modified":"2021-06-25T12:50:40","modified_gmt":"2021-06-25T10:50:40","slug":"zahlungsbilanz","status":"publish","type":"page","link":"https:\/\/prudentwater.com\/en\/zahlungsbilanz\/","title":{"rendered":"Zahlungsbilanz"},"content":{"rendered":"<p>engl. <strong>Balance Of Payments (BOP)<\/strong><\/p>\n<p>Die Zahlungsbilanz eines Landes ist die Erfassung aller wirtschaftlichen Transkationen zwischen In\u2013 und Ausl\u00e4ndern f\u00fcr eine bestimmte Periode (i. d. R. f\u00fcr ein Jahr). Sie umfasst somit alle Leistungs und- Finanztransaktionen, die in einem bestimmten Zeitraum zwischen dem Inland und dem Ausland stattgefunden haben. Es handelt sich sowohl um \u00f6ffentliche \/ private Haushalte und um Unternehmen und andere Organisationen, die bei der Berechnung der Zahlungsbilanz erfasst werden. Die Zahlungsbilanz setzt sich zusammen aus der Leistungsbilanz, der Bilanz der Verm\u00f6gens\u00fcbertragungen und der Kapitalbilanz.<br \/>\nAuf der Aktivseite (linke Seite) der Zahlungsbilanz befinden sich die Zahlungseing\u00e4nge und auf der Passivseite (rechte Seite) dementsprechend die Zahlungsausg\u00e4nge. Die Zahlungsbilanz eines Landes ist immer ausgeglichen, lediglich die einzelnen Teilbilanzen k\u00f6nnen \u00dcbersch\u00fcsse oder Defizite aufweisen. Weist ein Land also beispielsweise hohe \u00dcbersch\u00fcsse in der Leistungsbilanz auf, so muss sich in der Kapitalbilanz ein entsprechendes Defizit ergeben beziehungsweise umgekehrt.<\/p>\n","protected":false},"excerpt":{"rendered":"<p>engl. Balance Of Payments (BOP) Die Zahlungsbilanz eines Landes ist die Erfassung aller wirtschaftlichen Transkationen zwischen In\u2013 und Ausl\u00e4ndern f\u00fcr eine bestimmte Periode (i. d. R. f\u00fcr ein Jahr). Sie umfasst somit alle Leistungs und- Finanztransaktionen, die in einem bestimmten Zeitraum zwischen dem Inland und dem Ausland stattgefunden haben. Es handelt sich sowohl um \u00f6ffentliche [&hellip;]<\/p>\n","protected":false},"author":1,"featured_media":0,"parent":0,"menu_order":0,"comment_status":"closed","ping_status":"closed","template":"","meta":{"site-sidebar-layout":"default","site-content-layout":"","ast-site-content-layout":"","site-content-style":"default","site-sidebar-style":"default","ast-global-header-display":"","ast-banner-title-visibility":"","ast-main-header-display":"","ast-hfb-above-header-display":"","ast-hfb-below-header-display":"","ast-hfb-mobile-header-display":"","site-post-title":"","ast-breadcrumbs-content":"","ast-featured-img":"","footer-sml-layout":"","theme-transparent-header-meta":"","adv-header-id-meta":"","stick-header-meta":"","header-above-stick-meta":"","header-main-stick-meta":"","header-below-stick-meta":"","astra-migrate-meta-layouts":"default","ast-page-background-enabled":"default","ast-page-background-meta":{"desktop":{"background-color":"","background-image":"","background-repeat":"repeat","background-position":"center center","background-size":"auto","background-attachment":"scroll","background-type":"","background-media":"","overlay-type":"","overlay-color":"","overlay-opacity":"","overlay-gradient":""},"tablet":{"background-color":"","background-image":"","background-repeat":"repeat","background-position":"center center","background-size":"auto","background-attachment":"scroll","background-type":"","background-media":"","overlay-type":"","overlay-color":"","overlay-opacity":"","overlay-gradient":""},"mobile":{"background-color":"","background-image":"","background-repeat":"repeat","background-position":"center center","background-size":"auto","background-attachment":"scroll","background-type":"","background-media":"","overlay-type":"","overlay-color":"","overlay-opacity":"","overlay-gradient":""}},"ast-content-background-meta":{"desktop":{"background-color":"var(--ast-global-color-5)","background-image":"","background-repeat":"repeat","background-position":"center center","background-size":"auto","background-attachment":"scroll","background-type":"","background-media":"","overlay-type":"","overlay-color":"","overlay-opacity":"","overlay-gradient":""},"tablet":{"background-color":"var(--ast-global-color-5)","background-image":"","background-repeat":"repeat","background-position":"center center","background-size":"auto","background-attachment":"scroll","background-type":"","background-media":"","overlay-type":"","overlay-color":"","overlay-opacity":"","overlay-gradient":""},"mobile":{"background-color":"var(--ast-global-color-5)","background-image":"","background-repeat":"repeat","background-position":"center center","background-size":"auto","background-attachment":"scroll","background-type":"","background-media":"","overlay-type":"","overlay-color":"","overlay-opacity":"","overlay-gradient":""}},"footnotes":""},"class_list":["post-6086","page","type-page","status-publish","hentry"],"translation":{"provider":"WPGlobus","version":"3.0.2","language":"en","enabled_languages":["de","en"],"languages":{"de":{"title":true,"content":true,"excerpt":false},"en":{"title":false,"content":false,"excerpt":false}}},"featured_image_urls_v2":{"full":"","thumbnail":"","medium":"","medium_large":"","large":"","1536x1536":"","2048x2048":""},"post_excerpt_stackable_v2":"<p>engl. Balance Of Payments (BOP) Die Zahlungsbilanz eines Landes ist die Erfassung aller wirtschaftlichen Transkationen zwischen In\u2013 und Ausl\u00e4ndern f\u00fcr eine bestimmte Periode (i. d. R. f\u00fcr ein Jahr). Sie umfasst somit alle Leistungs und- Finanztransaktionen, die in einem bestimmten Zeitraum zwischen dem Inland und dem Ausland stattgefunden haben. Es handelt sich sowohl um \u00f6ffentliche \/ private Haushalte und um Unternehmen und andere Organisationen, die bei der Berechnung der Zahlungsbilanz erfasst werden. Die Zahlungsbilanz setzt sich zusammen aus der Leistungsbilanz, der Bilanz der Verm\u00f6gens\u00fcbertragungen und der Kapitalbilanz. Auf der Aktivseite (linke Seite) der Zahlungsbilanz befinden sich die Zahlungseing\u00e4nge und auf&hellip;<\/p>\n","category_list_v2":"","author_info_v2":{"name":"PrudentWater","url":"https:\/\/prudentwater.com\/en\/author\/niklas33\/"},"comments_num_v2":"0 comments","_links":{"self":[{"href":"https:\/\/prudentwater.com\/en\/wp-json\/wp\/v2\/pages\/6086","targetHints":{"allow":["GET"]}}],"collection":[{"href":"https:\/\/prudentwater.com\/en\/wp-json\/wp\/v2\/pages"}],"about":[{"href":"https:\/\/prudentwater.com\/en\/wp-json\/wp\/v2\/types\/page"}],"author":[{"embeddable":true,"href":"https:\/\/prudentwater.com\/en\/wp-json\/wp\/v2\/users\/1"}],"replies":[{"embeddable":true,"href":"https:\/\/prudentwater.com\/en\/wp-json\/wp\/v2\/comments?post=6086"}],"version-history":[{"count":0,"href":"https:\/\/prudentwater.com\/en\/wp-json\/wp\/v2\/pages\/6086\/revisions"}],"wp:attachment":[{"href":"https:\/\/prudentwater.com\/en\/wp-json\/wp\/v2\/media?parent=6086"}],"curies":[{"name":"wp","href":"https:\/\/api.w.org\/{rel}","templated":true}]}}