{"id":6088,"date":"2016-02-17T15:43:09","date_gmt":"2016-02-17T15:43:09","guid":{"rendered":"http:\/\/www.kunnskap.de\/?page_id=6088"},"modified":"2023-05-08T09:55:59","modified_gmt":"2023-05-08T07:55:59","slug":"bilanz-der-vermogensubertragungen","status":"publish","type":"page","link":"https:\/\/prudentwater.com\/en\/bilanz-der-vermogensubertragungen\/","title":{"rendered":"Bilanz der Verm\u00f6gens\u00fcbertragungen"},"content":{"rendered":"<p>Die Bilanz der Verm\u00f6gens\u00fcbertragungen ist eine Teilbilanz der Zahlungsbilanz. In der Bilanz der Verm\u00f6gens\u00fcbertragungen werden Leistungen erfasst, die das Verm\u00f6gen der beteiligten L\u00e4nder ver\u00e4ndert &#8211; allerdings ver\u00e4ndern diese Leistungen nicht den Konsum bzw. das Einkommen. In der Regel handelt es sich bei den Leistungen n\u00e4mlich um Schuldenerlasse, finanzielle Wiedergutmachungen, Entwicklungshilfe oder auch um Erbschaften, welche in der Bilanz der Verm\u00f6gens\u00fcbertragungen erfasst werden.<\/p>\n","protected":false},"excerpt":{"rendered":"<p>Die Bilanz der Verm\u00f6gens\u00fcbertragungen ist eine Teilbilanz der Zahlungsbilanz. In der Bilanz der Verm\u00f6gens\u00fcbertragungen werden Leistungen erfasst, die das Verm\u00f6gen der beteiligten L\u00e4nder ver\u00e4ndert &#8211; allerdings ver\u00e4ndern diese Leistungen nicht den Konsum bzw. das Einkommen. In der Regel handelt es sich bei den Leistungen n\u00e4mlich um Schuldenerlasse, finanzielle Wiedergutmachungen, Entwicklungshilfe oder auch um Erbschaften, welche [&hellip;]<\/p>\n","protected":false},"author":1,"featured_media":0,"parent":0,"menu_order":0,"comment_status":"closed","ping_status":"closed","template":"","meta":{"site-sidebar-layout":"default","site-content-layout":"","ast-site-content-layout":"","site-content-style":"default","site-sidebar-style":"default","ast-global-header-display":"","ast-banner-title-visibility":"","ast-main-header-display":"","ast-hfb-above-header-display":"","ast-hfb-below-header-display":"","ast-hfb-mobile-header-display":"","site-post-title":"","ast-breadcrumbs-content":"","ast-featured-img":"","footer-sml-layout":"","theme-transparent-header-meta":"","adv-header-id-meta":"","stick-header-meta":"","header-above-stick-meta":"","header-main-stick-meta":"","header-below-stick-meta":"","astra-migrate-meta-layouts":"default","ast-page-background-enabled":"default","ast-page-background-meta":{"desktop":{"background-color":"","background-image":"","background-repeat":"repeat","background-position":"center center","background-size":"auto","background-attachment":"scroll","background-type":"","background-media":"","overlay-type":"","overlay-color":"","overlay-opacity":"","overlay-gradient":""},"tablet":{"background-color":"","background-image":"","background-repeat":"repeat","background-position":"center center","background-size":"auto","background-attachment":"scroll","background-type":"","background-media":"","overlay-type":"","overlay-color":"","overlay-opacity":"","overlay-gradient":""},"mobile":{"background-color":"","background-image":"","background-repeat":"repeat","background-position":"center center","background-size":"auto","background-attachment":"scroll","background-type":"","background-media":"","overlay-type":"","overlay-color":"","overlay-opacity":"","overlay-gradient":""}},"ast-content-background-meta":{"desktop":{"background-color":"var(--ast-global-color-5)","background-image":"","background-repeat":"repeat","background-position":"center center","background-size":"auto","background-attachment":"scroll","background-type":"","background-media":"","overlay-type":"","overlay-color":"","overlay-opacity":"","overlay-gradient":""},"tablet":{"background-color":"var(--ast-global-color-5)","background-image":"","background-repeat":"repeat","background-position":"center center","background-size":"auto","background-attachment":"scroll","background-type":"","background-media":"","overlay-type":"","overlay-color":"","overlay-opacity":"","overlay-gradient":""},"mobile":{"background-color":"var(--ast-global-color-5)","background-image":"","background-repeat":"repeat","background-position":"center center","background-size":"auto","background-attachment":"scroll","background-type":"","background-media":"","overlay-type":"","overlay-color":"","overlay-opacity":"","overlay-gradient":""}},"footnotes":""},"class_list":["post-6088","page","type-page","status-publish","hentry"],"translation":{"provider":"WPGlobus","version":"3.0.2","language":"en","enabled_languages":["de","en"],"languages":{"de":{"title":true,"content":true,"excerpt":false},"en":{"title":false,"content":false,"excerpt":false}}},"featured_image_urls_v2":{"full":"","thumbnail":"","medium":"","medium_large":"","large":"","1536x1536":"","2048x2048":""},"post_excerpt_stackable_v2":"<p>Die Bilanz der Verm\u00f6gens\u00fcbertragungen ist eine Teilbilanz der Zahlungsbilanz. In der Bilanz der Verm\u00f6gens\u00fcbertragungen werden Leistungen erfasst, die das Verm\u00f6gen der beteiligten L\u00e4nder ver\u00e4ndert &#8211; allerdings ver\u00e4ndern diese Leistungen nicht den Konsum bzw. das Einkommen. In der Regel handelt es sich bei den Leistungen n\u00e4mlich um Schuldenerlasse, finanzielle Wiedergutmachungen, Entwicklungshilfe oder auch um Erbschaften, welche in der Bilanz der Verm\u00f6gens\u00fcbertragungen erfasst werden.<\/p>\n","category_list_v2":"","author_info_v2":{"name":"PrudentWater","url":"https:\/\/prudentwater.com\/en\/author\/niklas33\/"},"comments_num_v2":"0 comments","_links":{"self":[{"href":"https:\/\/prudentwater.com\/en\/wp-json\/wp\/v2\/pages\/6088","targetHints":{"allow":["GET"]}}],"collection":[{"href":"https:\/\/prudentwater.com\/en\/wp-json\/wp\/v2\/pages"}],"about":[{"href":"https:\/\/prudentwater.com\/en\/wp-json\/wp\/v2\/types\/page"}],"author":[{"embeddable":true,"href":"https:\/\/prudentwater.com\/en\/wp-json\/wp\/v2\/users\/1"}],"replies":[{"embeddable":true,"href":"https:\/\/prudentwater.com\/en\/wp-json\/wp\/v2\/comments?post=6088"}],"version-history":[{"count":0,"href":"https:\/\/prudentwater.com\/en\/wp-json\/wp\/v2\/pages\/6088\/revisions"}],"wp:attachment":[{"href":"https:\/\/prudentwater.com\/en\/wp-json\/wp\/v2\/media?parent=6088"}],"curies":[{"name":"wp","href":"https:\/\/api.w.org\/{rel}","templated":true}]}}