{"id":6090,"date":"2016-02-17T15:55:02","date_gmt":"2016-02-17T15:55:02","guid":{"rendered":"http:\/\/www.kunnskap.de\/?page_id=6090"},"modified":"2021-06-25T12:49:32","modified_gmt":"2021-06-25T10:49:32","slug":"kapitalbilanz","status":"publish","type":"page","link":"https:\/\/prudentwater.com\/en\/kapitalbilanz\/","title":{"rendered":"Kapitalbilanz"},"content":{"rendered":"<p>Die Kapitalbilanz ist eine Teilbilanz der Zahlungsbilanz. In ihr werden finanzielle Transaktionen zwischen Inl\u00e4ndern und Ausl\u00e4ndern erfasst. Die Zahlungsausg\u00e4nge erfassen Kapitalexporte des Inlandes. Dazu geh\u00f6ren Investitionen im Ausland, Wertpapierk\u00e4ufe im Ausland oder die Gew\u00e4hrung von Krediten an das Ausland. Die Zahlungseing\u00e4nge erfassen hingegen Kapitalimporte durch das Inland. Dazu geh\u00f6ren ausl\u00e4ndische Direktinvestitionen im Inland oder die Vergabe von Krediten durch Ausl\u00e4nder an das Inland. Investoren aus Deutschland, die beispielsweise aufgrund h\u00f6herer Zinsen US-amerikanische Staatsanleihen kaufen, beeinflussen durch ihre Transaktionen auch die Kapitalbilanz. Beim Kauf der US-Staatsanleihen (notierend in USD) wird automatisch der Euro zum aktuellen Kassakurs in US-Dollar umgetauscht und in der Kapitalbilanz als Zahlungsausgang verbucht. Die Kapitalbilanz untergliedert sich in vier Teilbilanzen &#8211; die Bilanz der Direktinvestitionen, die Bilanz der Wertpapieranlagen, die Bilanz der Finanzderivate und in die Bilanz des Kreditverkehres.<\/p>\n","protected":false},"excerpt":{"rendered":"<p>Die Kapitalbilanz ist eine Teilbilanz der Zahlungsbilanz. In ihr werden finanzielle Transaktionen zwischen Inl\u00e4ndern und Ausl\u00e4ndern erfasst. Die Zahlungsausg\u00e4nge erfassen Kapitalexporte des Inlandes. Dazu geh\u00f6ren Investitionen im Ausland, Wertpapierk\u00e4ufe im Ausland oder die Gew\u00e4hrung von Krediten an das Ausland. Die Zahlungseing\u00e4nge erfassen hingegen Kapitalimporte durch das Inland. Dazu geh\u00f6ren ausl\u00e4ndische Direktinvestitionen im Inland oder die [&hellip;]<\/p>\n","protected":false},"author":1,"featured_media":0,"parent":0,"menu_order":0,"comment_status":"closed","ping_status":"closed","template":"","meta":{"site-sidebar-layout":"default","site-content-layout":"","ast-site-content-layout":"","site-content-style":"default","site-sidebar-style":"default","ast-global-header-display":"","ast-banner-title-visibility":"","ast-main-header-display":"","ast-hfb-above-header-display":"","ast-hfb-below-header-display":"","ast-hfb-mobile-header-display":"","site-post-title":"","ast-breadcrumbs-content":"","ast-featured-img":"","footer-sml-layout":"","theme-transparent-header-meta":"","adv-header-id-meta":"","stick-header-meta":"","header-above-stick-meta":"","header-main-stick-meta":"","header-below-stick-meta":"","astra-migrate-meta-layouts":"default","ast-page-background-enabled":"default","ast-page-background-meta":{"desktop":{"background-color":"","background-image":"","background-repeat":"repeat","background-position":"center center","background-size":"auto","background-attachment":"scroll","background-type":"","background-media":"","overlay-type":"","overlay-color":"","overlay-opacity":"","overlay-gradient":""},"tablet":{"background-color":"","background-image":"","background-repeat":"repeat","background-position":"center center","background-size":"auto","background-attachment":"scroll","background-type":"","background-media":"","overlay-type":"","overlay-color":"","overlay-opacity":"","overlay-gradient":""},"mobile":{"background-color":"","background-image":"","background-repeat":"repeat","background-position":"center center","background-size":"auto","background-attachment":"scroll","background-type":"","background-media":"","overlay-type":"","overlay-color":"","overlay-opacity":"","overlay-gradient":""}},"ast-content-background-meta":{"desktop":{"background-color":"var(--ast-global-color-5)","background-image":"","background-repeat":"repeat","background-position":"center center","background-size":"auto","background-attachment":"scroll","background-type":"","background-media":"","overlay-type":"","overlay-color":"","overlay-opacity":"","overlay-gradient":""},"tablet":{"background-color":"var(--ast-global-color-5)","background-image":"","background-repeat":"repeat","background-position":"center center","background-size":"auto","background-attachment":"scroll","background-type":"","background-media":"","overlay-type":"","overlay-color":"","overlay-opacity":"","overlay-gradient":""},"mobile":{"background-color":"var(--ast-global-color-5)","background-image":"","background-repeat":"repeat","background-position":"center center","background-size":"auto","background-attachment":"scroll","background-type":"","background-media":"","overlay-type":"","overlay-color":"","overlay-opacity":"","overlay-gradient":""}},"footnotes":""},"class_list":["post-6090","page","type-page","status-publish","hentry"],"translation":{"provider":"WPGlobus","version":"3.0.2","language":"en","enabled_languages":["de","en"],"languages":{"de":{"title":true,"content":true,"excerpt":false},"en":{"title":false,"content":false,"excerpt":false}}},"featured_image_urls_v2":{"full":"","thumbnail":"","medium":"","medium_large":"","large":"","1536x1536":"","2048x2048":""},"post_excerpt_stackable_v2":"<p>Die Kapitalbilanz ist eine Teilbilanz der Zahlungsbilanz. In ihr werden finanzielle Transaktionen zwischen Inl\u00e4ndern und Ausl\u00e4ndern erfasst. Die Zahlungsausg\u00e4nge erfassen Kapitalexporte des Inlandes. Dazu geh\u00f6ren Investitionen im Ausland, Wertpapierk\u00e4ufe im Ausland oder die Gew\u00e4hrung von Krediten an das Ausland. Die Zahlungseing\u00e4nge erfassen hingegen Kapitalimporte durch das Inland. Dazu geh\u00f6ren ausl\u00e4ndische Direktinvestitionen im Inland oder die Vergabe von Krediten durch Ausl\u00e4nder an das Inland. Investoren aus Deutschland, die beispielsweise aufgrund h\u00f6herer Zinsen US-amerikanische Staatsanleihen kaufen, beeinflussen durch ihre Transaktionen auch die Kapitalbilanz. Beim Kauf der US-Staatsanleihen (notierend in USD) wird automatisch der Euro zum aktuellen Kassakurs in US-Dollar umgetauscht und in&hellip;<\/p>\n","category_list_v2":"","author_info_v2":{"name":"PrudentWater","url":"https:\/\/prudentwater.com\/en\/author\/niklas33\/"},"comments_num_v2":"0 comments","_links":{"self":[{"href":"https:\/\/prudentwater.com\/en\/wp-json\/wp\/v2\/pages\/6090","targetHints":{"allow":["GET"]}}],"collection":[{"href":"https:\/\/prudentwater.com\/en\/wp-json\/wp\/v2\/pages"}],"about":[{"href":"https:\/\/prudentwater.com\/en\/wp-json\/wp\/v2\/types\/page"}],"author":[{"embeddable":true,"href":"https:\/\/prudentwater.com\/en\/wp-json\/wp\/v2\/users\/1"}],"replies":[{"embeddable":true,"href":"https:\/\/prudentwater.com\/en\/wp-json\/wp\/v2\/comments?post=6090"}],"version-history":[{"count":0,"href":"https:\/\/prudentwater.com\/en\/wp-json\/wp\/v2\/pages\/6090\/revisions"}],"wp:attachment":[{"href":"https:\/\/prudentwater.com\/en\/wp-json\/wp\/v2\/media?parent=6090"}],"curies":[{"name":"wp","href":"https:\/\/api.w.org\/{rel}","templated":true}]}}