{"id":6111,"date":"2016-02-19T09:03:17","date_gmt":"2016-02-19T09:03:17","guid":{"rendered":"http:\/\/www.kunnskap.de\/?page_id=6111"},"modified":"2021-06-25T12:50:14","modified_gmt":"2021-06-25T10:50:14","slug":"tulpenmanie","status":"publish","type":"page","link":"https:\/\/prudentwater.com\/en\/tulpenmanie\/","title":{"rendered":"Tulpenmanie"},"content":{"rendered":"<p>Auch <strong>Tulpenkrise<\/strong><\/p>\n<p>Die Tulpenmanie war eine Spekulationsblase in den Niederlanden von 1634-1637. In dieser Zeit stieg der Preis f\u00fcr Tulpenzwiebeln \u00fcberproportional an, da diese vom Volk in dieser Zeit besonders wertgesch\u00e4tzt wurde. Zeitweilig entsprach der Preis einer Tulpe der eines Hauses, zu den H\u00f6chzeiten kostete eine Tulpenzwiebel ca. 40 000 USD in heutiger Kaufkraft Zum Ende kam es jedoch zum Platzen der Blase und die Tulpenzwiebel war quasi wertlos.<\/p>\n","protected":false},"excerpt":{"rendered":"<p>Auch Tulpenkrise Die Tulpenmanie war eine Spekulationsblase in den Niederlanden von 1634-1637. In dieser Zeit stieg der Preis f\u00fcr Tulpenzwiebeln \u00fcberproportional an, da diese vom Volk in dieser Zeit besonders wertgesch\u00e4tzt wurde. Zeitweilig entsprach der Preis einer Tulpe der eines Hauses, zu den H\u00f6chzeiten kostete eine Tulpenzwiebel ca. 40 000 USD in heutiger Kaufkraft Zum [&hellip;]<\/p>\n","protected":false},"author":1,"featured_media":0,"parent":0,"menu_order":0,"comment_status":"closed","ping_status":"closed","template":"","meta":{"site-sidebar-layout":"default","site-content-layout":"","ast-site-content-layout":"","site-content-style":"default","site-sidebar-style":"default","ast-global-header-display":"","ast-banner-title-visibility":"","ast-main-header-display":"","ast-hfb-above-header-display":"","ast-hfb-below-header-display":"","ast-hfb-mobile-header-display":"","site-post-title":"","ast-breadcrumbs-content":"","ast-featured-img":"","footer-sml-layout":"","theme-transparent-header-meta":"","adv-header-id-meta":"","stick-header-meta":"","header-above-stick-meta":"","header-main-stick-meta":"","header-below-stick-meta":"","astra-migrate-meta-layouts":"default","ast-page-background-enabled":"default","ast-page-background-meta":{"desktop":{"background-color":"","background-image":"","background-repeat":"repeat","background-position":"center center","background-size":"auto","background-attachment":"scroll","background-type":"","background-media":"","overlay-type":"","overlay-color":"","overlay-opacity":"","overlay-gradient":""},"tablet":{"background-color":"","background-image":"","background-repeat":"repeat","background-position":"center center","background-size":"auto","background-attachment":"scroll","background-type":"","background-media":"","overlay-type":"","overlay-color":"","overlay-opacity":"","overlay-gradient":""},"mobile":{"background-color":"","background-image":"","background-repeat":"repeat","background-position":"center center","background-size":"auto","background-attachment":"scroll","background-type":"","background-media":"","overlay-type":"","overlay-color":"","overlay-opacity":"","overlay-gradient":""}},"ast-content-background-meta":{"desktop":{"background-color":"var(--ast-global-color-5)","background-image":"","background-repeat":"repeat","background-position":"center center","background-size":"auto","background-attachment":"scroll","background-type":"","background-media":"","overlay-type":"","overlay-color":"","overlay-opacity":"","overlay-gradient":""},"tablet":{"background-color":"var(--ast-global-color-5)","background-image":"","background-repeat":"repeat","background-position":"center center","background-size":"auto","background-attachment":"scroll","background-type":"","background-media":"","overlay-type":"","overlay-color":"","overlay-opacity":"","overlay-gradient":""},"mobile":{"background-color":"var(--ast-global-color-5)","background-image":"","background-repeat":"repeat","background-position":"center center","background-size":"auto","background-attachment":"scroll","background-type":"","background-media":"","overlay-type":"","overlay-color":"","overlay-opacity":"","overlay-gradient":""}},"footnotes":""},"class_list":["post-6111","page","type-page","status-publish","hentry"],"translation":{"provider":"WPGlobus","version":"3.0.2","language":"en","enabled_languages":["de","en"],"languages":{"de":{"title":true,"content":true,"excerpt":false},"en":{"title":false,"content":false,"excerpt":false}}},"featured_image_urls_v2":{"full":"","thumbnail":"","medium":"","medium_large":"","large":"","1536x1536":"","2048x2048":""},"post_excerpt_stackable_v2":"<p>Auch Tulpenkrise Die Tulpenmanie war eine Spekulationsblase in den Niederlanden von 1634-1637. In dieser Zeit stieg der Preis f\u00fcr Tulpenzwiebeln \u00fcberproportional an, da diese vom Volk in dieser Zeit besonders wertgesch\u00e4tzt wurde. Zeitweilig entsprach der Preis einer Tulpe der eines Hauses, zu den H\u00f6chzeiten kostete eine Tulpenzwiebel ca. 40 000 USD in heutiger Kaufkraft Zum Ende kam es jedoch zum Platzen der Blase und die Tulpenzwiebel war quasi wertlos.<\/p>\n","category_list_v2":"","author_info_v2":{"name":"PrudentWater","url":"https:\/\/prudentwater.com\/en\/author\/niklas33\/"},"comments_num_v2":"0 comments","_links":{"self":[{"href":"https:\/\/prudentwater.com\/en\/wp-json\/wp\/v2\/pages\/6111","targetHints":{"allow":["GET"]}}],"collection":[{"href":"https:\/\/prudentwater.com\/en\/wp-json\/wp\/v2\/pages"}],"about":[{"href":"https:\/\/prudentwater.com\/en\/wp-json\/wp\/v2\/types\/page"}],"author":[{"embeddable":true,"href":"https:\/\/prudentwater.com\/en\/wp-json\/wp\/v2\/users\/1"}],"replies":[{"embeddable":true,"href":"https:\/\/prudentwater.com\/en\/wp-json\/wp\/v2\/comments?post=6111"}],"version-history":[{"count":0,"href":"https:\/\/prudentwater.com\/en\/wp-json\/wp\/v2\/pages\/6111\/revisions"}],"wp:attachment":[{"href":"https:\/\/prudentwater.com\/en\/wp-json\/wp\/v2\/media?parent=6111"}],"curies":[{"name":"wp","href":"https:\/\/api.w.org\/{rel}","templated":true}]}}