{"id":6141,"date":"2016-02-22T14:23:01","date_gmt":"2016-02-22T14:23:01","guid":{"rendered":"http:\/\/www.kunnskap.de\/?page_id=6141"},"modified":"2021-06-25T12:48:19","modified_gmt":"2021-06-25T10:48:19","slug":"ausubung-einer-option","status":"publish","type":"page","link":"https:\/\/prudentwater.com\/en\/ausubung-einer-option\/","title":{"rendered":"Aus\u00fcbung einer Option"},"content":{"rendered":"<p>Eine Option verbrieft das Recht, jedoch nicht die Pflicht, einen zugrunde liegenden Basiswert zu einem vorher festgelegten Preis zu kaufen (Call Option) bzw. zu verkaufen (Put Option). Unabh\u00e4ngig davon, ob es sich um eine Call- oder Put Option handelt, muss sich die Option am Verfallstag im Geld befinden, andererseits verf\u00e4llt die Option wertlos und keine weiteren Handlungen sind weder vom K\u00e4ufer noch vom Verk\u00e4ufer der Option zu leisten bzw. \u00fcberhaupt erst m\u00f6glich. Befindet sich die Option am Verfallstag im Geld, so gibt es bei der Aus\u00fcbung der Option nun zwei M\u00f6glichkeiten: Entweder es findet eine physische Lieferung statt oder aber ein Barausgleich.<\/p>\n<hr>\n<h4>Physische Lieferung<\/h4>\n<p>Bei der physischen Lieferung wird der Basiswert, welcher der Option zugrunde liegt, geliefert. Der K\u00e4ufer einer Call Option erh\u00e4lt somit den Basiswert (z. B. W\u00e4hrung, Aktie oder Rohstoff) vom Verk\u00e4ufer der Call Option zu den vorher festgelegten Konditionen. Der K\u00e4ufer einer Put Option hingegen verkauft bei der physischen Lieferung den Basiswert an den Verk\u00e4ufer der Put Option zu dem ebenfalls vorher festgelegten Konditionen. Es findet somit eine tats\u00e4chliche Lieferung des Basiswertes statt.<\/p>\n<h4>Barausgleich<\/h4>\n<p>Findet bei der Aus\u00fcbung der Option ein Barausgleich statt, so wird die positive Differenz zwischen Basispreis und aktuellem Marktwert des Basiswertes an den K\u00e4ufer der Option ausgezahlt. Dementsprechend wird das Konto des Verk\u00e4ufers der Option (Stillhalter) mit dem Betrag belastet. Bei einem Barausgleich wird somit immer nur der Differenzbetrag ausgetauscht. In der Regel findet heutzutage automatisch bei Optionen immer ein Barausgleich statt.<\/p>\n<hr>\n<p>Oftmals ist jedoch der Weiterverkauf der Option profitabler als die Aus\u00fcbung. Auch wenn die Option nur einen geringen Zeitwert besitzt, wird dieser mit der Aus\u00fcbung der Option &#8216;zerst\u00f6rt&#8217;. Der Zeitwert ist aber die in Geldwert ausgedr\u00fcckte Chance, dass sich der Basiswert f\u00fcr den Halter der Option (noch) g\u00fcnstig entwickelt. Der Zeitwert der Option sorgt also f\u00fcr einen zus\u00e4tzlichen Aufschlag auf den Preis einer Option. Bei der Aus\u00fcbung geht der Zeitwert jedoch verloren, bei einem Weiterverkauf kann der Anleger den verbliebenden Zeitwert noch zu Geld machen. Letztendlich kommt es nat\u00fcrlich auf die aktuellen Daten der Option an, Anleger sollten jedoch vor einer Aus\u00fcbung immer zuerst pr\u00fcfen, ob ein Weiterverkauf nicht m\u00f6glicherweise profitabler ist, wenn die physische Lieferung nicht gew\u00fcnscht bzw. m\u00f6glich ist.<\/p>\n","protected":false},"excerpt":{"rendered":"<p>Eine Option verbrieft das Recht, jedoch nicht die Pflicht, einen zugrunde liegenden Basiswert zu einem vorher festgelegten Preis zu kaufen (Call Option) bzw. zu verkaufen (Put Option). Unabh\u00e4ngig davon, ob es sich um eine Call- oder Put Option handelt, muss sich die Option am Verfallstag im Geld befinden, andererseits verf\u00e4llt die Option wertlos und keine [&hellip;]<\/p>\n","protected":false},"author":1,"featured_media":0,"parent":0,"menu_order":0,"comment_status":"closed","ping_status":"closed","template":"","meta":{"site-sidebar-layout":"default","site-content-layout":"","ast-site-content-layout":"","site-content-style":"default","site-sidebar-style":"default","ast-global-header-display":"","ast-banner-title-visibility":"","ast-main-header-display":"","ast-hfb-above-header-display":"","ast-hfb-below-header-display":"","ast-hfb-mobile-header-display":"","site-post-title":"","ast-breadcrumbs-content":"","ast-featured-img":"","footer-sml-layout":"","theme-transparent-header-meta":"","adv-header-id-meta":"","stick-header-meta":"","header-above-stick-meta":"","header-main-stick-meta":"","header-below-stick-meta":"","astra-migrate-meta-layouts":"default","ast-page-background-enabled":"default","ast-page-background-meta":{"desktop":{"background-color":"","background-image":"","background-repeat":"repeat","background-position":"center center","background-size":"auto","background-attachment":"scroll","background-type":"","background-media":"","overlay-type":"","overlay-color":"","overlay-opacity":"","overlay-gradient":""},"tablet":{"background-color":"","background-image":"","background-repeat":"repeat","background-position":"center center","background-size":"auto","background-attachment":"scroll","background-type":"","background-media":"","overlay-type":"","overlay-color":"","overlay-opacity":"","overlay-gradient":""},"mobile":{"background-color":"","background-image":"","background-repeat":"repeat","background-position":"center center","background-size":"auto","background-attachment":"scroll","background-type":"","background-media":"","overlay-type":"","overlay-color":"","overlay-opacity":"","overlay-gradient":""}},"ast-content-background-meta":{"desktop":{"background-color":"var(--ast-global-color-5)","background-image":"","background-repeat":"repeat","background-position":"center center","background-size":"auto","background-attachment":"scroll","background-type":"","background-media":"","overlay-type":"","overlay-color":"","overlay-opacity":"","overlay-gradient":""},"tablet":{"background-color":"var(--ast-global-color-5)","background-image":"","background-repeat":"repeat","background-position":"center center","background-size":"auto","background-attachment":"scroll","background-type":"","background-media":"","overlay-type":"","overlay-color":"","overlay-opacity":"","overlay-gradient":""},"mobile":{"background-color":"var(--ast-global-color-5)","background-image":"","background-repeat":"repeat","background-position":"center center","background-size":"auto","background-attachment":"scroll","background-type":"","background-media":"","overlay-type":"","overlay-color":"","overlay-opacity":"","overlay-gradient":""}},"footnotes":""},"class_list":["post-6141","page","type-page","status-publish","hentry"],"translation":{"provider":"WPGlobus","version":"3.0.2","language":"en","enabled_languages":["de","en"],"languages":{"de":{"title":true,"content":true,"excerpt":false},"en":{"title":false,"content":false,"excerpt":false}}},"featured_image_urls_v2":{"full":"","thumbnail":"","medium":"","medium_large":"","large":"","1536x1536":"","2048x2048":""},"post_excerpt_stackable_v2":"<p>Eine Option verbrieft das Recht, jedoch nicht die Pflicht, einen zugrunde liegenden Basiswert zu einem vorher festgelegten Preis zu kaufen (Call Option) bzw. zu verkaufen (Put Option). Unabh\u00e4ngig davon, ob es sich um eine Call- oder Put Option handelt, muss sich die Option am Verfallstag im Geld befinden, andererseits verf\u00e4llt die Option wertlos und keine weiteren Handlungen sind weder vom K\u00e4ufer noch vom Verk\u00e4ufer der Option zu leisten bzw. \u00fcberhaupt erst m\u00f6glich. Befindet sich die Option am Verfallstag im Geld, so gibt es bei der Aus\u00fcbung der Option nun zwei M\u00f6glichkeiten: Entweder es findet eine physische Lieferung statt oder aber&hellip;<\/p>\n","category_list_v2":"","author_info_v2":{"name":"PrudentWater","url":"https:\/\/prudentwater.com\/en\/author\/niklas33\/"},"comments_num_v2":"0 comments","_links":{"self":[{"href":"https:\/\/prudentwater.com\/en\/wp-json\/wp\/v2\/pages\/6141","targetHints":{"allow":["GET"]}}],"collection":[{"href":"https:\/\/prudentwater.com\/en\/wp-json\/wp\/v2\/pages"}],"about":[{"href":"https:\/\/prudentwater.com\/en\/wp-json\/wp\/v2\/types\/page"}],"author":[{"embeddable":true,"href":"https:\/\/prudentwater.com\/en\/wp-json\/wp\/v2\/users\/1"}],"replies":[{"embeddable":true,"href":"https:\/\/prudentwater.com\/en\/wp-json\/wp\/v2\/comments?post=6141"}],"version-history":[{"count":0,"href":"https:\/\/prudentwater.com\/en\/wp-json\/wp\/v2\/pages\/6141\/revisions"}],"wp:attachment":[{"href":"https:\/\/prudentwater.com\/en\/wp-json\/wp\/v2\/media?parent=6141"}],"curies":[{"name":"wp","href":"https:\/\/api.w.org\/{rel}","templated":true}]}}