{"id":6153,"date":"2016-02-22T21:59:25","date_gmt":"2016-02-22T21:59:25","guid":{"rendered":"http:\/\/www.kunnskap.de\/?page_id=6153"},"modified":"2023-01-28T15:54:48","modified_gmt":"2023-01-28T14:54:48","slug":"swapsatz","status":"publish","type":"page","link":"https:\/\/prudentwater.com\/en\/swapsatz\/","title":{"rendered":"Swapsatz"},"content":{"rendered":"<p>Der Swapsatz entspricht der Differenz zwischen dem Terminkurs und dem Kassakurs eines Devisengesch\u00e4ftes. Somit ist der Swapsatz die Zinsdifferenz zwischen zwei W\u00e4hrungen in einem Devisentermingesch\u00e4ft. Der Swapsatz bezieht sich dabei immer auf den Kassakurs. Wird also zum Beispiel der Kassakurs des W\u00e4hrungspaares EUR\/USD mit 1,3200 \/ 1,3202 angegeben, kann der 3-Monats-Swapsatz EUR\/USD mit 35 \/ 37 bzw. 0,0035 \/ 0,0037 angegeben werden. Dabei handelt es sich bei der ersten Zahl um den Geldkurs und bei der zweiten Zahl um den Briefkurs. In diesem Fall w\u00fcrde folglich der EUR\/USD 3-Monats-Terminkurs bei 1,3235 \/ 1,3239 notieren.<\/p>\n<p>Der Swapsatz, also die Differenz zwischen Kassakurs und Terminkurs, entsteht ausschlie\u00dflich durch die Zinsdifferenz der beiden involvierten W\u00e4hrungen und kann sowohl positiv als auch negativ sein. Beispielsweise gilt f\u00fcr das W\u00e4hrungspaar EUR\/USD, dass wenn die Geldmarktzinsen f\u00fcr den US-Dollar tiefer liegen als beim Euro, bei dem Terminkurs EUR\/USD ein Aufschlag entsteht. Ist die Situation andersherum, ergibt sich ein Abschlag auf den Terminkurs. Je h\u00f6her die Zinsdifferenz zwischen den beiden involvierten W\u00e4hrungen, desto h\u00f6her auch die Swaps\u00e4tze. Ebenso ist die Laufzeit entscheidend. Auch hier gilt, dass umso l\u00e4nger die Laufzeit, desto h\u00f6her der Aufschlag auf den Terminkurs zum Kassakurs.<\/p>\n","protected":false},"excerpt":{"rendered":"<p>Der Swapsatz entspricht der Differenz zwischen dem Terminkurs und dem Kassakurs eines Devisengesch\u00e4ftes. Somit ist der Swapsatz die Zinsdifferenz zwischen zwei W\u00e4hrungen in einem Devisentermingesch\u00e4ft. Der Swapsatz bezieht sich dabei immer auf den Kassakurs. Wird also zum Beispiel der Kassakurs des W\u00e4hrungspaares EUR\/USD mit 1,3200 \/ 1,3202 angegeben, kann der 3-Monats-Swapsatz EUR\/USD mit 35 \/ [&hellip;]<\/p>\n","protected":false},"author":1,"featured_media":0,"parent":0,"menu_order":0,"comment_status":"closed","ping_status":"closed","template":"","meta":{"site-sidebar-layout":"default","site-content-layout":"","ast-site-content-layout":"","site-content-style":"default","site-sidebar-style":"default","ast-global-header-display":"","ast-banner-title-visibility":"","ast-main-header-display":"","ast-hfb-above-header-display":"","ast-hfb-below-header-display":"","ast-hfb-mobile-header-display":"","site-post-title":"","ast-breadcrumbs-content":"","ast-featured-img":"","footer-sml-layout":"","theme-transparent-header-meta":"","adv-header-id-meta":"","stick-header-meta":"","header-above-stick-meta":"","header-main-stick-meta":"","header-below-stick-meta":"","astra-migrate-meta-layouts":"default","ast-page-background-enabled":"default","ast-page-background-meta":{"desktop":{"background-color":"","background-image":"","background-repeat":"repeat","background-position":"center center","background-size":"auto","background-attachment":"scroll","background-type":"","background-media":"","overlay-type":"","overlay-color":"","overlay-opacity":"","overlay-gradient":""},"tablet":{"background-color":"","background-image":"","background-repeat":"repeat","background-position":"center center","background-size":"auto","background-attachment":"scroll","background-type":"","background-media":"","overlay-type":"","overlay-color":"","overlay-opacity":"","overlay-gradient":""},"mobile":{"background-color":"","background-image":"","background-repeat":"repeat","background-position":"center center","background-size":"auto","background-attachment":"scroll","background-type":"","background-media":"","overlay-type":"","overlay-color":"","overlay-opacity":"","overlay-gradient":""}},"ast-content-background-meta":{"desktop":{"background-color":"var(--ast-global-color-5)","background-image":"","background-repeat":"repeat","background-position":"center center","background-size":"auto","background-attachment":"scroll","background-type":"","background-media":"","overlay-type":"","overlay-color":"","overlay-opacity":"","overlay-gradient":""},"tablet":{"background-color":"var(--ast-global-color-5)","background-image":"","background-repeat":"repeat","background-position":"center center","background-size":"auto","background-attachment":"scroll","background-type":"","background-media":"","overlay-type":"","overlay-color":"","overlay-opacity":"","overlay-gradient":""},"mobile":{"background-color":"var(--ast-global-color-5)","background-image":"","background-repeat":"repeat","background-position":"center center","background-size":"auto","background-attachment":"scroll","background-type":"","background-media":"","overlay-type":"","overlay-color":"","overlay-opacity":"","overlay-gradient":""}},"footnotes":""},"class_list":["post-6153","page","type-page","status-publish","hentry"],"translation":{"provider":"WPGlobus","version":"3.0.2","language":"en","enabled_languages":["de","en"],"languages":{"de":{"title":true,"content":true,"excerpt":false},"en":{"title":false,"content":false,"excerpt":false}}},"featured_image_urls_v2":{"full":"","thumbnail":"","medium":"","medium_large":"","large":"","1536x1536":"","2048x2048":""},"post_excerpt_stackable_v2":"<p>Der Swapsatz entspricht der Differenz zwischen dem Terminkurs und dem Kassakurs eines Devisengesch\u00e4ftes. Somit ist der Swapsatz die Zinsdifferenz zwischen zwei W\u00e4hrungen in einem Devisentermingesch\u00e4ft. Der Swapsatz bezieht sich dabei immer auf den Kassakurs. Wird also zum Beispiel der Kassakurs des W\u00e4hrungspaares EUR\/USD mit 1,3200 \/ 1,3202 angegeben, kann der 3-Monats-Swapsatz EUR\/USD mit 35 \/ 37 bzw. 0,0035 \/ 0,0037 angegeben werden. Dabei handelt es sich bei der ersten Zahl um den Geldkurs und bei der zweiten Zahl um den Briefkurs. In diesem Fall w\u00fcrde folglich der EUR\/USD 3-Monats-Terminkurs bei 1,3235 \/ 1,3239 notieren. Der Swapsatz, also die Differenz zwischen&hellip;<\/p>\n","category_list_v2":"","author_info_v2":{"name":"PrudentWater","url":"https:\/\/prudentwater.com\/en\/author\/niklas33\/"},"comments_num_v2":"0 comments","_links":{"self":[{"href":"https:\/\/prudentwater.com\/en\/wp-json\/wp\/v2\/pages\/6153","targetHints":{"allow":["GET"]}}],"collection":[{"href":"https:\/\/prudentwater.com\/en\/wp-json\/wp\/v2\/pages"}],"about":[{"href":"https:\/\/prudentwater.com\/en\/wp-json\/wp\/v2\/types\/page"}],"author":[{"embeddable":true,"href":"https:\/\/prudentwater.com\/en\/wp-json\/wp\/v2\/users\/1"}],"replies":[{"embeddable":true,"href":"https:\/\/prudentwater.com\/en\/wp-json\/wp\/v2\/comments?post=6153"}],"version-history":[{"count":0,"href":"https:\/\/prudentwater.com\/en\/wp-json\/wp\/v2\/pages\/6153\/revisions"}],"wp:attachment":[{"href":"https:\/\/prudentwater.com\/en\/wp-json\/wp\/v2\/media?parent=6153"}],"curies":[{"name":"wp","href":"https:\/\/api.w.org\/{rel}","templated":true}]}}