{"id":6161,"date":"2016-02-23T11:20:53","date_gmt":"2016-02-23T11:20:53","guid":{"rendered":"http:\/\/www.kunnskap.de\/?page_id=6161"},"modified":"2021-06-25T12:50:13","modified_gmt":"2021-06-25T10:50:13","slug":"terminkurs-einer-wahrung","status":"publish","type":"page","link":"https:\/\/prudentwater.com\/en\/terminkurs-einer-wahrung\/","title":{"rendered":"Terminkurs einer W\u00e4hrung"},"content":{"rendered":"<p>Auch <strong>Devisenterminkurs<\/strong><\/p>\n<p>Der Terminkurs einer W\u00e4hrung ist der aktuelle Kassakurs abz\u00fcglich oder zuz\u00fcglich der Zinsdifferenz der involvierten W\u00e4hrungen eines Devisenpaares f\u00fcr die entsprechende Laufzeit des Termingesch\u00e4ftes. Der Swapsatz dr\u00fcckt diese Differenz zwischen Kassakurs und Terminkurs aus. Anders als bei Rohstoffen gibt somit der Terminkurs der W\u00e4hrung keinen Hinweis auf die zuk\u00fcnftige Preisentwicklung der jeweiligen W\u00e4hrung. Die Differenz zwischen Kassa- und Terminkurs verhindert jedoch, dass Anleger nur durch das Umschichten der W\u00e4hrungen sichere Zinsgewinne erzielen. Der Terminkurs einer frei konvertierbaren W\u00e4hrung ergibt sich somit nur aufgrund der Zinsdifferenz sowie der Laufzeit der beiden involvierten W\u00e4hrungen und nicht aufgrund von Spekulationen wie zum Beispiel am Rohstoffmarkt der Fall.<\/p>\n<hr style=\"height:3px;border-top:1px solid #000000\">\n<p>Als Beispiel einer Devisenterminkursbildung wird das W\u00e4hrungspaar EUR\/USD per 3-Monats-Terminkurs gew\u00e4hlt:<\/p>\n<hr>\n<h4>Kassakurs entspricht Terminkurs<\/h4>\n<p>Sind die Zinss\u00e4tze f\u00fcr Dreimonatsgeld in EUR und USD identisch, so entspricht der Terminkurs per 3 Monate dem aktuellen Kassakurs. Termin- und Kassakurs sind somit auch identisch.<\/p>\n<h4>Terminkurs h\u00f6her als Kassakurs<\/h4>\n<p>Ist der Terminkurs per 3 Monate h\u00f6her als der Kassakurs, so ist der Dreimonats-Euro-Zinssatz h\u00f6her als der Dreimonats-US-Dollar-Zinssatz. W\u00fcrde der Anleger nun USD auf Termin kaufen, k\u00f6nnte er f\u00fcr die verbleibenden 3 Monate das Geld zu dem h\u00f6heren Euro-Zinssatz anlegen. Da er dadurch jedoch einen Gewinnvorteil h\u00e4tte, enth\u00e4lt der Terminkurs per 3 Monate einen Report (Terminaufschlag), welcher genau die Zinsdifferenz zwischen Dreimonats-Euro-Zinssatz und Dreimonats-US-Dollar-Zinssatz ausgleicht.<\/p>\n<h4>Kassakurs h\u00f6her als Terminkurs<\/h4>\n<p>Ist der Terminkurs per 3 Monate niedriger als der Kassakurs, so ist der Dreimonats-Euro-Zinssatz niedriger als der Dreimonats-US-Dollar-Zinssatz. Da nun der Anleger USD auf Termin in 3 Monaten gekauft hat, die Bezahlung jedoch erst dann stattfindet, kann er f\u00fcr die verbleibende Zeit den dann f\u00e4lligen Betrag nur zu einem im Vergleich zum USD-Dreimonats-Zinssatz niedrigeren EURO-Dreimonats-Zinssatz anlegen. F\u00fcr diese aus seiner Sicht negative Zinsdifferenz wird der Anleger entsch\u00e4digt, indem er US-Dollar auf Termin per 3 Monate g\u00fcnstiger, also mit einem Deport (Terminabschlag) kaufen kann. Auch hier entspricht die Differenz zwischen Kassa- und Terminkurs genau die Zinsdifferenz zwischen Dreimonats-Euro-Zinssatz und Dreimonats-US-Dollar-Zinssatz.<\/p>\n<hr style=\"height:3px;border-top:1px solid #000000\">\n<p>Der Swapsatz, also die Differenz zwischen Kassakurs und Terminkurs, entsteht durch die Zinsdifferenz der beiden involvierten W\u00e4hrungen und kann, wie oben erl\u00e4utert, sowohl positiv als auch negativ sein. Je h\u00f6her die Zinsdifferenz zwischen den beiden involvierten W\u00e4hrungen, desto h\u00f6her auch die Auf- bzw. Abschl\u00e4ge. Ebenso ist die Laufzeit entscheidend. Auch hier gilt, dass umso l\u00e4nger die Laufzeit ist, desto h\u00f6her sind die Auf- bzw. Abschl\u00e4ge. Standardm\u00e4\u00dfig werden Terminkurse f\u00fcr 1, 2, 3, 6 und 12 Monate quotiert. Der Terminkurs einer W\u00e4hrung ergibt sich somit nur aufgrund der Zinsdifferenz sowie der Laufzeit der beiden involvierten W\u00e4hrungen und nicht aufgrund von Spekulationen wie zum Beispiel am Rohstoffmarkt der Fall. W\u00e4re dies n\u00e4mlich nicht der Fall, so k\u00f6nnte durch die Spekulationen mit Devisen ein risikoloser Gewinn erzielt werden.<\/p>\n","protected":false},"excerpt":{"rendered":"<p>Auch Devisenterminkurs Der Terminkurs einer W\u00e4hrung ist der aktuelle Kassakurs abz\u00fcglich oder zuz\u00fcglich der Zinsdifferenz der involvierten W\u00e4hrungen eines Devisenpaares f\u00fcr die entsprechende Laufzeit des Termingesch\u00e4ftes. Der Swapsatz dr\u00fcckt diese Differenz zwischen Kassakurs und Terminkurs aus. Anders als bei Rohstoffen gibt somit der Terminkurs der W\u00e4hrung keinen Hinweis auf die zuk\u00fcnftige Preisentwicklung der jeweiligen W\u00e4hrung. [&hellip;]<\/p>\n","protected":false},"author":1,"featured_media":0,"parent":0,"menu_order":0,"comment_status":"closed","ping_status":"closed","template":"","meta":{"site-sidebar-layout":"default","site-content-layout":"","ast-site-content-layout":"","site-content-style":"default","site-sidebar-style":"default","ast-global-header-display":"","ast-banner-title-visibility":"","ast-main-header-display":"","ast-hfb-above-header-display":"","ast-hfb-below-header-display":"","ast-hfb-mobile-header-display":"","site-post-title":"","ast-breadcrumbs-content":"","ast-featured-img":"","footer-sml-layout":"","theme-transparent-header-meta":"","adv-header-id-meta":"","stick-header-meta":"","header-above-stick-meta":"","header-main-stick-meta":"","header-below-stick-meta":"","astra-migrate-meta-layouts":"default","ast-page-background-enabled":"default","ast-page-background-meta":{"desktop":{"background-color":"","background-image":"","background-repeat":"repeat","background-position":"center center","background-size":"auto","background-attachment":"scroll","background-type":"","background-media":"","overlay-type":"","overlay-color":"","overlay-opacity":"","overlay-gradient":""},"tablet":{"background-color":"","background-image":"","background-repeat":"repeat","background-position":"center center","background-size":"auto","background-attachment":"scroll","background-type":"","background-media":"","overlay-type":"","overlay-color":"","overlay-opacity":"","overlay-gradient":""},"mobile":{"background-color":"","background-image":"","background-repeat":"repeat","background-position":"center center","background-size":"auto","background-attachment":"scroll","background-type":"","background-media":"","overlay-type":"","overlay-color":"","overlay-opacity":"","overlay-gradient":""}},"ast-content-background-meta":{"desktop":{"background-color":"var(--ast-global-color-5)","background-image":"","background-repeat":"repeat","background-position":"center center","background-size":"auto","background-attachment":"scroll","background-type":"","background-media":"","overlay-type":"","overlay-color":"","overlay-opacity":"","overlay-gradient":""},"tablet":{"background-color":"var(--ast-global-color-5)","background-image":"","background-repeat":"repeat","background-position":"center center","background-size":"auto","background-attachment":"scroll","background-type":"","background-media":"","overlay-type":"","overlay-color":"","overlay-opacity":"","overlay-gradient":""},"mobile":{"background-color":"var(--ast-global-color-5)","background-image":"","background-repeat":"repeat","background-position":"center center","background-size":"auto","background-attachment":"scroll","background-type":"","background-media":"","overlay-type":"","overlay-color":"","overlay-opacity":"","overlay-gradient":""}},"footnotes":""},"class_list":["post-6161","page","type-page","status-publish","hentry"],"translation":{"provider":"WPGlobus","version":"3.0.2","language":"en","enabled_languages":["de","en"],"languages":{"de":{"title":true,"content":true,"excerpt":false},"en":{"title":false,"content":false,"excerpt":false}}},"featured_image_urls_v2":{"full":"","thumbnail":"","medium":"","medium_large":"","large":"","1536x1536":"","2048x2048":""},"post_excerpt_stackable_v2":"<p>Auch Devisenterminkurs Der Terminkurs einer W\u00e4hrung ist der aktuelle Kassakurs abz\u00fcglich oder zuz\u00fcglich der Zinsdifferenz der involvierten W\u00e4hrungen eines Devisenpaares f\u00fcr die entsprechende Laufzeit des Termingesch\u00e4ftes. Der Swapsatz dr\u00fcckt diese Differenz zwischen Kassakurs und Terminkurs aus. Anders als bei Rohstoffen gibt somit der Terminkurs der W\u00e4hrung keinen Hinweis auf die zuk\u00fcnftige Preisentwicklung der jeweiligen W\u00e4hrung. Die Differenz zwischen Kassa- und Terminkurs verhindert jedoch, dass Anleger nur durch das Umschichten der W\u00e4hrungen sichere Zinsgewinne erzielen. Der Terminkurs einer frei konvertierbaren W\u00e4hrung ergibt sich somit nur aufgrund der Zinsdifferenz sowie der Laufzeit der beiden involvierten W\u00e4hrungen und nicht aufgrund von Spekulationen wie&hellip;<\/p>\n","category_list_v2":"","author_info_v2":{"name":"PrudentWater","url":"https:\/\/prudentwater.com\/en\/author\/niklas33\/"},"comments_num_v2":"0 comments","_links":{"self":[{"href":"https:\/\/prudentwater.com\/en\/wp-json\/wp\/v2\/pages\/6161","targetHints":{"allow":["GET"]}}],"collection":[{"href":"https:\/\/prudentwater.com\/en\/wp-json\/wp\/v2\/pages"}],"about":[{"href":"https:\/\/prudentwater.com\/en\/wp-json\/wp\/v2\/types\/page"}],"author":[{"embeddable":true,"href":"https:\/\/prudentwater.com\/en\/wp-json\/wp\/v2\/users\/1"}],"replies":[{"embeddable":true,"href":"https:\/\/prudentwater.com\/en\/wp-json\/wp\/v2\/comments?post=6161"}],"version-history":[{"count":0,"href":"https:\/\/prudentwater.com\/en\/wp-json\/wp\/v2\/pages\/6161\/revisions"}],"wp:attachment":[{"href":"https:\/\/prudentwater.com\/en\/wp-json\/wp\/v2\/media?parent=6161"}],"curies":[{"name":"wp","href":"https:\/\/api.w.org\/{rel}","templated":true}]}}