{"id":6168,"date":"2016-02-23T11:26:19","date_gmt":"2016-02-23T11:26:19","guid":{"rendered":"http:\/\/www.kunnskap.de\/?page_id=6168"},"modified":"2021-06-25T12:48:25","modified_gmt":"2021-06-25T10:48:25","slug":"deport","status":"publish","type":"page","link":"https:\/\/prudentwater.com\/en\/deport\/","title":{"rendered":"Deport"},"content":{"rendered":"<p>Auch <strong>Terminabschlag<\/strong><br \/>\nengl. <strong>Discount<\/strong><\/p>\n<p>Eine W\u00e4hrung wird mit einem Deport gehandelt, wenn der Kassakurs \u00fcber dem Terminkurs notiert. Dar\u00fcber hinaus sagt Deport aus, dass der Zinssatz der W\u00e4hrung auf Termin h\u00f6her ist als der Zinssatz des Gegen\u00fcbers des W\u00e4hrungspaares.<br \/>\nLiegt beispielsweise der EUR\/USD-Kassakurs bei 1,20 und der 3-Monatsterminkurs bei 1,185, bel\u00e4uft sich der Deport f\u00fcr Euro per drei Monate auf 0,015 USD. <\/p>\n","protected":false},"excerpt":{"rendered":"<p>Auch Terminabschlag engl. Discount Eine W\u00e4hrung wird mit einem Deport gehandelt, wenn der Kassakurs \u00fcber dem Terminkurs notiert. Dar\u00fcber hinaus sagt Deport aus, dass der Zinssatz der W\u00e4hrung auf Termin h\u00f6her ist als der Zinssatz des Gegen\u00fcbers des W\u00e4hrungspaares. Liegt beispielsweise der EUR\/USD-Kassakurs bei 1,20 und der 3-Monatsterminkurs bei 1,185, bel\u00e4uft sich der Deport f\u00fcr [&hellip;]<\/p>\n","protected":false},"author":1,"featured_media":0,"parent":0,"menu_order":0,"comment_status":"closed","ping_status":"closed","template":"","meta":{"site-sidebar-layout":"default","site-content-layout":"","ast-site-content-layout":"","site-content-style":"default","site-sidebar-style":"default","ast-global-header-display":"","ast-banner-title-visibility":"","ast-main-header-display":"","ast-hfb-above-header-display":"","ast-hfb-below-header-display":"","ast-hfb-mobile-header-display":"","site-post-title":"","ast-breadcrumbs-content":"","ast-featured-img":"","footer-sml-layout":"","theme-transparent-header-meta":"","adv-header-id-meta":"","stick-header-meta":"","header-above-stick-meta":"","header-main-stick-meta":"","header-below-stick-meta":"","astra-migrate-meta-layouts":"default","ast-page-background-enabled":"default","ast-page-background-meta":{"desktop":{"background-color":"","background-image":"","background-repeat":"repeat","background-position":"center center","background-size":"auto","background-attachment":"scroll","background-type":"","background-media":"","overlay-type":"","overlay-color":"","overlay-opacity":"","overlay-gradient":""},"tablet":{"background-color":"","background-image":"","background-repeat":"repeat","background-position":"center center","background-size":"auto","background-attachment":"scroll","background-type":"","background-media":"","overlay-type":"","overlay-color":"","overlay-opacity":"","overlay-gradient":""},"mobile":{"background-color":"","background-image":"","background-repeat":"repeat","background-position":"center center","background-size":"auto","background-attachment":"scroll","background-type":"","background-media":"","overlay-type":"","overlay-color":"","overlay-opacity":"","overlay-gradient":""}},"ast-content-background-meta":{"desktop":{"background-color":"var(--ast-global-color-5)","background-image":"","background-repeat":"repeat","background-position":"center center","background-size":"auto","background-attachment":"scroll","background-type":"","background-media":"","overlay-type":"","overlay-color":"","overlay-opacity":"","overlay-gradient":""},"tablet":{"background-color":"var(--ast-global-color-5)","background-image":"","background-repeat":"repeat","background-position":"center center","background-size":"auto","background-attachment":"scroll","background-type":"","background-media":"","overlay-type":"","overlay-color":"","overlay-opacity":"","overlay-gradient":""},"mobile":{"background-color":"var(--ast-global-color-5)","background-image":"","background-repeat":"repeat","background-position":"center center","background-size":"auto","background-attachment":"scroll","background-type":"","background-media":"","overlay-type":"","overlay-color":"","overlay-opacity":"","overlay-gradient":""}},"footnotes":""},"class_list":["post-6168","page","type-page","status-publish","hentry"],"translation":{"provider":"WPGlobus","version":"3.0.2","language":"en","enabled_languages":["de","en"],"languages":{"de":{"title":true,"content":true,"excerpt":false},"en":{"title":false,"content":false,"excerpt":false}}},"featured_image_urls_v2":{"full":"","thumbnail":"","medium":"","medium_large":"","large":"","1536x1536":"","2048x2048":""},"post_excerpt_stackable_v2":"<p>Auch Terminabschlag engl. Discount Eine W\u00e4hrung wird mit einem Deport gehandelt, wenn der Kassakurs \u00fcber dem Terminkurs notiert. Dar\u00fcber hinaus sagt Deport aus, dass der Zinssatz der W\u00e4hrung auf Termin h\u00f6her ist als der Zinssatz des Gegen\u00fcbers des W\u00e4hrungspaares. Liegt beispielsweise der EUR\/USD-Kassakurs bei 1,20 und der 3-Monatsterminkurs bei 1,185, bel\u00e4uft sich der Deport f\u00fcr Euro per drei Monate auf 0,015 USD.<\/p>\n","category_list_v2":"","author_info_v2":{"name":"PrudentWater","url":"https:\/\/prudentwater.com\/en\/author\/niklas33\/"},"comments_num_v2":"0 comments","_links":{"self":[{"href":"https:\/\/prudentwater.com\/en\/wp-json\/wp\/v2\/pages\/6168","targetHints":{"allow":["GET"]}}],"collection":[{"href":"https:\/\/prudentwater.com\/en\/wp-json\/wp\/v2\/pages"}],"about":[{"href":"https:\/\/prudentwater.com\/en\/wp-json\/wp\/v2\/types\/page"}],"author":[{"embeddable":true,"href":"https:\/\/prudentwater.com\/en\/wp-json\/wp\/v2\/users\/1"}],"replies":[{"embeddable":true,"href":"https:\/\/prudentwater.com\/en\/wp-json\/wp\/v2\/comments?post=6168"}],"version-history":[{"count":0,"href":"https:\/\/prudentwater.com\/en\/wp-json\/wp\/v2\/pages\/6168\/revisions"}],"wp:attachment":[{"href":"https:\/\/prudentwater.com\/en\/wp-json\/wp\/v2\/media?parent=6168"}],"curies":[{"name":"wp","href":"https:\/\/api.w.org\/{rel}","templated":true}]}}