{"id":617,"date":"2014-09-03T10:39:35","date_gmt":"2014-09-03T10:39:35","guid":{"rendered":"http:\/\/www.kunnskap.de\/?page_id=617"},"modified":"2021-10-03T13:52:35","modified_gmt":"2021-10-03T11:52:35","slug":"faktor-zertifikat","status":"publish","type":"page","link":"https:\/\/prudentwater.com\/en\/faktor-zertifikat\/","title":{"rendered":"Faktor-Zertifikat"},"content":{"rendered":"<p>Das Faktor-Zertifikat geh\u00f6rt zu der Gruppe der Hebelprodukte, unterscheidet sich jedoch in einigen Punkten deutlich von den klassischen Hebelprodukten wie zum Beispiel dem Optionsschein oder dem Knock-out-Zertifikat. Das Faktor-Zertifikat besitzt keine Laufzeitbegrenzung und au\u00dferdem verf\u00fcgt es weder \u00fcber einen Basispreis noch \u00fcber eine Knock-Out-Barriere. Der Hebel eines Faktor-Zertifikates bleibt zus\u00e4tzlich \u00fcber die gesamte Laufzeit konstant und ver\u00e4ndert sich nicht. F\u00fcr den Anleger ist wichtig zu wissen, dass Faktor-Zertifikate eher der kurz- bis maximal mittelfristigen Geldanlage dienen.<\/p>\n<h4>Nachteile von Faktor-Zertifikaten f\u00fcr den Anleger<\/h4>\n<p>Mit einem Faktor Zertifikat l\u00e4sst sich auf eine steigende (long) oder auf eine fallende (short) Kursentwicklung des Basiswertes spekulieren. Faktor Zertifikate bilden dabei jedoch die t\u00e4gliche prozentuale Wertver\u00e4nderung des Basiswerts mit einem konstanten Hebel ab. Steigt der DAX zum Beispiel an einem Tag um 2 % von 100 auf 102 Punkte, so legt das Long-Faktor-Zertifikat mit einem Hebel von 4 an diesem Tag um 8 % zu. F\u00e4llt der DAX am n\u00e4chsten Tag wieder zur\u00fcck auf 100 Punkte, so fiel der DAX an diesem Tag um 1,96 %, das Long-Faktor-Zertifikat mit dem Hebel von 4 fiel an diesem Tag folglich jedoch nur um 7,84 %. In diesem Fall kam die Abweichung zwischen Faktor Zertifikat und Basiswert dem Anleger zugute. Anders sieht es jedoch bei einem Short-Faktor-Zertifikat aus. F\u00e4llt dabei der DAX an einem Tag um 2 % von 100 auf 98 Punkte, so gewinnt das 4x-Short-Faktor-Zertifikat am selben Tag um 8 Prozent hinzu. Steigt am n\u00e4chsten Tag der DAX jedoch wieder von 98 auf 100 Punkte und somit um 2,04 %, so f\u00e4llt das 4x-Short-Faktor-Zertifikat an diesem Tag um 8,16 %. Der DAX ist wieder auf seinem Ausgangswert, das Faktor Zertifikat liegt jedoch um 0,16 % im Minus. Dies bedeutet, dass bei Faktor-Zertifikaten eine sogenannte Pfadabh\u00e4ngigkeit besteht, welche in Seitw\u00e4rtsbewegungen zu einer abweichenden Kursentwicklung f\u00fchren kann. Somit sind Faktor Zertifikate nicht f\u00fcr langfristige Investitionen gedacht, sondern eher kurzfristig einzusetzen, es sei denn, man geht von einem langfristigen stabilen Trend aus.<\/p>\n<h4>Zinsen als zus\u00e4tzliche m\u00f6gliche Kosten<\/h4>\n<p>K\u00e4ufer m\u00fcssen zus\u00e4tzlich indirekt Zinsen f\u00fcr das Wertpapier bezahlen, da sie f\u00fcr ihre DAX-Investition nur ein Viertel des Werts einzahlen, wenn der Hebel bei 4 liegt. Der Zinssatz hierf\u00fcr ist der EONIA. Anleger die also \u00fcber Faktor Zertifikate den LevDax mit vierfachem Hebel kaufen, m\u00fcssen zu ihrem Einsatz noch dreimal den EONIA-Zins bezahlen. Wer jedoch mit einem Short Faktor Zertifikat (Hebel 4) auf fallende Kurse setzt, bekommt insgesamt f\u00fcnfmal den EONIA-Zins bezahlt. Grund ist, dass der Anleger der Bank Geld f\u00fcr das Zertifikat gibt und zus\u00e4tzlich virtuell viermal die im DAX enthaltenen Aktien verkauft. Diese zus\u00e4tzlichen Kosten oder Ertr\u00e4ge werden vom Kurs des Zertifikates abgezogen bzw. hinzugerechnet. Der Anleger muss die anfallenden Zinsen somit nicht direkt aus seinem Cashbestand bezahlen, sie sind trotzdem jedoch ein Kostenfaktor.<\/p>\n","protected":false},"excerpt":{"rendered":"<p>Das Faktor-Zertifikat geh\u00f6rt zu der Gruppe der Hebelprodukte, unterscheidet sich jedoch in einigen Punkten deutlich von den klassischen Hebelprodukten wie zum Beispiel dem Optionsschein oder dem Knock-out-Zertifikat. Das Faktor-Zertifikat besitzt keine Laufzeitbegrenzung und au\u00dferdem verf\u00fcgt es weder \u00fcber einen Basispreis noch \u00fcber eine Knock-Out-Barriere. Der Hebel eines Faktor-Zertifikates bleibt zus\u00e4tzlich \u00fcber die gesamte Laufzeit konstant [&hellip;]<\/p>\n","protected":false},"author":1,"featured_media":0,"parent":0,"menu_order":0,"comment_status":"closed","ping_status":"closed","template":"","meta":{"site-sidebar-layout":"default","site-content-layout":"default","ast-site-content-layout":"","site-content-style":"default","site-sidebar-style":"default","ast-global-header-display":"","ast-banner-title-visibility":"","ast-main-header-display":"","ast-hfb-above-header-display":"","ast-hfb-below-header-display":"","ast-hfb-mobile-header-display":"","site-post-title":"","ast-breadcrumbs-content":"","ast-featured-img":"","footer-sml-layout":"","theme-transparent-header-meta":"default","adv-header-id-meta":"","stick-header-meta":"","header-above-stick-meta":"","header-main-stick-meta":"","header-below-stick-meta":"","astra-migrate-meta-layouts":"default","ast-page-background-enabled":"default","ast-page-background-meta":{"desktop":{"background-color":"","background-image":"","background-repeat":"repeat","background-position":"center center","background-size":"auto","background-attachment":"scroll","background-type":"","background-media":"","overlay-type":"","overlay-color":"","overlay-opacity":"","overlay-gradient":""},"tablet":{"background-color":"","background-image":"","background-repeat":"repeat","background-position":"center center","background-size":"auto","background-attachment":"scroll","background-type":"","background-media":"","overlay-type":"","overlay-color":"","overlay-opacity":"","overlay-gradient":""},"mobile":{"background-color":"","background-image":"","background-repeat":"repeat","background-position":"center center","background-size":"auto","background-attachment":"scroll","background-type":"","background-media":"","overlay-type":"","overlay-color":"","overlay-opacity":"","overlay-gradient":""}},"ast-content-background-meta":{"desktop":{"background-color":"var(--ast-global-color-5)","background-image":"","background-repeat":"repeat","background-position":"center center","background-size":"auto","background-attachment":"scroll","background-type":"","background-media":"","overlay-type":"","overlay-color":"","overlay-opacity":"","overlay-gradient":""},"tablet":{"background-color":"var(--ast-global-color-5)","background-image":"","background-repeat":"repeat","background-position":"center center","background-size":"auto","background-attachment":"scroll","background-type":"","background-media":"","overlay-type":"","overlay-color":"","overlay-opacity":"","overlay-gradient":""},"mobile":{"background-color":"var(--ast-global-color-5)","background-image":"","background-repeat":"repeat","background-position":"center center","background-size":"auto","background-attachment":"scroll","background-type":"","background-media":"","overlay-type":"","overlay-color":"","overlay-opacity":"","overlay-gradient":""}},"footnotes":""},"class_list":["post-617","page","type-page","status-publish","hentry"],"translation":{"provider":"WPGlobus","version":"3.0.2","language":"en","enabled_languages":["de","en"],"languages":{"de":{"title":true,"content":true,"excerpt":false},"en":{"title":false,"content":false,"excerpt":false}}},"featured_image_urls_v2":{"full":"","thumbnail":"","medium":"","medium_large":"","large":"","1536x1536":"","2048x2048":""},"post_excerpt_stackable_v2":"<p>Das Faktor-Zertifikat geh\u00f6rt zu der Gruppe der Hebelprodukte, unterscheidet sich jedoch in einigen Punkten deutlich von den klassischen Hebelprodukten wie zum Beispiel dem Optionsschein oder dem Knock-out-Zertifikat. Das Faktor-Zertifikat besitzt keine Laufzeitbegrenzung und au\u00dferdem verf\u00fcgt es weder \u00fcber einen Basispreis noch \u00fcber eine Knock-Out-Barriere. Der Hebel eines Faktor-Zertifikates bleibt zus\u00e4tzlich \u00fcber die gesamte Laufzeit konstant und ver\u00e4ndert sich nicht. F\u00fcr den Anleger ist wichtig zu wissen, dass Faktor-Zertifikate eher der kurz- bis maximal mittelfristigen Geldanlage dienen. Nachteile von Faktor-Zertifikaten f\u00fcr den Anleger Mit einem Faktor Zertifikat l\u00e4sst sich auf eine steigende (long) oder auf eine fallende (short) Kursentwicklung des Basiswertes&hellip;<\/p>\n","category_list_v2":"","author_info_v2":{"name":"PrudentWater","url":"https:\/\/prudentwater.com\/en\/author\/niklas33\/"},"comments_num_v2":"0 comments","_links":{"self":[{"href":"https:\/\/prudentwater.com\/en\/wp-json\/wp\/v2\/pages\/617","targetHints":{"allow":["GET"]}}],"collection":[{"href":"https:\/\/prudentwater.com\/en\/wp-json\/wp\/v2\/pages"}],"about":[{"href":"https:\/\/prudentwater.com\/en\/wp-json\/wp\/v2\/types\/page"}],"author":[{"embeddable":true,"href":"https:\/\/prudentwater.com\/en\/wp-json\/wp\/v2\/users\/1"}],"replies":[{"embeddable":true,"href":"https:\/\/prudentwater.com\/en\/wp-json\/wp\/v2\/comments?post=617"}],"version-history":[{"count":0,"href":"https:\/\/prudentwater.com\/en\/wp-json\/wp\/v2\/pages\/617\/revisions"}],"wp:attachment":[{"href":"https:\/\/prudentwater.com\/en\/wp-json\/wp\/v2\/media?parent=617"}],"curies":[{"name":"wp","href":"https:\/\/api.w.org\/{rel}","templated":true}]}}