{"id":6218,"date":"2016-02-29T09:49:32","date_gmt":"2016-02-29T09:49:32","guid":{"rendered":"http:\/\/www.kunnskap.de\/?page_id=6218"},"modified":"2021-06-25T12:49:35","modified_gmt":"2021-06-25T10:49:35","slug":"long-straddle","status":"publish","type":"page","link":"https:\/\/prudentwater.com\/en\/long-straddle\/","title":{"rendered":"Long Straddle"},"content":{"rendered":"<p>Long Straddle ist eine Optionsstrategie, bei der der Anleger gleichzeitig eine Call Option (Long Call) und eine Put Option (Long Put) kauft, welche sich beide am Geld befinden und dar\u00fcber hinaus die gleichen Ausstattungsmerkmale (Laufzeit, Bezugsverh\u00e4ltnis, Basispreis) besitzen. Bei dieser Strategie profitiert der Anleger dann, wenn sich der Basiswert \u00fcberhaupt bewegt, die Richtung dabei ist jedoch egal. Mit der Long Straddle-Strategie kann zudem auf eine steigende Volatilit\u00e4t spekuliert werden, da die Volatilit\u00e4t einer Option den Optionspreis stark beeinflusst und allgemein gilt, dass umso h\u00f6her die Volatilit\u00e4t ist, desto mehr erh\u00f6ht sich auch der Wert der Option.<br \/>\nZun\u00e4chst muss der K\u00e4ufer zweimal den Optionspreis bezahlen, sowohl f\u00fcr die Call Option als auch f\u00fcr die Put Option. Dieser Betrag, der f\u00fcr beide Optionen zu entrichten ist, ist jedoch auch gleichzeitig der maximale Verlust, den der Anleger erleiden kann. Den maximalen Verlust erleidet er dann, wenn am Verfallstag der Kurs des Basiswertes der Optionen genau dem Basispreis der Optionen entspricht. Der Gewinn jedoch ist theoretisch unendlich, der Anleger erzielt mit dieser Strategie jedoch erst dann einen Gewinn, wenn sich am Verfallstag der Kurs des Basiswertes um mehr als den Betrag beider vorher zu bezahlenden Optionspreise vom Basispreis entfernt hat. Bei der Straddle-Optionsstrategie endet in der Regel eine Option im Geld, wohingegen eine Option aus dem Geld endet, also wertlos verf\u00e4llt. Nun muss die Option, welche im Geld endet, den vorher zu bezahlenden Betrag f\u00fcr beide Optionen wieder wettmachen und, um einen Gewinn zu erzielen, dr\u00fcberliegen. <\/p>\n<p><u>Zum Beispiel:<\/u><br \/>\nDer Preis beider Optionen (Call und Put) lag beim Kauf zusammen bei 4 Euro. Beide sind mit einem Basispreis von 50 Euro auf Aktie XY ausgestattet. Nun muss die Aktie am Verfallstag \u00fcber 54 Euro oder unter 46 Euro notieren, damit der Anleger mit der Aus\u00fcbung der Option einen Gewinn erzielt. Er kann jedoch auch schon vorher einen Gewinn erzielen und beide Optionen glattstellen. Hat sich der Wert seiner Optionen aufgrund einer gestiegenen Volatilit\u00e4t erh\u00f6ht, ohne dass sich der Kurs des Basiswertes ausschlaggebend ver\u00e4ndert hat, so kann er nun durch die vorzeitige Glattstellung einen Kursgewinn erzielen. <\/p>\n<p>Sollte der Anleger jedoch eine Richtung des Basiswertes pr\u00e4ferieren, so sollte er dies bei der Wahl der Optionen auch ber\u00fccksichtigen. Glaubt er zum Beispiel, dass der Basiswert eher steigen wird, so sollte die Call Option leicht im Geld sein. Die Put Option w\u00e4re dementsprechend leicht aus dem Geld, da bei einem Straddle der Basispreis der Call und Put Option immer identisch sein muss. <\/p>\n","protected":false},"excerpt":{"rendered":"<p>Long Straddle ist eine Optionsstrategie, bei der der Anleger gleichzeitig eine Call Option (Long Call) und eine Put Option (Long Put) kauft, welche sich beide am Geld befinden und dar\u00fcber hinaus die gleichen Ausstattungsmerkmale (Laufzeit, Bezugsverh\u00e4ltnis, Basispreis) besitzen. Bei dieser Strategie profitiert der Anleger dann, wenn sich der Basiswert \u00fcberhaupt bewegt, die Richtung dabei ist [&hellip;]<\/p>\n","protected":false},"author":1,"featured_media":0,"parent":0,"menu_order":0,"comment_status":"closed","ping_status":"closed","template":"","meta":{"site-sidebar-layout":"default","site-content-layout":"","ast-site-content-layout":"","site-content-style":"default","site-sidebar-style":"default","ast-global-header-display":"","ast-banner-title-visibility":"","ast-main-header-display":"","ast-hfb-above-header-display":"","ast-hfb-below-header-display":"","ast-hfb-mobile-header-display":"","site-post-title":"","ast-breadcrumbs-content":"","ast-featured-img":"","footer-sml-layout":"","theme-transparent-header-meta":"","adv-header-id-meta":"","stick-header-meta":"","header-above-stick-meta":"","header-main-stick-meta":"","header-below-stick-meta":"","astra-migrate-meta-layouts":"default","ast-page-background-enabled":"default","ast-page-background-meta":{"desktop":{"background-color":"","background-image":"","background-repeat":"repeat","background-position":"center center","background-size":"auto","background-attachment":"scroll","background-type":"","background-media":"","overlay-type":"","overlay-color":"","overlay-opacity":"","overlay-gradient":""},"tablet":{"background-color":"","background-image":"","background-repeat":"repeat","background-position":"center center","background-size":"auto","background-attachment":"scroll","background-type":"","background-media":"","overlay-type":"","overlay-color":"","overlay-opacity":"","overlay-gradient":""},"mobile":{"background-color":"","background-image":"","background-repeat":"repeat","background-position":"center center","background-size":"auto","background-attachment":"scroll","background-type":"","background-media":"","overlay-type":"","overlay-color":"","overlay-opacity":"","overlay-gradient":""}},"ast-content-background-meta":{"desktop":{"background-color":"var(--ast-global-color-5)","background-image":"","background-repeat":"repeat","background-position":"center center","background-size":"auto","background-attachment":"scroll","background-type":"","background-media":"","overlay-type":"","overlay-color":"","overlay-opacity":"","overlay-gradient":""},"tablet":{"background-color":"var(--ast-global-color-5)","background-image":"","background-repeat":"repeat","background-position":"center center","background-size":"auto","background-attachment":"scroll","background-type":"","background-media":"","overlay-type":"","overlay-color":"","overlay-opacity":"","overlay-gradient":""},"mobile":{"background-color":"var(--ast-global-color-5)","background-image":"","background-repeat":"repeat","background-position":"center center","background-size":"auto","background-attachment":"scroll","background-type":"","background-media":"","overlay-type":"","overlay-color":"","overlay-opacity":"","overlay-gradient":""}},"footnotes":""},"class_list":["post-6218","page","type-page","status-publish","hentry"],"translation":{"provider":"WPGlobus","version":"3.0.2","language":"en","enabled_languages":["de","en"],"languages":{"de":{"title":true,"content":true,"excerpt":false},"en":{"title":false,"content":false,"excerpt":false}}},"featured_image_urls_v2":{"full":"","thumbnail":"","medium":"","medium_large":"","large":"","1536x1536":"","2048x2048":""},"post_excerpt_stackable_v2":"<p>Long Straddle ist eine Optionsstrategie, bei der der Anleger gleichzeitig eine Call Option (Long Call) und eine Put Option (Long Put) kauft, welche sich beide am Geld befinden und dar\u00fcber hinaus die gleichen Ausstattungsmerkmale (Laufzeit, Bezugsverh\u00e4ltnis, Basispreis) besitzen. Bei dieser Strategie profitiert der Anleger dann, wenn sich der Basiswert \u00fcberhaupt bewegt, die Richtung dabei ist jedoch egal. Mit der Long Straddle-Strategie kann zudem auf eine steigende Volatilit\u00e4t spekuliert werden, da die Volatilit\u00e4t einer Option den Optionspreis stark beeinflusst und allgemein gilt, dass umso h\u00f6her die Volatilit\u00e4t ist, desto mehr erh\u00f6ht sich auch der Wert der Option. Zun\u00e4chst muss der K\u00e4ufer&hellip;<\/p>\n","category_list_v2":"","author_info_v2":{"name":"PrudentWater","url":"https:\/\/prudentwater.com\/en\/author\/niklas33\/"},"comments_num_v2":"0 comments","_links":{"self":[{"href":"https:\/\/prudentwater.com\/en\/wp-json\/wp\/v2\/pages\/6218","targetHints":{"allow":["GET"]}}],"collection":[{"href":"https:\/\/prudentwater.com\/en\/wp-json\/wp\/v2\/pages"}],"about":[{"href":"https:\/\/prudentwater.com\/en\/wp-json\/wp\/v2\/types\/page"}],"author":[{"embeddable":true,"href":"https:\/\/prudentwater.com\/en\/wp-json\/wp\/v2\/users\/1"}],"replies":[{"embeddable":true,"href":"https:\/\/prudentwater.com\/en\/wp-json\/wp\/v2\/comments?post=6218"}],"version-history":[{"count":0,"href":"https:\/\/prudentwater.com\/en\/wp-json\/wp\/v2\/pages\/6218\/revisions"}],"wp:attachment":[{"href":"https:\/\/prudentwater.com\/en\/wp-json\/wp\/v2\/media?parent=6218"}],"curies":[{"name":"wp","href":"https:\/\/api.w.org\/{rel}","templated":true}]}}