{"id":6229,"date":"2016-02-29T12:23:09","date_gmt":"2016-02-29T12:23:09","guid":{"rendered":"http:\/\/www.kunnskap.de\/?page_id=6229"},"modified":"2021-06-25T12:50:11","modified_gmt":"2021-06-25T10:50:11","slug":"short-straddle","status":"publish","type":"page","link":"https:\/\/prudentwater.com\/en\/short-straddle\/","title":{"rendered":"Short Straddle"},"content":{"rendered":"<p>Short Straddle ist eine Optionsstrategie, bei der der Anleger gleichzeitig eine Call Option (Short Call) und eine Put Option (Short Put) verkauft, welche in der Regel am Geld notieren und die gleichen Ausstattungsmerkmale (Basispreis, Laufzeit, Bezugsverh\u00e4ltnis) besitzen. Bei dieser Strategie profitiert der Anleger dann, wenn sich die Kurse des Basiswertes der Optionen nur sehr wenig bis \u00fcberhaupt gar nicht bewegen. Mit der Short Straddle Strategie kann zudem auf eine abnehmende Volatilit\u00e4t spekuliert werden, da die Volatilit\u00e4t einer Option den Optionspreis stark beeinflusst und allgemein gilt, dass umso niedriger die Volatilit\u00e4t ist, desto mehr sinkt auch der Wert der Option, da mit abnehmender Volatilit\u00e4t die Aus\u00fcbung durch den K\u00e4ufer unwahrscheinlicher wird.<br \/>\nZun\u00e4chst erh\u00e4lt der Anleger durch den Verkauf der Call und Put Option zweimal den jeweiligen Optionspreis. Dieser Betrag ist jedoch auch gleichzeitig der maximale Gewinn, den der Anleger erzielen kann. Er wird dann erzielt, wenn am Verfallstag der Kurs des Basiswertes genau dem Basispreis der beiden Optionen entspricht.<br \/>\nDer Verlust jedoch ist theoretisch unendlich, der Anleger erleidet jedoch erst dann einen Verlust, wenn sich der Kurs des Basiswertes um mehr als den Gesamterl\u00f6s durch den vorherigen Verkauf beider Optionen vom Basispreis entfernt hat.<br \/>\nBei der Straddle-Optionsstrategie endet in der Regel eine Option im Geld, wohingegen eine Option aus dem Geld endet, also wertlos verf\u00e4llt. Nun darf die Option, welche im Geld endet, am Verfallsdatum keinen h\u00f6heren Wert haben, als der Anleger vorher durch den Verkauf beider Optionen erhalten hat. <\/p>\n<p><u>Zum Beispiel:<\/u><br \/>\nDer Anleger erzielt durch den Verkauf der Call und Put Optionen einen Erl\u00f6s von 5 Euro. Beide Optionen sind mit einem Basispreis von 30 Euro auf Aktie XY ausgestattet. Nun darf die Aktie am Verfallstag nicht \u00fcber 35 Euro oder unter 25 Euro notieren, damit der Anleger am Verfallstag keinen verlust erleidet. Dementsprechend muss die Aktie unter 35 Euro und \u00fcber 25 Euro notieren, damit ein Gewinn erzielt wird. <\/p>\n<p>Sollte der Anleger jedoch eine Richtung des Basiswertes pr\u00e4ferieren, so sollte er dies bei der Wahl der Optionen auch ber\u00fccksichtigen. Glaubt er zum Beispiel, dass der Basiswert eher steigen wird, so sollte die Call Option leicht aus dem Geld sein. Die Put Option w\u00e4re dementsprechend leicht im Geld, da bei einem Straddle der Basispreis der Call und Put Option immer identisch sein muss. Steigt tats\u00e4chlich der Basiswert, befinden sich dann wieder beide Optionen am Geld und der Anleger w\u00fcrde davon profitieren, dass beide am Geld-Optionen einem hohen Zeitwertverlust ausgesetzt sind. Dies f\u00fchrt dann dazu, dass der Wert beider Optionen sinkt. <\/p>\n","protected":false},"excerpt":{"rendered":"<p>Short Straddle ist eine Optionsstrategie, bei der der Anleger gleichzeitig eine Call Option (Short Call) und eine Put Option (Short Put) verkauft, welche in der Regel am Geld notieren und die gleichen Ausstattungsmerkmale (Basispreis, Laufzeit, Bezugsverh\u00e4ltnis) besitzen. Bei dieser Strategie profitiert der Anleger dann, wenn sich die Kurse des Basiswertes der Optionen nur sehr wenig [&hellip;]<\/p>\n","protected":false},"author":1,"featured_media":0,"parent":0,"menu_order":0,"comment_status":"closed","ping_status":"closed","template":"","meta":{"site-sidebar-layout":"default","site-content-layout":"","ast-site-content-layout":"","site-content-style":"default","site-sidebar-style":"default","ast-global-header-display":"","ast-banner-title-visibility":"","ast-main-header-display":"","ast-hfb-above-header-display":"","ast-hfb-below-header-display":"","ast-hfb-mobile-header-display":"","site-post-title":"","ast-breadcrumbs-content":"","ast-featured-img":"","footer-sml-layout":"","theme-transparent-header-meta":"","adv-header-id-meta":"","stick-header-meta":"","header-above-stick-meta":"","header-main-stick-meta":"","header-below-stick-meta":"","astra-migrate-meta-layouts":"default","ast-page-background-enabled":"default","ast-page-background-meta":{"desktop":{"background-color":"","background-image":"","background-repeat":"repeat","background-position":"center center","background-size":"auto","background-attachment":"scroll","background-type":"","background-media":"","overlay-type":"","overlay-color":"","overlay-opacity":"","overlay-gradient":""},"tablet":{"background-color":"","background-image":"","background-repeat":"repeat","background-position":"center center","background-size":"auto","background-attachment":"scroll","background-type":"","background-media":"","overlay-type":"","overlay-color":"","overlay-opacity":"","overlay-gradient":""},"mobile":{"background-color":"","background-image":"","background-repeat":"repeat","background-position":"center center","background-size":"auto","background-attachment":"scroll","background-type":"","background-media":"","overlay-type":"","overlay-color":"","overlay-opacity":"","overlay-gradient":""}},"ast-content-background-meta":{"desktop":{"background-color":"var(--ast-global-color-5)","background-image":"","background-repeat":"repeat","background-position":"center center","background-size":"auto","background-attachment":"scroll","background-type":"","background-media":"","overlay-type":"","overlay-color":"","overlay-opacity":"","overlay-gradient":""},"tablet":{"background-color":"var(--ast-global-color-5)","background-image":"","background-repeat":"repeat","background-position":"center center","background-size":"auto","background-attachment":"scroll","background-type":"","background-media":"","overlay-type":"","overlay-color":"","overlay-opacity":"","overlay-gradient":""},"mobile":{"background-color":"var(--ast-global-color-5)","background-image":"","background-repeat":"repeat","background-position":"center center","background-size":"auto","background-attachment":"scroll","background-type":"","background-media":"","overlay-type":"","overlay-color":"","overlay-opacity":"","overlay-gradient":""}},"footnotes":""},"class_list":["post-6229","page","type-page","status-publish","hentry"],"translation":{"provider":"WPGlobus","version":"3.0.2","language":"en","enabled_languages":["de","en"],"languages":{"de":{"title":true,"content":true,"excerpt":false},"en":{"title":false,"content":false,"excerpt":false}}},"featured_image_urls_v2":{"full":"","thumbnail":"","medium":"","medium_large":"","large":"","1536x1536":"","2048x2048":""},"post_excerpt_stackable_v2":"<p>Short Straddle ist eine Optionsstrategie, bei der der Anleger gleichzeitig eine Call Option (Short Call) und eine Put Option (Short Put) verkauft, welche in der Regel am Geld notieren und die gleichen Ausstattungsmerkmale (Basispreis, Laufzeit, Bezugsverh\u00e4ltnis) besitzen. Bei dieser Strategie profitiert der Anleger dann, wenn sich die Kurse des Basiswertes der Optionen nur sehr wenig bis \u00fcberhaupt gar nicht bewegen. Mit der Short Straddle Strategie kann zudem auf eine abnehmende Volatilit\u00e4t spekuliert werden, da die Volatilit\u00e4t einer Option den Optionspreis stark beeinflusst und allgemein gilt, dass umso niedriger die Volatilit\u00e4t ist, desto mehr sinkt auch der Wert der Option, da&hellip;<\/p>\n","category_list_v2":"","author_info_v2":{"name":"PrudentWater","url":"https:\/\/prudentwater.com\/en\/author\/niklas33\/"},"comments_num_v2":"0 comments","_links":{"self":[{"href":"https:\/\/prudentwater.com\/en\/wp-json\/wp\/v2\/pages\/6229","targetHints":{"allow":["GET"]}}],"collection":[{"href":"https:\/\/prudentwater.com\/en\/wp-json\/wp\/v2\/pages"}],"about":[{"href":"https:\/\/prudentwater.com\/en\/wp-json\/wp\/v2\/types\/page"}],"author":[{"embeddable":true,"href":"https:\/\/prudentwater.com\/en\/wp-json\/wp\/v2\/users\/1"}],"replies":[{"embeddable":true,"href":"https:\/\/prudentwater.com\/en\/wp-json\/wp\/v2\/comments?post=6229"}],"version-history":[{"count":0,"href":"https:\/\/prudentwater.com\/en\/wp-json\/wp\/v2\/pages\/6229\/revisions"}],"wp:attachment":[{"href":"https:\/\/prudentwater.com\/en\/wp-json\/wp\/v2\/media?parent=6229"}],"curies":[{"name":"wp","href":"https:\/\/api.w.org\/{rel}","templated":true}]}}