{"id":6251,"date":"2016-03-01T11:43:54","date_gmt":"2016-03-01T11:43:54","guid":{"rendered":"http:\/\/www.kunnskap.de\/?page_id=6251"},"modified":"2021-06-25T12:50:08","modified_gmt":"2021-06-25T10:50:08","slug":"range-option","status":"publish","type":"page","link":"https:\/\/prudentwater.com\/en\/range-option\/","title":{"rendered":"Range Option"},"content":{"rendered":"<p>Auch <strong>Boundary Option<\/strong><\/p>\n<p>Der K\u00e4ufer einer Range Option spekuliert darauf, dass sich der Kurs des Basiswertes innerhalb einer bestimmten und vorher festgelegten Bandbreite f\u00fcr die Laufzeit der Option bewegen wird. Er spekuliert somit auf eine geringe Volatilit\u00e4t des Basiswertes. Dabei gibt es jedoch verschiedene Arten von Range Optionen. Entweder verf\u00e4llt die Option, sobald der Kurs die Bandbreite \u00fcberschritten hat oder aber die Option wird nur f\u00fcr den Zeitraum ausgesetzt, in dem der Kurs des Basiswertes die Bandbreite verlassen hat. Kommt der Kurs jedoch wieder zur\u00fcck in die Spanne, so wird die Option wieder &#8216;aktiviert&#8217;.<br \/>\nIn der Regel bekommt der K\u00e4ufer einer Range Option t\u00e4glich einen bestimmten Betrag ausgezahlt, wenn sich der Basiswert innerhalb der festgelegten Bandbreite befindet. Eine Range Option mit einer Bandbreite von 40\u20ac &#8211; 55\u20ac und einer Laufzeit von 365 Tagen auf Aktie XY w\u00fcrde dem K\u00e4ufer f\u00fcr jeden Tag, an dem sich die Aktie innerhalb der Spanne befindet, 0,05\u20ac bezahlen. Bei einem Kaufpreis von 6,50 \u20ac, m\u00fcsste sich die Aktie mindestens 130 Tage innerhalb dieser Bandbreite befinden, damit der K\u00e4ufer keinen Verlust erleidet. Ab dem 131. Tag w\u00fcrde er dann einen Gewinn erzielen.  <\/p>\n","protected":false},"excerpt":{"rendered":"<p>Auch Boundary Option Der K\u00e4ufer einer Range Option spekuliert darauf, dass sich der Kurs des Basiswertes innerhalb einer bestimmten und vorher festgelegten Bandbreite f\u00fcr die Laufzeit der Option bewegen wird. Er spekuliert somit auf eine geringe Volatilit\u00e4t des Basiswertes. Dabei gibt es jedoch verschiedene Arten von Range Optionen. Entweder verf\u00e4llt die Option, sobald der Kurs [&hellip;]<\/p>\n","protected":false},"author":1,"featured_media":0,"parent":0,"menu_order":0,"comment_status":"closed","ping_status":"closed","template":"","meta":{"site-sidebar-layout":"default","site-content-layout":"","ast-site-content-layout":"","site-content-style":"default","site-sidebar-style":"default","ast-global-header-display":"","ast-banner-title-visibility":"","ast-main-header-display":"","ast-hfb-above-header-display":"","ast-hfb-below-header-display":"","ast-hfb-mobile-header-display":"","site-post-title":"","ast-breadcrumbs-content":"","ast-featured-img":"","footer-sml-layout":"","theme-transparent-header-meta":"","adv-header-id-meta":"","stick-header-meta":"","header-above-stick-meta":"","header-main-stick-meta":"","header-below-stick-meta":"","astra-migrate-meta-layouts":"default","ast-page-background-enabled":"default","ast-page-background-meta":{"desktop":{"background-color":"","background-image":"","background-repeat":"repeat","background-position":"center center","background-size":"auto","background-attachment":"scroll","background-type":"","background-media":"","overlay-type":"","overlay-color":"","overlay-opacity":"","overlay-gradient":""},"tablet":{"background-color":"","background-image":"","background-repeat":"repeat","background-position":"center center","background-size":"auto","background-attachment":"scroll","background-type":"","background-media":"","overlay-type":"","overlay-color":"","overlay-opacity":"","overlay-gradient":""},"mobile":{"background-color":"","background-image":"","background-repeat":"repeat","background-position":"center center","background-size":"auto","background-attachment":"scroll","background-type":"","background-media":"","overlay-type":"","overlay-color":"","overlay-opacity":"","overlay-gradient":""}},"ast-content-background-meta":{"desktop":{"background-color":"var(--ast-global-color-5)","background-image":"","background-repeat":"repeat","background-position":"center center","background-size":"auto","background-attachment":"scroll","background-type":"","background-media":"","overlay-type":"","overlay-color":"","overlay-opacity":"","overlay-gradient":""},"tablet":{"background-color":"var(--ast-global-color-5)","background-image":"","background-repeat":"repeat","background-position":"center center","background-size":"auto","background-attachment":"scroll","background-type":"","background-media":"","overlay-type":"","overlay-color":"","overlay-opacity":"","overlay-gradient":""},"mobile":{"background-color":"var(--ast-global-color-5)","background-image":"","background-repeat":"repeat","background-position":"center center","background-size":"auto","background-attachment":"scroll","background-type":"","background-media":"","overlay-type":"","overlay-color":"","overlay-opacity":"","overlay-gradient":""}},"footnotes":""},"class_list":["post-6251","page","type-page","status-publish","hentry"],"translation":{"provider":"WPGlobus","version":"3.0.2","language":"en","enabled_languages":["de","en"],"languages":{"de":{"title":true,"content":true,"excerpt":false},"en":{"title":false,"content":false,"excerpt":false}}},"featured_image_urls_v2":{"full":"","thumbnail":"","medium":"","medium_large":"","large":"","1536x1536":"","2048x2048":""},"post_excerpt_stackable_v2":"<p>Auch Boundary Option Der K\u00e4ufer einer Range Option spekuliert darauf, dass sich der Kurs des Basiswertes innerhalb einer bestimmten und vorher festgelegten Bandbreite f\u00fcr die Laufzeit der Option bewegen wird. Er spekuliert somit auf eine geringe Volatilit\u00e4t des Basiswertes. Dabei gibt es jedoch verschiedene Arten von Range Optionen. Entweder verf\u00e4llt die Option, sobald der Kurs die Bandbreite \u00fcberschritten hat oder aber die Option wird nur f\u00fcr den Zeitraum ausgesetzt, in dem der Kurs des Basiswertes die Bandbreite verlassen hat. Kommt der Kurs jedoch wieder zur\u00fcck in die Spanne, so wird die Option wieder &#8216;aktiviert&#8217;. In der Regel bekommt der K\u00e4ufer&hellip;<\/p>\n","category_list_v2":"","author_info_v2":{"name":"PrudentWater","url":"https:\/\/prudentwater.com\/en\/author\/niklas33\/"},"comments_num_v2":"0 comments","_links":{"self":[{"href":"https:\/\/prudentwater.com\/en\/wp-json\/wp\/v2\/pages\/6251","targetHints":{"allow":["GET"]}}],"collection":[{"href":"https:\/\/prudentwater.com\/en\/wp-json\/wp\/v2\/pages"}],"about":[{"href":"https:\/\/prudentwater.com\/en\/wp-json\/wp\/v2\/types\/page"}],"author":[{"embeddable":true,"href":"https:\/\/prudentwater.com\/en\/wp-json\/wp\/v2\/users\/1"}],"replies":[{"embeddable":true,"href":"https:\/\/prudentwater.com\/en\/wp-json\/wp\/v2\/comments?post=6251"}],"version-history":[{"count":0,"href":"https:\/\/prudentwater.com\/en\/wp-json\/wp\/v2\/pages\/6251\/revisions"}],"wp:attachment":[{"href":"https:\/\/prudentwater.com\/en\/wp-json\/wp\/v2\/media?parent=6251"}],"curies":[{"name":"wp","href":"https:\/\/api.w.org\/{rel}","templated":true}]}}