{"id":6284,"date":"2016-03-03T21:55:44","date_gmt":"2016-03-03T21:55:44","guid":{"rendered":"http:\/\/www.kunnskap.de\/?page_id=6284"},"modified":"2024-02-25T11:28:18","modified_gmt":"2024-02-25T10:28:18","slug":"kurzel-hinter-aktien","status":"publish","type":"page","link":"https:\/\/prudentwater.com\/en\/kurzel-hinter-aktien\/","title":{"rendered":"K\u00fcrzel hinter Aktien"},"content":{"rendered":"<p><b>A \/ B<\/b>: Oftmals haben Aktien mit der Kennzeichnung &#8216;<b>A<\/b>&#8216; ein Stimmrecht, wohingegen Aktien des gleichen Unternehmens mit der Kennzeichnung &#8216;<b>B<\/b>&#8216; kein Stimmrecht haben. Es kann sich aber auch um unterschiedliche Stimmrechtsanteile handeln, in dem Fall spricht man von Dual-Class Shares. Gelegentlich kann es sich auch um einen Unterschied in der steuerlichen Behandlung der beiden Klassen handeln. So unterliegen beide Klassen unterschiedlichen Steuerrechten und somit oftmals auch einem anderen Steuersatz, welcher sich f\u00fcr ausl\u00e4ndische Investoren dann in der H\u00f6he der Quellensteuer bemerkbar macht.<\/p>\n<hr width=\"55%\" align=\"left\">\n<p><b>AB<\/b>: Steht f\u00fcr Aktiebolag. Dies ist die schwedische Form einer Aktiengesellschaft.<\/p>\n<hr width=\"55%\" align=\"left\">\n<p><b>ADR<\/b>: Es handelt sich nicht um Aktien, sondern um sogenannte American Depositary Receipts, welche stellvertrend f\u00fcr die im Wertpapiernamen genannte Aktie gehandelt werden.<\/p>\n<hr width=\"55%\" align=\"left\">\n<p><b>A-Shares<\/b>: Aktien von chinesischen Unternehmen, die entweder an der B\u00f6rse von Shanghai oder der B\u00f6rse von Shenzhen notiert sind. Diese Aktien werden in China nach chinesischem Recht ausgegeben und notieren in der chinesischen W\u00e4hrung Renminbi. A-Shares sind in der Regel nur f\u00fcr B\u00fcrger des chinesischen Festlands erh\u00e4ltlich. Die Gesetze des Landes erlauben ausl\u00e4ndischen Investoren zwar den Handel mit A-Shares, dies jedoch \u00fcber eine fest regulierte Struktur, welche nur f\u00fcr lizenzierte institutionelle Investoren gilt.<\/p>\n<hr width=\"55%\" align=\"left\">\n<p><b>Corp.<\/b>: Abk\u00fcrzung f\u00fcr Corporation. Oftmals die amerikanische Bezeichnung f\u00fcr Aktiengesellschaft.<\/p>\n<hr width=\"55%\" align=\"left\">\n<p><b>DL<\/b>: Diese Aktie notiert in US-Dollar. Die Ziffer dahinter bezeichnet den Nominalwert.<\/p>\n<hr width=\"55%\" align=\"left\">\n<p><b>EDR<\/b>: Es handelt sich nicht um Aktien, sondern um sogenannte European Depositary Receipts, welche stellvertrend f\u00fcr die im Wertpapiernamen genannte Aktie gehandelt werden.<\/p>\n<hr width=\"55%\" align=\"left\">\n<p><b>EO<\/b>: Diese Aktie notiert in Euro. Die Ziffer dahinter bezeichnet den Nominalwert. So bezeichnet beispielsweise <b>EO-,75<\/b>, dass der Nominalwert je Aktie bei 0,75 Euro liegt. Der aktuelle Aktienkurs und der Nominalwert der Aktie stehen in keinem Zusammenhang zueinander.<\/p>\n<hr width=\"55%\" align=\"left\">\n<p><b>exB:<\/b> oder <b>ex BR:<\/b> Ex Bezugsrecht, sprich, die Aktie wird ohne Anspruch auf den Erwerb junger Aktien gehandelt. Die M\u00f6glichkeit bestand jedoch aufgrund einer vorherigen Kapitalerh\u00f6hung. Sobald die Aktie mit <b>exB:<\/b> oder <b>ex BR<\/b> angegeben ist, ist dieses Recht erloschen.<\/p>\n<hr width=\"55%\" align=\"left\">\n<p><b> Ex Div:<\/b> Ex Dividende. Kauft ein Investor die Aktie mit diesem Zusatz, so erh\u00e4lt er die Dividende f\u00fcr das abgelaufene Gesch\u00e4ftsjahr nicht mehr.<\/p>\n<hr width=\"55%\" align=\"left\">\n<p><b>GDR<\/b>: Es handelt sich nicht um Aktien, sondern um sogenannte Global Depositary Receipts, welche stellvertrend f\u00fcr die im Wertpapiernamen genannte Aktie gehandelt werden.<\/p>\n<hr width=\"55%\" align=\"left\">\n<p><b>H-Shares<\/b>: Aktien chinesischer Unternehmen, die an der Hong Kong Stock Exchange gelistet sind und in Hong Kong Dollar notieren. Diese Aktiengesellschaften sind in Festlandchina ans\u00e4ssig und haben ihre Aktien in Form von H-Aktien (an den Hongkonger B\u00f6rse) und A-Aktien (an den chinesischen Festlandb\u00f6rsen) aufgeteilt. H-Aktien sind speziell f\u00fcr ausl\u00e4ndische Investoren zug\u00e4nglich, unterliegen jedoch bestimmten Regulierungen und Beschr\u00e4nkungen. H-Shares bieten ausl\u00e4ndischen Investoren die M\u00f6glichkeit in chinesische Unternehmen zu investieren, ohne direkt \u00fcber den chinesischen Aktienmarkt handeln zu m\u00fcssen.<\/p>\n<hr width=\"55%\" align=\"left\">\n<p><b>Inc.<\/b>: Weitere US-amerikanische Bedeutung f\u00fcr Aktiengesellschaft.<\/p>\n<hr width=\"55%\" align=\"left\">\n<p><b>Ltd<\/b>: Limited Company. Eine britische Bezeichnung. Diese l\u00e4sst sich mit der deutschen GmbH (Gesellschaft mit beschr\u00e4nkter Haftung) vergleichen.<\/p>\n<hr width=\"55%\" align=\"left\">\n<p><b>N.V.<\/b>: Niederl\u00e4ndische Abk\u00fcrzung f\u00fcr &#8220;naamloze vennootschap&#8221;. \u00dcbersetzt ins Deutsche: Aktiengesellschaft.<\/p>\n<hr width=\"55%\" align=\"left\">\n<p><b>o.N.<\/b>: Diese Aktie hat keinen Nennwert. Es handelt sich um eine St\u00fcckaktie und ist somit nennwertlos.<\/p>\n<hr width=\"55%\" align=\"left\">\n<p><b>ORD<\/b>: Die englische Bezeichnung f\u00fcr &#8220;Ordinary Shares&#8221;. Es handelt sich um gew\u00f6hnliche Aktien des Unternehmens, also um Stammaktien. <\/p>\n<hr width=\"55%\" align=\"left\">\n<p><b>Pfd<\/b>: Die Abk\u00fcrzung f\u00fcr die amerikansiche Preferred Stock. Wird oftmals mit der deutschen Vorzugsaktie verglichen, es gibt jedoch deutliche Unterschiede.<\/p>\n<hr width=\"55%\" align=\"left\">\n<p><b>PLC<\/b>: Public Limted Company. Britische Bezeichnung f\u00fcr Aktiengesellschaft.<\/p>\n<hr width=\"55%\" align=\"left\">\n<p><b>Registered Shares (Reg.Shs)<\/b>: Die englische Bezeichnung f\u00fcr Namensaktie.<\/p>\n<hr width=\"55%\" align=\"left\">\n<p><b>S.A.<\/b>: Soci\u00e9t\u00e9 Anonyme. Die franz\u00f6ische Bezeichnung f\u00fcr Aktiengesellschaft.<\/p>\n<hr width=\"55%\" align=\"left\">\n<p><b>SE<\/b>: Societas Europaea. Bei diesem Unternehmen handelt es sich um eine europ\u00e4ische Aktiengesellschaft.<\/p>\n<hr width=\"55%\" align=\"left\">\n<p><b>Shs<\/b>: Shares = Englische Bezeichnung f\u00fcr Aktien und ohne weitere Bedeutung.<\/p>\n<hr width=\"55%\" align=\"left\">\n<p><b>Sponsored (Spons.)<\/b>: American Depositary Receipt Sponsered Programm. Hierbei geht die Initiative von der Aktiengesellschaft aus. Eine Depotbank betreut f\u00fcr das Unternehmen die ADRs, indem sie diese ausgibt und zur\u00fccknimmt, Dividenden an die Halter der ADRs weiterleitet sowie Informationen bez\u00fcglich des Unternehmens weitergibt.<\/p>\n<hr width=\"55%\" align=\"left\">\n<p><b>ST<\/b>: Bei der Aktie handelt es sich um eine Stammaktie.<\/p>\n<hr width=\"55%\" align=\"left\">\n<p><b>Unsponsored<\/b>: American Depositary Receipt Unsponsered Programm. Die Initiative geht alleine von einem Finanzinstitut aus, welches jedoch nicht dazu verpflichtet ist, Informationen des Unternehmens an die Investoren weiterzuleiten oder andere Aufgaben zu \u00fcbernehmen. Der Emittent (das Unternehmen) ist nicht involviert. Die Kosten tragen regelm\u00e4\u00dfig die Halter der ADRs. Unsponsored ADRs dienen eher einem Zertifikat, um schlicht die Kursentwicklung der zugrunde liegenden Aktie nachzuverfolgen.<\/p>\n<hr width=\"55%\" align=\"left\">\n<p><b>VZ<\/b>: Bei der Aktie handelt es sich um eine Vorzugsaktie.<\/p>\n<hr width=\"55%\" align=\"left\">\n<p><b>Ziffer<\/b> &#8211; bspw. <b>EO-,01<\/b> oder <b>DL-,333<\/b>: Die Ziffer hinter dem Aktiennamen gibt den Nominalwert je Aktie an. Bei EO-,01 betr\u00e4gt der Nominalwert je Aktie 0,01 Euro und 0,333 USD bei DL-,333:. Zwischen aktuellem Aktienkurs und Nominalwert gibt es keinen direkten Zusammenhang.<\/p>\n<hr width=\"55%\" align=\"left\">\n<p><b>Ziffer<\/b> &#8211; bspw. <b>ADR\/2<\/b>: Die Kennziffer &#8216;2&#8217; bedeutet, dass jeder ADR-Schein zwei Stammaktien repr\u00e4sentiert. Ein ADR-Schein enth\u00e4lt somit auch die Dividende f\u00fcr zwei 2 Stammaktien des Unternehmens. Ebenso kann am Ende des Titels die Bezeichnung <b>\/50<\/b> stehen. In diesem Fall repr\u00e4sentiert ein ADR- oder auch ein GDR-Schein 50 tats\u00e4chliche Aktien des Unternehmens. Auch hier beeinhaltet ein ADR- oder GDR-Schein die Dividende f\u00fcr 50 Aktien des Unternehmens.<\/p>\n","protected":false},"excerpt":{"rendered":"<p>A \/ B: Oftmals haben Aktien mit der Kennzeichnung &#8216;A&#8216; ein Stimmrecht, wohingegen Aktien des gleichen Unternehmens mit der Kennzeichnung &#8216;B&#8216; kein Stimmrecht haben. Es kann sich aber auch um unterschiedliche Stimmrechtsanteile handeln, in dem Fall spricht man von Dual-Class Shares. Gelegentlich kann es sich auch um einen Unterschied in der steuerlichen Behandlung der beiden [&hellip;]<\/p>\n","protected":false},"author":1,"featured_media":0,"parent":0,"menu_order":0,"comment_status":"closed","ping_status":"closed","template":"","meta":{"site-sidebar-layout":"default","site-content-layout":"default","ast-site-content-layout":"default","site-content-style":"default","site-sidebar-style":"default","ast-global-header-display":"","ast-banner-title-visibility":"","ast-main-header-display":"","ast-hfb-above-header-display":"","ast-hfb-below-header-display":"","ast-hfb-mobile-header-display":"","site-post-title":"","ast-breadcrumbs-content":"","ast-featured-img":"","footer-sml-layout":"","theme-transparent-header-meta":"default","adv-header-id-meta":"","stick-header-meta":"","header-above-stick-meta":"","header-main-stick-meta":"","header-below-stick-meta":"","astra-migrate-meta-layouts":"set","ast-page-background-enabled":"default","ast-page-background-meta":{"desktop":{"background-color":"","background-image":"","background-repeat":"repeat","background-position":"center center","background-size":"auto","background-attachment":"scroll","background-type":"","background-media":"","overlay-type":"","overlay-color":"","overlay-opacity":"","overlay-gradient":""},"tablet":{"background-color":"","background-image":"","background-repeat":"repeat","background-position":"center center","background-size":"auto","background-attachment":"scroll","background-type":"","background-media":"","overlay-type":"","overlay-color":"","overlay-opacity":"","overlay-gradient":""},"mobile":{"background-color":"","background-image":"","background-repeat":"repeat","background-position":"center center","background-size":"auto","background-attachment":"scroll","background-type":"","background-media":"","overlay-type":"","overlay-color":"","overlay-opacity":"","overlay-gradient":""}},"ast-content-background-meta":{"desktop":{"background-color":"var(--ast-global-color-5)","background-image":"","background-repeat":"repeat","background-position":"center center","background-size":"auto","background-attachment":"scroll","background-type":"","background-media":"","overlay-type":"","overlay-color":"","overlay-opacity":"","overlay-gradient":""},"tablet":{"background-color":"var(--ast-global-color-5)","background-image":"","background-repeat":"repeat","background-position":"center center","background-size":"auto","background-attachment":"scroll","background-type":"","background-media":"","overlay-type":"","overlay-color":"","overlay-opacity":"","overlay-gradient":""},"mobile":{"background-color":"var(--ast-global-color-5)","background-image":"","background-repeat":"repeat","background-position":"center center","background-size":"auto","background-attachment":"scroll","background-type":"","background-media":"","overlay-type":"","overlay-color":"","overlay-opacity":"","overlay-gradient":""}},"footnotes":""},"class_list":["post-6284","page","type-page","status-publish","hentry"],"translation":{"provider":"WPGlobus","version":"3.0.2","language":"en","enabled_languages":["de","en"],"languages":{"de":{"title":true,"content":true,"excerpt":false},"en":{"title":false,"content":false,"excerpt":false}}},"featured_image_urls_v2":{"full":"","thumbnail":"","medium":"","medium_large":"","large":"","1536x1536":"","2048x2048":""},"post_excerpt_stackable_v2":"<p>A \/ B: Oftmals haben Aktien mit der Kennzeichnung &#8216;A&#8216; ein Stimmrecht, wohingegen Aktien des gleichen Unternehmens mit der Kennzeichnung &#8216;B&#8216; kein Stimmrecht haben. Es kann sich aber auch um unterschiedliche Stimmrechtsanteile handeln, in dem Fall spricht man von Dual-Class Shares. Gelegentlich kann es sich auch um einen Unterschied in der steuerlichen Behandlung der beiden Klassen handeln. So unterliegen beide Klassen unterschiedlichen Steuerrechten und somit oftmals auch einem anderen Steuersatz, welcher sich f\u00fcr ausl\u00e4ndische Investoren dann in der H\u00f6he der Quellensteuer bemerkbar macht. AB: Steht f\u00fcr Aktiebolag. Dies ist die schwedische Form einer Aktiengesellschaft. ADR: Es handelt sich nicht um&hellip;<\/p>\n","category_list_v2":"","author_info_v2":{"name":"PrudentWater","url":"https:\/\/prudentwater.com\/en\/author\/niklas33\/"},"comments_num_v2":"0 comments","_links":{"self":[{"href":"https:\/\/prudentwater.com\/en\/wp-json\/wp\/v2\/pages\/6284","targetHints":{"allow":["GET"]}}],"collection":[{"href":"https:\/\/prudentwater.com\/en\/wp-json\/wp\/v2\/pages"}],"about":[{"href":"https:\/\/prudentwater.com\/en\/wp-json\/wp\/v2\/types\/page"}],"author":[{"embeddable":true,"href":"https:\/\/prudentwater.com\/en\/wp-json\/wp\/v2\/users\/1"}],"replies":[{"embeddable":true,"href":"https:\/\/prudentwater.com\/en\/wp-json\/wp\/v2\/comments?post=6284"}],"version-history":[{"count":0,"href":"https:\/\/prudentwater.com\/en\/wp-json\/wp\/v2\/pages\/6284\/revisions"}],"wp:attachment":[{"href":"https:\/\/prudentwater.com\/en\/wp-json\/wp\/v2\/media?parent=6284"}],"curies":[{"name":"wp","href":"https:\/\/api.w.org\/{rel}","templated":true}]}}