{"id":6296,"date":"2016-03-04T19:04:53","date_gmt":"2016-03-04T19:04:53","guid":{"rendered":"http:\/\/www.kunnskap.de\/?page_id=6296"},"modified":"2021-08-13T13:02:51","modified_gmt":"2021-08-13T11:02:51","slug":"immaterielle-guter","status":"publish","type":"page","link":"https:\/\/prudentwater.com\/en\/immaterielle-guter\/","title":{"rendered":"Immaterielle Verm\u00f6gensgegenst\u00e4nde"},"content":{"rendered":"<p>Auch <strong>Immaterielle Verm\u00f6genswerte<\/strong><br \/>\nengl. <strong>Intangible Assets<\/strong><\/p>\n<p>Immaterielle Verm\u00f6gensgegenst\u00e4nde sind nicht-greifbare G\u00fcter, geh\u00f6ren jedoch trotzdem zu den Verm\u00f6genswerten eines Unternehmens und werden in der Bilanz dem Anlageverm\u00f6gen zugerechnet. Zu den immateriellen Verm\u00f6genswerten eines Unternehmens geh\u00f6ren Lizenzen, Patente, Schutzrechte, der Bekanntheitsgrad, Nutzungsberechtigungen sowie Ideen und Erfindungen. Immaterielle G\u00fcter z\u00e4hlen ebenso wie technische Anlagen und Maschinen zu der Substanz des Unternehmens, es ist jedoch \u00e4u\u00dferst schwer, eher unm\u00f6glich, den Wert der immateriellen Verm\u00f6gensgegenst\u00e4nde zu bestimmen.<br \/>\n<div class=\"perfect-pullquote vcard pullquote-align-full pullquote-border-placement-left\" style=\"border-color:#9cd3db !important;font-size:21px !important;\"><blockquote><p style=\"font-size:21px !important;\">Aufgrund des Wandels von der Industrie- hin zur Dienstleistungsgesellschaft sowie durch die an Einfluss zunehmenden Technologieunternehmen haben die immateriellen Verm\u00f6gensgegenst\u00e4nde signifikant an Bedeutung gewonnen.<\/p><\/blockquote><\/div>Die immateriellen Verm\u00f6gensgegenst\u00e4nde werden unterteilt in selbst geschaffene immaterielle Verm\u00f6gensgegenst\u00e4nde (Lizenzen, Patente, Schutzrechte&#8230;) und in den Gesch\u00e4fts- oder Firmenwert. Wird der Buchwert des Unternehmens ermittelt, flie\u00dfen die immateriellen G\u00fcter nicht in die Berechnung mit ein, sie sind trotzdem dem Anlageverm\u00f6gen zugeordnet.<\/p>\n","protected":false},"excerpt":{"rendered":"<p>Auch Immaterielle Verm\u00f6genswerte engl. Intangible Assets Immaterielle Verm\u00f6gensgegenst\u00e4nde sind nicht-greifbare G\u00fcter, geh\u00f6ren jedoch trotzdem zu den Verm\u00f6genswerten eines Unternehmens und werden in der Bilanz dem Anlageverm\u00f6gen zugerechnet. Zu den immateriellen Verm\u00f6genswerten eines Unternehmens geh\u00f6ren Lizenzen, Patente, Schutzrechte, der Bekanntheitsgrad, Nutzungsberechtigungen sowie Ideen und Erfindungen. Immaterielle G\u00fcter z\u00e4hlen ebenso wie technische Anlagen und Maschinen zu der [&hellip;]<\/p>\n","protected":false},"author":1,"featured_media":0,"parent":0,"menu_order":0,"comment_status":"closed","ping_status":"closed","template":"","meta":{"site-sidebar-layout":"default","site-content-layout":"default","ast-site-content-layout":"","site-content-style":"default","site-sidebar-style":"default","ast-global-header-display":"","ast-banner-title-visibility":"","ast-main-header-display":"","ast-hfb-above-header-display":"","ast-hfb-below-header-display":"","ast-hfb-mobile-header-display":"","site-post-title":"","ast-breadcrumbs-content":"","ast-featured-img":"","footer-sml-layout":"","theme-transparent-header-meta":"default","adv-header-id-meta":"","stick-header-meta":"","header-above-stick-meta":"","header-main-stick-meta":"","header-below-stick-meta":"","astra-migrate-meta-layouts":"default","ast-page-background-enabled":"default","ast-page-background-meta":{"desktop":{"background-color":"","background-image":"","background-repeat":"repeat","background-position":"center center","background-size":"auto","background-attachment":"scroll","background-type":"","background-media":"","overlay-type":"","overlay-color":"","overlay-opacity":"","overlay-gradient":""},"tablet":{"background-color":"","background-image":"","background-repeat":"repeat","background-position":"center center","background-size":"auto","background-attachment":"scroll","background-type":"","background-media":"","overlay-type":"","overlay-color":"","overlay-opacity":"","overlay-gradient":""},"mobile":{"background-color":"","background-image":"","background-repeat":"repeat","background-position":"center center","background-size":"auto","background-attachment":"scroll","background-type":"","background-media":"","overlay-type":"","overlay-color":"","overlay-opacity":"","overlay-gradient":""}},"ast-content-background-meta":{"desktop":{"background-color":"var(--ast-global-color-5)","background-image":"","background-repeat":"repeat","background-position":"center center","background-size":"auto","background-attachment":"scroll","background-type":"","background-media":"","overlay-type":"","overlay-color":"","overlay-opacity":"","overlay-gradient":""},"tablet":{"background-color":"var(--ast-global-color-5)","background-image":"","background-repeat":"repeat","background-position":"center center","background-size":"auto","background-attachment":"scroll","background-type":"","background-media":"","overlay-type":"","overlay-color":"","overlay-opacity":"","overlay-gradient":""},"mobile":{"background-color":"var(--ast-global-color-5)","background-image":"","background-repeat":"repeat","background-position":"center center","background-size":"auto","background-attachment":"scroll","background-type":"","background-media":"","overlay-type":"","overlay-color":"","overlay-opacity":"","overlay-gradient":""}},"footnotes":""},"class_list":["post-6296","page","type-page","status-publish","hentry"],"translation":{"provider":"WPGlobus","version":"3.0.2","language":"en","enabled_languages":["de","en"],"languages":{"de":{"title":true,"content":true,"excerpt":false},"en":{"title":false,"content":false,"excerpt":false}}},"featured_image_urls_v2":{"full":"","thumbnail":"","medium":"","medium_large":"","large":"","1536x1536":"","2048x2048":""},"post_excerpt_stackable_v2":"<p>Auch Immaterielle Verm\u00f6genswerte engl. Intangible Assets Immaterielle Verm\u00f6gensgegenst\u00e4nde sind nicht-greifbare G\u00fcter, geh\u00f6ren jedoch trotzdem zu den Verm\u00f6genswerten eines Unternehmens und werden in der Bilanz dem Anlageverm\u00f6gen zugerechnet. Zu den immateriellen Verm\u00f6genswerten eines Unternehmens geh\u00f6ren Lizenzen, Patente, Schutzrechte, der Bekanntheitsgrad, Nutzungsberechtigungen sowie Ideen und Erfindungen. Immaterielle G\u00fcter z\u00e4hlen ebenso wie technische Anlagen und Maschinen zu der Substanz des Unternehmens, es ist jedoch \u00e4u\u00dferst schwer, eher unm\u00f6glich, den Wert der immateriellen Verm\u00f6gensgegenst\u00e4nde zu bestimmen. Aufgrund des Wandels von der Industrie- hin zur Dienstleistungsgesellschaft sowie durch die an Einfluss zunehmenden Technologieunternehmen haben die immateriellen Verm\u00f6gensgegenst\u00e4nde signifikant an Bedeutung gewonnen.Die immateriellen Verm\u00f6gensgegenst\u00e4nde werden unterteilt&hellip;<\/p>\n","category_list_v2":"","author_info_v2":{"name":"PrudentWater","url":"https:\/\/prudentwater.com\/en\/author\/niklas33\/"},"comments_num_v2":"0 comments","_links":{"self":[{"href":"https:\/\/prudentwater.com\/en\/wp-json\/wp\/v2\/pages\/6296","targetHints":{"allow":["GET"]}}],"collection":[{"href":"https:\/\/prudentwater.com\/en\/wp-json\/wp\/v2\/pages"}],"about":[{"href":"https:\/\/prudentwater.com\/en\/wp-json\/wp\/v2\/types\/page"}],"author":[{"embeddable":true,"href":"https:\/\/prudentwater.com\/en\/wp-json\/wp\/v2\/users\/1"}],"replies":[{"embeddable":true,"href":"https:\/\/prudentwater.com\/en\/wp-json\/wp\/v2\/comments?post=6296"}],"version-history":[{"count":0,"href":"https:\/\/prudentwater.com\/en\/wp-json\/wp\/v2\/pages\/6296\/revisions"}],"wp:attachment":[{"href":"https:\/\/prudentwater.com\/en\/wp-json\/wp\/v2\/media?parent=6296"}],"curies":[{"name":"wp","href":"https:\/\/api.w.org\/{rel}","templated":true}]}}