{"id":6300,"date":"2016-03-06T11:59:50","date_gmt":"2016-03-06T11:59:50","guid":{"rendered":"http:\/\/www.kunnskap.de\/?page_id=6300"},"modified":"2021-06-25T12:50:15","modified_gmt":"2021-06-25T10:50:15","slug":"unternehmensanalyse","status":"publish","type":"page","link":"https:\/\/prudentwater.com\/en\/unternehmensanalyse\/","title":{"rendered":"Unternehmensanalyse"},"content":{"rendered":"<p>Die Unternehmensanalyse besch\u00e4ftigt sich zun\u00e4chst mit der operativen Situation (operatives Gesch\u00e4ft) des jeweiligen Unternehmens. Anschlie\u00dfend werden die aktuellen Erfolgs- und Liquidit\u00e4tskennzahlen herangezogen, um beurteilen zu k\u00f6nnen, welches Potenzial das Unternehmen in der Zukunft haben kann und folglich, wie viel Gewinn es erzielen kann. Dazu m\u00fcssen jedoch auch \u00e4u\u00dferliche Faktoren, welche das Gesch\u00e4ft des Unternehmens beeinflussen k\u00f6nnen, mit in die Analyse aufgenommen werden. Die politische Situation in dem entsprechenden Land ist beispielsweise ein Faktor, welche ebenfalls mitber\u00fccksichtigt werden muss, um die zuk\u00fcnftige Profitabilit\u00e4t des Unternehmens beurteilen zu k\u00f6nnen. Um das zuk\u00fcnftige Erfolgspotenzial des Unternehmens zu analysieren, werden u. a. der Cashflow, der Verschuldungsgrad sowie die Investitionskosten untersucht. <\/p>\n","protected":false},"excerpt":{"rendered":"<p>Die Unternehmensanalyse besch\u00e4ftigt sich zun\u00e4chst mit der operativen Situation (operatives Gesch\u00e4ft) des jeweiligen Unternehmens. Anschlie\u00dfend werden die aktuellen Erfolgs- und Liquidit\u00e4tskennzahlen herangezogen, um beurteilen zu k\u00f6nnen, welches Potenzial das Unternehmen in der Zukunft haben kann und folglich, wie viel Gewinn es erzielen kann. Dazu m\u00fcssen jedoch auch \u00e4u\u00dferliche Faktoren, welche das Gesch\u00e4ft des Unternehmens beeinflussen [&hellip;]<\/p>\n","protected":false},"author":1,"featured_media":0,"parent":0,"menu_order":0,"comment_status":"closed","ping_status":"closed","template":"","meta":{"site-sidebar-layout":"default","site-content-layout":"","ast-site-content-layout":"","site-content-style":"default","site-sidebar-style":"default","ast-global-header-display":"","ast-banner-title-visibility":"","ast-main-header-display":"","ast-hfb-above-header-display":"","ast-hfb-below-header-display":"","ast-hfb-mobile-header-display":"","site-post-title":"","ast-breadcrumbs-content":"","ast-featured-img":"","footer-sml-layout":"","theme-transparent-header-meta":"","adv-header-id-meta":"","stick-header-meta":"","header-above-stick-meta":"","header-main-stick-meta":"","header-below-stick-meta":"","astra-migrate-meta-layouts":"default","ast-page-background-enabled":"default","ast-page-background-meta":{"desktop":{"background-color":"","background-image":"","background-repeat":"repeat","background-position":"center center","background-size":"auto","background-attachment":"scroll","background-type":"","background-media":"","overlay-type":"","overlay-color":"","overlay-opacity":"","overlay-gradient":""},"tablet":{"background-color":"","background-image":"","background-repeat":"repeat","background-position":"center center","background-size":"auto","background-attachment":"scroll","background-type":"","background-media":"","overlay-type":"","overlay-color":"","overlay-opacity":"","overlay-gradient":""},"mobile":{"background-color":"","background-image":"","background-repeat":"repeat","background-position":"center center","background-size":"auto","background-attachment":"scroll","background-type":"","background-media":"","overlay-type":"","overlay-color":"","overlay-opacity":"","overlay-gradient":""}},"ast-content-background-meta":{"desktop":{"background-color":"var(--ast-global-color-5)","background-image":"","background-repeat":"repeat","background-position":"center center","background-size":"auto","background-attachment":"scroll","background-type":"","background-media":"","overlay-type":"","overlay-color":"","overlay-opacity":"","overlay-gradient":""},"tablet":{"background-color":"var(--ast-global-color-5)","background-image":"","background-repeat":"repeat","background-position":"center center","background-size":"auto","background-attachment":"scroll","background-type":"","background-media":"","overlay-type":"","overlay-color":"","overlay-opacity":"","overlay-gradient":""},"mobile":{"background-color":"var(--ast-global-color-5)","background-image":"","background-repeat":"repeat","background-position":"center center","background-size":"auto","background-attachment":"scroll","background-type":"","background-media":"","overlay-type":"","overlay-color":"","overlay-opacity":"","overlay-gradient":""}},"footnotes":""},"class_list":["post-6300","page","type-page","status-publish","hentry"],"translation":{"provider":"WPGlobus","version":"3.0.2","language":"en","enabled_languages":["de","en"],"languages":{"de":{"title":true,"content":true,"excerpt":false},"en":{"title":false,"content":false,"excerpt":false}}},"featured_image_urls_v2":{"full":"","thumbnail":"","medium":"","medium_large":"","large":"","1536x1536":"","2048x2048":""},"post_excerpt_stackable_v2":"<p>Die Unternehmensanalyse besch\u00e4ftigt sich zun\u00e4chst mit der operativen Situation (operatives Gesch\u00e4ft) des jeweiligen Unternehmens. Anschlie\u00dfend werden die aktuellen Erfolgs- und Liquidit\u00e4tskennzahlen herangezogen, um beurteilen zu k\u00f6nnen, welches Potenzial das Unternehmen in der Zukunft haben kann und folglich, wie viel Gewinn es erzielen kann. Dazu m\u00fcssen jedoch auch \u00e4u\u00dferliche Faktoren, welche das Gesch\u00e4ft des Unternehmens beeinflussen k\u00f6nnen, mit in die Analyse aufgenommen werden. Die politische Situation in dem entsprechenden Land ist beispielsweise ein Faktor, welche ebenfalls mitber\u00fccksichtigt werden muss, um die zuk\u00fcnftige Profitabilit\u00e4t des Unternehmens beurteilen zu k\u00f6nnen. Um das zuk\u00fcnftige Erfolgspotenzial des Unternehmens zu analysieren, werden u. a. der Cashflow,&hellip;<\/p>\n","category_list_v2":"","author_info_v2":{"name":"PrudentWater","url":"https:\/\/prudentwater.com\/en\/author\/niklas33\/"},"comments_num_v2":"0 comments","_links":{"self":[{"href":"https:\/\/prudentwater.com\/en\/wp-json\/wp\/v2\/pages\/6300","targetHints":{"allow":["GET"]}}],"collection":[{"href":"https:\/\/prudentwater.com\/en\/wp-json\/wp\/v2\/pages"}],"about":[{"href":"https:\/\/prudentwater.com\/en\/wp-json\/wp\/v2\/types\/page"}],"author":[{"embeddable":true,"href":"https:\/\/prudentwater.com\/en\/wp-json\/wp\/v2\/users\/1"}],"replies":[{"embeddable":true,"href":"https:\/\/prudentwater.com\/en\/wp-json\/wp\/v2\/comments?post=6300"}],"version-history":[{"count":0,"href":"https:\/\/prudentwater.com\/en\/wp-json\/wp\/v2\/pages\/6300\/revisions"}],"wp:attachment":[{"href":"https:\/\/prudentwater.com\/en\/wp-json\/wp\/v2\/media?parent=6300"}],"curies":[{"name":"wp","href":"https:\/\/api.w.org\/{rel}","templated":true}]}}