{"id":6327,"date":"2016-03-16T10:14:09","date_gmt":"2016-03-16T10:14:09","guid":{"rendered":"http:\/\/www.kunnskap.de\/?page_id=6327"},"modified":"2021-06-25T12:49:31","modified_gmt":"2021-06-25T10:49:31","slug":"jahresuberschuss","status":"publish","type":"page","link":"https:\/\/prudentwater.com\/en\/jahresuberschuss\/","title":{"rendered":"Jahres\u00fcberschuss"},"content":{"rendered":"<p>Auch <strong>Gewinn nach Steuern<\/strong><\/p>\n<p>Ein Jahres\u00fcberschuss wurde dann erzielt, wenn die Ertr\u00e4ge die Aufwendungen \u00fcbersteigen. Durch den Jahres\u00fcberschuss erh\u00f6ht sich das Eigenkapital des Unternehmens. Bei der Berechnung des Jahres\u00fcberschusses wird das Betriebsergebnis, das Finanzergebnis und das au\u00dferordentliche Ergebnis ber\u00fccksichtigt. Der Jahres\u00fcberschuss setzt sich somit aus diesen drei Komponenten zusammen. Zu dem au\u00dferordentlichen Ergebnis sind Ertr\u00e4ge oder Aufwendungen zu z\u00e4hlen, die nicht durch das operative Tagesgesch\u00e4ft erzielt wurden und nur einmalig anfallen. Der Jahres\u00fcberschuss entspricht jedoch nicht dem Bilanzgewinn, welcher hinterher entscheidend f\u00fcr die Gewinnaussch\u00fcttung ist. Der Jahres\u00fcberschuss ist n\u00e4mlich der Periodengewinn eines Gesch\u00e4ftsjahres vor Hinzurechnung des Gewinnvortrages bzw. vor Abzug eines Verlustvortrages sowie vor Abzug von Einstellungen in die Gewinnr\u00fccklagen bzw. vor Hinzurechnung der Entnahmen aus den Kapitalr\u00fccklagen\/Gewinnr\u00fccklagen.<\/p>\n","protected":false},"excerpt":{"rendered":"<p>Auch Gewinn nach Steuern Ein Jahres\u00fcberschuss wurde dann erzielt, wenn die Ertr\u00e4ge die Aufwendungen \u00fcbersteigen. Durch den Jahres\u00fcberschuss erh\u00f6ht sich das Eigenkapital des Unternehmens. Bei der Berechnung des Jahres\u00fcberschusses wird das Betriebsergebnis, das Finanzergebnis und das au\u00dferordentliche Ergebnis ber\u00fccksichtigt. Der Jahres\u00fcberschuss setzt sich somit aus diesen drei Komponenten zusammen. Zu dem au\u00dferordentlichen Ergebnis sind Ertr\u00e4ge [&hellip;]<\/p>\n","protected":false},"author":1,"featured_media":0,"parent":0,"menu_order":0,"comment_status":"closed","ping_status":"closed","template":"","meta":{"site-sidebar-layout":"default","site-content-layout":"","ast-site-content-layout":"","site-content-style":"default","site-sidebar-style":"default","ast-global-header-display":"","ast-banner-title-visibility":"","ast-main-header-display":"","ast-hfb-above-header-display":"","ast-hfb-below-header-display":"","ast-hfb-mobile-header-display":"","site-post-title":"","ast-breadcrumbs-content":"","ast-featured-img":"","footer-sml-layout":"","theme-transparent-header-meta":"","adv-header-id-meta":"","stick-header-meta":"","header-above-stick-meta":"","header-main-stick-meta":"","header-below-stick-meta":"","astra-migrate-meta-layouts":"default","ast-page-background-enabled":"default","ast-page-background-meta":{"desktop":{"background-color":"","background-image":"","background-repeat":"repeat","background-position":"center center","background-size":"auto","background-attachment":"scroll","background-type":"","background-media":"","overlay-type":"","overlay-color":"","overlay-opacity":"","overlay-gradient":""},"tablet":{"background-color":"","background-image":"","background-repeat":"repeat","background-position":"center center","background-size":"auto","background-attachment":"scroll","background-type":"","background-media":"","overlay-type":"","overlay-color":"","overlay-opacity":"","overlay-gradient":""},"mobile":{"background-color":"","background-image":"","background-repeat":"repeat","background-position":"center center","background-size":"auto","background-attachment":"scroll","background-type":"","background-media":"","overlay-type":"","overlay-color":"","overlay-opacity":"","overlay-gradient":""}},"ast-content-background-meta":{"desktop":{"background-color":"var(--ast-global-color-5)","background-image":"","background-repeat":"repeat","background-position":"center center","background-size":"auto","background-attachment":"scroll","background-type":"","background-media":"","overlay-type":"","overlay-color":"","overlay-opacity":"","overlay-gradient":""},"tablet":{"background-color":"var(--ast-global-color-5)","background-image":"","background-repeat":"repeat","background-position":"center center","background-size":"auto","background-attachment":"scroll","background-type":"","background-media":"","overlay-type":"","overlay-color":"","overlay-opacity":"","overlay-gradient":""},"mobile":{"background-color":"var(--ast-global-color-5)","background-image":"","background-repeat":"repeat","background-position":"center center","background-size":"auto","background-attachment":"scroll","background-type":"","background-media":"","overlay-type":"","overlay-color":"","overlay-opacity":"","overlay-gradient":""}},"footnotes":""},"class_list":["post-6327","page","type-page","status-publish","hentry"],"translation":{"provider":"WPGlobus","version":"3.0.2","language":"en","enabled_languages":["de","en"],"languages":{"de":{"title":true,"content":true,"excerpt":false},"en":{"title":false,"content":false,"excerpt":false}}},"featured_image_urls_v2":{"full":"","thumbnail":"","medium":"","medium_large":"","large":"","1536x1536":"","2048x2048":""},"post_excerpt_stackable_v2":"<p>Auch Gewinn nach Steuern Ein Jahres\u00fcberschuss wurde dann erzielt, wenn die Ertr\u00e4ge die Aufwendungen \u00fcbersteigen. Durch den Jahres\u00fcberschuss erh\u00f6ht sich das Eigenkapital des Unternehmens. Bei der Berechnung des Jahres\u00fcberschusses wird das Betriebsergebnis, das Finanzergebnis und das au\u00dferordentliche Ergebnis ber\u00fccksichtigt. Der Jahres\u00fcberschuss setzt sich somit aus diesen drei Komponenten zusammen. Zu dem au\u00dferordentlichen Ergebnis sind Ertr\u00e4ge oder Aufwendungen zu z\u00e4hlen, die nicht durch das operative Tagesgesch\u00e4ft erzielt wurden und nur einmalig anfallen. Der Jahres\u00fcberschuss entspricht jedoch nicht dem Bilanzgewinn, welcher hinterher entscheidend f\u00fcr die Gewinnaussch\u00fcttung ist. Der Jahres\u00fcberschuss ist n\u00e4mlich der Periodengewinn eines Gesch\u00e4ftsjahres vor Hinzurechnung des Gewinnvortrages bzw. vor Abzug&hellip;<\/p>\n","category_list_v2":"","author_info_v2":{"name":"PrudentWater","url":"https:\/\/prudentwater.com\/en\/author\/niklas33\/"},"comments_num_v2":"0 comments","_links":{"self":[{"href":"https:\/\/prudentwater.com\/en\/wp-json\/wp\/v2\/pages\/6327","targetHints":{"allow":["GET"]}}],"collection":[{"href":"https:\/\/prudentwater.com\/en\/wp-json\/wp\/v2\/pages"}],"about":[{"href":"https:\/\/prudentwater.com\/en\/wp-json\/wp\/v2\/types\/page"}],"author":[{"embeddable":true,"href":"https:\/\/prudentwater.com\/en\/wp-json\/wp\/v2\/users\/1"}],"replies":[{"embeddable":true,"href":"https:\/\/prudentwater.com\/en\/wp-json\/wp\/v2\/comments?post=6327"}],"version-history":[{"count":0,"href":"https:\/\/prudentwater.com\/en\/wp-json\/wp\/v2\/pages\/6327\/revisions"}],"wp:attachment":[{"href":"https:\/\/prudentwater.com\/en\/wp-json\/wp\/v2\/media?parent=6327"}],"curies":[{"name":"wp","href":"https:\/\/api.w.org\/{rel}","templated":true}]}}