{"id":6338,"date":"2016-03-17T08:23:46","date_gmt":"2016-03-17T08:23:46","guid":{"rendered":"http:\/\/www.kunnskap.de\/?page_id=6338"},"modified":"2023-01-03T08:28:08","modified_gmt":"2023-01-03T07:28:08","slug":"betriebsrentabilitat","status":"publish","type":"page","link":"https:\/\/prudentwater.com\/en\/betriebsrentabilitat\/","title":{"rendered":"Betriebsrentabilit\u00e4t"},"content":{"rendered":"<p>Auch <strong>Betriebsrendite<\/strong><\/p>\n<p>Die Betriebsrentabilit\u00e4t zeigt die Rendite des eingesetzten Kapitals eines Unternehmens f\u00fcr eine bestimmte Periode an. Die Kennzahl gibt somit an, wie sich das eingesetzte betriebsnotwendige Kapital innerhalb des Unternehmens verzinst hat.<\/p>\n<hr>\n<p><b><small>Formel:<\/small><\/b><br \/>\n<center><img loading=\"lazy\" decoding=\"async\" src=\"https:\/\/prudentwater.com\/wp-content\/uploads\/2023\/01\/Betriebsrentabilitaet.png\" alt=\"betriebsrentabilit\u00e4t\" class=\"alignnone size-full wp-image-6346\" width=\"611\" height=\"65\" title=\"\"><\/center><\/p>\n<hr>\n<p>Grundlage f\u00fcr die Berechnung ist das Betriebsergebnis und das betriebsnotwendige Verm\u00f6gen. Die Betriebsrentabilit\u00e4t gibt insgesamt einen besseren Einblick in die tats\u00e4chliche Ertragskraft des operativen Gesch\u00e4ftes und damit in die Hauptgesch\u00e4ftst\u00e4tigkeiten, da bei der Berechnung ausschlie\u00dflich das Ergebnis aus dem Kerngesch\u00e4ft herangezogen wird.<\/p>\n","protected":false},"excerpt":{"rendered":"<p>Auch Betriebsrendite Die Betriebsrentabilit\u00e4t zeigt die Rendite des eingesetzten Kapitals eines Unternehmens f\u00fcr eine bestimmte Periode an. Die Kennzahl gibt somit an, wie sich das eingesetzte betriebsnotwendige Kapital innerhalb des Unternehmens verzinst hat. Formel: Grundlage f\u00fcr die Berechnung ist das Betriebsergebnis und das betriebsnotwendige Verm\u00f6gen. Die Betriebsrentabilit\u00e4t gibt insgesamt einen besseren Einblick in die tats\u00e4chliche [&hellip;]<\/p>\n","protected":false},"author":1,"featured_media":0,"parent":0,"menu_order":0,"comment_status":"closed","ping_status":"closed","template":"","meta":{"site-sidebar-layout":"default","site-content-layout":"","ast-site-content-layout":"","site-content-style":"default","site-sidebar-style":"default","ast-global-header-display":"","ast-banner-title-visibility":"","ast-main-header-display":"","ast-hfb-above-header-display":"","ast-hfb-below-header-display":"","ast-hfb-mobile-header-display":"","site-post-title":"","ast-breadcrumbs-content":"","ast-featured-img":"","footer-sml-layout":"","theme-transparent-header-meta":"","adv-header-id-meta":"","stick-header-meta":"","header-above-stick-meta":"","header-main-stick-meta":"","header-below-stick-meta":"","astra-migrate-meta-layouts":"default","ast-page-background-enabled":"default","ast-page-background-meta":{"desktop":{"background-color":"","background-image":"","background-repeat":"repeat","background-position":"center center","background-size":"auto","background-attachment":"scroll","background-type":"","background-media":"","overlay-type":"","overlay-color":"","overlay-opacity":"","overlay-gradient":""},"tablet":{"background-color":"","background-image":"","background-repeat":"repeat","background-position":"center center","background-size":"auto","background-attachment":"scroll","background-type":"","background-media":"","overlay-type":"","overlay-color":"","overlay-opacity":"","overlay-gradient":""},"mobile":{"background-color":"","background-image":"","background-repeat":"repeat","background-position":"center center","background-size":"auto","background-attachment":"scroll","background-type":"","background-media":"","overlay-type":"","overlay-color":"","overlay-opacity":"","overlay-gradient":""}},"ast-content-background-meta":{"desktop":{"background-color":"var(--ast-global-color-5)","background-image":"","background-repeat":"repeat","background-position":"center center","background-size":"auto","background-attachment":"scroll","background-type":"","background-media":"","overlay-type":"","overlay-color":"","overlay-opacity":"","overlay-gradient":""},"tablet":{"background-color":"var(--ast-global-color-5)","background-image":"","background-repeat":"repeat","background-position":"center center","background-size":"auto","background-attachment":"scroll","background-type":"","background-media":"","overlay-type":"","overlay-color":"","overlay-opacity":"","overlay-gradient":""},"mobile":{"background-color":"var(--ast-global-color-5)","background-image":"","background-repeat":"repeat","background-position":"center center","background-size":"auto","background-attachment":"scroll","background-type":"","background-media":"","overlay-type":"","overlay-color":"","overlay-opacity":"","overlay-gradient":""}},"footnotes":""},"class_list":["post-6338","page","type-page","status-publish","hentry"],"translation":{"provider":"WPGlobus","version":"3.0.2","language":"en","enabled_languages":["de","en"],"languages":{"de":{"title":true,"content":true,"excerpt":false},"en":{"title":false,"content":false,"excerpt":false}}},"featured_image_urls_v2":{"full":"","thumbnail":"","medium":"","medium_large":"","large":"","1536x1536":"","2048x2048":""},"post_excerpt_stackable_v2":"<p>Auch Betriebsrendite Die Betriebsrentabilit\u00e4t zeigt die Rendite des eingesetzten Kapitals eines Unternehmens f\u00fcr eine bestimmte Periode an. Die Kennzahl gibt somit an, wie sich das eingesetzte betriebsnotwendige Kapital innerhalb des Unternehmens verzinst hat. Formel: Grundlage f\u00fcr die Berechnung ist das Betriebsergebnis und das betriebsnotwendige Verm\u00f6gen. Die Betriebsrentabilit\u00e4t gibt insgesamt einen besseren Einblick in die tats\u00e4chliche Ertragskraft des operativen Gesch\u00e4ftes und damit in die Hauptgesch\u00e4ftst\u00e4tigkeiten, da bei der Berechnung ausschlie\u00dflich das Ergebnis aus dem Kerngesch\u00e4ft herangezogen wird.<\/p>\n","category_list_v2":"","author_info_v2":{"name":"PrudentWater","url":"https:\/\/prudentwater.com\/en\/author\/niklas33\/"},"comments_num_v2":"0 comments","_links":{"self":[{"href":"https:\/\/prudentwater.com\/en\/wp-json\/wp\/v2\/pages\/6338","targetHints":{"allow":["GET"]}}],"collection":[{"href":"https:\/\/prudentwater.com\/en\/wp-json\/wp\/v2\/pages"}],"about":[{"href":"https:\/\/prudentwater.com\/en\/wp-json\/wp\/v2\/types\/page"}],"author":[{"embeddable":true,"href":"https:\/\/prudentwater.com\/en\/wp-json\/wp\/v2\/users\/1"}],"replies":[{"embeddable":true,"href":"https:\/\/prudentwater.com\/en\/wp-json\/wp\/v2\/comments?post=6338"}],"version-history":[{"count":0,"href":"https:\/\/prudentwater.com\/en\/wp-json\/wp\/v2\/pages\/6338\/revisions"}],"wp:attachment":[{"href":"https:\/\/prudentwater.com\/en\/wp-json\/wp\/v2\/media?parent=6338"}],"curies":[{"name":"wp","href":"https:\/\/api.w.org\/{rel}","templated":true}]}}