{"id":6383,"date":"2016-03-17T18:00:21","date_gmt":"2016-03-17T18:00:21","guid":{"rendered":"http:\/\/www.kunnskap.de\/?page_id=6383"},"modified":"2021-08-27T15:22:46","modified_gmt":"2021-08-27T13:22:46","slug":"working-capital","status":"publish","type":"page","link":"https:\/\/prudentwater.com\/en\/working-capital\/","title":{"rendered":"Working Capital"},"content":{"rendered":"<p>Auch <strong>Betriebskapital<\/strong> oder <strong>Net Current Assets<\/strong><\/p>\n<p>Das Working Capital ist die Differenz von Umlaufverm\u00f6gen und kurzfristigen Verbindlichkeiten. Damit dr\u00fcckt das Working Capital die kurzfristige Zahlungsf\u00e4higkeit des Unternehmens aus. Bei einem \u00dcberschuss gibt das Working Capital an, wie hoch die Finanzmittel sind, mit denen das Unternehmen den t\u00e4glichen Betrieb aktuell f\u00fchren kann &#8211; also &#8211; mit welchen Finanzmitteln das Unternehmen aktuell arbeiten kann.<\/p>\n<hr>\n<h6>Berechnung<\/h6>\n<p style=\"margin-bottom: 30px;\">\n<\/p><p><img decoding=\"async\" class=\"aligncenter size-full wp-image-11424\" src=\"https:\/\/prudentwater.com\/wp-content\/uploads\/2021\/08\/Working-Capital.png\" alt=\"\" width=\"100%\" height=\"269\" title=\"\"><\/p>\n<hr>\n\n\n<div class=\"wp-block-advgb-list\"><ul class=\"advgblist-5288bb7a-5ceb-4d4b-9674-0c6801613c13 advgb-list advgb-list-yes\"><li><strong>Fl\u00fcssige Mittel<\/strong> sind Zahlungsmittel und Zahlungsmittel\u00e4quivalente bestehend aus Bank- und Kassenbest\u00e4nden, Schecks und liquiden Wertpapieren.<\/li><li><strong>Kurzfristige Forderungen<\/strong> sind offene Forderungen aus Lieferungen und Leistungen bei Kunden mit einer Restlaufzeit von weniger als 12 Monaten.<\/li><li><strong>Vorr\u00e4te<\/strong> sind bereits produzierte Waren auf Lager.<\/li><li><strong>Kurzfristige Verbindlichkeiten<\/strong> habe eine Restlaufzeit von bis zu 12 Monaten und bestehen vor allem aus Lieferkrediten und Bankkrediten sowie Steuerr\u00fcckstellungen und sonstigen R\u00fcckstellungen.<\/li><\/ul><\/div>\n\n\n<p>Ein positives Working Capital zeigt den Anteil des Umlaufverm\u00f6gens auf, der mittel- bis langfristig vom Unternehmen finanziert worden ist. Bei einem negativen Working Capital sind jedoch Teile des Anlageverm\u00f6gens kurzfristig finanziert. Dies spricht jedoch gegen die goldene Bilanzregel und kann bei dem Unternehmen zu einem gef\u00e4hrlichen Liquidit\u00e4tsengpass f\u00fchren.<\/p>","protected":false},"excerpt":{"rendered":"<p>Auch Betriebskapital oder Net Current Assets Das Working Capital ist die Differenz von Umlaufverm\u00f6gen und kurzfristigen Verbindlichkeiten. Damit dr\u00fcckt das Working Capital die kurzfristige Zahlungsf\u00e4higkeit des Unternehmens aus. Bei einem \u00dcberschuss gibt das Working Capital an, wie hoch die Finanzmittel sind, mit denen das Unternehmen den t\u00e4glichen Betrieb aktuell f\u00fchren kann &#8211; also &#8211; mit [&hellip;]<\/p>\n","protected":false},"author":1,"featured_media":0,"parent":0,"menu_order":0,"comment_status":"closed","ping_status":"closed","template":"","meta":{"site-sidebar-layout":"default","site-content-layout":"default","ast-site-content-layout":"","site-content-style":"default","site-sidebar-style":"default","ast-global-header-display":"","ast-banner-title-visibility":"","ast-main-header-display":"","ast-hfb-above-header-display":"","ast-hfb-below-header-display":"","ast-hfb-mobile-header-display":"","site-post-title":"","ast-breadcrumbs-content":"","ast-featured-img":"","footer-sml-layout":"","theme-transparent-header-meta":"default","adv-header-id-meta":"","stick-header-meta":"","header-above-stick-meta":"","header-main-stick-meta":"","header-below-stick-meta":"","astra-migrate-meta-layouts":"default","ast-page-background-enabled":"default","ast-page-background-meta":{"desktop":{"background-color":"","background-image":"","background-repeat":"repeat","background-position":"center center","background-size":"auto","background-attachment":"scroll","background-type":"","background-media":"","overlay-type":"","overlay-color":"","overlay-opacity":"","overlay-gradient":""},"tablet":{"background-color":"","background-image":"","background-repeat":"repeat","background-position":"center center","background-size":"auto","background-attachment":"scroll","background-type":"","background-media":"","overlay-type":"","overlay-color":"","overlay-opacity":"","overlay-gradient":""},"mobile":{"background-color":"","background-image":"","background-repeat":"repeat","background-position":"center center","background-size":"auto","background-attachment":"scroll","background-type":"","background-media":"","overlay-type":"","overlay-color":"","overlay-opacity":"","overlay-gradient":""}},"ast-content-background-meta":{"desktop":{"background-color":"var(--ast-global-color-5)","background-image":"","background-repeat":"repeat","background-position":"center center","background-size":"auto","background-attachment":"scroll","background-type":"","background-media":"","overlay-type":"","overlay-color":"","overlay-opacity":"","overlay-gradient":""},"tablet":{"background-color":"var(--ast-global-color-5)","background-image":"","background-repeat":"repeat","background-position":"center center","background-size":"auto","background-attachment":"scroll","background-type":"","background-media":"","overlay-type":"","overlay-color":"","overlay-opacity":"","overlay-gradient":""},"mobile":{"background-color":"var(--ast-global-color-5)","background-image":"","background-repeat":"repeat","background-position":"center center","background-size":"auto","background-attachment":"scroll","background-type":"","background-media":"","overlay-type":"","overlay-color":"","overlay-opacity":"","overlay-gradient":""}},"footnotes":""},"class_list":["post-6383","page","type-page","status-publish","hentry"],"translation":{"provider":"WPGlobus","version":"3.0.2","language":"en","enabled_languages":["de","en"],"languages":{"de":{"title":true,"content":true,"excerpt":false},"en":{"title":false,"content":false,"excerpt":false}}},"featured_image_urls_v2":{"full":"","thumbnail":"","medium":"","medium_large":"","large":"","1536x1536":"","2048x2048":""},"post_excerpt_stackable_v2":"<p>Auch Betriebskapital oder Net Current Assets Das Working Capital ist die Differenz von Umlaufverm\u00f6gen und kurzfristigen Verbindlichkeiten. Damit dr\u00fcckt das Working Capital die kurzfristige Zahlungsf\u00e4higkeit des Unternehmens aus. Bei einem \u00dcberschuss gibt das Working Capital an, wie hoch die Finanzmittel sind, mit denen das Unternehmen den t\u00e4glichen Betrieb aktuell f\u00fchren kann &#8211; also &#8211; mit welchen Finanzmitteln das Unternehmen aktuell arbeiten kann. Berechnung Fl\u00fcssige Mittel sind Zahlungsmittel und Zahlungsmittel\u00e4quivalente bestehend aus Bank- und Kassenbest\u00e4nden, Schecks und liquiden Wertpapieren.Kurzfristige Forderungen sind offene Forderungen aus Lieferungen und Leistungen bei Kunden mit einer Restlaufzeit von weniger als 12 Monaten.Vorr\u00e4te sind bereits produzierte Waren&hellip;<\/p>\n","category_list_v2":"","author_info_v2":{"name":"PrudentWater","url":"https:\/\/prudentwater.com\/en\/author\/niklas33\/"},"comments_num_v2":"0 comments","_links":{"self":[{"href":"https:\/\/prudentwater.com\/en\/wp-json\/wp\/v2\/pages\/6383","targetHints":{"allow":["GET"]}}],"collection":[{"href":"https:\/\/prudentwater.com\/en\/wp-json\/wp\/v2\/pages"}],"about":[{"href":"https:\/\/prudentwater.com\/en\/wp-json\/wp\/v2\/types\/page"}],"author":[{"embeddable":true,"href":"https:\/\/prudentwater.com\/en\/wp-json\/wp\/v2\/users\/1"}],"replies":[{"embeddable":true,"href":"https:\/\/prudentwater.com\/en\/wp-json\/wp\/v2\/comments?post=6383"}],"version-history":[{"count":0,"href":"https:\/\/prudentwater.com\/en\/wp-json\/wp\/v2\/pages\/6383\/revisions"}],"wp:attachment":[{"href":"https:\/\/prudentwater.com\/en\/wp-json\/wp\/v2\/media?parent=6383"}],"curies":[{"name":"wp","href":"https:\/\/api.w.org\/{rel}","templated":true}]}}