{"id":6409,"date":"2016-03-18T09:54:25","date_gmt":"2016-03-18T09:54:25","guid":{"rendered":"http:\/\/www.kunnskap.de\/?page_id=6409"},"modified":"2022-12-19T17:54:16","modified_gmt":"2022-12-19T16:54:16","slug":"innenfinanzierungskraft","status":"publish","type":"page","link":"https:\/\/prudentwater.com\/en\/innenfinanzierungskraft\/","title":{"rendered":"Innenfinanzierungskraft"},"content":{"rendered":"<p>Die Innenfinanzierungskraft zeigt auf, wie sehr ein Unternehmen in der Lage ist, seine get\u00e4tigten Investitionen durch den Cashflow zu bestreiten. Je h\u00f6her die Kennziffer, desto weniger ist das Unternehmen auf Fremdkapital angewiesen, um Investitionen t\u00e4tigen zu k\u00f6nnen. Liegt die Kennziffer \u00fcber 1, so deckt der Cashflow die Investitionskosten ab und das Unternehmen ist nicht von Au\u00dfenfinanzierungen abh\u00e4ngig, um Investitionen t\u00e4tigen zu k\u00f6nnen. Investitionen sind jedoch notwendig und \u00fcberlebenswichtig, damit das Unternehmen langfristig am Markt bestehen kann. Diese m\u00fcssen aber eben finanziert werden k\u00f6nnen &#8211; die Innenfinanzierungskraft dr\u00fcckt diesen Zusammenhang aus.<\/p>\n<hr>\n<p><b><small>Berechnung:<\/small><\/b><br \/>\n<center><img loading=\"lazy\" decoding=\"async\" src=\"https:\/\/prudentwater.com\/wp-content\/uploads\/2021\/01\/Innenfinanzierungskraft.png\" alt=\"\" class=\"alignnone size-full wp-image-8706\" width=\"560\" height=\"56\" title=\"\"><\/center><\/p>\n<hr>\n<p>Die Innenfinanzierung beschreibt allgemein die Finanzierung des Unternehmens aus dessen T\u00e4tigkeiten heraus &#8211; also durch Umsatzerl\u00f6se, sonstige Ertr\u00e4ge und Desinvestitionen.<\/p>\n","protected":false},"excerpt":{"rendered":"<p>Die Innenfinanzierungskraft zeigt auf, wie sehr ein Unternehmen in der Lage ist, seine get\u00e4tigten Investitionen durch den Cashflow zu bestreiten. Je h\u00f6her die Kennziffer, desto weniger ist das Unternehmen auf Fremdkapital angewiesen, um Investitionen t\u00e4tigen zu k\u00f6nnen. Liegt die Kennziffer \u00fcber 1, so deckt der Cashflow die Investitionskosten ab und das Unternehmen ist nicht von [&hellip;]<\/p>\n","protected":false},"author":1,"featured_media":0,"parent":0,"menu_order":0,"comment_status":"closed","ping_status":"closed","template":"","meta":{"site-sidebar-layout":"default","site-content-layout":"","ast-site-content-layout":"","site-content-style":"default","site-sidebar-style":"default","ast-global-header-display":"","ast-banner-title-visibility":"","ast-main-header-display":"","ast-hfb-above-header-display":"","ast-hfb-below-header-display":"","ast-hfb-mobile-header-display":"","site-post-title":"","ast-breadcrumbs-content":"","ast-featured-img":"","footer-sml-layout":"","theme-transparent-header-meta":"","adv-header-id-meta":"","stick-header-meta":"","header-above-stick-meta":"","header-main-stick-meta":"","header-below-stick-meta":"","astra-migrate-meta-layouts":"default","ast-page-background-enabled":"default","ast-page-background-meta":{"desktop":{"background-color":"","background-image":"","background-repeat":"repeat","background-position":"center center","background-size":"auto","background-attachment":"scroll","background-type":"","background-media":"","overlay-type":"","overlay-color":"","overlay-opacity":"","overlay-gradient":""},"tablet":{"background-color":"","background-image":"","background-repeat":"repeat","background-position":"center center","background-size":"auto","background-attachment":"scroll","background-type":"","background-media":"","overlay-type":"","overlay-color":"","overlay-opacity":"","overlay-gradient":""},"mobile":{"background-color":"","background-image":"","background-repeat":"repeat","background-position":"center center","background-size":"auto","background-attachment":"scroll","background-type":"","background-media":"","overlay-type":"","overlay-color":"","overlay-opacity":"","overlay-gradient":""}},"ast-content-background-meta":{"desktop":{"background-color":"var(--ast-global-color-5)","background-image":"","background-repeat":"repeat","background-position":"center center","background-size":"auto","background-attachment":"scroll","background-type":"","background-media":"","overlay-type":"","overlay-color":"","overlay-opacity":"","overlay-gradient":""},"tablet":{"background-color":"var(--ast-global-color-5)","background-image":"","background-repeat":"repeat","background-position":"center center","background-size":"auto","background-attachment":"scroll","background-type":"","background-media":"","overlay-type":"","overlay-color":"","overlay-opacity":"","overlay-gradient":""},"mobile":{"background-color":"var(--ast-global-color-5)","background-image":"","background-repeat":"repeat","background-position":"center center","background-size":"auto","background-attachment":"scroll","background-type":"","background-media":"","overlay-type":"","overlay-color":"","overlay-opacity":"","overlay-gradient":""}},"footnotes":""},"class_list":["post-6409","page","type-page","status-publish","hentry"],"translation":{"provider":"WPGlobus","version":"3.0.2","language":"en","enabled_languages":["de","en"],"languages":{"de":{"title":true,"content":true,"excerpt":false},"en":{"title":false,"content":false,"excerpt":false}}},"featured_image_urls_v2":{"full":"","thumbnail":"","medium":"","medium_large":"","large":"","1536x1536":"","2048x2048":""},"post_excerpt_stackable_v2":"<p>Die Innenfinanzierungskraft zeigt auf, wie sehr ein Unternehmen in der Lage ist, seine get\u00e4tigten Investitionen durch den Cashflow zu bestreiten. Je h\u00f6her die Kennziffer, desto weniger ist das Unternehmen auf Fremdkapital angewiesen, um Investitionen t\u00e4tigen zu k\u00f6nnen. Liegt die Kennziffer \u00fcber 1, so deckt der Cashflow die Investitionskosten ab und das Unternehmen ist nicht von Au\u00dfenfinanzierungen abh\u00e4ngig, um Investitionen t\u00e4tigen zu k\u00f6nnen. Investitionen sind jedoch notwendig und \u00fcberlebenswichtig, damit das Unternehmen langfristig am Markt bestehen kann. Diese m\u00fcssen aber eben finanziert werden k\u00f6nnen &#8211; die Innenfinanzierungskraft dr\u00fcckt diesen Zusammenhang aus. Berechnung: Die Innenfinanzierung beschreibt allgemein die Finanzierung des Unternehmens aus&hellip;<\/p>\n","category_list_v2":"","author_info_v2":{"name":"PrudentWater","url":"https:\/\/prudentwater.com\/en\/author\/niklas33\/"},"comments_num_v2":"0 comments","_links":{"self":[{"href":"https:\/\/prudentwater.com\/en\/wp-json\/wp\/v2\/pages\/6409","targetHints":{"allow":["GET"]}}],"collection":[{"href":"https:\/\/prudentwater.com\/en\/wp-json\/wp\/v2\/pages"}],"about":[{"href":"https:\/\/prudentwater.com\/en\/wp-json\/wp\/v2\/types\/page"}],"author":[{"embeddable":true,"href":"https:\/\/prudentwater.com\/en\/wp-json\/wp\/v2\/users\/1"}],"replies":[{"embeddable":true,"href":"https:\/\/prudentwater.com\/en\/wp-json\/wp\/v2\/comments?post=6409"}],"version-history":[{"count":0,"href":"https:\/\/prudentwater.com\/en\/wp-json\/wp\/v2\/pages\/6409\/revisions"}],"wp:attachment":[{"href":"https:\/\/prudentwater.com\/en\/wp-json\/wp\/v2\/media?parent=6409"}],"curies":[{"name":"wp","href":"https:\/\/api.w.org\/{rel}","templated":true}]}}