{"id":6535,"date":"2016-03-29T20:26:34","date_gmt":"2016-03-29T20:26:34","guid":{"rendered":"http:\/\/www.kunnskap.de\/?page_id=6535"},"modified":"2021-09-09T22:52:45","modified_gmt":"2021-09-09T20:52:45","slug":"zinsaufwand","status":"publish","type":"page","link":"https:\/\/prudentwater.com\/en\/zinsaufwand\/","title":{"rendered":"Zinsaufwand"},"content":{"rendered":"<p>engl. <strong>Interest Expense<\/strong><\/p>\n<h4>Zinsaufwand von klassischen Unternehmen<\/h4>\n<p>Der Zinsaufwand eines Unternehmens au\u00dferhalb der Finanzbranche setzt sich aus den Aufwendungen f\u00fcr Fremdkapital wie etwa durch Bankkredite, ausgegebenen Anleihen oder Darlehen zusammen und z\u00e4hlt zu den nicht-betrieblichen Kosten.<\/p>\n<h4>Zinsaufwand von Banken und Finanzinstituten<\/h4>\n<p>Der Zinsaufwand einer Bank ist der Betrag, welchen die Banken f\u00fcr die Geldeinlagen an ihre Kunden zahlen m\u00fcssen. Diese Geldeinlagen k\u00f6nnen Banken anschlie\u00dfend h\u00f6her verzinst in Form von Krediten ausgeben.<\/p>\n","protected":false},"excerpt":{"rendered":"<p>engl. Interest Expense Zinsaufwand von klassischen Unternehmen Der Zinsaufwand eines Unternehmens au\u00dferhalb der Finanzbranche setzt sich aus den Aufwendungen f\u00fcr Fremdkapital wie etwa durch Bankkredite, ausgegebenen Anleihen oder Darlehen zusammen und z\u00e4hlt zu den nicht-betrieblichen Kosten. Zinsaufwand von Banken und Finanzinstituten Der Zinsaufwand einer Bank ist der Betrag, welchen die Banken f\u00fcr die Geldeinlagen an [&hellip;]<\/p>\n","protected":false},"author":1,"featured_media":0,"parent":0,"menu_order":0,"comment_status":"closed","ping_status":"closed","template":"","meta":{"site-sidebar-layout":"default","site-content-layout":"default","ast-site-content-layout":"","site-content-style":"default","site-sidebar-style":"default","ast-global-header-display":"","ast-banner-title-visibility":"","ast-main-header-display":"","ast-hfb-above-header-display":"","ast-hfb-below-header-display":"","ast-hfb-mobile-header-display":"","site-post-title":"","ast-breadcrumbs-content":"","ast-featured-img":"","footer-sml-layout":"","theme-transparent-header-meta":"default","adv-header-id-meta":"","stick-header-meta":"","header-above-stick-meta":"","header-main-stick-meta":"","header-below-stick-meta":"","astra-migrate-meta-layouts":"default","ast-page-background-enabled":"default","ast-page-background-meta":{"desktop":{"background-color":"","background-image":"","background-repeat":"repeat","background-position":"center center","background-size":"auto","background-attachment":"scroll","background-type":"","background-media":"","overlay-type":"","overlay-color":"","overlay-opacity":"","overlay-gradient":""},"tablet":{"background-color":"","background-image":"","background-repeat":"repeat","background-position":"center center","background-size":"auto","background-attachment":"scroll","background-type":"","background-media":"","overlay-type":"","overlay-color":"","overlay-opacity":"","overlay-gradient":""},"mobile":{"background-color":"","background-image":"","background-repeat":"repeat","background-position":"center center","background-size":"auto","background-attachment":"scroll","background-type":"","background-media":"","overlay-type":"","overlay-color":"","overlay-opacity":"","overlay-gradient":""}},"ast-content-background-meta":{"desktop":{"background-color":"var(--ast-global-color-5)","background-image":"","background-repeat":"repeat","background-position":"center center","background-size":"auto","background-attachment":"scroll","background-type":"","background-media":"","overlay-type":"","overlay-color":"","overlay-opacity":"","overlay-gradient":""},"tablet":{"background-color":"var(--ast-global-color-5)","background-image":"","background-repeat":"repeat","background-position":"center center","background-size":"auto","background-attachment":"scroll","background-type":"","background-media":"","overlay-type":"","overlay-color":"","overlay-opacity":"","overlay-gradient":""},"mobile":{"background-color":"var(--ast-global-color-5)","background-image":"","background-repeat":"repeat","background-position":"center center","background-size":"auto","background-attachment":"scroll","background-type":"","background-media":"","overlay-type":"","overlay-color":"","overlay-opacity":"","overlay-gradient":""}},"footnotes":""},"class_list":["post-6535","page","type-page","status-publish","hentry"],"translation":{"provider":"WPGlobus","version":"3.0.2","language":"en","enabled_languages":["de","en"],"languages":{"de":{"title":true,"content":true,"excerpt":false},"en":{"title":false,"content":false,"excerpt":false}}},"featured_image_urls_v2":{"full":"","thumbnail":"","medium":"","medium_large":"","large":"","1536x1536":"","2048x2048":""},"post_excerpt_stackable_v2":"<p>engl. Interest Expense Zinsaufwand von klassischen Unternehmen Der Zinsaufwand eines Unternehmens au\u00dferhalb der Finanzbranche setzt sich aus den Aufwendungen f\u00fcr Fremdkapital wie etwa durch Bankkredite, ausgegebenen Anleihen oder Darlehen zusammen und z\u00e4hlt zu den nicht-betrieblichen Kosten. Zinsaufwand von Banken und Finanzinstituten Der Zinsaufwand einer Bank ist der Betrag, welchen die Banken f\u00fcr die Geldeinlagen an ihre Kunden zahlen m\u00fcssen. Diese Geldeinlagen k\u00f6nnen Banken anschlie\u00dfend h\u00f6her verzinst in Form von Krediten ausgeben.<\/p>\n","category_list_v2":"","author_info_v2":{"name":"PrudentWater","url":"https:\/\/prudentwater.com\/en\/author\/niklas33\/"},"comments_num_v2":"0 comments","_links":{"self":[{"href":"https:\/\/prudentwater.com\/en\/wp-json\/wp\/v2\/pages\/6535","targetHints":{"allow":["GET"]}}],"collection":[{"href":"https:\/\/prudentwater.com\/en\/wp-json\/wp\/v2\/pages"}],"about":[{"href":"https:\/\/prudentwater.com\/en\/wp-json\/wp\/v2\/types\/page"}],"author":[{"embeddable":true,"href":"https:\/\/prudentwater.com\/en\/wp-json\/wp\/v2\/users\/1"}],"replies":[{"embeddable":true,"href":"https:\/\/prudentwater.com\/en\/wp-json\/wp\/v2\/comments?post=6535"}],"version-history":[{"count":0,"href":"https:\/\/prudentwater.com\/en\/wp-json\/wp\/v2\/pages\/6535\/revisions"}],"wp:attachment":[{"href":"https:\/\/prudentwater.com\/en\/wp-json\/wp\/v2\/media?parent=6535"}],"curies":[{"name":"wp","href":"https:\/\/api.w.org\/{rel}","templated":true}]}}