{"id":658,"date":"2014-09-04T11:27:16","date_gmt":"2014-09-04T11:27:16","guid":{"rendered":"http:\/\/www.kunnskap.de\/?page_id=658"},"modified":"2021-06-25T12:49:38","modified_gmt":"2021-06-25T10:49:38","slug":"open-market","status":"publish","type":"page","link":"https:\/\/prudentwater.com\/en\/open-market\/","title":{"rendered":"Open Market"},"content":{"rendered":"<p>Seit Oktober 2005 wird der Freiverkehr der Frankfurter B\u00f6rse Open Market genannt. Der Open Market ist neben dem regulierten Markt das zweite gesetzliche B\u00f6rsensegment in Deutschland. Es handelt sich jedoch um einen ausschlie\u00dflich privatrechtlich von den Wertpapierh\u00e4ndlern gef\u00fchrten Handelsplatz. Der Entry Standard ist dabei ein Teilbereich des Open Market. Die Wertpapiere bzw. die Unternehmen am Open Market haben deutlich weniger Pflichten und m\u00fcssen geringere Voraussetzungen erf\u00fcllen als jene f\u00fcr den regulierten Markt. Die Zulassungsvoraussetzungen und Berichtspflichten sind, anders als im regulierten Markt, ebenfalls geringer. So unterliegen die Unternehmen am Open Market beispielsweise keiner Ad hoc Publizit\u00e4t. Am Open Market werden vorwiegend ausl\u00e4ndische Aktien, Hochzinsanleihen deutscher und ausl\u00e4ndischer Emittenten, Zertifikate und Optionsscheine gehandelt. F\u00fcr kleinere Aktiengesellschaften hat der Open Market zudem den Vorteil der geringeren j\u00e4hrlich anfallenden Kosten f\u00fcr die allgemeine B\u00f6rsennotierung.<\/p>\n","protected":false},"excerpt":{"rendered":"<p>Seit Oktober 2005 wird der Freiverkehr der Frankfurter B\u00f6rse Open Market genannt. Der Open Market ist neben dem regulierten Markt das zweite gesetzliche B\u00f6rsensegment in Deutschland. Es handelt sich jedoch um einen ausschlie\u00dflich privatrechtlich von den Wertpapierh\u00e4ndlern gef\u00fchrten Handelsplatz. Der Entry Standard ist dabei ein Teilbereich des Open Market. Die Wertpapiere bzw. die Unternehmen am [&hellip;]<\/p>\n","protected":false},"author":1,"featured_media":0,"parent":0,"menu_order":0,"comment_status":"closed","ping_status":"closed","template":"","meta":{"site-sidebar-layout":"default","site-content-layout":"","ast-site-content-layout":"","site-content-style":"default","site-sidebar-style":"default","ast-global-header-display":"","ast-banner-title-visibility":"","ast-main-header-display":"","ast-hfb-above-header-display":"","ast-hfb-below-header-display":"","ast-hfb-mobile-header-display":"","site-post-title":"","ast-breadcrumbs-content":"","ast-featured-img":"","footer-sml-layout":"","theme-transparent-header-meta":"","adv-header-id-meta":"","stick-header-meta":"","header-above-stick-meta":"","header-main-stick-meta":"","header-below-stick-meta":"","astra-migrate-meta-layouts":"default","ast-page-background-enabled":"default","ast-page-background-meta":{"desktop":{"background-color":"","background-image":"","background-repeat":"repeat","background-position":"center center","background-size":"auto","background-attachment":"scroll","background-type":"","background-media":"","overlay-type":"","overlay-color":"","overlay-opacity":"","overlay-gradient":""},"tablet":{"background-color":"","background-image":"","background-repeat":"repeat","background-position":"center center","background-size":"auto","background-attachment":"scroll","background-type":"","background-media":"","overlay-type":"","overlay-color":"","overlay-opacity":"","overlay-gradient":""},"mobile":{"background-color":"","background-image":"","background-repeat":"repeat","background-position":"center center","background-size":"auto","background-attachment":"scroll","background-type":"","background-media":"","overlay-type":"","overlay-color":"","overlay-opacity":"","overlay-gradient":""}},"ast-content-background-meta":{"desktop":{"background-color":"var(--ast-global-color-5)","background-image":"","background-repeat":"repeat","background-position":"center center","background-size":"auto","background-attachment":"scroll","background-type":"","background-media":"","overlay-type":"","overlay-color":"","overlay-opacity":"","overlay-gradient":""},"tablet":{"background-color":"var(--ast-global-color-5)","background-image":"","background-repeat":"repeat","background-position":"center center","background-size":"auto","background-attachment":"scroll","background-type":"","background-media":"","overlay-type":"","overlay-color":"","overlay-opacity":"","overlay-gradient":""},"mobile":{"background-color":"var(--ast-global-color-5)","background-image":"","background-repeat":"repeat","background-position":"center center","background-size":"auto","background-attachment":"scroll","background-type":"","background-media":"","overlay-type":"","overlay-color":"","overlay-opacity":"","overlay-gradient":""}},"footnotes":""},"class_list":["post-658","page","type-page","status-publish","hentry"],"translation":{"provider":"WPGlobus","version":"3.0.2","language":"en","enabled_languages":["de","en"],"languages":{"de":{"title":true,"content":true,"excerpt":false},"en":{"title":false,"content":false,"excerpt":false}}},"featured_image_urls_v2":{"full":"","thumbnail":"","medium":"","medium_large":"","large":"","1536x1536":"","2048x2048":""},"post_excerpt_stackable_v2":"<p>Seit Oktober 2005 wird der Freiverkehr der Frankfurter B\u00f6rse Open Market genannt. Der Open Market ist neben dem regulierten Markt das zweite gesetzliche B\u00f6rsensegment in Deutschland. Es handelt sich jedoch um einen ausschlie\u00dflich privatrechtlich von den Wertpapierh\u00e4ndlern gef\u00fchrten Handelsplatz. Der Entry Standard ist dabei ein Teilbereich des Open Market. Die Wertpapiere bzw. die Unternehmen am Open Market haben deutlich weniger Pflichten und m\u00fcssen geringere Voraussetzungen erf\u00fcllen als jene f\u00fcr den regulierten Markt. Die Zulassungsvoraussetzungen und Berichtspflichten sind, anders als im regulierten Markt, ebenfalls geringer. So unterliegen die Unternehmen am Open Market beispielsweise keiner Ad hoc Publizit\u00e4t. Am Open Market werden&hellip;<\/p>\n","category_list_v2":"","author_info_v2":{"name":"PrudentWater","url":"https:\/\/prudentwater.com\/en\/author\/niklas33\/"},"comments_num_v2":"0 comments","_links":{"self":[{"href":"https:\/\/prudentwater.com\/en\/wp-json\/wp\/v2\/pages\/658","targetHints":{"allow":["GET"]}}],"collection":[{"href":"https:\/\/prudentwater.com\/en\/wp-json\/wp\/v2\/pages"}],"about":[{"href":"https:\/\/prudentwater.com\/en\/wp-json\/wp\/v2\/types\/page"}],"author":[{"embeddable":true,"href":"https:\/\/prudentwater.com\/en\/wp-json\/wp\/v2\/users\/1"}],"replies":[{"embeddable":true,"href":"https:\/\/prudentwater.com\/en\/wp-json\/wp\/v2\/comments?post=658"}],"version-history":[{"count":0,"href":"https:\/\/prudentwater.com\/en\/wp-json\/wp\/v2\/pages\/658\/revisions"}],"wp:attachment":[{"href":"https:\/\/prudentwater.com\/en\/wp-json\/wp\/v2\/media?parent=658"}],"curies":[{"name":"wp","href":"https:\/\/api.w.org\/{rel}","templated":true}]}}