{"id":6582,"date":"2016-04-15T21:58:19","date_gmt":"2016-04-15T21:58:19","guid":{"rendered":"http:\/\/www.kunnskap.de\/?page_id=6582"},"modified":"2021-06-25T12:49:03","modified_gmt":"2021-06-25T10:49:03","slug":"gewinn-und-verlustrechnung","status":"publish","type":"page","link":"https:\/\/prudentwater.com\/en\/gewinn-und-verlustrechnung\/","title":{"rendered":"Gewinn- und Verlustrechnung"},"content":{"rendered":"<p>Auch <strong>GuV<\/strong>, <strong>G+V<\/strong> oder <strong>Aufwands- und Ertragsrechnung<\/strong><br \/>\nengl. <strong>Income Statement<\/strong><\/p>\n<p>Die Gewinn- und Verlustrechnung ist ein Teil des Jahresabschlusses und stellt alle Ertr\u00e4ge eines Gesch\u00e4ftsjahres allen Aufwendungen des Jahres gegen\u00fcber. Am Ende ergibt der Saldo aller Positionen den Gewinn oder Verlust des Jahres wieder und dr\u00fcckt somit den unternehmerischen Erfolg aus. Bei den Ertr\u00e4gen handelt es sich um die Erl\u00f6se aus verkauften Produkten und Dienstleistungen, den Wertzuw\u00e4chsen durch bereits produzierte, jedoch noch nicht verkaufte Waren sowie um die Aufhebung von Wertminderungen und Risiken (R\u00fcckstellungen). Die Aufwendungen hingegen ergeben sich aus den Betriebskosten (Materialaufwand und Personalaufwand), Abschreibungen sowie den sonstigen Aufwendungen.<\/p>\n<h4>Unterschiedliche Berechnungsmethoden der Gewinn- und Verlustrechnung<\/h4>\n<p>Die Gewinn- und Verlustrechnung wird in Deutschland entweder nach dem Umsatzkostenverfahren oder nach dem Gesamtkostenverfahren aufgestellt. Beide Verfahren kommen unter dem Strich zu dem gleichen Ergebnis, der Unterschied liegt vor allem jedoch darin, dass bei dem Umsatzkostenverfahren nur der Aufwand der tats\u00e4chlich verkauften anstatt der hergestellten Waren und Dienstleistungen ausgewiesen wird. Das Gesamtkostenverfahren hingegen ber\u00fccksichtigt alle angefallenen Kosten des Gesch\u00e4ftsjahres, also auch jene Kosten die in Verbindung mit den hergestellten, jedoch nicht verkauften Waren und Dienstleistungen stehen. Nachdem bei beiden Methoden jedoch die operativen Kosten von den Umsatzerl\u00f6sen abgezogen wurden, erh\u00e4lt man in beiden F\u00e4llen das EBIT, also den Gewinn vor Zinsen und Steuern.<\/p>\n","protected":false},"excerpt":{"rendered":"<p>Auch GuV, G+V oder Aufwands- und Ertragsrechnung engl. Income Statement Die Gewinn- und Verlustrechnung ist ein Teil des Jahresabschlusses und stellt alle Ertr\u00e4ge eines Gesch\u00e4ftsjahres allen Aufwendungen des Jahres gegen\u00fcber. Am Ende ergibt der Saldo aller Positionen den Gewinn oder Verlust des Jahres wieder und dr\u00fcckt somit den unternehmerischen Erfolg aus. Bei den Ertr\u00e4gen handelt [&hellip;]<\/p>\n","protected":false},"author":1,"featured_media":0,"parent":0,"menu_order":0,"comment_status":"closed","ping_status":"closed","template":"","meta":{"site-sidebar-layout":"default","site-content-layout":"","ast-site-content-layout":"","site-content-style":"default","site-sidebar-style":"default","ast-global-header-display":"","ast-banner-title-visibility":"","ast-main-header-display":"","ast-hfb-above-header-display":"","ast-hfb-below-header-display":"","ast-hfb-mobile-header-display":"","site-post-title":"","ast-breadcrumbs-content":"","ast-featured-img":"","footer-sml-layout":"","theme-transparent-header-meta":"","adv-header-id-meta":"","stick-header-meta":"","header-above-stick-meta":"","header-main-stick-meta":"","header-below-stick-meta":"","astra-migrate-meta-layouts":"default","ast-page-background-enabled":"default","ast-page-background-meta":{"desktop":{"background-color":"","background-image":"","background-repeat":"repeat","background-position":"center center","background-size":"auto","background-attachment":"scroll","background-type":"","background-media":"","overlay-type":"","overlay-color":"","overlay-opacity":"","overlay-gradient":""},"tablet":{"background-color":"","background-image":"","background-repeat":"repeat","background-position":"center center","background-size":"auto","background-attachment":"scroll","background-type":"","background-media":"","overlay-type":"","overlay-color":"","overlay-opacity":"","overlay-gradient":""},"mobile":{"background-color":"","background-image":"","background-repeat":"repeat","background-position":"center center","background-size":"auto","background-attachment":"scroll","background-type":"","background-media":"","overlay-type":"","overlay-color":"","overlay-opacity":"","overlay-gradient":""}},"ast-content-background-meta":{"desktop":{"background-color":"var(--ast-global-color-5)","background-image":"","background-repeat":"repeat","background-position":"center center","background-size":"auto","background-attachment":"scroll","background-type":"","background-media":"","overlay-type":"","overlay-color":"","overlay-opacity":"","overlay-gradient":""},"tablet":{"background-color":"var(--ast-global-color-5)","background-image":"","background-repeat":"repeat","background-position":"center center","background-size":"auto","background-attachment":"scroll","background-type":"","background-media":"","overlay-type":"","overlay-color":"","overlay-opacity":"","overlay-gradient":""},"mobile":{"background-color":"var(--ast-global-color-5)","background-image":"","background-repeat":"repeat","background-position":"center center","background-size":"auto","background-attachment":"scroll","background-type":"","background-media":"","overlay-type":"","overlay-color":"","overlay-opacity":"","overlay-gradient":""}},"footnotes":""},"class_list":["post-6582","page","type-page","status-publish","hentry"],"translation":{"provider":"WPGlobus","version":"3.0.2","language":"en","enabled_languages":["de","en"],"languages":{"de":{"title":true,"content":true,"excerpt":false},"en":{"title":false,"content":false,"excerpt":false}}},"featured_image_urls_v2":{"full":"","thumbnail":"","medium":"","medium_large":"","large":"","1536x1536":"","2048x2048":""},"post_excerpt_stackable_v2":"<p>Auch GuV, G+V oder Aufwands- und Ertragsrechnung engl. Income Statement Die Gewinn- und Verlustrechnung ist ein Teil des Jahresabschlusses und stellt alle Ertr\u00e4ge eines Gesch\u00e4ftsjahres allen Aufwendungen des Jahres gegen\u00fcber. Am Ende ergibt der Saldo aller Positionen den Gewinn oder Verlust des Jahres wieder und dr\u00fcckt somit den unternehmerischen Erfolg aus. Bei den Ertr\u00e4gen handelt es sich um die Erl\u00f6se aus verkauften Produkten und Dienstleistungen, den Wertzuw\u00e4chsen durch bereits produzierte, jedoch noch nicht verkaufte Waren sowie um die Aufhebung von Wertminderungen und Risiken (R\u00fcckstellungen). Die Aufwendungen hingegen ergeben sich aus den Betriebskosten (Materialaufwand und Personalaufwand), Abschreibungen sowie den sonstigen Aufwendungen.&hellip;<\/p>\n","category_list_v2":"","author_info_v2":{"name":"PrudentWater","url":"https:\/\/prudentwater.com\/en\/author\/niklas33\/"},"comments_num_v2":"0 comments","_links":{"self":[{"href":"https:\/\/prudentwater.com\/en\/wp-json\/wp\/v2\/pages\/6582","targetHints":{"allow":["GET"]}}],"collection":[{"href":"https:\/\/prudentwater.com\/en\/wp-json\/wp\/v2\/pages"}],"about":[{"href":"https:\/\/prudentwater.com\/en\/wp-json\/wp\/v2\/types\/page"}],"author":[{"embeddable":true,"href":"https:\/\/prudentwater.com\/en\/wp-json\/wp\/v2\/users\/1"}],"replies":[{"embeddable":true,"href":"https:\/\/prudentwater.com\/en\/wp-json\/wp\/v2\/comments?post=6582"}],"version-history":[{"count":0,"href":"https:\/\/prudentwater.com\/en\/wp-json\/wp\/v2\/pages\/6582\/revisions"}],"wp:attachment":[{"href":"https:\/\/prudentwater.com\/en\/wp-json\/wp\/v2\/media?parent=6582"}],"curies":[{"name":"wp","href":"https:\/\/api.w.org\/{rel}","templated":true}]}}