{"id":6612,"date":"2016-04-17T09:45:03","date_gmt":"2016-04-17T09:45:03","guid":{"rendered":"http:\/\/www.kunnskap.de\/?page_id=6612"},"modified":"2021-06-25T12:50:12","modified_gmt":"2021-06-25T10:50:12","slug":"steuerquote","status":"publish","type":"page","link":"https:\/\/prudentwater.com\/en\/steuerquote\/","title":{"rendered":"Steuerquote"},"content":{"rendered":"<p>Die Steuerquote ist eine Kennzahl, welche den Steueraufwand aus der Gewinn- und Verlustrechnung eines Unternehmens ins Verh\u00e4ltnis zu dem Ergebnis vor Steuern des Unternehmens setzt.<\/p>\n<h6>Berechnung:<\/h6>\n<p><center><img loading=\"lazy\" decoding=\"async\" src=\"https:\/\/prudentwater.com\/wp-content\/uploads\/2020\/03\/Steuerquote.bmp\" alt=\"Steuerquote\" class=\"alignnone size-full wp-image-6613\" width=\"248\" height=\"52\" title=\"\"><\/center><br \/>\nEine Steuerquote von 25 % &#8211; 35 % ist f\u00fcr Deutschland \u00fcblich. Dies bedeutet, dass dieser Prozentanteil des Gewinnes vor Steuern als Steueraufwand anf\u00e4llt.<\/p>\n","protected":false},"excerpt":{"rendered":"<p>Die Steuerquote ist eine Kennzahl, welche den Steueraufwand aus der Gewinn- und Verlustrechnung eines Unternehmens ins Verh\u00e4ltnis zu dem Ergebnis vor Steuern des Unternehmens setzt. Berechnung: Eine Steuerquote von 25 % &#8211; 35 % ist f\u00fcr Deutschland \u00fcblich. Dies bedeutet, dass dieser Prozentanteil des Gewinnes vor Steuern als Steueraufwand anf\u00e4llt.<\/p>\n","protected":false},"author":1,"featured_media":0,"parent":0,"menu_order":0,"comment_status":"closed","ping_status":"closed","template":"","meta":{"site-sidebar-layout":"default","site-content-layout":"","ast-site-content-layout":"","site-content-style":"default","site-sidebar-style":"default","ast-global-header-display":"","ast-banner-title-visibility":"","ast-main-header-display":"","ast-hfb-above-header-display":"","ast-hfb-below-header-display":"","ast-hfb-mobile-header-display":"","site-post-title":"","ast-breadcrumbs-content":"","ast-featured-img":"","footer-sml-layout":"","theme-transparent-header-meta":"","adv-header-id-meta":"","stick-header-meta":"","header-above-stick-meta":"","header-main-stick-meta":"","header-below-stick-meta":"","astra-migrate-meta-layouts":"default","ast-page-background-enabled":"default","ast-page-background-meta":{"desktop":{"background-color":"","background-image":"","background-repeat":"repeat","background-position":"center center","background-size":"auto","background-attachment":"scroll","background-type":"","background-media":"","overlay-type":"","overlay-color":"","overlay-opacity":"","overlay-gradient":""},"tablet":{"background-color":"","background-image":"","background-repeat":"repeat","background-position":"center center","background-size":"auto","background-attachment":"scroll","background-type":"","background-media":"","overlay-type":"","overlay-color":"","overlay-opacity":"","overlay-gradient":""},"mobile":{"background-color":"","background-image":"","background-repeat":"repeat","background-position":"center center","background-size":"auto","background-attachment":"scroll","background-type":"","background-media":"","overlay-type":"","overlay-color":"","overlay-opacity":"","overlay-gradient":""}},"ast-content-background-meta":{"desktop":{"background-color":"var(--ast-global-color-5)","background-image":"","background-repeat":"repeat","background-position":"center center","background-size":"auto","background-attachment":"scroll","background-type":"","background-media":"","overlay-type":"","overlay-color":"","overlay-opacity":"","overlay-gradient":""},"tablet":{"background-color":"var(--ast-global-color-5)","background-image":"","background-repeat":"repeat","background-position":"center center","background-size":"auto","background-attachment":"scroll","background-type":"","background-media":"","overlay-type":"","overlay-color":"","overlay-opacity":"","overlay-gradient":""},"mobile":{"background-color":"var(--ast-global-color-5)","background-image":"","background-repeat":"repeat","background-position":"center center","background-size":"auto","background-attachment":"scroll","background-type":"","background-media":"","overlay-type":"","overlay-color":"","overlay-opacity":"","overlay-gradient":""}},"footnotes":""},"class_list":["post-6612","page","type-page","status-publish","hentry"],"translation":{"provider":"WPGlobus","version":"3.0.2","language":"en","enabled_languages":["de","en"],"languages":{"de":{"title":true,"content":true,"excerpt":false},"en":{"title":false,"content":false,"excerpt":false}}},"featured_image_urls_v2":{"full":"","thumbnail":"","medium":"","medium_large":"","large":"","1536x1536":"","2048x2048":""},"post_excerpt_stackable_v2":"<p>Die Steuerquote ist eine Kennzahl, welche den Steueraufwand aus der Gewinn- und Verlustrechnung eines Unternehmens ins Verh\u00e4ltnis zu dem Ergebnis vor Steuern des Unternehmens setzt. Berechnung: Eine Steuerquote von 25 % &#8211; 35 % ist f\u00fcr Deutschland \u00fcblich. Dies bedeutet, dass dieser Prozentanteil des Gewinnes vor Steuern als Steueraufwand anf\u00e4llt.<\/p>\n","category_list_v2":"","author_info_v2":{"name":"PrudentWater","url":"https:\/\/prudentwater.com\/en\/author\/niklas33\/"},"comments_num_v2":"0 comments","_links":{"self":[{"href":"https:\/\/prudentwater.com\/en\/wp-json\/wp\/v2\/pages\/6612","targetHints":{"allow":["GET"]}}],"collection":[{"href":"https:\/\/prudentwater.com\/en\/wp-json\/wp\/v2\/pages"}],"about":[{"href":"https:\/\/prudentwater.com\/en\/wp-json\/wp\/v2\/types\/page"}],"author":[{"embeddable":true,"href":"https:\/\/prudentwater.com\/en\/wp-json\/wp\/v2\/users\/1"}],"replies":[{"embeddable":true,"href":"https:\/\/prudentwater.com\/en\/wp-json\/wp\/v2\/comments?post=6612"}],"version-history":[{"count":0,"href":"https:\/\/prudentwater.com\/en\/wp-json\/wp\/v2\/pages\/6612\/revisions"}],"wp:attachment":[{"href":"https:\/\/prudentwater.com\/en\/wp-json\/wp\/v2\/media?parent=6612"}],"curies":[{"name":"wp","href":"https:\/\/api.w.org\/{rel}","templated":true}]}}