{"id":6616,"date":"2016-04-18T12:01:38","date_gmt":"2016-04-18T12:01:38","guid":{"rendered":"http:\/\/www.kunnskap.de\/?page_id=6616"},"modified":"2023-01-25T21:41:33","modified_gmt":"2023-01-25T20:41:33","slug":"langfristige-vermogenswerte","status":"publish","type":"page","link":"https:\/\/prudentwater.com\/en\/langfristige-vermogenswerte\/","title":{"rendered":"Langfristige Verm\u00f6genswerte"},"content":{"rendered":"<p>engl. <b>Fixed Assets<\/b> oder <b>Non-Current Assets<\/b><\/p>\n<p>Die langfristigen Verm\u00f6genswerte sind innerhalb der Bilanz dem Anlageverm\u00f6gen auf der Aktiva zugeordnet. Anders als die kurzfristigen Verm\u00f6genswerte stehen die langfristigen Verm\u00f6genswerte dem Unternehmen f\u00fcr einen unbefristeten Zeitraum zur Verf\u00fcgung. Zu den langfristigen Verm\u00f6genswerten eines Unternehmens geh\u00f6ren mehrere Aktivposten. Dazu z\u00e4hlt als gr\u00f6\u00dfter Posten die Sachanlagen, welche sich aus Maschinen, Produktionsger\u00e4ten, Fabrikhallen, Immobilien und Grundst\u00fccken zusammensetzen. Finanzanlagen bilden sich aus l\u00e4nger zur Verf\u00fcgung stehenden Wertpapieren oder Investitionen und geh\u00f6ren ebenfalls zu den langfristigen Verm\u00f6genswerten. Der Gesch\u00e4fts- oder Firmenwert als dritter Posten ist jener Preis \u00fcber Buchwert, den das bilanzierende Unternehmen f\u00fcr das in der Vergangenheit \u00fcbernommene Unternehmen bezahlt hat. Immaterielle Verm\u00f6gensgegenst\u00e4nde, welche nicht-greifbare G\u00fcter wie Lizenzen, Patente oder Markennamen beinhalten, geh\u00f6ren als vierter Posten zu den langfristigen Verm\u00f6genswerten.<\/p>\n","protected":false},"excerpt":{"rendered":"<p>engl. Fixed Assets oder Non-Current Assets Die langfristigen Verm\u00f6genswerte sind innerhalb der Bilanz dem Anlageverm\u00f6gen auf der Aktiva zugeordnet. Anders als die kurzfristigen Verm\u00f6genswerte stehen die langfristigen Verm\u00f6genswerte dem Unternehmen f\u00fcr einen unbefristeten Zeitraum zur Verf\u00fcgung. Zu den langfristigen Verm\u00f6genswerten eines Unternehmens geh\u00f6ren mehrere Aktivposten. Dazu z\u00e4hlt als gr\u00f6\u00dfter Posten die Sachanlagen, welche sich aus [&hellip;]<\/p>\n","protected":false},"author":1,"featured_media":0,"parent":0,"menu_order":0,"comment_status":"closed","ping_status":"closed","template":"","meta":{"site-sidebar-layout":"default","site-content-layout":"default","ast-site-content-layout":"","site-content-style":"default","site-sidebar-style":"default","ast-global-header-display":"","ast-banner-title-visibility":"","ast-main-header-display":"","ast-hfb-above-header-display":"","ast-hfb-below-header-display":"","ast-hfb-mobile-header-display":"","site-post-title":"","ast-breadcrumbs-content":"","ast-featured-img":"","footer-sml-layout":"","theme-transparent-header-meta":"default","adv-header-id-meta":"","stick-header-meta":"","header-above-stick-meta":"","header-main-stick-meta":"","header-below-stick-meta":"","astra-migrate-meta-layouts":"default","ast-page-background-enabled":"default","ast-page-background-meta":{"desktop":{"background-color":"","background-image":"","background-repeat":"repeat","background-position":"center center","background-size":"auto","background-attachment":"scroll","background-type":"","background-media":"","overlay-type":"","overlay-color":"","overlay-opacity":"","overlay-gradient":""},"tablet":{"background-color":"","background-image":"","background-repeat":"repeat","background-position":"center center","background-size":"auto","background-attachment":"scroll","background-type":"","background-media":"","overlay-type":"","overlay-color":"","overlay-opacity":"","overlay-gradient":""},"mobile":{"background-color":"","background-image":"","background-repeat":"repeat","background-position":"center center","background-size":"auto","background-attachment":"scroll","background-type":"","background-media":"","overlay-type":"","overlay-color":"","overlay-opacity":"","overlay-gradient":""}},"ast-content-background-meta":{"desktop":{"background-color":"var(--ast-global-color-5)","background-image":"","background-repeat":"repeat","background-position":"center center","background-size":"auto","background-attachment":"scroll","background-type":"","background-media":"","overlay-type":"","overlay-color":"","overlay-opacity":"","overlay-gradient":""},"tablet":{"background-color":"var(--ast-global-color-5)","background-image":"","background-repeat":"repeat","background-position":"center center","background-size":"auto","background-attachment":"scroll","background-type":"","background-media":"","overlay-type":"","overlay-color":"","overlay-opacity":"","overlay-gradient":""},"mobile":{"background-color":"var(--ast-global-color-5)","background-image":"","background-repeat":"repeat","background-position":"center center","background-size":"auto","background-attachment":"scroll","background-type":"","background-media":"","overlay-type":"","overlay-color":"","overlay-opacity":"","overlay-gradient":""}},"footnotes":""},"class_list":["post-6616","page","type-page","status-publish","hentry"],"translation":{"provider":"WPGlobus","version":"3.0.2","language":"en","enabled_languages":["de","en"],"languages":{"de":{"title":true,"content":true,"excerpt":false},"en":{"title":false,"content":false,"excerpt":false}}},"featured_image_urls_v2":{"full":"","thumbnail":"","medium":"","medium_large":"","large":"","1536x1536":"","2048x2048":""},"post_excerpt_stackable_v2":"<p>engl. Fixed Assets oder Non-Current Assets Die langfristigen Verm\u00f6genswerte sind innerhalb der Bilanz dem Anlageverm\u00f6gen auf der Aktiva zugeordnet. Anders als die kurzfristigen Verm\u00f6genswerte stehen die langfristigen Verm\u00f6genswerte dem Unternehmen f\u00fcr einen unbefristeten Zeitraum zur Verf\u00fcgung. Zu den langfristigen Verm\u00f6genswerten eines Unternehmens geh\u00f6ren mehrere Aktivposten. Dazu z\u00e4hlt als gr\u00f6\u00dfter Posten die Sachanlagen, welche sich aus Maschinen, Produktionsger\u00e4ten, Fabrikhallen, Immobilien und Grundst\u00fccken zusammensetzen. Finanzanlagen bilden sich aus l\u00e4nger zur Verf\u00fcgung stehenden Wertpapieren oder Investitionen und geh\u00f6ren ebenfalls zu den langfristigen Verm\u00f6genswerten. Der Gesch\u00e4fts- oder Firmenwert als dritter Posten ist jener Preis \u00fcber Buchwert, den das bilanzierende Unternehmen f\u00fcr das in der&hellip;<\/p>\n","category_list_v2":"","author_info_v2":{"name":"PrudentWater","url":"https:\/\/prudentwater.com\/en\/author\/niklas33\/"},"comments_num_v2":"0 comments","_links":{"self":[{"href":"https:\/\/prudentwater.com\/en\/wp-json\/wp\/v2\/pages\/6616","targetHints":{"allow":["GET"]}}],"collection":[{"href":"https:\/\/prudentwater.com\/en\/wp-json\/wp\/v2\/pages"}],"about":[{"href":"https:\/\/prudentwater.com\/en\/wp-json\/wp\/v2\/types\/page"}],"author":[{"embeddable":true,"href":"https:\/\/prudentwater.com\/en\/wp-json\/wp\/v2\/users\/1"}],"replies":[{"embeddable":true,"href":"https:\/\/prudentwater.com\/en\/wp-json\/wp\/v2\/comments?post=6616"}],"version-history":[{"count":0,"href":"https:\/\/prudentwater.com\/en\/wp-json\/wp\/v2\/pages\/6616\/revisions"}],"wp:attachment":[{"href":"https:\/\/prudentwater.com\/en\/wp-json\/wp\/v2\/media?parent=6616"}],"curies":[{"name":"wp","href":"https:\/\/api.w.org\/{rel}","templated":true}]}}