{"id":662,"date":"2014-09-04T13:12:49","date_gmt":"2014-09-04T13:12:49","guid":{"rendered":"http:\/\/www.kunnskap.de\/?page_id=662"},"modified":"2021-06-25T12:50:13","modified_gmt":"2021-06-25T10:50:13","slug":"stundung","status":"publish","type":"page","link":"https:\/\/prudentwater.com\/en\/stundung\/","title":{"rendered":"Stundung"},"content":{"rendered":"<p>Bei der Stundung wird die anstehende F\u00e4lligkeit einer Forderung auf einen sp\u00e4teren und zuk\u00fcnftigen Zeitpunkt hinausgeschoben. Die Forderung wird jedoch nicht aufgehoben, sondern nur auf einen sp\u00e4teren Zeitpunkt verschoben. Bei der anstehenden F\u00e4lligkeit kann es sich zum Beispiel um die j\u00e4hrlich anfallende Zinszahlung einer Anleihe handeln oder aber auch um eine Steuerzahlung. Die Stundung ist eine Sanierungsma\u00dfnahme, welche von Unternehmen, die sich in Finanzschwierigkeiten befinden, angewendet wird. Eine Stundung soll vor allem den Schuldner zus\u00e4tzlichen Spielraum einr\u00e4umen, in der Hoffnung, dass dieser m\u00f6glichst bald wieder ausreichend liquide ist und seinen offenen Zahlungsverpflichtungen dann nachkommen kann.<\/p>\n","protected":false},"excerpt":{"rendered":"<p>Bei der Stundung wird die anstehende F\u00e4lligkeit einer Forderung auf einen sp\u00e4teren und zuk\u00fcnftigen Zeitpunkt hinausgeschoben. Die Forderung wird jedoch nicht aufgehoben, sondern nur auf einen sp\u00e4teren Zeitpunkt verschoben. Bei der anstehenden F\u00e4lligkeit kann es sich zum Beispiel um die j\u00e4hrlich anfallende Zinszahlung einer Anleihe handeln oder aber auch um eine Steuerzahlung. Die Stundung ist [&hellip;]<\/p>\n","protected":false},"author":1,"featured_media":0,"parent":0,"menu_order":0,"comment_status":"closed","ping_status":"closed","template":"","meta":{"site-sidebar-layout":"default","site-content-layout":"","ast-site-content-layout":"","site-content-style":"default","site-sidebar-style":"default","ast-global-header-display":"","ast-banner-title-visibility":"","ast-main-header-display":"","ast-hfb-above-header-display":"","ast-hfb-below-header-display":"","ast-hfb-mobile-header-display":"","site-post-title":"","ast-breadcrumbs-content":"","ast-featured-img":"","footer-sml-layout":"","theme-transparent-header-meta":"","adv-header-id-meta":"","stick-header-meta":"","header-above-stick-meta":"","header-main-stick-meta":"","header-below-stick-meta":"","astra-migrate-meta-layouts":"default","ast-page-background-enabled":"default","ast-page-background-meta":{"desktop":{"background-color":"","background-image":"","background-repeat":"repeat","background-position":"center center","background-size":"auto","background-attachment":"scroll","background-type":"","background-media":"","overlay-type":"","overlay-color":"","overlay-opacity":"","overlay-gradient":""},"tablet":{"background-color":"","background-image":"","background-repeat":"repeat","background-position":"center center","background-size":"auto","background-attachment":"scroll","background-type":"","background-media":"","overlay-type":"","overlay-color":"","overlay-opacity":"","overlay-gradient":""},"mobile":{"background-color":"","background-image":"","background-repeat":"repeat","background-position":"center center","background-size":"auto","background-attachment":"scroll","background-type":"","background-media":"","overlay-type":"","overlay-color":"","overlay-opacity":"","overlay-gradient":""}},"ast-content-background-meta":{"desktop":{"background-color":"var(--ast-global-color-5)","background-image":"","background-repeat":"repeat","background-position":"center center","background-size":"auto","background-attachment":"scroll","background-type":"","background-media":"","overlay-type":"","overlay-color":"","overlay-opacity":"","overlay-gradient":""},"tablet":{"background-color":"var(--ast-global-color-5)","background-image":"","background-repeat":"repeat","background-position":"center center","background-size":"auto","background-attachment":"scroll","background-type":"","background-media":"","overlay-type":"","overlay-color":"","overlay-opacity":"","overlay-gradient":""},"mobile":{"background-color":"var(--ast-global-color-5)","background-image":"","background-repeat":"repeat","background-position":"center center","background-size":"auto","background-attachment":"scroll","background-type":"","background-media":"","overlay-type":"","overlay-color":"","overlay-opacity":"","overlay-gradient":""}},"footnotes":""},"class_list":["post-662","page","type-page","status-publish","hentry"],"translation":{"provider":"WPGlobus","version":"3.0.2","language":"en","enabled_languages":["de","en"],"languages":{"de":{"title":true,"content":true,"excerpt":false},"en":{"title":false,"content":false,"excerpt":false}}},"featured_image_urls_v2":{"full":"","thumbnail":"","medium":"","medium_large":"","large":"","1536x1536":"","2048x2048":""},"post_excerpt_stackable_v2":"<p>Bei der Stundung wird die anstehende F\u00e4lligkeit einer Forderung auf einen sp\u00e4teren und zuk\u00fcnftigen Zeitpunkt hinausgeschoben. Die Forderung wird jedoch nicht aufgehoben, sondern nur auf einen sp\u00e4teren Zeitpunkt verschoben. Bei der anstehenden F\u00e4lligkeit kann es sich zum Beispiel um die j\u00e4hrlich anfallende Zinszahlung einer Anleihe handeln oder aber auch um eine Steuerzahlung. Die Stundung ist eine Sanierungsma\u00dfnahme, welche von Unternehmen, die sich in Finanzschwierigkeiten befinden, angewendet wird. Eine Stundung soll vor allem den Schuldner zus\u00e4tzlichen Spielraum einr\u00e4umen, in der Hoffnung, dass dieser m\u00f6glichst bald wieder ausreichend liquide ist und seinen offenen Zahlungsverpflichtungen dann nachkommen kann.<\/p>\n","category_list_v2":"","author_info_v2":{"name":"PrudentWater","url":"https:\/\/prudentwater.com\/en\/author\/niklas33\/"},"comments_num_v2":"0 comments","_links":{"self":[{"href":"https:\/\/prudentwater.com\/en\/wp-json\/wp\/v2\/pages\/662","targetHints":{"allow":["GET"]}}],"collection":[{"href":"https:\/\/prudentwater.com\/en\/wp-json\/wp\/v2\/pages"}],"about":[{"href":"https:\/\/prudentwater.com\/en\/wp-json\/wp\/v2\/types\/page"}],"author":[{"embeddable":true,"href":"https:\/\/prudentwater.com\/en\/wp-json\/wp\/v2\/users\/1"}],"replies":[{"embeddable":true,"href":"https:\/\/prudentwater.com\/en\/wp-json\/wp\/v2\/comments?post=662"}],"version-history":[{"count":0,"href":"https:\/\/prudentwater.com\/en\/wp-json\/wp\/v2\/pages\/662\/revisions"}],"wp:attachment":[{"href":"https:\/\/prudentwater.com\/en\/wp-json\/wp\/v2\/media?parent=662"}],"curies":[{"name":"wp","href":"https:\/\/api.w.org\/{rel}","templated":true}]}}