{"id":6629,"date":"2016-04-18T10:33:01","date_gmt":"2016-04-18T10:33:01","guid":{"rendered":"http:\/\/www.kunnskap.de\/?page_id=6629"},"modified":"2021-09-26T22:39:44","modified_gmt":"2021-09-26T20:39:44","slug":"geschafts-oder-firmenwert","status":"publish","type":"page","link":"https:\/\/prudentwater.com\/en\/geschafts-oder-firmenwert\/","title":{"rendered":"Gesch\u00e4fts- oder Firmenwert"},"content":{"rendered":"<p>Auch <strong>GoF<\/strong><br \/>\nengl. <strong>Goodwill<\/strong><\/p>\n<p>Der Gesch\u00e4fts- oder Firmenwert ist der Betrag \u00fcber Buchwert, den ein Unternehmen bei einer \u00dcbernahme (Akquisition) f\u00fcr das Zielunternehmen bezahlt. Der Goodwill entsteht in der Bilanz also dann, wenn der Kaufpreis des \u00fcbernommenen Unternehmens h\u00f6her ist als der Wert aller \u00fcbernommenen Verm\u00f6genswerte abz\u00fcglich der Schulden (Buchwert). Der Gesch\u00e4fts- oder Firmenwert wird in der Bilanz unter den immateriellen Verm\u00f6gensgegenst\u00e4nden verbucht. Bei dem Gesch\u00e4fts- oder Firmenwert muss jedoch zwischen dem derivativen Gesch\u00e4fts- oder Firmenwert und dem origin\u00e4ren Gesch\u00e4fts- oder Firmenwert unterschieden werden:<\/p>\n<h3>Derivativer Gesch\u00e4fts- oder Firmenwert<\/h3>\n<p>Der entgeltlich erworbene Gesch\u00e4fts- oder Firmenwert ergibt sich aus der Differenz zwischen Kaufpreis des Zielunternehmens und dessen Nettoverm\u00f6gen (Wert aller \u00fcbernommenen Verm\u00f6genswerte abz\u00fcglich der Schulden). Der derivative Gesch\u00e4fts- oder Firmenwert ist in seiner Nutzungsdauer als zeitlich begrenzt anzusehen und gilt deshalb als aktivierungspflichtig. Au\u00dferdem ist der derivative Gesch\u00e4fts- oder Firmenwert planm\u00e4\u00dfig abzuschreiben, es kann zudem zu au\u00dferplanm\u00e4\u00dfigen Abschreibungen kommen.<\/p>\n<h6><b>Beispiel<\/b><\/h6>\n<p>Unternehmen B mit einem Buchwert von 20 Mio. Euro wird von Unternehmen A f\u00fcr den Kaufpreis von 25 Mio. Euro aufgekauft. Der Goodwill liegt in diesem Fall bei 5 Mio. Euro, da Unternehmen B nach der Bilanz eben nur 20 Mio. Euro wert ist, Unternehmen A jedoch bereit war, 5 Mio. Euro \u00fcber dem identifizierbaren Nettoverm\u00f6gen zu zahlen. Diese 5 Mio. Euro m\u00fcssen nun in der Bilanz von Unternehmen A im Anlageverm\u00f6gen unter den immateriellen Verm\u00f6gensgegenst\u00e4nden als Gesch\u00e4fts- oder Firmenwert bilanziert werden. Der Gesch\u00e4fts- oder Firmenwert ist somit die Differenz zwischen dem h\u00f6heren Kaufpreis und dem identifizierbaren Nettoverm\u00f6gen.<\/p>\n<h6><b>Au\u00dferplanm\u00e4\u00dfige Abschreibung des derivativen Gesch\u00e4fts- oder Firmenwertes<\/b><\/h6>\n<p>Wie bereits erw\u00e4hnt, kann es auch zu einer sogenannten Goodwill-Abschreibung kommen. Setzt Unternehmen A den Firmenwert von Unternehmen B zu hoch an, muss es eine au\u00dferplanm\u00e4\u00dfige Abschreibung auf den derivativen Firmenwert in der Bilanz vornehmen. Dadurch wird dieser dem tats\u00e4chlichen Wert angepasst. Die Anpassung f\u00fchrt jedoch auch zu einer Verringerung des Gewinnes bzw. Erh\u00f6hung des Verlustes in dem entsprechenden Zeitraum, jedoch nicht zu einer Verringerung des Cashflow, da es sich bei der Abschreibung um eine nicht zahlungswirksame Abschreibung handelt. Ob der Firmenwert in der Bilanz angemessen ist, muss j\u00e4hrlich durch einen sogenannten Impairment-Test gepr\u00fcft werden. Dieser Test wird jedoch vom Unternehmen selbst durchgef\u00fchrt, weshalb somit ein Ermessensspielraum besteht.<\/p>\n<h3>Origin\u00e4rer Gesch\u00e4fts- oder Firmenwert<\/h3>\n<p>Der selbst geschaffene Gesch\u00e4fts- oder Firmenwert setzt sich aus nicht-greifbaren Werten zusammen, welche auch nicht in der Bilanz erscheinen, trotzdem zum Unternehmen geh\u00f6ren. Dazu geh\u00f6ren der Wert verschiedener Markennamen, das Image des Unternehmens oder auch der Kundenstamm. Der origin\u00e4re Gesch\u00e4fts- oder Firmenwert darf nicht aktiviert werden, es besteht somit ein Aktivierungsverbot des origin\u00e4ren Gesch\u00e4fts- oder Firmenwert. Au\u00dferdem darf es hier zu keinerlei Abschreibung kommen.<\/p>\n","protected":false},"excerpt":{"rendered":"<p>Auch GoF engl. Goodwill Der Gesch\u00e4fts- oder Firmenwert ist der Betrag \u00fcber Buchwert, den ein Unternehmen bei einer \u00dcbernahme (Akquisition) f\u00fcr das Zielunternehmen bezahlt. Der Goodwill entsteht in der Bilanz also dann, wenn der Kaufpreis des \u00fcbernommenen Unternehmens h\u00f6her ist als der Wert aller \u00fcbernommenen Verm\u00f6genswerte abz\u00fcglich der Schulden (Buchwert). Der Gesch\u00e4fts- oder Firmenwert wird [&hellip;]<\/p>\n","protected":false},"author":1,"featured_media":0,"parent":0,"menu_order":0,"comment_status":"closed","ping_status":"closed","template":"","meta":{"site-sidebar-layout":"default","site-content-layout":"default","ast-site-content-layout":"","site-content-style":"default","site-sidebar-style":"default","ast-global-header-display":"","ast-banner-title-visibility":"","ast-main-header-display":"","ast-hfb-above-header-display":"","ast-hfb-below-header-display":"","ast-hfb-mobile-header-display":"","site-post-title":"","ast-breadcrumbs-content":"","ast-featured-img":"","footer-sml-layout":"","theme-transparent-header-meta":"default","adv-header-id-meta":"","stick-header-meta":"","header-above-stick-meta":"","header-main-stick-meta":"","header-below-stick-meta":"","astra-migrate-meta-layouts":"default","ast-page-background-enabled":"default","ast-page-background-meta":{"desktop":{"background-color":"","background-image":"","background-repeat":"repeat","background-position":"center center","background-size":"auto","background-attachment":"scroll","background-type":"","background-media":"","overlay-type":"","overlay-color":"","overlay-opacity":"","overlay-gradient":""},"tablet":{"background-color":"","background-image":"","background-repeat":"repeat","background-position":"center center","background-size":"auto","background-attachment":"scroll","background-type":"","background-media":"","overlay-type":"","overlay-color":"","overlay-opacity":"","overlay-gradient":""},"mobile":{"background-color":"","background-image":"","background-repeat":"repeat","background-position":"center center","background-size":"auto","background-attachment":"scroll","background-type":"","background-media":"","overlay-type":"","overlay-color":"","overlay-opacity":"","overlay-gradient":""}},"ast-content-background-meta":{"desktop":{"background-color":"var(--ast-global-color-5)","background-image":"","background-repeat":"repeat","background-position":"center center","background-size":"auto","background-attachment":"scroll","background-type":"","background-media":"","overlay-type":"","overlay-color":"","overlay-opacity":"","overlay-gradient":""},"tablet":{"background-color":"var(--ast-global-color-5)","background-image":"","background-repeat":"repeat","background-position":"center center","background-size":"auto","background-attachment":"scroll","background-type":"","background-media":"","overlay-type":"","overlay-color":"","overlay-opacity":"","overlay-gradient":""},"mobile":{"background-color":"var(--ast-global-color-5)","background-image":"","background-repeat":"repeat","background-position":"center center","background-size":"auto","background-attachment":"scroll","background-type":"","background-media":"","overlay-type":"","overlay-color":"","overlay-opacity":"","overlay-gradient":""}},"footnotes":""},"class_list":["post-6629","page","type-page","status-publish","hentry"],"translation":{"provider":"WPGlobus","version":"3.0.2","language":"en","enabled_languages":["de","en"],"languages":{"de":{"title":true,"content":true,"excerpt":false},"en":{"title":false,"content":false,"excerpt":false}}},"featured_image_urls_v2":{"full":"","thumbnail":"","medium":"","medium_large":"","large":"","1536x1536":"","2048x2048":""},"post_excerpt_stackable_v2":"<p>Auch GoF engl. Goodwill Der Gesch\u00e4fts- oder Firmenwert ist der Betrag \u00fcber Buchwert, den ein Unternehmen bei einer \u00dcbernahme (Akquisition) f\u00fcr das Zielunternehmen bezahlt. Der Goodwill entsteht in der Bilanz also dann, wenn der Kaufpreis des \u00fcbernommenen Unternehmens h\u00f6her ist als der Wert aller \u00fcbernommenen Verm\u00f6genswerte abz\u00fcglich der Schulden (Buchwert). Der Gesch\u00e4fts- oder Firmenwert wird in der Bilanz unter den immateriellen Verm\u00f6gensgegenst\u00e4nden verbucht. Bei dem Gesch\u00e4fts- oder Firmenwert muss jedoch zwischen dem derivativen Gesch\u00e4fts- oder Firmenwert und dem origin\u00e4ren Gesch\u00e4fts- oder Firmenwert unterschieden werden: Derivativer Gesch\u00e4fts- oder Firmenwert Der entgeltlich erworbene Gesch\u00e4fts- oder Firmenwert ergibt sich aus der Differenz zwischen&hellip;<\/p>\n","category_list_v2":"","author_info_v2":{"name":"PrudentWater","url":"https:\/\/prudentwater.com\/en\/author\/niklas33\/"},"comments_num_v2":"0 comments","_links":{"self":[{"href":"https:\/\/prudentwater.com\/en\/wp-json\/wp\/v2\/pages\/6629","targetHints":{"allow":["GET"]}}],"collection":[{"href":"https:\/\/prudentwater.com\/en\/wp-json\/wp\/v2\/pages"}],"about":[{"href":"https:\/\/prudentwater.com\/en\/wp-json\/wp\/v2\/types\/page"}],"author":[{"embeddable":true,"href":"https:\/\/prudentwater.com\/en\/wp-json\/wp\/v2\/users\/1"}],"replies":[{"embeddable":true,"href":"https:\/\/prudentwater.com\/en\/wp-json\/wp\/v2\/comments?post=6629"}],"version-history":[{"count":0,"href":"https:\/\/prudentwater.com\/en\/wp-json\/wp\/v2\/pages\/6629\/revisions"}],"wp:attachment":[{"href":"https:\/\/prudentwater.com\/en\/wp-json\/wp\/v2\/media?parent=6629"}],"curies":[{"name":"wp","href":"https:\/\/api.w.org\/{rel}","templated":true}]}}