{"id":6632,"date":"2016-04-18T11:01:15","date_gmt":"2016-04-18T11:01:15","guid":{"rendered":"http:\/\/www.kunnskap.de\/?page_id=6632"},"modified":"2021-09-29T01:25:17","modified_gmt":"2021-09-28T23:25:17","slug":"sachanlagen","status":"publish","type":"page","link":"https:\/\/prudentwater.com\/en\/sachanlagen\/","title":{"rendered":"Sachanlagen"},"content":{"rendered":"<p>engl. <strong>Property, Plant &amp; Equipment<\/strong> oder <strong>Tangible Assets<\/strong><\/p>\n<p>Sachanlagen geh\u00f6ren zu dem Anlageverm\u00f6gen eines Unternehmens und werden in der Bilanz dem Aktiva zugeordnet. Zu den Sachanlagen geh\u00f6ren materielle und greifbare Gegenst\u00e4nde wie Maschinen, Produktionsanlagen, Fabriken, Betriebsausstattungen, Grundst\u00fccke und Immobilien. Sachanlagen sind betriebsnotwendig, das t\u00e4gliche Gesch\u00e4ft kann somit ohne sie nicht aufrechterhalten werden. Der Gegenpart zu den Sachanlagen sind immaterielle G\u00fcter wie zum Beispiel Lizenzen, Patente oder Markennamen. Im Gegensatz zu den immateriellen G\u00fctern sind Sachanlagen physisch greifbar. Sachanlagen bilden zusammen mit den immateriellen Verm\u00f6gensgegenst\u00e4nden und den Finanzanlagen das Anlageverm\u00f6gen eines Unternehmens. In der Bilanz eines Unternehmens werden die Sachanlagen zu den Anschaffungskosten bzw. Herstellungskosten angegeben, je nachdem, ob diese extern bezogen wurden oder aber aus der eigenen Herstellung stammen.<\/p>\n","protected":false},"excerpt":{"rendered":"<p>engl. Property, Plant &amp; Equipment oder Tangible Assets Sachanlagen geh\u00f6ren zu dem Anlageverm\u00f6gen eines Unternehmens und werden in der Bilanz dem Aktiva zugeordnet. Zu den Sachanlagen geh\u00f6ren materielle und greifbare Gegenst\u00e4nde wie Maschinen, Produktionsanlagen, Fabriken, Betriebsausstattungen, Grundst\u00fccke und Immobilien. Sachanlagen sind betriebsnotwendig, das t\u00e4gliche Gesch\u00e4ft kann somit ohne sie nicht aufrechterhalten werden. Der Gegenpart zu [&hellip;]<\/p>\n","protected":false},"author":1,"featured_media":0,"parent":0,"menu_order":0,"comment_status":"closed","ping_status":"closed","template":"","meta":{"site-sidebar-layout":"default","site-content-layout":"default","ast-site-content-layout":"","site-content-style":"default","site-sidebar-style":"default","ast-global-header-display":"","ast-banner-title-visibility":"","ast-main-header-display":"","ast-hfb-above-header-display":"","ast-hfb-below-header-display":"","ast-hfb-mobile-header-display":"","site-post-title":"","ast-breadcrumbs-content":"","ast-featured-img":"","footer-sml-layout":"","theme-transparent-header-meta":"default","adv-header-id-meta":"","stick-header-meta":"","header-above-stick-meta":"","header-main-stick-meta":"","header-below-stick-meta":"","astra-migrate-meta-layouts":"default","ast-page-background-enabled":"default","ast-page-background-meta":{"desktop":{"background-color":"","background-image":"","background-repeat":"repeat","background-position":"center center","background-size":"auto","background-attachment":"scroll","background-type":"","background-media":"","overlay-type":"","overlay-color":"","overlay-opacity":"","overlay-gradient":""},"tablet":{"background-color":"","background-image":"","background-repeat":"repeat","background-position":"center center","background-size":"auto","background-attachment":"scroll","background-type":"","background-media":"","overlay-type":"","overlay-color":"","overlay-opacity":"","overlay-gradient":""},"mobile":{"background-color":"","background-image":"","background-repeat":"repeat","background-position":"center center","background-size":"auto","background-attachment":"scroll","background-type":"","background-media":"","overlay-type":"","overlay-color":"","overlay-opacity":"","overlay-gradient":""}},"ast-content-background-meta":{"desktop":{"background-color":"var(--ast-global-color-5)","background-image":"","background-repeat":"repeat","background-position":"center center","background-size":"auto","background-attachment":"scroll","background-type":"","background-media":"","overlay-type":"","overlay-color":"","overlay-opacity":"","overlay-gradient":""},"tablet":{"background-color":"var(--ast-global-color-5)","background-image":"","background-repeat":"repeat","background-position":"center center","background-size":"auto","background-attachment":"scroll","background-type":"","background-media":"","overlay-type":"","overlay-color":"","overlay-opacity":"","overlay-gradient":""},"mobile":{"background-color":"var(--ast-global-color-5)","background-image":"","background-repeat":"repeat","background-position":"center center","background-size":"auto","background-attachment":"scroll","background-type":"","background-media":"","overlay-type":"","overlay-color":"","overlay-opacity":"","overlay-gradient":""}},"footnotes":""},"class_list":["post-6632","page","type-page","status-publish","hentry"],"translation":{"provider":"WPGlobus","version":"3.0.2","language":"en","enabled_languages":["de","en"],"languages":{"de":{"title":true,"content":true,"excerpt":false},"en":{"title":false,"content":false,"excerpt":false}}},"featured_image_urls_v2":{"full":"","thumbnail":"","medium":"","medium_large":"","large":"","1536x1536":"","2048x2048":""},"post_excerpt_stackable_v2":"<p>engl. Property, Plant &amp; Equipment oder Tangible Assets Sachanlagen geh\u00f6ren zu dem Anlageverm\u00f6gen eines Unternehmens und werden in der Bilanz dem Aktiva zugeordnet. Zu den Sachanlagen geh\u00f6ren materielle und greifbare Gegenst\u00e4nde wie Maschinen, Produktionsanlagen, Fabriken, Betriebsausstattungen, Grundst\u00fccke und Immobilien. Sachanlagen sind betriebsnotwendig, das t\u00e4gliche Gesch\u00e4ft kann somit ohne sie nicht aufrechterhalten werden. Der Gegenpart zu den Sachanlagen sind immaterielle G\u00fcter wie zum Beispiel Lizenzen, Patente oder Markennamen. Im Gegensatz zu den immateriellen G\u00fctern sind Sachanlagen physisch greifbar. Sachanlagen bilden zusammen mit den immateriellen Verm\u00f6gensgegenst\u00e4nden und den Finanzanlagen das Anlageverm\u00f6gen eines Unternehmens. In der Bilanz eines Unternehmens werden die Sachanlagen zu&hellip;<\/p>\n","category_list_v2":"","author_info_v2":{"name":"PrudentWater","url":"https:\/\/prudentwater.com\/en\/author\/niklas33\/"},"comments_num_v2":"0 comments","_links":{"self":[{"href":"https:\/\/prudentwater.com\/en\/wp-json\/wp\/v2\/pages\/6632","targetHints":{"allow":["GET"]}}],"collection":[{"href":"https:\/\/prudentwater.com\/en\/wp-json\/wp\/v2\/pages"}],"about":[{"href":"https:\/\/prudentwater.com\/en\/wp-json\/wp\/v2\/types\/page"}],"author":[{"embeddable":true,"href":"https:\/\/prudentwater.com\/en\/wp-json\/wp\/v2\/users\/1"}],"replies":[{"embeddable":true,"href":"https:\/\/prudentwater.com\/en\/wp-json\/wp\/v2\/comments?post=6632"}],"version-history":[{"count":0,"href":"https:\/\/prudentwater.com\/en\/wp-json\/wp\/v2\/pages\/6632\/revisions"}],"wp:attachment":[{"href":"https:\/\/prudentwater.com\/en\/wp-json\/wp\/v2\/media?parent=6632"}],"curies":[{"name":"wp","href":"https:\/\/api.w.org\/{rel}","templated":true}]}}