{"id":6652,"date":"2016-04-18T15:49:13","date_gmt":"2016-04-18T15:49:13","guid":{"rendered":"http:\/\/www.kunnskap.de\/?page_id=6652"},"modified":"2023-07-26T16:47:34","modified_gmt":"2023-07-26T14:47:34","slug":"zahlungsmittel-und-zahlungsmittelaquivalente","status":"publish","type":"page","link":"https:\/\/prudentwater.com\/en\/zahlungsmittel-und-zahlungsmittelaquivalente\/","title":{"rendered":"Zahlungsmittel und Zahlungsmittel\u00e4quivalente"},"content":{"rendered":"<p>engl. <b>Cash and Cash Equivalents<\/b><br>\nAuch <b>Fl\u00fcssige Mittel<\/b><\/p>\n\n\n<div class=\"wp-block-stackable-heading stk-block-heading stk-block-heading--v2 stk-block stk-40c06f9\" id=\"strong-zentrale-kernaussagen-strong\" data-block-id=\"40c06f9\"><style>.stk-40c06f9{margin-bottom:15px !important}.stk-40c06f9 .stk-block-heading__text{font-size:15px !important;margin:0 !important;color:#da8611 !important;font-weight:400 !important;letter-spacing:1px !important}@media screen and (max-width:1023px){.stk-40c06f9 .stk-block-heading__text{font-size:17px !important}}<\/style><h2 class=\"stk-block-heading__text has-text-color\"><b>ZENTRALE KERNAUSSAGE<\/b><\/h2><\/div>\n\n\n\n<ul class=\"has-ast-global-color-8-color has-text-color wp-block-list\" style=\"font-size:15px;font-style:normal;font-weight:500;line-height:2\">\n\n<li>Die Zahlungsmittel und Zahlungsmittel\u00e4quivalente eines Unternehmens umfassen die Barmittel oder hochliquiden Wertpapiere, welche sofort in Geld umgewandelt werden k\u00f6nnen. F\u00fcr Unternehmen besitzt dieser Posten die Funktion einer Liquidit\u00e4tsreserve, auf die jederzeit zur\u00fcckgegriffen werden kann.<\/li>\n\n<\/ul>\n\n\n<p><!-- \/wp:post-content --><\/p>\n<hr>\nZahlungsmittel und Zahlungsmittel\u00e4quivalente geh\u00f6ren zu dem Umlaufverm\u00f6gen und bilden die aktuellen Liquidit\u00e4tsreserven eines Unternehmens ab. Dabei handelt es sich um Bankguthaben, Kassenbest\u00e4nde, Schecks (Zahlungsmittel) sowie ebenso  um kurzfristige Wertpapiere wie zum Beispiel Geldmarktpapiere (Zahlungsmittel\u00e4quivalente), die jederzeit in Cash umgewandelt werden k\u00f6nnen. Die Bankguthaben sowie Kassenbest\u00e4nde sind dabei in der Bilanz mit dem Nominalbetrag anzusetzen. Best\u00e4nde in Fremdw\u00e4hrungen sind am Bilanzstichtag mit dem Devisenkassamittelkurs umzurechnen, sobald die Restlaufzeit der Position unter 12 Monaten liegt. Au\u00dferdem d\u00fcrfen Wertpapiere, die den Zahlungsmitteln und Zahlungsmittel\u00e4quivalenten zugeh\u00f6ren, nur geringeren Wertschwankungen unterliegen.<p><\/p>\n<h2>Wichtigkeit der Zahlungsmittel und Zahlungsmittel\u00e4quivalente<\/h2>\n<p>Sinn und Zweck der Zahlungsmittel und Zahlungsmittel\u00e4quivalente ist es, jederzeit \u00fcber ausreichend Liquidit\u00e4t zu verf\u00fcgen, um stets allen Zahlungsverpflichtungen wie vor allem den Verbindlichkeiten aus Lieferungen und Leistungen nachkommen zu k\u00f6nnen. Wertpapiere, die den Zahlungsmitteln und Zahlungsmittel\u00e4quivalenten zugeh\u00f6ren, d\u00fcrfen nur geringen Wertschwankungen unterliegen. Zahlungsmittel und Zahlungsmittel\u00e4quivalente sind f\u00fcr ein Unternehmen deshalb so wichtig, weil es stets \u00fcber ausreichend fl\u00fcssige Mittel verf\u00fcgen muss, um eine sogenannte Unterliquidit\u00e4t zu vermeiden, welche im schlimmsten Fall zu einer Zahlungsunf\u00e4higkeit f\u00fchren kann.<\/p>","protected":false},"excerpt":{"rendered":"<p>engl. Cash and Cash Equivalents Auch Fl\u00fcssige Mittel ZENTRALE KERNAUSSAGE Zahlungsmittel und Zahlungsmittel\u00e4quivalente geh\u00f6ren zu dem Umlaufverm\u00f6gen und bilden die aktuellen Liquidit\u00e4tsreserven eines Unternehmens ab. Dabei handelt es sich um Bankguthaben, Kassenbest\u00e4nde, Schecks (Zahlungsmittel) sowie ebenso um kurzfristige Wertpapiere wie zum Beispiel Geldmarktpapiere (Zahlungsmittel\u00e4quivalente), die jederzeit in Cash umgewandelt werden k\u00f6nnen. Die Bankguthaben sowie Kassenbest\u00e4nde [&hellip;]<\/p>\n","protected":false},"author":1,"featured_media":0,"parent":0,"menu_order":0,"comment_status":"closed","ping_status":"closed","template":"","meta":{"site-sidebar-layout":"default","site-content-layout":"default","ast-site-content-layout":"","site-content-style":"default","site-sidebar-style":"default","ast-global-header-display":"","ast-banner-title-visibility":"","ast-main-header-display":"","ast-hfb-above-header-display":"","ast-hfb-below-header-display":"","ast-hfb-mobile-header-display":"","site-post-title":"","ast-breadcrumbs-content":"","ast-featured-img":"","footer-sml-layout":"","theme-transparent-header-meta":"default","adv-header-id-meta":"","stick-header-meta":"","header-above-stick-meta":"","header-main-stick-meta":"","header-below-stick-meta":"","astra-migrate-meta-layouts":"default","ast-page-background-enabled":"default","ast-page-background-meta":{"desktop":{"background-color":"","background-image":"","background-repeat":"repeat","background-position":"center center","background-size":"auto","background-attachment":"scroll","background-type":"","background-media":"","overlay-type":"","overlay-color":"","overlay-opacity":"","overlay-gradient":""},"tablet":{"background-color":"","background-image":"","background-repeat":"repeat","background-position":"center center","background-size":"auto","background-attachment":"scroll","background-type":"","background-media":"","overlay-type":"","overlay-color":"","overlay-opacity":"","overlay-gradient":""},"mobile":{"background-color":"","background-image":"","background-repeat":"repeat","background-position":"center center","background-size":"auto","background-attachment":"scroll","background-type":"","background-media":"","overlay-type":"","overlay-color":"","overlay-opacity":"","overlay-gradient":""}},"ast-content-background-meta":{"desktop":{"background-color":"var(--ast-global-color-5)","background-image":"","background-repeat":"repeat","background-position":"center center","background-size":"auto","background-attachment":"scroll","background-type":"","background-media":"","overlay-type":"","overlay-color":"","overlay-opacity":"","overlay-gradient":""},"tablet":{"background-color":"var(--ast-global-color-5)","background-image":"","background-repeat":"repeat","background-position":"center center","background-size":"auto","background-attachment":"scroll","background-type":"","background-media":"","overlay-type":"","overlay-color":"","overlay-opacity":"","overlay-gradient":""},"mobile":{"background-color":"var(--ast-global-color-5)","background-image":"","background-repeat":"repeat","background-position":"center center","background-size":"auto","background-attachment":"scroll","background-type":"","background-media":"","overlay-type":"","overlay-color":"","overlay-opacity":"","overlay-gradient":""}},"footnotes":""},"class_list":["post-6652","page","type-page","status-publish","hentry"],"translation":{"provider":"WPGlobus","version":"3.0.2","language":"en","enabled_languages":["de","en"],"languages":{"de":{"title":true,"content":true,"excerpt":false},"en":{"title":false,"content":false,"excerpt":false}}},"featured_image_urls_v2":{"full":"","thumbnail":"","medium":"","medium_large":"","large":"","1536x1536":"","2048x2048":""},"post_excerpt_stackable_v2":"<p>engl. Cash and Cash Equivalents Auch Fl\u00fcssige Mittel ZENTRALE KERNAUSSAGE Die Zahlungsmittel und Zahlungsmittel\u00e4quivalente eines Unternehmens umfassen die Barmittel oder hochliquiden Wertpapiere, welche sofort in Geld umgewandelt werden k\u00f6nnen. F\u00fcr Unternehmen besitzt dieser Posten die Funktion einer Liquidit\u00e4tsreserve, auf die jederzeit zur\u00fcckgegriffen werden kann. Zahlungsmittel und Zahlungsmittel\u00e4quivalente geh\u00f6ren zu dem Umlaufverm\u00f6gen und bilden die aktuellen Liquidit\u00e4tsreserven eines Unternehmens ab. Dabei handelt es sich um Bankguthaben, Kassenbest\u00e4nde, Schecks (Zahlungsmittel) sowie ebenso um kurzfristige Wertpapiere wie zum Beispiel Geldmarktpapiere (Zahlungsmittel\u00e4quivalente), die jederzeit in Cash umgewandelt werden k\u00f6nnen. Die Bankguthaben sowie Kassenbest\u00e4nde sind dabei in der Bilanz mit dem Nominalbetrag anzusetzen. Best\u00e4nde in&hellip;<\/p>\n","category_list_v2":"","author_info_v2":{"name":"PrudentWater","url":"https:\/\/prudentwater.com\/en\/author\/niklas33\/"},"comments_num_v2":"0 comments","_links":{"self":[{"href":"https:\/\/prudentwater.com\/en\/wp-json\/wp\/v2\/pages\/6652","targetHints":{"allow":["GET"]}}],"collection":[{"href":"https:\/\/prudentwater.com\/en\/wp-json\/wp\/v2\/pages"}],"about":[{"href":"https:\/\/prudentwater.com\/en\/wp-json\/wp\/v2\/types\/page"}],"author":[{"embeddable":true,"href":"https:\/\/prudentwater.com\/en\/wp-json\/wp\/v2\/users\/1"}],"replies":[{"embeddable":true,"href":"https:\/\/prudentwater.com\/en\/wp-json\/wp\/v2\/comments?post=6652"}],"version-history":[{"count":0,"href":"https:\/\/prudentwater.com\/en\/wp-json\/wp\/v2\/pages\/6652\/revisions"}],"wp:attachment":[{"href":"https:\/\/prudentwater.com\/en\/wp-json\/wp\/v2\/media?parent=6652"}],"curies":[{"name":"wp","href":"https:\/\/api.w.org\/{rel}","templated":true}]}}