{"id":6654,"date":"2016-04-18T16:29:42","date_gmt":"2016-04-18T16:29:42","guid":{"rendered":"http:\/\/www.kunnskap.de\/?page_id=6654"},"modified":"2021-06-25T12:49:01","modified_gmt":"2021-06-25T10:49:01","slug":"forderungen-aus-lieferungen-und-leistungen","status":"publish","type":"page","link":"https:\/\/prudentwater.com\/en\/forderungen-aus-lieferungen-und-leistungen\/","title":{"rendered":"Forderungen aus Lieferungen und Leistungen"},"content":{"rendered":"<p>Auch <strong>FLL<\/strong><br \/>\nengl. <strong>Accounts Receivable (AR)<\/strong><\/p>\n<p>Forderungen aus Lieferungen und Leistungen geh\u00f6ren zu dem Umlaufverm\u00f6gen eines Unternehmens. Dabei handelt es sich um offene Forderungen des bilanzierenden Unternehmens gegen\u00fcber Dritten (Kunden). Verkauft das Unternehmen Waren oder Dienstleistungen auf Rechnung, so entstehen Forderungen aus Lieferungen und Leistungen mit einem bestimmten Zahlungsziel. Solange die bereits gelieferten Waren \/ Dienstleistungen noch nicht von dem Kunden bezahlt wurden, ist der Betrag dem Aktiva unter Umlaufverm\u00f6gen mit dem Nennwert zu verbuchen. Notiert die offene Forderung in einer Fremdw\u00e4hrung, so ist dieser Betrag zum Bilanzstichtag mit dem Devisenkassakurs umzurechnen und bei Zugangszeitpunkt zum Devisenkassamittelkurs. Zu den Forderungen aus Lieferungen und Leistungen geh\u00f6ren aber auch Forderungen aus dem Finanzverkehr. Diese k\u00f6nnen beispielsweise aus Beteiligungen resultieren, wodurch Gewinnanspr\u00fcche entstehen.<\/p>\n","protected":false},"excerpt":{"rendered":"<p>Auch FLL engl. Accounts Receivable (AR) Forderungen aus Lieferungen und Leistungen geh\u00f6ren zu dem Umlaufverm\u00f6gen eines Unternehmens. Dabei handelt es sich um offene Forderungen des bilanzierenden Unternehmens gegen\u00fcber Dritten (Kunden). Verkauft das Unternehmen Waren oder Dienstleistungen auf Rechnung, so entstehen Forderungen aus Lieferungen und Leistungen mit einem bestimmten Zahlungsziel. Solange die bereits gelieferten Waren \/ [&hellip;]<\/p>\n","protected":false},"author":1,"featured_media":0,"parent":0,"menu_order":0,"comment_status":"closed","ping_status":"closed","template":"","meta":{"site-sidebar-layout":"default","site-content-layout":"","ast-site-content-layout":"","site-content-style":"default","site-sidebar-style":"default","ast-global-header-display":"","ast-banner-title-visibility":"","ast-main-header-display":"","ast-hfb-above-header-display":"","ast-hfb-below-header-display":"","ast-hfb-mobile-header-display":"","site-post-title":"","ast-breadcrumbs-content":"","ast-featured-img":"","footer-sml-layout":"","theme-transparent-header-meta":"","adv-header-id-meta":"","stick-header-meta":"","header-above-stick-meta":"","header-main-stick-meta":"","header-below-stick-meta":"","astra-migrate-meta-layouts":"default","ast-page-background-enabled":"default","ast-page-background-meta":{"desktop":{"background-color":"","background-image":"","background-repeat":"repeat","background-position":"center center","background-size":"auto","background-attachment":"scroll","background-type":"","background-media":"","overlay-type":"","overlay-color":"","overlay-opacity":"","overlay-gradient":""},"tablet":{"background-color":"","background-image":"","background-repeat":"repeat","background-position":"center center","background-size":"auto","background-attachment":"scroll","background-type":"","background-media":"","overlay-type":"","overlay-color":"","overlay-opacity":"","overlay-gradient":""},"mobile":{"background-color":"","background-image":"","background-repeat":"repeat","background-position":"center center","background-size":"auto","background-attachment":"scroll","background-type":"","background-media":"","overlay-type":"","overlay-color":"","overlay-opacity":"","overlay-gradient":""}},"ast-content-background-meta":{"desktop":{"background-color":"var(--ast-global-color-5)","background-image":"","background-repeat":"repeat","background-position":"center center","background-size":"auto","background-attachment":"scroll","background-type":"","background-media":"","overlay-type":"","overlay-color":"","overlay-opacity":"","overlay-gradient":""},"tablet":{"background-color":"var(--ast-global-color-5)","background-image":"","background-repeat":"repeat","background-position":"center center","background-size":"auto","background-attachment":"scroll","background-type":"","background-media":"","overlay-type":"","overlay-color":"","overlay-opacity":"","overlay-gradient":""},"mobile":{"background-color":"var(--ast-global-color-5)","background-image":"","background-repeat":"repeat","background-position":"center center","background-size":"auto","background-attachment":"scroll","background-type":"","background-media":"","overlay-type":"","overlay-color":"","overlay-opacity":"","overlay-gradient":""}},"footnotes":""},"class_list":["post-6654","page","type-page","status-publish","hentry"],"translation":{"provider":"WPGlobus","version":"3.0.2","language":"en","enabled_languages":["de","en"],"languages":{"de":{"title":true,"content":true,"excerpt":false},"en":{"title":false,"content":false,"excerpt":false}}},"featured_image_urls_v2":{"full":"","thumbnail":"","medium":"","medium_large":"","large":"","1536x1536":"","2048x2048":""},"post_excerpt_stackable_v2":"<p>Auch FLL engl. Accounts Receivable (AR) Forderungen aus Lieferungen und Leistungen geh\u00f6ren zu dem Umlaufverm\u00f6gen eines Unternehmens. Dabei handelt es sich um offene Forderungen des bilanzierenden Unternehmens gegen\u00fcber Dritten (Kunden). Verkauft das Unternehmen Waren oder Dienstleistungen auf Rechnung, so entstehen Forderungen aus Lieferungen und Leistungen mit einem bestimmten Zahlungsziel. Solange die bereits gelieferten Waren \/ Dienstleistungen noch nicht von dem Kunden bezahlt wurden, ist der Betrag dem Aktiva unter Umlaufverm\u00f6gen mit dem Nennwert zu verbuchen. Notiert die offene Forderung in einer Fremdw\u00e4hrung, so ist dieser Betrag zum Bilanzstichtag mit dem Devisenkassakurs umzurechnen und bei Zugangszeitpunkt zum Devisenkassamittelkurs. Zu den Forderungen&hellip;<\/p>\n","category_list_v2":"","author_info_v2":{"name":"PrudentWater","url":"https:\/\/prudentwater.com\/en\/author\/niklas33\/"},"comments_num_v2":"0 comments","_links":{"self":[{"href":"https:\/\/prudentwater.com\/en\/wp-json\/wp\/v2\/pages\/6654","targetHints":{"allow":["GET"]}}],"collection":[{"href":"https:\/\/prudentwater.com\/en\/wp-json\/wp\/v2\/pages"}],"about":[{"href":"https:\/\/prudentwater.com\/en\/wp-json\/wp\/v2\/types\/page"}],"author":[{"embeddable":true,"href":"https:\/\/prudentwater.com\/en\/wp-json\/wp\/v2\/users\/1"}],"replies":[{"embeddable":true,"href":"https:\/\/prudentwater.com\/en\/wp-json\/wp\/v2\/comments?post=6654"}],"version-history":[{"count":0,"href":"https:\/\/prudentwater.com\/en\/wp-json\/wp\/v2\/pages\/6654\/revisions"}],"wp:attachment":[{"href":"https:\/\/prudentwater.com\/en\/wp-json\/wp\/v2\/media?parent=6654"}],"curies":[{"name":"wp","href":"https:\/\/api.w.org\/{rel}","templated":true}]}}