{"id":6659,"date":"2016-04-18T16:41:44","date_gmt":"2016-04-18T16:41:44","guid":{"rendered":"http:\/\/www.kunnskap.de\/?page_id=6659"},"modified":"2021-06-25T12:50:16","modified_gmt":"2021-06-25T10:50:16","slug":"vorrate","status":"publish","type":"page","link":"https:\/\/prudentwater.com\/en\/vorrate\/","title":{"rendered":"Vorr\u00e4te"},"content":{"rendered":"<p>engl. <strong>Inventories<\/strong><\/p>\n<p>Die Vorr\u00e4te geh\u00f6ren in der Bilanz zu dem Umlaufverm\u00f6gen eines Unternehmens. Zu den Vorr\u00e4ten eines Unternehmens geh\u00f6ren insgesamt vier Posten: Roh-, Hilfs- und Betriebsstoffe, unfertige Erzeugnisse und Leistungen, fertige Erzeugnisse und Waren sowie geleistete Anzahlungen. Vorr\u00e4te sind beim Zugang in das Unternehmen mit den Anschaffungskosten bzw. mit den Herstellungskosten bilanziell zu bewerten. Aufgrund ihrer Komplexit\u00e4t bei der Bewertung der Vorr\u00e4te sind Bewertungsvereinfachungsverfahren erlaubt. Diese dienen der vereinfachten Ermittlung bei der Bewertung der Anschaffungskosten bzw. Herstellungskosten der Vorr\u00e4te. Au\u00dferdem soll so ein realistisches Ergebnis der Bewertung der Vorr\u00e4te sichergestellt werden. Grunds\u00e4tzlich d\u00fcrfen Vorr\u00e4te jedoch h\u00f6chstens mit den Anschaffungs- oder Herstellungskosten bewertet werden. Steigen generell die Vorr\u00e4te eines Unternehmens an, so wird automatisch auch mehr Kapital gebunden. Verringern sich die Vorr\u00e4te jedoch im Vergleich zum Vorjahr, wird Kapital freigesetzt und das Unternehmen verzeichnet in der Cashflowberechnung einen Mittelzufluss.<\/p>\n","protected":false},"excerpt":{"rendered":"<p>engl. Inventories Die Vorr\u00e4te geh\u00f6ren in der Bilanz zu dem Umlaufverm\u00f6gen eines Unternehmens. Zu den Vorr\u00e4ten eines Unternehmens geh\u00f6ren insgesamt vier Posten: Roh-, Hilfs- und Betriebsstoffe, unfertige Erzeugnisse und Leistungen, fertige Erzeugnisse und Waren sowie geleistete Anzahlungen. Vorr\u00e4te sind beim Zugang in das Unternehmen mit den Anschaffungskosten bzw. mit den Herstellungskosten bilanziell zu bewerten. Aufgrund [&hellip;]<\/p>\n","protected":false},"author":1,"featured_media":0,"parent":0,"menu_order":0,"comment_status":"closed","ping_status":"closed","template":"","meta":{"site-sidebar-layout":"default","site-content-layout":"","ast-site-content-layout":"","site-content-style":"default","site-sidebar-style":"default","ast-global-header-display":"","ast-banner-title-visibility":"","ast-main-header-display":"","ast-hfb-above-header-display":"","ast-hfb-below-header-display":"","ast-hfb-mobile-header-display":"","site-post-title":"","ast-breadcrumbs-content":"","ast-featured-img":"","footer-sml-layout":"","theme-transparent-header-meta":"","adv-header-id-meta":"","stick-header-meta":"","header-above-stick-meta":"","header-main-stick-meta":"","header-below-stick-meta":"","astra-migrate-meta-layouts":"default","ast-page-background-enabled":"default","ast-page-background-meta":{"desktop":{"background-color":"","background-image":"","background-repeat":"repeat","background-position":"center center","background-size":"auto","background-attachment":"scroll","background-type":"","background-media":"","overlay-type":"","overlay-color":"","overlay-opacity":"","overlay-gradient":""},"tablet":{"background-color":"","background-image":"","background-repeat":"repeat","background-position":"center center","background-size":"auto","background-attachment":"scroll","background-type":"","background-media":"","overlay-type":"","overlay-color":"","overlay-opacity":"","overlay-gradient":""},"mobile":{"background-color":"","background-image":"","background-repeat":"repeat","background-position":"center center","background-size":"auto","background-attachment":"scroll","background-type":"","background-media":"","overlay-type":"","overlay-color":"","overlay-opacity":"","overlay-gradient":""}},"ast-content-background-meta":{"desktop":{"background-color":"var(--ast-global-color-5)","background-image":"","background-repeat":"repeat","background-position":"center center","background-size":"auto","background-attachment":"scroll","background-type":"","background-media":"","overlay-type":"","overlay-color":"","overlay-opacity":"","overlay-gradient":""},"tablet":{"background-color":"var(--ast-global-color-5)","background-image":"","background-repeat":"repeat","background-position":"center center","background-size":"auto","background-attachment":"scroll","background-type":"","background-media":"","overlay-type":"","overlay-color":"","overlay-opacity":"","overlay-gradient":""},"mobile":{"background-color":"var(--ast-global-color-5)","background-image":"","background-repeat":"repeat","background-position":"center center","background-size":"auto","background-attachment":"scroll","background-type":"","background-media":"","overlay-type":"","overlay-color":"","overlay-opacity":"","overlay-gradient":""}},"footnotes":""},"class_list":["post-6659","page","type-page","status-publish","hentry"],"translation":{"provider":"WPGlobus","version":"3.0.2","language":"en","enabled_languages":["de","en"],"languages":{"de":{"title":true,"content":true,"excerpt":false},"en":{"title":false,"content":false,"excerpt":false}}},"featured_image_urls_v2":{"full":"","thumbnail":"","medium":"","medium_large":"","large":"","1536x1536":"","2048x2048":""},"post_excerpt_stackable_v2":"<p>engl. Inventories Die Vorr\u00e4te geh\u00f6ren in der Bilanz zu dem Umlaufverm\u00f6gen eines Unternehmens. Zu den Vorr\u00e4ten eines Unternehmens geh\u00f6ren insgesamt vier Posten: Roh-, Hilfs- und Betriebsstoffe, unfertige Erzeugnisse und Leistungen, fertige Erzeugnisse und Waren sowie geleistete Anzahlungen. Vorr\u00e4te sind beim Zugang in das Unternehmen mit den Anschaffungskosten bzw. mit den Herstellungskosten bilanziell zu bewerten. Aufgrund ihrer Komplexit\u00e4t bei der Bewertung der Vorr\u00e4te sind Bewertungsvereinfachungsverfahren erlaubt. Diese dienen der vereinfachten Ermittlung bei der Bewertung der Anschaffungskosten bzw. Herstellungskosten der Vorr\u00e4te. Au\u00dferdem soll so ein realistisches Ergebnis der Bewertung der Vorr\u00e4te sichergestellt werden. Grunds\u00e4tzlich d\u00fcrfen Vorr\u00e4te jedoch h\u00f6chstens mit den Anschaffungs- oder&hellip;<\/p>\n","category_list_v2":"","author_info_v2":{"name":"PrudentWater","url":"https:\/\/prudentwater.com\/en\/author\/niklas33\/"},"comments_num_v2":"0 comments","_links":{"self":[{"href":"https:\/\/prudentwater.com\/en\/wp-json\/wp\/v2\/pages\/6659","targetHints":{"allow":["GET"]}}],"collection":[{"href":"https:\/\/prudentwater.com\/en\/wp-json\/wp\/v2\/pages"}],"about":[{"href":"https:\/\/prudentwater.com\/en\/wp-json\/wp\/v2\/types\/page"}],"author":[{"embeddable":true,"href":"https:\/\/prudentwater.com\/en\/wp-json\/wp\/v2\/users\/1"}],"replies":[{"embeddable":true,"href":"https:\/\/prudentwater.com\/en\/wp-json\/wp\/v2\/comments?post=6659"}],"version-history":[{"count":0,"href":"https:\/\/prudentwater.com\/en\/wp-json\/wp\/v2\/pages\/6659\/revisions"}],"wp:attachment":[{"href":"https:\/\/prudentwater.com\/en\/wp-json\/wp\/v2\/media?parent=6659"}],"curies":[{"name":"wp","href":"https:\/\/api.w.org\/{rel}","templated":true}]}}