{"id":66630,"date":"2022-02-05T16:12:49","date_gmt":"2022-02-05T15:12:49","guid":{"rendered":"https:\/\/prudentwater.com\/?page_id=66630"},"modified":"2023-05-16T08:13:19","modified_gmt":"2023-05-16T06:13:19","slug":"iceberg-order","status":"publish","type":"page","link":"https:\/\/prudentwater.com\/en\/iceberg-order\/","title":{"rendered":"Iceberg Order"},"content":{"rendered":"<p>Auch <strong>Eisbergorder<\/strong><\/p>\n<p>Eine Iceberg Order ist eine gro\u00dfe Order zum Kauf oder Verkauf von Wertpapieren, die in mehrere kleinere Auftr\u00e4ge unterteilt ist, um den Einfluss auf den Markt zu minimieren. Das Ziel einer Iceberg Order ist es, die Gr\u00f6\u00dfe des tats\u00e4chlichen Auftrags zu verschleiern, um zu verhindern, dass andere Marktteilnehmer die Absicht des H\u00e4ndlers erkennen und den Marktpreis beeinflussen.<\/p>\n<p>Bei einer Iceberg Order wird also eine (sehr) gro\u00dfe Order nur st\u00fcckweise am Markt platziert und eben nicht komplett auf einmal. Es wird stets nur ein Teil der Order (die Spitze des Eisberges) am Markt sichtbar platziert. Wurden dann diese St\u00fccke erfolgreich verkauft oder auch gekauft, so wird anschlie\u00dfend der n\u00e4chste Teil der Order am Markt platziert. Der Sinn der Eisbergorder ist die Reduzierung der sogenannten Market Impact-Kosten. W\u00fcrde man n\u00e4mlich direkt die gesamte Order am Markt auf einmal platzieren, so wird der Kurs des Wertpapieres durch die Order aufgrund des hohen Volumens beeinflusst. Diejenige Person, die die Kauf-Order auf einmal platziert hat, wird dann einen h\u00f6heren Durchschnittskurs zahlen m\u00fcssen bzw. bei einer hohen Verkaufs-Order einen niedrigeren Durchschnittskurs erl\u00f6sen. Mit der Iceberg Order l\u00e4sst sich dies gr\u00f6\u00dftenteils vermeiden.<\/p>\n<p>Als Privatanleger ist es in der Regel nicht m\u00f6glich, eine Iceberg-Order direkt zu erkennen, da die Handelsplattformen normalerweise nur die sichtbaren Teile der Order anzeigen. Die Informationen \u00fcber den verdeckten Teil der Order sind normalerweise den institutionellen H\u00e4ndlern vorbehalten.<\/p>\n","protected":false},"excerpt":{"rendered":"<p>Auch Eisbergorder Eine Iceberg Order ist eine gro\u00dfe Order zum Kauf oder Verkauf von Wertpapieren, die in mehrere kleinere Auftr\u00e4ge unterteilt ist, um den Einfluss auf den Markt zu minimieren. Das Ziel einer Iceberg Order ist es, die Gr\u00f6\u00dfe des tats\u00e4chlichen Auftrags zu verschleiern, um zu verhindern, dass andere Marktteilnehmer die Absicht des H\u00e4ndlers erkennen [&hellip;]<\/p>\n","protected":false},"author":1,"featured_media":0,"parent":0,"menu_order":0,"comment_status":"closed","ping_status":"closed","template":"","meta":{"site-sidebar-layout":"default","site-content-layout":"","ast-site-content-layout":"","site-content-style":"default","site-sidebar-style":"default","ast-global-header-display":"","ast-banner-title-visibility":"","ast-main-header-display":"","ast-hfb-above-header-display":"","ast-hfb-below-header-display":"","ast-hfb-mobile-header-display":"","site-post-title":"","ast-breadcrumbs-content":"","ast-featured-img":"","footer-sml-layout":"","theme-transparent-header-meta":"","adv-header-id-meta":"","stick-header-meta":"","header-above-stick-meta":"","header-main-stick-meta":"","header-below-stick-meta":"","astra-migrate-meta-layouts":"default","ast-page-background-enabled":"default","ast-page-background-meta":{"desktop":{"background-color":"","background-image":"","background-repeat":"repeat","background-position":"center center","background-size":"auto","background-attachment":"scroll","background-type":"","background-media":"","overlay-type":"","overlay-color":"","overlay-opacity":"","overlay-gradient":""},"tablet":{"background-color":"","background-image":"","background-repeat":"repeat","background-position":"center center","background-size":"auto","background-attachment":"scroll","background-type":"","background-media":"","overlay-type":"","overlay-color":"","overlay-opacity":"","overlay-gradient":""},"mobile":{"background-color":"","background-image":"","background-repeat":"repeat","background-position":"center center","background-size":"auto","background-attachment":"scroll","background-type":"","background-media":"","overlay-type":"","overlay-color":"","overlay-opacity":"","overlay-gradient":""}},"ast-content-background-meta":{"desktop":{"background-color":"var(--ast-global-color-5)","background-image":"","background-repeat":"repeat","background-position":"center center","background-size":"auto","background-attachment":"scroll","background-type":"","background-media":"","overlay-type":"","overlay-color":"","overlay-opacity":"","overlay-gradient":""},"tablet":{"background-color":"var(--ast-global-color-5)","background-image":"","background-repeat":"repeat","background-position":"center center","background-size":"auto","background-attachment":"scroll","background-type":"","background-media":"","overlay-type":"","overlay-color":"","overlay-opacity":"","overlay-gradient":""},"mobile":{"background-color":"var(--ast-global-color-5)","background-image":"","background-repeat":"repeat","background-position":"center center","background-size":"auto","background-attachment":"scroll","background-type":"","background-media":"","overlay-type":"","overlay-color":"","overlay-opacity":"","overlay-gradient":""}},"footnotes":""},"class_list":["post-66630","page","type-page","status-publish","hentry"],"translation":{"provider":"WPGlobus","version":"3.0.2","language":"en","enabled_languages":["de","en"],"languages":{"de":{"title":true,"content":true,"excerpt":false},"en":{"title":false,"content":false,"excerpt":false}}},"featured_image_urls_v2":{"full":"","thumbnail":"","medium":"","medium_large":"","large":"","1536x1536":"","2048x2048":""},"post_excerpt_stackable_v2":"<p>Auch Eisbergorder Eine Iceberg Order ist eine gro\u00dfe Order zum Kauf oder Verkauf von Wertpapieren, die in mehrere kleinere Auftr\u00e4ge unterteilt ist, um den Einfluss auf den Markt zu minimieren. Das Ziel einer Iceberg Order ist es, die Gr\u00f6\u00dfe des tats\u00e4chlichen Auftrags zu verschleiern, um zu verhindern, dass andere Marktteilnehmer die Absicht des H\u00e4ndlers erkennen und den Marktpreis beeinflussen. Bei einer Iceberg Order wird also eine (sehr) gro\u00dfe Order nur st\u00fcckweise am Markt platziert und eben nicht komplett auf einmal. Es wird stets nur ein Teil der Order (die Spitze des Eisberges) am Markt sichtbar platziert. Wurden dann diese St\u00fccke&hellip;<\/p>\n","category_list_v2":"","author_info_v2":{"name":"PrudentWater","url":"https:\/\/prudentwater.com\/en\/author\/niklas33\/"},"comments_num_v2":"0 comments","_links":{"self":[{"href":"https:\/\/prudentwater.com\/en\/wp-json\/wp\/v2\/pages\/66630","targetHints":{"allow":["GET"]}}],"collection":[{"href":"https:\/\/prudentwater.com\/en\/wp-json\/wp\/v2\/pages"}],"about":[{"href":"https:\/\/prudentwater.com\/en\/wp-json\/wp\/v2\/types\/page"}],"author":[{"embeddable":true,"href":"https:\/\/prudentwater.com\/en\/wp-json\/wp\/v2\/users\/1"}],"replies":[{"embeddable":true,"href":"https:\/\/prudentwater.com\/en\/wp-json\/wp\/v2\/comments?post=66630"}],"version-history":[{"count":0,"href":"https:\/\/prudentwater.com\/en\/wp-json\/wp\/v2\/pages\/66630\/revisions"}],"wp:attachment":[{"href":"https:\/\/prudentwater.com\/en\/wp-json\/wp\/v2\/media?parent=66630"}],"curies":[{"name":"wp","href":"https:\/\/api.w.org\/{rel}","templated":true}]}}