{"id":6665,"date":"2016-04-19T05:24:44","date_gmt":"2016-04-19T05:24:44","guid":{"rendered":"http:\/\/www.kunnskap.de\/?page_id=6665"},"modified":"2021-06-25T12:49:39","modified_gmt":"2021-06-25T10:49:39","slug":"passiva","status":"publish","type":"page","link":"https:\/\/prudentwater.com\/en\/passiva\/","title":{"rendered":"Passiva"},"content":{"rendered":"<p>Auch <strong>Passivseite<\/strong> oder <strong>Kapitalseite<\/strong><\/p>\n<p>Das Passiva befindet sich auf der rechten Seite der Bilanz und zeigt auf, wie genau sich das Gesamtkapital des Unternehmens zusammensetzt. Die Passivseite gibt somit das Verh\u00e4ltnis von Eigenkapital zu Fremdkapital an und verdeutlicht, wie das Aktiva (Verm\u00f6genswerte auf der linken Seite der Bilanz) finanziert wurde.<\/p>\n<hr>\n<h6>Beispiel<\/h6>\n<p>Angenommen ein Unternehmen besitzt nur eine Immobilie mit einem Wert von 600 000 \u20ac. Diese Immobilie wurde zu 400 000 \u20ac mit Eigenkapital und zu 200 000 \u20ac mit Fremdkapital finanziert. Die Aktivseite weist nun eine Immobilie im Wert von 600 000 \u20ac auf, die Passivseite hingegen gibt die Finanzierung der Immobilie an. Die Passivseite weist somit 400 000 \u20ac Eigenkapital und 200 000 \u20ac Fremdkapital aus.<\/p>\n<hr>\n<h4>Bedeutung der Passiva<\/h4>\n<p>Bei Banken stellt die Passiva das aktive Gesch\u00e4ft dar. Schlie\u00dflich besteht ihr Gesch\u00e4ft daraus, Kundeneinlagen und somit Fremdkapital zu generieren. Bei herk\u00f6mmlichen Unternehmen hingegen stellt die Passivseite die Kapitalbeschaffungsseite dar und besteht somit gr\u00f6\u00dftenteils aus Eigenkapital, Bankkrediten, Anleihen und auch zum Beispiel aus offenen Verbindlichkeiten aus Lieferungen und Leistungen. Dar\u00fcber hinaus gibt das Passiva aber auch Auskunft \u00fcber die Fristigkeit des Fremdkapitals. Anleger mit einem mittel-bis langfristigen Anlagehorizont sollten deshalb vor dem Kauf der jeweiligen Aktien eines Unternehmens die Passivseite unter Ber\u00fccksichtigung der sogenannten goldenen Bilanzregel analysieren. Dies besagt, dass langfristiges Verm\u00f6gen (Anlageverm\u00f6gen auf der Aktivseite) langfristig zu finanzieren ist, um die finanzielle Stabilit\u00e4t des jeweiligen Unternehmens auch in schwierigen Zeiten aufrechterhalten zu k\u00f6nnen. Als richtungsweisende Hilfe zur Beurteilung der finanziellen Stabilit\u00e4t des Unternehmens k\u00f6nnen dabei die Kennzahlen Deckungsgrad I und Deckungsgrad II helfen.<\/p>\n","protected":false},"excerpt":{"rendered":"<p>Auch Passivseite oder Kapitalseite Das Passiva befindet sich auf der rechten Seite der Bilanz und zeigt auf, wie genau sich das Gesamtkapital des Unternehmens zusammensetzt. Die Passivseite gibt somit das Verh\u00e4ltnis von Eigenkapital zu Fremdkapital an und verdeutlicht, wie das Aktiva (Verm\u00f6genswerte auf der linken Seite der Bilanz) finanziert wurde. Beispiel Angenommen ein Unternehmen besitzt [&hellip;]<\/p>\n","protected":false},"author":1,"featured_media":0,"parent":0,"menu_order":0,"comment_status":"closed","ping_status":"closed","template":"","meta":{"site-sidebar-layout":"default","site-content-layout":"","ast-site-content-layout":"","site-content-style":"default","site-sidebar-style":"default","ast-global-header-display":"","ast-banner-title-visibility":"","ast-main-header-display":"","ast-hfb-above-header-display":"","ast-hfb-below-header-display":"","ast-hfb-mobile-header-display":"","site-post-title":"","ast-breadcrumbs-content":"","ast-featured-img":"","footer-sml-layout":"","theme-transparent-header-meta":"","adv-header-id-meta":"","stick-header-meta":"","header-above-stick-meta":"","header-main-stick-meta":"","header-below-stick-meta":"","astra-migrate-meta-layouts":"default","ast-page-background-enabled":"default","ast-page-background-meta":{"desktop":{"background-color":"","background-image":"","background-repeat":"repeat","background-position":"center center","background-size":"auto","background-attachment":"scroll","background-type":"","background-media":"","overlay-type":"","overlay-color":"","overlay-opacity":"","overlay-gradient":""},"tablet":{"background-color":"","background-image":"","background-repeat":"repeat","background-position":"center center","background-size":"auto","background-attachment":"scroll","background-type":"","background-media":"","overlay-type":"","overlay-color":"","overlay-opacity":"","overlay-gradient":""},"mobile":{"background-color":"","background-image":"","background-repeat":"repeat","background-position":"center center","background-size":"auto","background-attachment":"scroll","background-type":"","background-media":"","overlay-type":"","overlay-color":"","overlay-opacity":"","overlay-gradient":""}},"ast-content-background-meta":{"desktop":{"background-color":"var(--ast-global-color-5)","background-image":"","background-repeat":"repeat","background-position":"center center","background-size":"auto","background-attachment":"scroll","background-type":"","background-media":"","overlay-type":"","overlay-color":"","overlay-opacity":"","overlay-gradient":""},"tablet":{"background-color":"var(--ast-global-color-5)","background-image":"","background-repeat":"repeat","background-position":"center center","background-size":"auto","background-attachment":"scroll","background-type":"","background-media":"","overlay-type":"","overlay-color":"","overlay-opacity":"","overlay-gradient":""},"mobile":{"background-color":"var(--ast-global-color-5)","background-image":"","background-repeat":"repeat","background-position":"center center","background-size":"auto","background-attachment":"scroll","background-type":"","background-media":"","overlay-type":"","overlay-color":"","overlay-opacity":"","overlay-gradient":""}},"footnotes":""},"class_list":["post-6665","page","type-page","status-publish","hentry"],"translation":{"provider":"WPGlobus","version":"3.0.2","language":"en","enabled_languages":["de","en"],"languages":{"de":{"title":true,"content":true,"excerpt":false},"en":{"title":false,"content":false,"excerpt":false}}},"featured_image_urls_v2":{"full":"","thumbnail":"","medium":"","medium_large":"","large":"","1536x1536":"","2048x2048":""},"post_excerpt_stackable_v2":"<p>Auch Passivseite oder Kapitalseite Das Passiva befindet sich auf der rechten Seite der Bilanz und zeigt auf, wie genau sich das Gesamtkapital des Unternehmens zusammensetzt. Die Passivseite gibt somit das Verh\u00e4ltnis von Eigenkapital zu Fremdkapital an und verdeutlicht, wie das Aktiva (Verm\u00f6genswerte auf der linken Seite der Bilanz) finanziert wurde. Beispiel Angenommen ein Unternehmen besitzt nur eine Immobilie mit einem Wert von 600 000 \u20ac. Diese Immobilie wurde zu 400 000 \u20ac mit Eigenkapital und zu 200 000 \u20ac mit Fremdkapital finanziert. Die Aktivseite weist nun eine Immobilie im Wert von 600 000 \u20ac auf, die Passivseite hingegen gibt die&hellip;<\/p>\n","category_list_v2":"","author_info_v2":{"name":"PrudentWater","url":"https:\/\/prudentwater.com\/en\/author\/niklas33\/"},"comments_num_v2":"0 comments","_links":{"self":[{"href":"https:\/\/prudentwater.com\/en\/wp-json\/wp\/v2\/pages\/6665","targetHints":{"allow":["GET"]}}],"collection":[{"href":"https:\/\/prudentwater.com\/en\/wp-json\/wp\/v2\/pages"}],"about":[{"href":"https:\/\/prudentwater.com\/en\/wp-json\/wp\/v2\/types\/page"}],"author":[{"embeddable":true,"href":"https:\/\/prudentwater.com\/en\/wp-json\/wp\/v2\/users\/1"}],"replies":[{"embeddable":true,"href":"https:\/\/prudentwater.com\/en\/wp-json\/wp\/v2\/comments?post=6665"}],"version-history":[{"count":0,"href":"https:\/\/prudentwater.com\/en\/wp-json\/wp\/v2\/pages\/6665\/revisions"}],"wp:attachment":[{"href":"https:\/\/prudentwater.com\/en\/wp-json\/wp\/v2\/media?parent=6665"}],"curies":[{"name":"wp","href":"https:\/\/api.w.org\/{rel}","templated":true}]}}