{"id":6678,"date":"2016-04-19T11:17:20","date_gmt":"2016-04-19T11:17:20","guid":{"rendered":"http:\/\/www.kunnskap.de\/?page_id=6678"},"modified":"2023-01-21T15:59:55","modified_gmt":"2023-01-21T14:59:55","slug":"kurzfristige-verbindlichkeiten","status":"publish","type":"page","link":"https:\/\/prudentwater.com\/en\/kurzfristige-verbindlichkeiten\/","title":{"rendered":"Kurzfristige Verbindlichkeiten"},"content":{"rendered":"<p>engl. <b>Current Liabilities<\/b> oder <b>Short-Term Liabilities<\/b><\/p>\n<p>Kurzfristige Verbindlichkeiten in der Bilanz eines Unternehmens sind offene Schulden, die innerhalb der n\u00e4chsten 12 Monate beglichen werden m\u00fcssen. In der Bilanz sind sie zu ihrem Erf\u00fcllungsbetrag anzusetzen. Zu den kurzfristigen Verbindlichkeiten eines Unternehmens geh\u00f6ren vor allem die Verbindlichkeiten aus Lieferungen und Leistungen sowie Verbindlichkeiten gegen\u00fcber Kreditinstituten. Aber auch bald anfallende Steuern sowie Geh\u00e4lter geh\u00f6ren zu den kurzfristigen Verbindlichkeiten eines Unternehmens. Die Kennziffer Liquidit\u00e4t 1. Grades gibt Aufschluss dar\u00fcber, wie gut das Unternehmen die kurzfristigen Verbindlichkeiten in K\u00fcrze zahlen kann.<\/p>\n","protected":false},"excerpt":{"rendered":"<p>engl. Current Liabilities oder Short-Term Liabilities Kurzfristige Verbindlichkeiten in der Bilanz eines Unternehmens sind offene Schulden, die innerhalb der n\u00e4chsten 12 Monate beglichen werden m\u00fcssen. In der Bilanz sind sie zu ihrem Erf\u00fcllungsbetrag anzusetzen. Zu den kurzfristigen Verbindlichkeiten eines Unternehmens geh\u00f6ren vor allem die Verbindlichkeiten aus Lieferungen und Leistungen sowie Verbindlichkeiten gegen\u00fcber Kreditinstituten. Aber auch [&hellip;]<\/p>\n","protected":false},"author":1,"featured_media":0,"parent":0,"menu_order":0,"comment_status":"closed","ping_status":"closed","template":"","meta":{"site-sidebar-layout":"default","site-content-layout":"default","ast-site-content-layout":"","site-content-style":"default","site-sidebar-style":"default","ast-global-header-display":"","ast-banner-title-visibility":"","ast-main-header-display":"","ast-hfb-above-header-display":"","ast-hfb-below-header-display":"","ast-hfb-mobile-header-display":"","site-post-title":"","ast-breadcrumbs-content":"","ast-featured-img":"","footer-sml-layout":"","theme-transparent-header-meta":"default","adv-header-id-meta":"","stick-header-meta":"","header-above-stick-meta":"","header-main-stick-meta":"","header-below-stick-meta":"","astra-migrate-meta-layouts":"default","ast-page-background-enabled":"default","ast-page-background-meta":{"desktop":{"background-color":"","background-image":"","background-repeat":"repeat","background-position":"center center","background-size":"auto","background-attachment":"scroll","background-type":"","background-media":"","overlay-type":"","overlay-color":"","overlay-opacity":"","overlay-gradient":""},"tablet":{"background-color":"","background-image":"","background-repeat":"repeat","background-position":"center center","background-size":"auto","background-attachment":"scroll","background-type":"","background-media":"","overlay-type":"","overlay-color":"","overlay-opacity":"","overlay-gradient":""},"mobile":{"background-color":"","background-image":"","background-repeat":"repeat","background-position":"center center","background-size":"auto","background-attachment":"scroll","background-type":"","background-media":"","overlay-type":"","overlay-color":"","overlay-opacity":"","overlay-gradient":""}},"ast-content-background-meta":{"desktop":{"background-color":"var(--ast-global-color-5)","background-image":"","background-repeat":"repeat","background-position":"center center","background-size":"auto","background-attachment":"scroll","background-type":"","background-media":"","overlay-type":"","overlay-color":"","overlay-opacity":"","overlay-gradient":""},"tablet":{"background-color":"var(--ast-global-color-5)","background-image":"","background-repeat":"repeat","background-position":"center center","background-size":"auto","background-attachment":"scroll","background-type":"","background-media":"","overlay-type":"","overlay-color":"","overlay-opacity":"","overlay-gradient":""},"mobile":{"background-color":"var(--ast-global-color-5)","background-image":"","background-repeat":"repeat","background-position":"center center","background-size":"auto","background-attachment":"scroll","background-type":"","background-media":"","overlay-type":"","overlay-color":"","overlay-opacity":"","overlay-gradient":""}},"footnotes":""},"class_list":["post-6678","page","type-page","status-publish","hentry"],"translation":{"provider":"WPGlobus","version":"3.0.2","language":"en","enabled_languages":["de","en"],"languages":{"de":{"title":true,"content":true,"excerpt":false},"en":{"title":false,"content":false,"excerpt":false}}},"featured_image_urls_v2":{"full":"","thumbnail":"","medium":"","medium_large":"","large":"","1536x1536":"","2048x2048":""},"post_excerpt_stackable_v2":"<p>engl. Current Liabilities oder Short-Term Liabilities Kurzfristige Verbindlichkeiten in der Bilanz eines Unternehmens sind offene Schulden, die innerhalb der n\u00e4chsten 12 Monate beglichen werden m\u00fcssen. In der Bilanz sind sie zu ihrem Erf\u00fcllungsbetrag anzusetzen. Zu den kurzfristigen Verbindlichkeiten eines Unternehmens geh\u00f6ren vor allem die Verbindlichkeiten aus Lieferungen und Leistungen sowie Verbindlichkeiten gegen\u00fcber Kreditinstituten. Aber auch bald anfallende Steuern sowie Geh\u00e4lter geh\u00f6ren zu den kurzfristigen Verbindlichkeiten eines Unternehmens. Die Kennziffer Liquidit\u00e4t 1. Grades gibt Aufschluss dar\u00fcber, wie gut das Unternehmen die kurzfristigen Verbindlichkeiten in K\u00fcrze zahlen kann.<\/p>\n","category_list_v2":"","author_info_v2":{"name":"PrudentWater","url":"https:\/\/prudentwater.com\/en\/author\/niklas33\/"},"comments_num_v2":"0 comments","_links":{"self":[{"href":"https:\/\/prudentwater.com\/en\/wp-json\/wp\/v2\/pages\/6678","targetHints":{"allow":["GET"]}}],"collection":[{"href":"https:\/\/prudentwater.com\/en\/wp-json\/wp\/v2\/pages"}],"about":[{"href":"https:\/\/prudentwater.com\/en\/wp-json\/wp\/v2\/types\/page"}],"author":[{"embeddable":true,"href":"https:\/\/prudentwater.com\/en\/wp-json\/wp\/v2\/users\/1"}],"replies":[{"embeddable":true,"href":"https:\/\/prudentwater.com\/en\/wp-json\/wp\/v2\/comments?post=6678"}],"version-history":[{"count":0,"href":"https:\/\/prudentwater.com\/en\/wp-json\/wp\/v2\/pages\/6678\/revisions"}],"wp:attachment":[{"href":"https:\/\/prudentwater.com\/en\/wp-json\/wp\/v2\/media?parent=6678"}],"curies":[{"name":"wp","href":"https:\/\/api.w.org\/{rel}","templated":true}]}}