{"id":6693,"date":"2016-04-21T10:18:40","date_gmt":"2016-04-21T10:18:40","guid":{"rendered":"http:\/\/www.kunnskap.de\/?page_id=6693"},"modified":"2021-08-13T12:44:27","modified_gmt":"2021-08-13T10:44:27","slug":"ruckstellung","status":"publish","type":"page","link":"https:\/\/prudentwater.com\/en\/ruckstellung\/","title":{"rendered":"R\u00fcckstellung"},"content":{"rendered":"<p>engl. <strong>Provision<\/strong><\/p>\n<p>R\u00fcckstellungen werden in der Bilanz auf der Passivseite unter den Verbindlichkeiten ausgewiesen und haben somit Schuldcharakter. R\u00fcckstellungen mindern zeitgleich den Gewinn bzw. erh\u00f6hen den Verlust des Unternehmens. R\u00fcckstellungen werden f\u00fcr m\u00f6glich anstehende Belastungen gebildet, in denen das Unternehmen Leistungen an Dritte zahlen muss. Die H\u00f6he sowie die Wahrscheinlichkeit der Zahlung ist dabei jedoch noch unklar. Oftmals handelt es sich bei den Ereignissen um offene Gerichtsverfahren, Kulanzleistungen oder m\u00f6gliche Verluste aus schwebenden Gesch\u00e4ften f\u00fcr die R\u00fcckstellungen gebildet werden m\u00fcssen. Nach IFRS m\u00fcssen R\u00fcckstellungen dann gebildet werden, wenn der Grund der R\u00fcckstellung eine Eintrittswahrscheinlichkeit von mehr als 50 % aufweist. Ansonsten muss im Anhang als Eventualverbindlichkeit eine Angabe get\u00e4tigt werden. Eine R\u00fcckstellung kommt jedoch quasi einem Zugest\u00e4ndnis oder einem nach au\u00dfen hin wirkenden Aufgeben bei, dass die Rechtstreitigkeit wahrscheinlich verloren gehen wird. Deshalb gehen Unternehmen mit R\u00fcckstellungen eher zur\u00fcckhaltend um.<br \/>\n<div class=\"perfect-pullquote vcard pullquote-align-full pullquote-border-placement-left\" style=\"border-color:#9cd3db !important;font-size:22px !important;\"><blockquote><p style=\"font-size:22px !important;\">R\u00fcckstellungen wurden in der Vergangenheit gebildet, die daraus f\u00e4llige Zahlung findet jedoch erst in der Zukunft statt. Die H\u00f6he der Zahlung sowie ob diese tats\u00e4chlich stattfindet ist jedoch noch unsicher.<\/p><\/blockquote><\/div><\/p>\n<p>Werden jedoch R\u00fcckstellungen gebildet, so sind diese in der Bilanz dem kurzfristigen Fremdkapital zuzuordnen, da es sich um in der Zukunft liegende Aufwendungen handelt. R\u00fcckstellungen sind abzuzinsen, falls die Zahlung des voraussichtlichen Erf\u00fcllungsbetrages mehr als 12 Monate in der Zukunft liegt. Jeweils zum Bilanzstichtag muss \u00fcberpr\u00fcft werden, um die Gr\u00fcnde f\u00fcr die R\u00fcckstellung und die daraus reultierende H\u00f6he weiterhin so bestehen. Werden R\u00fcckstellungen nicht ben\u00f6tigt, so m\u00fcssen diese aufgel\u00f6st werden und es kommt zu einem sogennanten Einmaleffekt, welcher positiv die Gewinn- und Verlustrechnung beeinflusst. Die erstmalige Bildung der R\u00fcckstellung f\u00fchrt jedoch zun\u00e4chst zu einem entsprechendem Aufwand in dem jeweiligen Gesch\u00e4ftsjahr.<\/p>\n","protected":false},"excerpt":{"rendered":"<p>engl. Provision R\u00fcckstellungen werden in der Bilanz auf der Passivseite unter den Verbindlichkeiten ausgewiesen und haben somit Schuldcharakter. R\u00fcckstellungen mindern zeitgleich den Gewinn bzw. erh\u00f6hen den Verlust des Unternehmens. R\u00fcckstellungen werden f\u00fcr m\u00f6glich anstehende Belastungen gebildet, in denen das Unternehmen Leistungen an Dritte zahlen muss. Die H\u00f6he sowie die Wahrscheinlichkeit der Zahlung ist dabei jedoch [&hellip;]<\/p>\n","protected":false},"author":1,"featured_media":0,"parent":0,"menu_order":0,"comment_status":"closed","ping_status":"closed","template":"","meta":{"site-sidebar-layout":"default","site-content-layout":"default","ast-site-content-layout":"","site-content-style":"default","site-sidebar-style":"default","ast-global-header-display":"","ast-banner-title-visibility":"","ast-main-header-display":"","ast-hfb-above-header-display":"","ast-hfb-below-header-display":"","ast-hfb-mobile-header-display":"","site-post-title":"","ast-breadcrumbs-content":"","ast-featured-img":"","footer-sml-layout":"","theme-transparent-header-meta":"default","adv-header-id-meta":"","stick-header-meta":"","header-above-stick-meta":"","header-main-stick-meta":"","header-below-stick-meta":"","astra-migrate-meta-layouts":"default","ast-page-background-enabled":"default","ast-page-background-meta":{"desktop":{"background-color":"","background-image":"","background-repeat":"repeat","background-position":"center center","background-size":"auto","background-attachment":"scroll","background-type":"","background-media":"","overlay-type":"","overlay-color":"","overlay-opacity":"","overlay-gradient":""},"tablet":{"background-color":"","background-image":"","background-repeat":"repeat","background-position":"center center","background-size":"auto","background-attachment":"scroll","background-type":"","background-media":"","overlay-type":"","overlay-color":"","overlay-opacity":"","overlay-gradient":""},"mobile":{"background-color":"","background-image":"","background-repeat":"repeat","background-position":"center center","background-size":"auto","background-attachment":"scroll","background-type":"","background-media":"","overlay-type":"","overlay-color":"","overlay-opacity":"","overlay-gradient":""}},"ast-content-background-meta":{"desktop":{"background-color":"var(--ast-global-color-5)","background-image":"","background-repeat":"repeat","background-position":"center center","background-size":"auto","background-attachment":"scroll","background-type":"","background-media":"","overlay-type":"","overlay-color":"","overlay-opacity":"","overlay-gradient":""},"tablet":{"background-color":"var(--ast-global-color-5)","background-image":"","background-repeat":"repeat","background-position":"center center","background-size":"auto","background-attachment":"scroll","background-type":"","background-media":"","overlay-type":"","overlay-color":"","overlay-opacity":"","overlay-gradient":""},"mobile":{"background-color":"var(--ast-global-color-5)","background-image":"","background-repeat":"repeat","background-position":"center center","background-size":"auto","background-attachment":"scroll","background-type":"","background-media":"","overlay-type":"","overlay-color":"","overlay-opacity":"","overlay-gradient":""}},"footnotes":""},"class_list":["post-6693","page","type-page","status-publish","hentry"],"translation":{"provider":"WPGlobus","version":"3.0.2","language":"en","enabled_languages":["de","en"],"languages":{"de":{"title":true,"content":true,"excerpt":false},"en":{"title":false,"content":false,"excerpt":false}}},"featured_image_urls_v2":{"full":"","thumbnail":"","medium":"","medium_large":"","large":"","1536x1536":"","2048x2048":""},"post_excerpt_stackable_v2":"<p>engl. Provision R\u00fcckstellungen werden in der Bilanz auf der Passivseite unter den Verbindlichkeiten ausgewiesen und haben somit Schuldcharakter. R\u00fcckstellungen mindern zeitgleich den Gewinn bzw. erh\u00f6hen den Verlust des Unternehmens. R\u00fcckstellungen werden f\u00fcr m\u00f6glich anstehende Belastungen gebildet, in denen das Unternehmen Leistungen an Dritte zahlen muss. Die H\u00f6he sowie die Wahrscheinlichkeit der Zahlung ist dabei jedoch noch unklar. Oftmals handelt es sich bei den Ereignissen um offene Gerichtsverfahren, Kulanzleistungen oder m\u00f6gliche Verluste aus schwebenden Gesch\u00e4ften f\u00fcr die R\u00fcckstellungen gebildet werden m\u00fcssen. Nach IFRS m\u00fcssen R\u00fcckstellungen dann gebildet werden, wenn der Grund der R\u00fcckstellung eine Eintrittswahrscheinlichkeit von mehr als 50 % aufweist.&hellip;<\/p>\n","category_list_v2":"","author_info_v2":{"name":"PrudentWater","url":"https:\/\/prudentwater.com\/en\/author\/niklas33\/"},"comments_num_v2":"0 comments","_links":{"self":[{"href":"https:\/\/prudentwater.com\/en\/wp-json\/wp\/v2\/pages\/6693","targetHints":{"allow":["GET"]}}],"collection":[{"href":"https:\/\/prudentwater.com\/en\/wp-json\/wp\/v2\/pages"}],"about":[{"href":"https:\/\/prudentwater.com\/en\/wp-json\/wp\/v2\/types\/page"}],"author":[{"embeddable":true,"href":"https:\/\/prudentwater.com\/en\/wp-json\/wp\/v2\/users\/1"}],"replies":[{"embeddable":true,"href":"https:\/\/prudentwater.com\/en\/wp-json\/wp\/v2\/comments?post=6693"}],"version-history":[{"count":0,"href":"https:\/\/prudentwater.com\/en\/wp-json\/wp\/v2\/pages\/6693\/revisions"}],"wp:attachment":[{"href":"https:\/\/prudentwater.com\/en\/wp-json\/wp\/v2\/media?parent=6693"}],"curies":[{"name":"wp","href":"https:\/\/api.w.org\/{rel}","templated":true}]}}