{"id":6704,"date":"2016-04-21T20:26:04","date_gmt":"2016-04-21T20:26:04","guid":{"rendered":"http:\/\/www.kunnskap.de\/?page_id=6704"},"modified":"2021-08-24T08:45:53","modified_gmt":"2021-08-24T06:45:53","slug":"net-working-capital","status":"publish","type":"page","link":"https:\/\/prudentwater.com\/en\/net-working-capital\/","title":{"rendered":"Net Working Capital"},"content":{"rendered":"<p>Auch <strong>NWC<\/strong> oder <strong>Nettoumlaufverm\u00f6gen<\/strong><\/p>\n<p>Das Net Working Capital dient in erster Linie zur Bewertung zuk\u00fcnftiger Liquidit\u00e4tsverh\u00e4ltnisse und entspricht dem Working Capital bereinigt um die liquiden Mittel (Bank- und Kassenbestand + Schecks). Das Working Capital wiederum ist die Differenz von Umlaufverm\u00f6gen und kurzfristigen Verbindlichkeiten.<\/p>\n<hr>\n<h6>Berechnung<\/h6>\n<p><img decoding=\"async\" src=\"https:\/\/prudentwater.com\/wp-content\/uploads\/2021\/08\/Net-Working-Capital.png\" alt=\"net working capital\" class=\"alignnone size-full wp-image-6709\" width=\"100%\" height=\"67\" title=\"\"><\/p>\n<hr>\n<p>Das Net Working Capital zeigt auf, welcher Teil des Verm\u00f6gens dem Unternehmen kurzfristig zur Verf\u00fcgung steht, um in naher Zukunft ohne Beihilfe von Fremdkapital Umsatz zu erzielen. Umsatz kann durch Vorr\u00e4te als auch durch Forderungen aus Lieferungen und Leistungen (beides Bestandteile des Umlaufverm\u00f6gens) generiert werden. Um eine h\u00f6here Aussagekraft \u00fcber das Net Working Capital und die zuk\u00fcnftigen Liquidit\u00e4tsverh\u00e4ltnisse des Unternehmens zu erhalten, kann zus\u00e4tzlich auch die Liquidit\u00e4t 3. Grades als Verh\u00e4ltniszahl herangezogen werden.<\/p>\n","protected":false},"excerpt":{"rendered":"<p>Auch NWC oder Nettoumlaufverm\u00f6gen Das Net Working Capital dient in erster Linie zur Bewertung zuk\u00fcnftiger Liquidit\u00e4tsverh\u00e4ltnisse und entspricht dem Working Capital bereinigt um die liquiden Mittel (Bank- und Kassenbestand + Schecks). Das Working Capital wiederum ist die Differenz von Umlaufverm\u00f6gen und kurzfristigen Verbindlichkeiten. Berechnung Das Net Working Capital zeigt auf, welcher Teil des Verm\u00f6gens dem [&hellip;]<\/p>\n","protected":false},"author":1,"featured_media":0,"parent":0,"menu_order":0,"comment_status":"closed","ping_status":"closed","template":"","meta":{"site-sidebar-layout":"default","site-content-layout":"default","ast-site-content-layout":"","site-content-style":"default","site-sidebar-style":"default","ast-global-header-display":"","ast-banner-title-visibility":"","ast-main-header-display":"","ast-hfb-above-header-display":"","ast-hfb-below-header-display":"","ast-hfb-mobile-header-display":"","site-post-title":"","ast-breadcrumbs-content":"","ast-featured-img":"","footer-sml-layout":"","theme-transparent-header-meta":"default","adv-header-id-meta":"","stick-header-meta":"","header-above-stick-meta":"","header-main-stick-meta":"","header-below-stick-meta":"","astra-migrate-meta-layouts":"default","ast-page-background-enabled":"default","ast-page-background-meta":{"desktop":{"background-color":"","background-image":"","background-repeat":"repeat","background-position":"center center","background-size":"auto","background-attachment":"scroll","background-type":"","background-media":"","overlay-type":"","overlay-color":"","overlay-opacity":"","overlay-gradient":""},"tablet":{"background-color":"","background-image":"","background-repeat":"repeat","background-position":"center center","background-size":"auto","background-attachment":"scroll","background-type":"","background-media":"","overlay-type":"","overlay-color":"","overlay-opacity":"","overlay-gradient":""},"mobile":{"background-color":"","background-image":"","background-repeat":"repeat","background-position":"center center","background-size":"auto","background-attachment":"scroll","background-type":"","background-media":"","overlay-type":"","overlay-color":"","overlay-opacity":"","overlay-gradient":""}},"ast-content-background-meta":{"desktop":{"background-color":"var(--ast-global-color-5)","background-image":"","background-repeat":"repeat","background-position":"center center","background-size":"auto","background-attachment":"scroll","background-type":"","background-media":"","overlay-type":"","overlay-color":"","overlay-opacity":"","overlay-gradient":""},"tablet":{"background-color":"var(--ast-global-color-5)","background-image":"","background-repeat":"repeat","background-position":"center center","background-size":"auto","background-attachment":"scroll","background-type":"","background-media":"","overlay-type":"","overlay-color":"","overlay-opacity":"","overlay-gradient":""},"mobile":{"background-color":"var(--ast-global-color-5)","background-image":"","background-repeat":"repeat","background-position":"center center","background-size":"auto","background-attachment":"scroll","background-type":"","background-media":"","overlay-type":"","overlay-color":"","overlay-opacity":"","overlay-gradient":""}},"footnotes":""},"class_list":["post-6704","page","type-page","status-publish","hentry"],"translation":{"provider":"WPGlobus","version":"3.0.2","language":"en","enabled_languages":["de","en"],"languages":{"de":{"title":true,"content":true,"excerpt":false},"en":{"title":false,"content":false,"excerpt":false}}},"featured_image_urls_v2":{"full":"","thumbnail":"","medium":"","medium_large":"","large":"","1536x1536":"","2048x2048":""},"post_excerpt_stackable_v2":"<p>Auch NWC oder Nettoumlaufverm\u00f6gen Das Net Working Capital dient in erster Linie zur Bewertung zuk\u00fcnftiger Liquidit\u00e4tsverh\u00e4ltnisse und entspricht dem Working Capital bereinigt um die liquiden Mittel (Bank- und Kassenbestand + Schecks). Das Working Capital wiederum ist die Differenz von Umlaufverm\u00f6gen und kurzfristigen Verbindlichkeiten. Berechnung Das Net Working Capital zeigt auf, welcher Teil des Verm\u00f6gens dem Unternehmen kurzfristig zur Verf\u00fcgung steht, um in naher Zukunft ohne Beihilfe von Fremdkapital Umsatz zu erzielen. Umsatz kann durch Vorr\u00e4te als auch durch Forderungen aus Lieferungen und Leistungen (beides Bestandteile des Umlaufverm\u00f6gens) generiert werden. Um eine h\u00f6here Aussagekraft \u00fcber das Net Working Capital und die&hellip;<\/p>\n","category_list_v2":"","author_info_v2":{"name":"PrudentWater","url":"https:\/\/prudentwater.com\/en\/author\/niklas33\/"},"comments_num_v2":"0 comments","_links":{"self":[{"href":"https:\/\/prudentwater.com\/en\/wp-json\/wp\/v2\/pages\/6704","targetHints":{"allow":["GET"]}}],"collection":[{"href":"https:\/\/prudentwater.com\/en\/wp-json\/wp\/v2\/pages"}],"about":[{"href":"https:\/\/prudentwater.com\/en\/wp-json\/wp\/v2\/types\/page"}],"author":[{"embeddable":true,"href":"https:\/\/prudentwater.com\/en\/wp-json\/wp\/v2\/users\/1"}],"replies":[{"embeddable":true,"href":"https:\/\/prudentwater.com\/en\/wp-json\/wp\/v2\/comments?post=6704"}],"version-history":[{"count":0,"href":"https:\/\/prudentwater.com\/en\/wp-json\/wp\/v2\/pages\/6704\/revisions"}],"wp:attachment":[{"href":"https:\/\/prudentwater.com\/en\/wp-json\/wp\/v2\/media?parent=6704"}],"curies":[{"name":"wp","href":"https:\/\/api.w.org\/{rel}","templated":true}]}}