{"id":6725,"date":"2016-04-25T10:29:00","date_gmt":"2016-04-25T10:29:00","guid":{"rendered":"http:\/\/www.kunnskap.de\/?page_id=6725"},"modified":"2023-07-30T12:41:24","modified_gmt":"2023-07-30T10:41:24","slug":"cashflow-aus-investitionstatigkeit","status":"publish","type":"page","link":"https:\/\/prudentwater.com\/en\/cashflow-aus-investitionstatigkeit\/","title":{"rendered":"Cashflow aus Investitionst\u00e4tigkeit"},"content":{"rendered":"<p>engl. <b>Cash Flow from Investing Activities<\/b><\/p>\n\n\n<div class=\"wp-block-stackable-heading stk-block-heading stk-block-heading--v2 stk-block stk-40c06f9\" id=\"strong-zentrale-kernaussagen-strong\" data-block-id=\"40c06f9\"><style>.stk-40c06f9{margin-bottom:15px !important}.stk-40c06f9 .stk-block-heading__text{font-size:16px !important;margin:0 !important;color:#da8611 !important;font-weight:400 !important;letter-spacing:1px !important}@media screen and (max-width:1023px){.stk-40c06f9 .stk-block-heading__text{font-size:17px !important}}<\/style><h2 class=\"stk-block-heading__text has-text-color\"><b>ZENTRALE KERNAUSSAGEN<\/b><\/h2><\/div>\n\n\n\n<ul class=\"has-ast-global-color-8-color has-text-color wp-block-list\" style=\"font-size:15px;font-style:normal;font-weight:500;line-height:2\">\n\n<li>Der Cashflow aus Investitionst\u00e4tigkeit ist die Differenz aus Geldabfl\u00fcssen verursacht durch Investitionen und Geldzufl\u00fcssen verursacht durch Desinvestitionen, welche ein Unternehmen innerhalb eines bestimmten Zeitraumes t\u00e4tigt.<\/li>\n<li>Im Sinne der langfristigen Wachstumsstrategie sollte der Cashflow aus Investitionst\u00e4tigkeit j\u00e4hrlich konstant negativ ausfallen, da dann neue Investitionen in der Summe h\u00f6her ausfallen als Desinvestitionen.<\/li>\n\n<\/ul>\n\n\n<p><!-- \/wp:post-content --><\/p>\n<hr>\n<p>Der Cashflow aus Investitionst\u00e4tigkeit bildet somit die Zahlungsstr\u00f6me aus den Investitionst\u00e4tigkeiten des Unternehmens ab und ist wichter Bestandteil der Fundamentalanalyse, da er Hinweise \u00fcber die Zukunftsf\u00e4higkeit eines Unternehmens geben kann. Die gr\u00f6\u00dften Posten des Cashflow aus Investitionst\u00e4tigkeit bilden Investitionen in Sachanlagen (vor allem Maschinen, Fabrikhallen, Grundst\u00fccke) sowie Mittelabfl\u00fcsse f\u00fcr Akquisitionen. Aber auch die Vergabe von langfristigen Krediten im Sinne der Geldanlage oder der Erhalt von Zins- und Tilgungszahlen geh\u00f6ren zu den Investitionst\u00e4tigkeiten des Unternehmens und flie\u00dfen somit in die Kennzahl ein. In der Gewinn- und Verlustrechnung werden Desinvestitionen mit einem positiven Vorzeichen ausgewiesen, da durch den Verkauf Geldmittel zugeflossen sind. Investitionen hingegen werden mit einem negativen Vorzeichen ausgewiesen, da durch K\u00e4ufe Geldmittel abgeflossen sind. <\/p>\n<h2>Interpretation des Cashflow aus Investitionst\u00e4tigkeit<\/h2>\n<p>Ist der Cashflow aus Investitionst\u00e4tigkeit negativ, so bedeutet dies, dass das Unternehmen in der jeweiligen Periode mehr investiert als es desinvestiert hat. Da Investitionen notwendig sind, um weiterhin wettbewerbsf\u00e4hig zu bleiben, sollte der Cashflow aus Investitionst\u00e4tigkeit langfristig betrachtet j\u00e4hrlich negativ ausfallen. Ist er jedoch \u00fcber einen l\u00e4ngeren Zeitraum positiv, so l\u00e4sst dies auf eine mangelnde Investitionst\u00e4tigkeit und fehlende Innovationskraft des Unternehmens schlie\u00dfen, welche sich in der Zukunft negativ auf die Umsatzerl\u00f6se und allgemein auf die Wettbewerbsf\u00e4higkeit und Ertragskraft des Unternehmens auswirken wird. Die meisten Unternehmen weisen jedoch einen j\u00e4hrlich negativen Cashflow aus Investitionst\u00e4tigkeit aus, da schlicht den allermeisten Unternehmen die Wichtigkeit von heutigen Investitionen f\u00fcr den langfristigen Erfolg bewusst ist. Der Cashflow aus Investitionst\u00e4tigkeit kann jedoch auch zwischenzeitlich positiv ausfallen ohne dass dies gleich den zuk\u00fcnftigen Erfolg des Unternehmens sch\u00e4digen muss. Ein positiver Cashflow aus Investitionst\u00e4tigkeit kann zum Beispiel dann entstehen, wenn ein Unternehmen Kapazit\u00e4ten abbaut oder nicht ausreichend rentable Unternehmenszweige oder Tochtergesellschaften verkauft, wodurch die Summe der Desinvestitionen die Summe der Investitionen \u00fcbersteigt. Dadurch entstehen jedoch freie und liquide Mittel, welche in den Folgejahren neu und profitabler in das Unternehmen reinvestiert werden k\u00f6nnen.<\/p>","protected":false},"excerpt":{"rendered":"<p>engl. Cash Flow from Investing Activities ZENTRALE KERNAUSSAGEN Der Cashflow aus Investitionst\u00e4tigkeit bildet somit die Zahlungsstr\u00f6me aus den Investitionst\u00e4tigkeiten des Unternehmens ab und ist wichter Bestandteil der Fundamentalanalyse, da er Hinweise \u00fcber die Zukunftsf\u00e4higkeit eines Unternehmens geben kann. Die gr\u00f6\u00dften Posten des Cashflow aus Investitionst\u00e4tigkeit bilden Investitionen in Sachanlagen (vor allem Maschinen, Fabrikhallen, Grundst\u00fccke) sowie [&hellip;]<\/p>\n","protected":false},"author":1,"featured_media":0,"parent":0,"menu_order":0,"comment_status":"closed","ping_status":"closed","template":"","meta":{"site-sidebar-layout":"default","site-content-layout":"default","ast-site-content-layout":"","site-content-style":"default","site-sidebar-style":"default","ast-global-header-display":"","ast-banner-title-visibility":"","ast-main-header-display":"","ast-hfb-above-header-display":"","ast-hfb-below-header-display":"","ast-hfb-mobile-header-display":"","site-post-title":"","ast-breadcrumbs-content":"","ast-featured-img":"","footer-sml-layout":"","theme-transparent-header-meta":"default","adv-header-id-meta":"","stick-header-meta":"","header-above-stick-meta":"","header-main-stick-meta":"","header-below-stick-meta":"","astra-migrate-meta-layouts":"default","ast-page-background-enabled":"default","ast-page-background-meta":{"desktop":{"background-color":"","background-image":"","background-repeat":"repeat","background-position":"center center","background-size":"auto","background-attachment":"scroll","background-type":"","background-media":"","overlay-type":"","overlay-color":"","overlay-opacity":"","overlay-gradient":""},"tablet":{"background-color":"","background-image":"","background-repeat":"repeat","background-position":"center center","background-size":"auto","background-attachment":"scroll","background-type":"","background-media":"","overlay-type":"","overlay-color":"","overlay-opacity":"","overlay-gradient":""},"mobile":{"background-color":"","background-image":"","background-repeat":"repeat","background-position":"center center","background-size":"auto","background-attachment":"scroll","background-type":"","background-media":"","overlay-type":"","overlay-color":"","overlay-opacity":"","overlay-gradient":""}},"ast-content-background-meta":{"desktop":{"background-color":"var(--ast-global-color-5)","background-image":"","background-repeat":"repeat","background-position":"center center","background-size":"auto","background-attachment":"scroll","background-type":"","background-media":"","overlay-type":"","overlay-color":"","overlay-opacity":"","overlay-gradient":""},"tablet":{"background-color":"var(--ast-global-color-5)","background-image":"","background-repeat":"repeat","background-position":"center center","background-size":"auto","background-attachment":"scroll","background-type":"","background-media":"","overlay-type":"","overlay-color":"","overlay-opacity":"","overlay-gradient":""},"mobile":{"background-color":"var(--ast-global-color-5)","background-image":"","background-repeat":"repeat","background-position":"center center","background-size":"auto","background-attachment":"scroll","background-type":"","background-media":"","overlay-type":"","overlay-color":"","overlay-opacity":"","overlay-gradient":""}},"footnotes":""},"class_list":["post-6725","page","type-page","status-publish","hentry"],"translation":{"provider":"WPGlobus","version":"3.0.2","language":"en","enabled_languages":["de","en"],"languages":{"de":{"title":true,"content":true,"excerpt":false},"en":{"title":false,"content":false,"excerpt":false}}},"featured_image_urls_v2":{"full":"","thumbnail":"","medium":"","medium_large":"","large":"","1536x1536":"","2048x2048":""},"post_excerpt_stackable_v2":"<p>engl. Cash Flow from Investing Activities ZENTRALE KERNAUSSAGEN Der Cashflow aus Investitionst\u00e4tigkeit ist die Differenz aus Geldabfl\u00fcssen verursacht durch Investitionen und Geldzufl\u00fcssen verursacht durch Desinvestitionen, welche ein Unternehmen innerhalb eines bestimmten Zeitraumes t\u00e4tigt. Im Sinne der langfristigen Wachstumsstrategie sollte der Cashflow aus Investitionst\u00e4tigkeit j\u00e4hrlich konstant negativ ausfallen, da dann neue Investitionen in der Summe h\u00f6her ausfallen als Desinvestitionen. Der Cashflow aus Investitionst\u00e4tigkeit bildet somit die Zahlungsstr\u00f6me aus den Investitionst\u00e4tigkeiten des Unternehmens ab und ist wichter Bestandteil der Fundamentalanalyse, da er Hinweise \u00fcber die Zukunftsf\u00e4higkeit eines Unternehmens geben kann. Die gr\u00f6\u00dften Posten des Cashflow aus Investitionst\u00e4tigkeit bilden Investitionen in Sachanlagen (vor&hellip;<\/p>\n","category_list_v2":"","author_info_v2":{"name":"PrudentWater","url":"https:\/\/prudentwater.com\/en\/author\/niklas33\/"},"comments_num_v2":"0 comments","_links":{"self":[{"href":"https:\/\/prudentwater.com\/en\/wp-json\/wp\/v2\/pages\/6725","targetHints":{"allow":["GET"]}}],"collection":[{"href":"https:\/\/prudentwater.com\/en\/wp-json\/wp\/v2\/pages"}],"about":[{"href":"https:\/\/prudentwater.com\/en\/wp-json\/wp\/v2\/types\/page"}],"author":[{"embeddable":true,"href":"https:\/\/prudentwater.com\/en\/wp-json\/wp\/v2\/users\/1"}],"replies":[{"embeddable":true,"href":"https:\/\/prudentwater.com\/en\/wp-json\/wp\/v2\/comments?post=6725"}],"version-history":[{"count":0,"href":"https:\/\/prudentwater.com\/en\/wp-json\/wp\/v2\/pages\/6725\/revisions"}],"wp:attachment":[{"href":"https:\/\/prudentwater.com\/en\/wp-json\/wp\/v2\/media?parent=6725"}],"curies":[{"name":"wp","href":"https:\/\/api.w.org\/{rel}","templated":true}]}}