{"id":6730,"date":"2016-04-25T15:18:19","date_gmt":"2016-04-25T15:18:19","guid":{"rendered":"http:\/\/www.kunnskap.de\/?page_id=6730"},"modified":"2021-06-25T12:48:23","modified_gmt":"2021-06-25T10:48:23","slug":"cashflow-aus-finanzierungstatigkeit","status":"publish","type":"page","link":"https:\/\/prudentwater.com\/en\/cashflow-aus-finanzierungstatigkeit\/","title":{"rendered":"Cashflow aus Finanzierungst\u00e4tigkeit"},"content":{"rendered":"<p>engl. <strong>Cash Flow from Financing Activities<\/strong><\/p>\n<p>Der Cashflow aus Finanzierungst\u00e4tigkeit setzt sich aus den jeweiligen Ver\u00e4nderungen der langfristigen Verbindlichkeiten und Eigenkapitals des Unternehmens zusammen. Somit ist der Cashflow aus Finanzierungst\u00e4tigkeit die Differenz zwischen Finanzeinzahlungen und Finanzauszahlungen innerhalb einer bestimmten Zeitperiode. Kreditaufnahmen, Kapitalerh\u00f6hungen und die Emission von Anleihen werden beispielsweise mit einem positiven Vorzeichen ausgewiesen, da durch diese Finanztransaktionen ein Mittelzufluss generiert wurde. Dividendenzahlungen, Aktienr\u00fcckk\u00e4ufe oder aber die Tilgung von Krediten und Anleihen werden hingegen mit einem negativen Vorzeichen ausgewiesen, da dadurch Geldmittel aus dem Unternehmen abflie\u00dfen.<\/p>\n<hr>\n<h6>Berechnung:<\/h6>\n<p><img decoding=\"async\" src=\"https:\/\/prudentwater.com\/wp-content\/uploads\/2020\/03\/Cashflow-aus-Finanzierungst\u00e4tigkeit.png\" alt=\"\" class=\"aligncenter size-full wp-image-12029\" width=\"100%\" height=\"99\" title=\"\"><\/p>\n<hr>\n<p style=\"margin-bottom: 40px\">\n<h4>Interpretation des Cashflow aus Finanzierungst\u00e4tigkeit<\/h4>\n<p>Ist der Cashflow aus Finanzierungst\u00e4tigkeit positiv, so ist dem Unternehmen f\u00fcr den Zeitraum mehr Kapital (Eigenkapital und Fremdkapital) zugeflossen als durch Schuldentilgungszahlungen, Eigenkapitalr\u00fcckzahlungen und Dividendenzahlungen abgeflossen sind. Die h\u00e4ufigste Ursache daf\u00fcr ist oftmals die Neuaufnahme von Schulden. Ist der Cashflow aus Finanzierungst\u00e4tigkeit hingegen negativ, so zeigt dies, dass dem operativen Cashflow sowie dem Cashflow aus Investitionst\u00e4tigkeit liquide Mittel entzogen wurden.<br \/>\nDer Cashflow aus Finanzierungst\u00e4tigkeit erfasst somit Ein- und Auszahlungen, welche das Eigenkapital als auch das Fremdkapital des Unternehmens betreffen und gilt als Ma\u00df f\u00fcr die Innenfinanzierungskraft eines Unternehmens. \u00dcber einen l\u00e4ngeren Zeitraum betrachtet hat der Cashflow aus Finanzierungst\u00e4tigkeit eine relativ gro\u00dfe Aussagekraft \u00fcber die finanzielle Stabilit\u00e4t des Unternehmens. Denn ist der operative Cashflow konstant negativ, wohingegen der Cashflow aus Finanzierungst\u00e4tigkeit konstant positiv ist, so offenbart dies die Neigung des Unternehmens, stets mehr Kapital aufzunehmen als es durch das operative Gesch\u00e4ft erwirtschaftet hat. Tritt diese Kombination h\u00e4ufiger bzw. langfristiger auf, zeugt dies von einer finanziellen Instabilit\u00e4t des Unternehmens.<\/p>\n","protected":false},"excerpt":{"rendered":"<p>engl. Cash Flow from Financing Activities Der Cashflow aus Finanzierungst\u00e4tigkeit setzt sich aus den jeweiligen Ver\u00e4nderungen der langfristigen Verbindlichkeiten und Eigenkapitals des Unternehmens zusammen. Somit ist der Cashflow aus Finanzierungst\u00e4tigkeit die Differenz zwischen Finanzeinzahlungen und Finanzauszahlungen innerhalb einer bestimmten Zeitperiode. Kreditaufnahmen, Kapitalerh\u00f6hungen und die Emission von Anleihen werden beispielsweise mit einem positiven Vorzeichen ausgewiesen, da [&hellip;]<\/p>\n","protected":false},"author":1,"featured_media":0,"parent":0,"menu_order":0,"comment_status":"closed","ping_status":"closed","template":"","meta":{"site-sidebar-layout":"default","site-content-layout":"","ast-site-content-layout":"","site-content-style":"default","site-sidebar-style":"default","ast-global-header-display":"","ast-banner-title-visibility":"","ast-main-header-display":"","ast-hfb-above-header-display":"","ast-hfb-below-header-display":"","ast-hfb-mobile-header-display":"","site-post-title":"","ast-breadcrumbs-content":"","ast-featured-img":"","footer-sml-layout":"","theme-transparent-header-meta":"","adv-header-id-meta":"","stick-header-meta":"","header-above-stick-meta":"","header-main-stick-meta":"","header-below-stick-meta":"","astra-migrate-meta-layouts":"default","ast-page-background-enabled":"default","ast-page-background-meta":{"desktop":{"background-color":"","background-image":"","background-repeat":"repeat","background-position":"center center","background-size":"auto","background-attachment":"scroll","background-type":"","background-media":"","overlay-type":"","overlay-color":"","overlay-opacity":"","overlay-gradient":""},"tablet":{"background-color":"","background-image":"","background-repeat":"repeat","background-position":"center center","background-size":"auto","background-attachment":"scroll","background-type":"","background-media":"","overlay-type":"","overlay-color":"","overlay-opacity":"","overlay-gradient":""},"mobile":{"background-color":"","background-image":"","background-repeat":"repeat","background-position":"center center","background-size":"auto","background-attachment":"scroll","background-type":"","background-media":"","overlay-type":"","overlay-color":"","overlay-opacity":"","overlay-gradient":""}},"ast-content-background-meta":{"desktop":{"background-color":"var(--ast-global-color-5)","background-image":"","background-repeat":"repeat","background-position":"center center","background-size":"auto","background-attachment":"scroll","background-type":"","background-media":"","overlay-type":"","overlay-color":"","overlay-opacity":"","overlay-gradient":""},"tablet":{"background-color":"var(--ast-global-color-5)","background-image":"","background-repeat":"repeat","background-position":"center center","background-size":"auto","background-attachment":"scroll","background-type":"","background-media":"","overlay-type":"","overlay-color":"","overlay-opacity":"","overlay-gradient":""},"mobile":{"background-color":"var(--ast-global-color-5)","background-image":"","background-repeat":"repeat","background-position":"center center","background-size":"auto","background-attachment":"scroll","background-type":"","background-media":"","overlay-type":"","overlay-color":"","overlay-opacity":"","overlay-gradient":""}},"footnotes":""},"class_list":["post-6730","page","type-page","status-publish","hentry"],"translation":{"provider":"WPGlobus","version":"3.0.2","language":"en","enabled_languages":["de","en"],"languages":{"de":{"title":true,"content":true,"excerpt":false},"en":{"title":false,"content":false,"excerpt":false}}},"featured_image_urls_v2":{"full":"","thumbnail":"","medium":"","medium_large":"","large":"","1536x1536":"","2048x2048":""},"post_excerpt_stackable_v2":"<p>engl. Cash Flow from Financing Activities Der Cashflow aus Finanzierungst\u00e4tigkeit setzt sich aus den jeweiligen Ver\u00e4nderungen der langfristigen Verbindlichkeiten und Eigenkapitals des Unternehmens zusammen. Somit ist der Cashflow aus Finanzierungst\u00e4tigkeit die Differenz zwischen Finanzeinzahlungen und Finanzauszahlungen innerhalb einer bestimmten Zeitperiode. Kreditaufnahmen, Kapitalerh\u00f6hungen und die Emission von Anleihen werden beispielsweise mit einem positiven Vorzeichen ausgewiesen, da durch diese Finanztransaktionen ein Mittelzufluss generiert wurde. Dividendenzahlungen, Aktienr\u00fcckk\u00e4ufe oder aber die Tilgung von Krediten und Anleihen werden hingegen mit einem negativen Vorzeichen ausgewiesen, da dadurch Geldmittel aus dem Unternehmen abflie\u00dfen. Berechnung: Interpretation des Cashflow aus Finanzierungst\u00e4tigkeit Ist der Cashflow aus Finanzierungst\u00e4tigkeit positiv, so ist&hellip;<\/p>\n","category_list_v2":"","author_info_v2":{"name":"PrudentWater","url":"https:\/\/prudentwater.com\/en\/author\/niklas33\/"},"comments_num_v2":"0 comments","_links":{"self":[{"href":"https:\/\/prudentwater.com\/en\/wp-json\/wp\/v2\/pages\/6730","targetHints":{"allow":["GET"]}}],"collection":[{"href":"https:\/\/prudentwater.com\/en\/wp-json\/wp\/v2\/pages"}],"about":[{"href":"https:\/\/prudentwater.com\/en\/wp-json\/wp\/v2\/types\/page"}],"author":[{"embeddable":true,"href":"https:\/\/prudentwater.com\/en\/wp-json\/wp\/v2\/users\/1"}],"replies":[{"embeddable":true,"href":"https:\/\/prudentwater.com\/en\/wp-json\/wp\/v2\/comments?post=6730"}],"version-history":[{"count":0,"href":"https:\/\/prudentwater.com\/en\/wp-json\/wp\/v2\/pages\/6730\/revisions"}],"wp:attachment":[{"href":"https:\/\/prudentwater.com\/en\/wp-json\/wp\/v2\/media?parent=6730"}],"curies":[{"name":"wp","href":"https:\/\/api.w.org\/{rel}","templated":true}]}}