{"id":6750,"date":"2016-04-25T19:52:53","date_gmt":"2016-04-25T19:52:53","guid":{"rendered":"http:\/\/www.kunnskap.de\/?page_id=6750"},"modified":"2021-08-13T12:43:17","modified_gmt":"2021-08-13T10:43:17","slug":"anhang","status":"publish","type":"page","link":"https:\/\/prudentwater.com\/en\/anhang\/","title":{"rendered":"Anhang"},"content":{"rendered":"<p>engl. <strong>Notes<\/strong><\/p>\n<p>Der Anhang ist Teil des Jahresabschlusses und dient in erster Linie dazu, die Bilanz sowie die Gewinn- und Verlustrechnung (beide ebenfalls Bestandteile des Jahresabschlusses) um Erkl\u00e4rungen und weitere Informationen zu erg\u00e4nzen. Durch den Anhang soll der Jahresabschluss dem Leser verst\u00e4ndlicher gemacht und m\u00f6gliche Unklarheiten ausger\u00e4umt werden. Im Anhang wird wiedergegeben, wie genau bilanziert wurde und welche Ver\u00e4nderungen dahingehend im Vergleich zum Vorjahr stattgefunden haben. Der Anhang kann dem Investor deshalb dabei helfen, den Gesch\u00e4ftsbericht besser zu verstehen und einzuordnen, da auch oftmals Zusammenh\u00e4nge verdeutlicht werden.<br \/>\n<div class=\"perfect-pullquote vcard pullquote-align-full pullquote-border-placement-left\" style=\"border-color:#9cd3db !important;font-size:21px !important;\"><blockquote><p style=\"font-size:21px !important;\">Der Anhang dient dazu, um weitere Informationen zu erg\u00e4nzen sowie Posten aus der Bilanz und der Gewinn- und Verlustrechnung zu erl\u00e4utern. Au\u00dferdem dient er als Entlastungsfunktion durch weitere einzelne Angaben.<\/p><\/blockquote><\/div><\/p>\n<p>Auch werden im Anhang bedeutsame Vorg\u00e4nge festgehalten, welche erst nach dem Bilanzstichtag eingetreten sind. Ebenso interessant f\u00fcr den potenziellen Investor ist die sich im Anhang befindliche Segmentberichterstattung, der Steueraufwand sowie der Verbindlichkeitenspiegel, da alle drei Bereiche, daneben aber noch weitere Positionen des Anhanges, weitere Einblicke in die Struktur des Unternehmens bieten. Deshalb sollte vom Investor der Anhang als Pflichtteil des Jahresabschlusses nicht vernachl\u00e4ssigt werden. Der Anhang ist verpflichtend f\u00fcr alle Kapitalgesellschaften und haftungsbeschr\u00e4nkte Personengesellschaften.<\/p>\n","protected":false},"excerpt":{"rendered":"<p>engl. Notes Der Anhang ist Teil des Jahresabschlusses und dient in erster Linie dazu, die Bilanz sowie die Gewinn- und Verlustrechnung (beide ebenfalls Bestandteile des Jahresabschlusses) um Erkl\u00e4rungen und weitere Informationen zu erg\u00e4nzen. Durch den Anhang soll der Jahresabschluss dem Leser verst\u00e4ndlicher gemacht und m\u00f6gliche Unklarheiten ausger\u00e4umt werden. Im Anhang wird wiedergegeben, wie genau bilanziert [&hellip;]<\/p>\n","protected":false},"author":1,"featured_media":0,"parent":0,"menu_order":0,"comment_status":"closed","ping_status":"closed","template":"","meta":{"site-sidebar-layout":"default","site-content-layout":"default","ast-site-content-layout":"","site-content-style":"default","site-sidebar-style":"default","ast-global-header-display":"","ast-banner-title-visibility":"","ast-main-header-display":"","ast-hfb-above-header-display":"","ast-hfb-below-header-display":"","ast-hfb-mobile-header-display":"","site-post-title":"","ast-breadcrumbs-content":"","ast-featured-img":"","footer-sml-layout":"","theme-transparent-header-meta":"default","adv-header-id-meta":"","stick-header-meta":"","header-above-stick-meta":"","header-main-stick-meta":"","header-below-stick-meta":"","astra-migrate-meta-layouts":"default","ast-page-background-enabled":"default","ast-page-background-meta":{"desktop":{"background-color":"","background-image":"","background-repeat":"repeat","background-position":"center center","background-size":"auto","background-attachment":"scroll","background-type":"","background-media":"","overlay-type":"","overlay-color":"","overlay-opacity":"","overlay-gradient":""},"tablet":{"background-color":"","background-image":"","background-repeat":"repeat","background-position":"center center","background-size":"auto","background-attachment":"scroll","background-type":"","background-media":"","overlay-type":"","overlay-color":"","overlay-opacity":"","overlay-gradient":""},"mobile":{"background-color":"","background-image":"","background-repeat":"repeat","background-position":"center center","background-size":"auto","background-attachment":"scroll","background-type":"","background-media":"","overlay-type":"","overlay-color":"","overlay-opacity":"","overlay-gradient":""}},"ast-content-background-meta":{"desktop":{"background-color":"var(--ast-global-color-5)","background-image":"","background-repeat":"repeat","background-position":"center center","background-size":"auto","background-attachment":"scroll","background-type":"","background-media":"","overlay-type":"","overlay-color":"","overlay-opacity":"","overlay-gradient":""},"tablet":{"background-color":"var(--ast-global-color-5)","background-image":"","background-repeat":"repeat","background-position":"center center","background-size":"auto","background-attachment":"scroll","background-type":"","background-media":"","overlay-type":"","overlay-color":"","overlay-opacity":"","overlay-gradient":""},"mobile":{"background-color":"var(--ast-global-color-5)","background-image":"","background-repeat":"repeat","background-position":"center center","background-size":"auto","background-attachment":"scroll","background-type":"","background-media":"","overlay-type":"","overlay-color":"","overlay-opacity":"","overlay-gradient":""}},"footnotes":""},"class_list":["post-6750","page","type-page","status-publish","hentry"],"translation":{"provider":"WPGlobus","version":"3.0.2","language":"en","enabled_languages":["de","en"],"languages":{"de":{"title":true,"content":true,"excerpt":false},"en":{"title":false,"content":false,"excerpt":false}}},"featured_image_urls_v2":{"full":"","thumbnail":"","medium":"","medium_large":"","large":"","1536x1536":"","2048x2048":""},"post_excerpt_stackable_v2":"<p>engl. Notes Der Anhang ist Teil des Jahresabschlusses und dient in erster Linie dazu, die Bilanz sowie die Gewinn- und Verlustrechnung (beide ebenfalls Bestandteile des Jahresabschlusses) um Erkl\u00e4rungen und weitere Informationen zu erg\u00e4nzen. Durch den Anhang soll der Jahresabschluss dem Leser verst\u00e4ndlicher gemacht und m\u00f6gliche Unklarheiten ausger\u00e4umt werden. Im Anhang wird wiedergegeben, wie genau bilanziert wurde und welche Ver\u00e4nderungen dahingehend im Vergleich zum Vorjahr stattgefunden haben. Der Anhang kann dem Investor deshalb dabei helfen, den Gesch\u00e4ftsbericht besser zu verstehen und einzuordnen, da auch oftmals Zusammenh\u00e4nge verdeutlicht werden. Der Anhang dient dazu, um weitere Informationen zu erg\u00e4nzen sowie Posten aus der&hellip;<\/p>\n","category_list_v2":"","author_info_v2":{"name":"PrudentWater","url":"https:\/\/prudentwater.com\/en\/author\/niklas33\/"},"comments_num_v2":"0 comments","_links":{"self":[{"href":"https:\/\/prudentwater.com\/en\/wp-json\/wp\/v2\/pages\/6750","targetHints":{"allow":["GET"]}}],"collection":[{"href":"https:\/\/prudentwater.com\/en\/wp-json\/wp\/v2\/pages"}],"about":[{"href":"https:\/\/prudentwater.com\/en\/wp-json\/wp\/v2\/types\/page"}],"author":[{"embeddable":true,"href":"https:\/\/prudentwater.com\/en\/wp-json\/wp\/v2\/users\/1"}],"replies":[{"embeddable":true,"href":"https:\/\/prudentwater.com\/en\/wp-json\/wp\/v2\/comments?post=6750"}],"version-history":[{"count":0,"href":"https:\/\/prudentwater.com\/en\/wp-json\/wp\/v2\/pages\/6750\/revisions"}],"wp:attachment":[{"href":"https:\/\/prudentwater.com\/en\/wp-json\/wp\/v2\/media?parent=6750"}],"curies":[{"name":"wp","href":"https:\/\/api.w.org\/{rel}","templated":true}]}}